{"id":1339,"date":"2026-01-22T03:43:27","date_gmt":"2026-01-22T03:43:27","guid":{"rendered":"https:\/\/www.mercurenhatrangbeach.com\/tet-holiday\/"},"modified":"2026-01-30T08:52:33","modified_gmt":"2026-01-30T08:52:33","slug":"tet-holiday","status":"publish","type":"page","link":"https:\/\/www.mercurenhatrangbeach.com\/vi\/tet-holiday\/","title":{"rendered":"Nh\u1eefng \u0110i\u1ec1u C\u1ea7n Bi\u1ebft V\u1ec1 T\u1ebft Nguy\u00ean \u0110\u00e1n T\u1ea1i Vi\u1ec7t Nam"},"content":{"rendered":"<p>Vi\u1ec7t Nam l\u00e0 \u0111i\u1ec3m \u0111\u1ebfn \u0111\u00e1nh th\u1ee9c m\u1ecdi gi\u00e1c quan, t\u1eeb nh\u1ecbp s\u1ed1ng s\u00f4i \u0111\u1ed9ng n\u01a1i \u0111\u00f4 th\u1ecb \u0111\u1ebfn v\u1ebb \u0111\u1eb9p y\u00ean b\u00ecnh c\u1ee7a nh\u1eefng b\u1edd bi\u1ec3n tr\u1ea3i d\u00e0i b\u1ea5t t\u1eadn. V\u1edbi nh\u1eefng du kh\u00e1ch mong mu\u1ed1n ch\u1ea1m v\u00e0o chi\u1ec1u s\u00e2u v\u0103n ho\u00e1 b\u1ea3n \u0111\u1ecba, kh\u00f4ng c\u00f3 th\u1eddi \u0111i\u1ec3m n\u00e0o l\u00fd t\u01b0\u1edfng h\u01a1n d\u1ecbp<strong> T\u1ebft Nguy\u00ean \u0110\u00e1n t\u1ea1i Vi\u1ec7t Nam<\/strong>. L\u00e0 l\u1ec5 h\u1ed9i quan tr\u1ecdng nh\u1ea5t trong n\u0103m c\u1ee7a ng\u01b0\u1eddi Vi\u1ec7t, T\u1ebft kho\u00e1c l\u00ean kh\u1eafp \u0111\u1ea5t n\u01b0\u1edbc t\u1ea5m \u00e1o r\u1ef1c r\u1ee1 s\u1eafc m\u00e0u, truy\u1ec1n th\u1ed1ng v\u00e0 nh\u1eefng cu\u1ed9c \u0111o\u00e0n vi\u00ean \u1ea5m \u00e1p.<\/p>\n<h2 style=\"text-align: center\">T\u1ebft Nguy\u00ean \u0110\u00e1n T\u1ea1i Vi\u1ec7t Nam<\/h2>\n<p><img decoding=\"async\" class=\"aligncenter wp-image-1291 size-full\" src=\"https:\/\/www.mercurenhatrangbeach.com\/wp-content\/uploads\/sites\/156\/2026\/01\/Tet-2026.jpg\" alt=\"T\u1ebft Nguy\u00ean \u0110\u00e1n\" width=\"100%\" srcset=\"https:\/\/www.mercurenhatrangbeach.com\/wp-content\/uploads\/sites\/156\/2026\/01\/Tet-2026.jpg 2092w, https:\/\/www.mercurenhatrangbeach.com\/wp-content\/uploads\/sites\/156\/2026\/01\/Tet-2026-300x198.jpg 300w, https:\/\/www.mercurenhatrangbeach.com\/wp-content\/uploads\/sites\/156\/2026\/01\/Tet-2026-1024x677.jpg 1024w, https:\/\/www.mercurenhatrangbeach.com\/wp-content\/uploads\/sites\/156\/2026\/01\/Tet-2026-768x508.jpg 768w, https:\/\/www.mercurenhatrangbeach.com\/wp-content\/uploads\/sites\/156\/2026\/01\/Tet-2026-1536x1016.jpg 1536w, https:\/\/www.mercurenhatrangbeach.com\/wp-content\/uploads\/sites\/156\/2026\/01\/Tet-2026-2048x1355.jpg 2048w, https:\/\/www.mercurenhatrangbeach.com\/wp-content\/uploads\/sites\/156\/2026\/01\/Tet-2026-600x397.jpg 600w, https:\/\/www.mercurenhatrangbeach.com\/wp-content\/uploads\/sites\/156\/2026\/01\/Tet-2026-1000x662.jpg 1000w\" sizes=\"(max-width: 2092px) 100vw, 2092px\" \/><\/p>\n<p><strong>T\u1ebft Nguy\u00ean \u0110\u00e1n l\u00e0 g\u00ec?<\/strong> \u0110\u01b0\u1ee3c bi\u1ebft \u0111\u1ebfn ch\u00ednh th\u1ee9c l\u00e0 T\u1ebft Nguy\u00ean \u0110\u00e1n, \u0111\u00e2y l\u00e0 kho\u1ea3nh kh\u1eafc m\u1edf \u0111\u1ea7u m\u00f9a xu\u00e2n v\u00e0 n\u0103m m\u1edbi theo l\u1ecbch \u00e2m. \u0110\u00f3 l\u00e0 th\u1eddi gian thi\u00eang li\u00eang \u0111\u1ec3 gia \u0111\u00ecnh sum h\u1ecdp, t\u01b0\u1edfng nh\u1edb t\u1ed5 ti\u00ean v\u00e0 g\u1eedi g\u1eafm nh\u1eefng \u01b0\u1edbc v\u1ecdng ph\u1ed3n vinh cho n\u0103m s\u1eafp t\u1edbi. V\u1edbi ng\u01b0\u1eddi Vi\u1ec7t, T\u1ebft kh\u00f4ng ch\u1ec9 l\u00e0 k\u1ef3 ngh\u1ec9 l\u1ec5 m\u00e0 c\u00f2n l\u00e0 s\u1ef1 t\u00e1i sinh trong t\u00e2m h\u1ed3n v\u00e0 l\u1eddi t\u00f4n vinh di s\u1ea3n v\u0103n ho\u00e1 d\u00e2n t\u1ed9c.<\/p>\n<p>Kh\u00f4ng kh\u00ed T\u1ebft r\u1ed9n r\u00e0ng m\u00e0 v\u1eabn r\u1ea5t \u0111\u1ed7i th\u00e2n th\u01b0\u01a1ng. Ph\u1ed1 ph\u01b0\u1eddng \u0111\u01b0\u1ee3c t\u00f4 \u0111i\u1ec3m b\u1edfi s\u1eafc mai v\u00e0ng r\u1ef1c r\u1ee1 ph\u01b0\u01a1ng Nam v\u00e0 \u0111\u00e0o h\u1ed3ng t\u01b0\u01a1i th\u1eafm ph\u01b0\u01a1ng B\u1eafc. H\u01b0\u01a1ng tr\u1ea7m lan to\u1ea3 trong kh\u00f4ng gian, h\u00f2a c\u00f9ng ti\u1ebfng c\u01b0\u1eddi n\u00f3i, l\u1eddi ch\u00fac t\u1ee5ng khi m\u1ecdi ng\u01b0\u1eddi qu\u00e2y qu\u1ea7n b\u00ean nhau.<\/p>\n<p>T\u1ebft 2026 di\u1ec5n ra khi n\u00e0o? Theo l\u1ecbch \u00e2m, th\u1eddi \u0111i\u1ec3m T\u1ebft thay \u0111\u1ed5i nh\u1eb9 m\u1ed7i n\u0103m. N\u0103m 2026, T\u1ebft Nguy\u00ean \u0110\u00e1n r\u01a1i v\u00e0o ng\u00e0y 17 th\u00e1ng 2. Gh\u00e9 th\u0103m Vi\u1ec7t Nam trong giai \u0111o\u1ea1n n\u00e0y, du kh\u00e1ch s\u1ebd \u0111\u01b0\u1ee3c chi\u00eam ng\u01b0\u1ee1ng \u0111\u1ea5t n\u01b0\u1edbc trong kho\u1ea3nh kh\u1eafc l\u1ec5 h\u1ed9i r\u1ef1c r\u1ee1 nh\u1ea5t, m\u1edf ra g\u00f3c nh\u00ecn ch\u00e2n th\u1ef1c v\u00e0 s\u00e2u s\u1eafc v\u1ec1 v\u0103n ho\u00e1 Vi\u1ec7t.<\/p>\n<h2 style=\"text-align: center\">Tr\u1ea3i Nghi\u1ec7m Kh\u00f4ng Th\u1ec3 B\u1ecf L\u1ee1 Trong D\u1ecbp T\u1ebft Nguy\u00ean \u0110\u00e1n 2026<\/h2>\n<p><img decoding=\"async\" class=\"aligncenter\" src=\"https:\/\/www.mercurenhatrangbeach.com\/wp-content\/uploads\/sites\/156\/2025\/07\/Beach-2.jpg\" alt=\"TR\u1ea3i nghi\u1ec7m du l\u1ecbch gia \u0111\u00ecnh cho T\u1ebft Nguy\u00ean \u0110\u00e1n \" width=\"100%\" \/><\/p>\n<p>Tr\u1ea3i nghi\u1ec7m T\u1ebft l\u00e0 b\u01b0\u1edbc ch\u00e2n v\u01b0\u1ee3t ra ngo\u00e0i l\u1ed9 tr\u00ecnh du l\u1ecbch quen thu\u1ed9c \u0111\u1ec3 ch\u1ea1m v\u00e0o nh\u1eefng phong t\u1ee5c truy\u1ec1n th\u1ed1ng. T\u1eeb h\u00e0nh tr\u00ecnh \u1ea9m th\u1ef1c tinh t\u1ebf \u0111\u1ebfn nh\u1eefng ph\u00fat gi\u00e2y th\u01b0 gi\u00e3n b\u00ean bi\u1ec3n xanh, b\u1ea1n c\u00f3 th\u1ec3 t\u1eadn h\u01b0\u1edfng tr\u1ecdn v\u1eb9n m\u00f9a l\u1ec5 h\u1ed9i theo phong c\u00e1ch ri\u00eang.<\/p>\n<h3 style=\"text-align: center\">H\u01b0\u01a1ng v\u1ecb kh\u00f4ng th\u1ec3 thi\u1ebfu ng\u00e0y T\u1ebft<\/h3>\n<p><strong>\u1ea8m th\u1ef1c T\u1ebf<\/strong>t gi\u1eef v\u1ecb tr\u00ed trung t\u00e2m trong m\u1ecdi cu\u1ed9c sum h\u1ecdp \u0111\u1ea7u n\u0103m. Bi\u1ec3u t\u01b0\u1ee3ng ti\u00eau bi\u1ec3u nh\u1ea5t ch\u00ednh l\u00e0 b\u00e1nh ch\u01b0ng vu\u00f4ng v\u1ee9c v\u00e0 b\u00e1nh t\u00e9t tr\u00f2n \u0111\u1ea7y. Nh\u00e2n \u0111\u1eadu xanh v\u00e0 th\u1ecbt heo \u0111\u01b0\u1ee3c g\u00f3i trong l\u00e1 chu\u1ed1i, ninh su\u1ed1t nhi\u1ec1u gi\u1edd li\u1ec1n, th\u1ec3 hi\u1ec7n l\u00f2ng bi\u1ebft \u01a1n v\u1edbi \u0111\u1ea5t tr\u1eddi v\u00e0 t\u1ed5 ti\u00ean. B\u00ean t\u00e1ch tr\u00e0 n\u00f3ng, c\u00e1c lo\u1ea1i m\u1ee9t T\u1ebft ng\u1ecdt ng\u00e0o \u0111\u01b0\u1ee3c d\u1ecdn ra \u0111\u00e3i kh\u00e1ch, g\u1eedi g\u1eafm mong \u01b0\u1edbc v\u1ec1 m\u1ed9t n\u0103m m\u1edbi \u00eam \u0111\u1ec1m v\u00e0 vi\u00ean m\u00e3n.<\/p>\n<h3 style=\"text-align: center\">\u0110\u00f3n T\u1ebft 2026 t\u1ea1i Mercure Nha Trang Beach<\/h3>\n<p>D\u00e0nh cho nh\u1eefng ai mong mu\u1ed1n k\u1ebft h\u1ee3p kh\u00e1m ph\u00e1 v\u0103n ho\u00e1 c\u00f9ng tr\u1ea3i nghi\u1ec7m ngh\u1ec9 d\u01b0\u1ee1ng ti\u1ec7n nghi chu\u1ea9n qu\u1ed1c t\u1ebf t\u1eeb Accor, \u0111\u00f3n T\u1ebft b\u00ean b\u1edd bi\u1ec3n mang \u0111\u1ebfn nh\u1ecbp \u0111i\u1ec7u th\u01b0 th\u00e1i \u0111\u1ea7y m\u1edbi m\u1ebb. T\u1ecda l\u1ea1c ngay tr\u00ean \u0111\u01b0\u1eddng b\u1edd bi\u1ec3n l\u1ea5p l\u00e1nh n\u1eafng v\u00e0ng, Mercure Nha Trang Beach cho ph\u00e9p b\u1ea1n h\u00f2a m\u00ecnh v\u00e0o kh\u00f4ng kh\u00ed l\u1ec5 h\u1ed9i c\u1ee7a th\u00e0nh ph\u1ed1, \u0111\u1ed3ng th\u1eddi t\u1eadn h\u01b0\u1edfng s\u1ef1 y\u00ean b\u00ecnh c\u1ee7a k\u1ef3 ngh\u1ec9 d\u01b0\u1ee1ng cao c\u1ea5p h\u01b0\u1edbng bi\u1ec3n.<\/p>\n<h3 style=\"text-align: center\">\u0110\u1eb7c s\u1ea3n T\u1ebft Vi\u1ec7t tr\u00ean b\u00e0n ti\u1ec7c s\u00e1ng<\/h3>\n<p>Kh\u00f4ng c\u1ea7n \u0111i xa, b\u1ea1n v\u1eabn c\u00f3 th\u1ec3 c\u1ea3m nh\u1eadn tr\u1ecdn v\u1eb9n h\u01b0\u01a1ng v\u1ecb m\u00f9a xu\u00e2n. Trong d\u1ecbp T\u1ebft, buffet s\u00e1ng \u0111\u01b0\u1ee3c l\u00e0m m\u1edbi v\u1edbi c\u00e1c m\u00f3n truy\u1ec1n th\u1ed1ng nh\u01b0 b\u00e1nh ch\u01b0ng, b\u00e1nh t\u00e9t, d\u01b0a h\u00e0nh v\u00e0 m\u1ee9t ng\u1ecdt. Th\u01b0\u1edfng th\u1ee9c c\u00f9ng ly c\u00e0 ph\u00ea bu\u1ed5i s\u1edbm, \u0111\u00f3 l\u00e0 l\u1eddi ch\u00e0o ng\u00e0y m\u1edbi nh\u1eb9 nh\u00e0ng m\u00e0 \u0111\u1eadm \u0111\u00e0 b\u1ea3n s\u1eafc Vi\u1ec7t.<\/p>\n<h2 style=\"text-align: center\">N\u01a1i L\u00fd T\u01b0\u1edfng \u0110\u1ec3 \u0110\u00f3n T\u1ebft Nguy\u00ean \u0110\u00e1n T\u1ea1i Vi\u1ec7t Nam<\/h2>\n<p><img decoding=\"async\" class=\"alignnone\" src=\"https:\/\/www.mercurenhatrangbeach.com\/wp-content\/uploads\/sites\/156\/2025\/12\/Nha-TRang-Beach-and-Sand.png\" alt=\"\u0110\u1ecba \u0111i\u1ec3m du l\u1ecbch cho T\u1ebft Nguy\u00ean \u0110\u00e1n t\u1ea1i Vi\u1ec7t Nam\" width=\"100%\" \/><\/p>\n<p>Khi H\u00e0 N\u1ed9i v\u00e0 TP. H\u1ed3 Ch\u00ed Minh tr\u1edf n\u00ean t\u0129nh l\u1eb7ng h\u01a1n do ng\u01b0\u1eddi d\u00e2n v\u1ec1 qu\u00ea sum h\u1ecdp, c\u00e1c th\u00e0nh ph\u1ed1 bi\u1ec3n nh\u01b0 Nha Trang v\u1eabn gi\u1eef tr\u1ecdn s\u1ee9c s\u1ed1ng v\u00e0 s\u1ef1 hi\u1ebfu kh\u00e1ch. Th\u1eddi ti\u1ebft \u00f4n h\u00f2a, d\u1ec5 ch\u1ecbu khi\u1ebfn n\u01a1i \u0111\u00e2y tr\u1edf th\u00e0nh \u0111i\u1ec3m d\u1eebng ch\u00e2n ho\u00e0n h\u1ea3o cho du kh\u00e1ch qu\u1ed1c t\u1ebf mu\u1ed1n tr\u00e1nh c\u00e1i l\u1ea1nh m\u00f9a \u0111\u00f4ng ho\u1eb7c t\u00ecm ki\u1ebfm k\u1ef3 ngh\u1ec9 ng\u1eadp tr\u00e0n n\u1eafng \u1ea5m.<\/p>\n<h2 style=\"text-align: center\">\u01afu \u0110\u00e3i D\u1ecbp T\u1ebft Nguy\u00ean \u0110\u00e1n 2026<\/h2>\n<p>\u0110\u1ec3 b\u1ea1n t\u1eadn h\u01b0\u1edfng m\u00f9a xu\u00e2n theo phong c\u00e1ch ri\u00eang, ch\u00fang t\u00f4i gi\u1edbi thi\u1ec7u c\u00e1c g\u00f3i \u01b0u \u0111\u00e3i T\u1ebft \u0111\u1ed9c quy\u1ec1n cho n\u0103m 2026. D\u00f9 l\u00e0 chuy\u1ebfn \u0111o\u00e0n vi\u00ean gia \u0111\u00ecnh hay k\u1ef3 ngh\u1ec9 ri\u00eang t\u01b0, y\u00ean t\u0129nh, nh\u1eefng g\u00f3i l\u01b0u tr\u00fa l\u1ec5 h\u1ed9i \u0111\u01b0\u1ee3c thi\u1ebft k\u1ebf nh\u1eb1m n\u00e2ng t\u1ea7m tr\u1ea3i nghi\u1ec7m c\u1ee7a b\u1ea1n.<\/p>\n<h3 style=\"text-align: center\">\u0110\u1eb7t s\u1edbm \u2013 an t\u00e2m t\u1eadn h\u01b0\u1edfng<\/h3>\n<p>L\u00ean k\u1ebf ho\u1ea1ch t\u1eeb s\u1edbm mang \u0111\u1ebfn s\u1ef1 ch\u1ee7 \u0111\u1ed9ng v\u00e0 gi\u00e1 tr\u1ecb v\u01b0\u1ee3t tr\u1ed9i. V\u1edbi c\u00e1c ch\u01b0\u01a1ng tr\u00ecnh \u0110\u1eb7t Tr\u01b0\u1edbc Gi\u00e1 T\u1ed1t v\u00e0 \u1ede L\u00e2u H\u01a1n, Ti\u1ebft Ki\u1ec7m H\u01a1n, b\u1ea1n c\u00f3 th\u1ec3 d\u1ec5 d\u00e0ng \u0111\u1ea3m b\u1ea3o ch\u1ed7 \u1edf trong m\u00f9a cao \u0111i\u1ec3m du l\u1ecbch T\u1ebft Nguy\u00ean \u0110\u00e1n t\u1ea1i Vi\u1ec7t Nam. \u0110\u1eb7t ph\u00f2ng s\u1edbm c\u0169ng \u0111\u1ed3ng ngh\u0129a v\u1edbi m\u1ed9t k\u1ef3 ngh\u1ec9 tr\u1ecdn v\u1eb9n, m\u01b0\u1ee3t m\u00e0 v\u00e0 kh\u00f4ng v\u01b0\u1edbng b\u1eadn.<\/p>\n<table style=\"margin: 30px 0;width: 100%\">\n<tbody>\n<tr>\n<th><a href=\"https:\/\/www.mercurenhatrangbeach.com\/vi\/offers\/advance-saver\/\" target=\"_blank\" rel=\"noopener\">\u0110\u1eb6T NGAY<\/a><\/th>\n<\/tr>\n<\/tbody>\n<\/table>\n<h3 style=\"text-align: center\">Kho\u1ea3nh kh\u1eafc l\u00e3ng m\u1ea1n b\u00ean ng\u01b0\u1eddi th\u01b0\u01a1ng<\/h3>\n<p>D\u00e0nh cho c\u00e1c c\u1eb7p \u0111\u00f4i t\u00ecm ki\u1ebfm <strong><a href=\"https:\/\/www.mercurenhatrangbeach.com\/vi\/restaurant-bar\/\" target=\"_blank\" rel=\"noopener\">tr\u1ea3i nghi\u1ec7m \u1ea9m th\u1ef1c<\/a><\/strong> ri\u00eang t\u01b0 gi\u1eefa kh\u00f4ng kh\u00ed l\u1ec5 h\u1ed9i, b\u1eefa t\u1ed1i th\u00e2n m\u1eadt b\u00ean b\u1edd bi\u1ec3n s\u1ebd l\u00e0 \u0111i\u1ec3m nh\u1ea5n kh\u00f3 qu\u00ean. H\u00e3y h\u00ecnh dung m\u1ed9t bu\u1ed5i t\u1ed1i d\u01b0\u1edbi \u00e1nh \u0111\u00e8n d\u1ecbu nh\u1eb9, l\u00e0n gi\u00f3 bi\u1ec3n m\u01a1n man v\u00e0 thanh \u00e2m s\u00f3ng v\u1ed7 \u00eam \u0111\u1ec1m \u2013 b\u1ed1i c\u1ea3nh ho\u00e0n h\u1ea3o cho kho\u1ea3nh kh\u1eafc y\u00eau th\u01b0\u01a1ng \u0111\u1ea7u n\u0103m.<\/p>\n<p>Th\u1ef1c \u0111\u01a1n \u0111\u01b0\u1ee3c \u0111\u1ed9i ng\u0169 \u0111\u1ea7u b\u1ebfp tuy\u1ec3n ch\u1ecdn tinh t\u1ebf, t\u00f4n vinh h\u1ea3i s\u1ea3n t\u01b0\u01a1i ngon nh\u1ea5t, n\u1ed5i b\u1eadt v\u1edbi c\u00e1 ch\u1ebdm \u00e1p ch\u1ea3o ch\u1ebf bi\u1ebfn thanh nh\u00e3 \u0111\u1ec3 gi\u1eef tr\u1ecdn v\u1ecb ng\u1ecdt t\u1ef1 nhi\u00ean c\u1ee7a \u0111\u1ea1i d\u01b0\u01a1ng.<\/p>\n<p><strong>\u0110\u1ecba \u0111i\u1ec3m:<\/strong> <strong><a href=\"https:\/\/www.mercurenhatrangbeach.com\/vi\/restaurant-bar\/tathik-restaurant\/\" target=\"_blank\" rel=\"noopener\">Nh\u00e0 h\u00e0ng Tathik<\/a><\/strong><\/p>\n<p><strong>Ng\u00e0y:<\/strong> 17\/02\/2026<\/p>\n<p><strong>Th\u1eddi gian:<\/strong> 18:00 \u2013 22:00<\/p>\n<p><strong>\u01afu \u0111\u00e3i:<\/strong> Th\u01b0\u1edfng th\u1ee9c th\u1ef1c \u0111\u01a1n T\u1ebft \u0111\u01b0\u1ee3c thi\u1ebft k\u1ebf ri\u00eang v\u1edbi h\u1ea3i s\u1ea3n \u0111\u1ecba ph\u01b0\u01a1ng h\u1ea3o h\u1ea1ng c\u00f9ng c\u00e1c m\u00f3n \u0103n truy\u1ec1n th\u1ed1ng \u0111i k\u00e8m.<\/p>\n<p><strong>Bao g\u1ed3m:<\/strong><\/p>\n<ul>\n<li>B\u1eefa t\u1ed1i set menu h\u1ea3i s\u1ea3n cao c\u1ea5p cho hai ng\u01b0\u1eddi t\u1ea1i nh\u00e0 h\u00e0ng Tathik<\/li>\n<li>Hai ly cocktail \u201cTides of Love\u201d<\/li>\n<li>Gi\u00e1: 350.000 VN\u0110\/ng\u01b0\u1eddi<\/li>\n<\/ul>\n<table style=\"margin: 30px 0;width: 100%\">\n<tbody>\n<tr>\n<th><a href=\"https:\/\/www.mercurenhatrangbeach.com\/vi\/offers\/love-by-the-shore\/\" target=\"_blank\" rel=\"noopener\">\u0110\u1eb6T NGAY<\/a><\/th>\n<\/tr>\n<\/tbody>\n<\/table>\n<p><img decoding=\"async\" class=\"alignnone\" src=\"https:\/\/www.mercurenhatrangbeach.com\/wp-content\/uploads\/sites\/156\/2026\/01\/MNT-Valentine-Dinner-2026.jpg\" alt=\"\u01afu \u0110\u00e3i T\u1ebft 2026\" width=\"100%\" \/><\/p>\n<p>\u0110\u00f3n <strong>T\u1ebft Nguy\u00ean \u0110\u00e1n t\u1ea1i Vi\u1ec7t Nam<\/strong> l\u00e0 h\u00e0nh tr\u00ecnh gi\u00e0u c\u1ea3m x\u00fac, n\u01a1i nh\u1eefng gi\u00e1 tr\u1ecb truy\u1ec1n th\u1ed1ng giao h\u00f2a c\u00f9ng ni\u1ec1m vui kh\u00e1m ph\u00e1. T\u1eeb h\u01b0\u01a1ng v\u1ecb bi\u1ec3u t\u01b0\u1ee3ng c\u1ee7a b\u00e1nh ch\u01b0ng \u0111\u1ebfn k\u1ef3 ngh\u1ec9 d\u01b0\u1ee1ng sang tr\u1ecdng b\u00ean b\u1edd bi\u1ec3n t\u1ea1i <strong><a href=\"https:\/\/www.mercurenhatrangbeach.com\/vi\/\" target=\"_blank\" rel=\"noopener\">Mercure Nha Trang Beach<\/a><\/strong>, T\u1ebft Nguy\u00ean \u0110\u00e1n 2026 h\u1ee9a h\u1eb9n mang \u0111\u1ebfn nh\u1eefng k\u00fd \u1ee9c kh\u00f3 qu\u00ean.<\/p>\n<p>Ch\u00fang t\u00f4i h\u00e2n h\u1ea1nh ch\u00e0o \u0111\u00f3n b\u1ea1n cho m\u1ed9t n\u0103m m\u1edbi an khang v\u00e0 th\u1ecbnh v\u01b0\u1ee3ng.<\/p>\n","protected":false},"excerpt":{"rendered":"<p>Vi\u1ec7t Nam l\u00e0 \u0111i\u1ec3m \u0111\u1ebfn \u0111\u00e1nh th\u1ee9c m\u1ecdi gi\u00e1c quan, t\u1eeb nh\u1ecbp s\u1ed1ng s\u00f4i \u0111\u1ed9ng n\u01a1i \u0111\u00f4 th\u1ecb \u0111\u1ebfn v\u1ebb \u0111\u1eb9p y\u00ean b\u00ecnh c\u1ee7a nh\u1eefng b\u1edd bi\u1ec3n tr\u1ea3i d\u00e0i b\u1ea5t t\u1eadn. V\u1edbi nh\u1eefng du kh\u00e1ch mong mu\u1ed1n ch\u1ea1m v\u00e0o chi\u1ec1u s\u00e2u v\u0103n ho\u00e1 b\u1ea3n \u0111\u1ecba, kh\u00f4ng c\u00f3 th\u1eddi \u0111i\u1ec3m n\u00e0o l\u00fd t\u01b0\u1edfng h\u01a1n d\u1ecbp T\u1ebft [&hellip;]<\/p>\n","protected":false},"author":63,"featured_media":1291,"parent":0,"menu_order":0,"comment_status":"closed","ping_status":"closed","template":"","meta":{"footnotes":""},"categories":[],"class_list":["post-1339","page","type-page","status-publish","has-post-thumbnail","hentry"],"acf":[],"yoast_head":"<!-- This site is optimized with the Yoast SEO plugin v26.9 - https:\/\/yoast.com\/product\/yoast-seo-wordpress\/ -->\n<title>Nh\u1eefng \u0110i\u1ec1u C\u1ea7n Bi\u1ebft V\u1ec1 T\u1ebft Nguy\u00ean \u0110\u00e1n T\u1ea1i Vi\u1ec7t Nam<\/title>\n<meta name=\"description\" content=\"V\u1edbi nh\u1eefng du kh\u00e1ch mong mu\u1ed1n ch\u1ea1m v\u00e0o chi\u1ec1u s\u00e2u v\u0103n ho\u00e1 b\u1ea3n \u0111\u1ecba, kh\u00f4ng c\u00f3 th\u1eddi \u0111i\u1ec3m n\u00e0o l\u00fd t\u01b0\u1edfng h\u01a1n d\u1ecbp T\u1ebft Nguy\u00ean \u0110\u00e1n t\u1ea1i Vi\u1ec7t Nam.\" \/>\n<meta name=\"robots\" content=\"index, follow, max-snippet:-1, max-image-preview:large, max-video-preview:-1\" \/>\n<link rel=\"canonical\" href=\"https:\/\/www.mercurenhatrangbeach.com\/vi\/tet-holiday\/\" \/>\n<meta property=\"og:locale\" content=\"vi_VN\" \/>\n<meta property=\"og:type\" content=\"article\" \/>\n<meta property=\"og:title\" content=\"Nh\u1eefng \u0110i\u1ec1u C\u1ea7n Bi\u1ebft V\u1ec1 T\u1ebft Nguy\u00ean \u0110\u00e1n T\u1ea1i Vi\u1ec7t Nam\" \/>\n<meta property=\"og:description\" content=\"V\u1edbi nh\u1eefng du kh\u00e1ch mong mu\u1ed1n ch\u1ea1m v\u00e0o chi\u1ec1u s\u00e2u v\u0103n ho\u00e1 b\u1ea3n \u0111\u1ecba, kh\u00f4ng c\u00f3 th\u1eddi \u0111i\u1ec3m n\u00e0o l\u00fd t\u01b0\u1edfng h\u01a1n d\u1ecbp T\u1ebft Nguy\u00ean \u0110\u00e1n t\u1ea1i Vi\u1ec7t Nam.\" \/>\n<meta property=\"og:url\" content=\"https:\/\/www.mercurenhatrangbeach.com\/vi\/tet-holiday\/\" \/>\n<meta property=\"og:site_name\" content=\"Mercure Nha Trang\" \/>\n<meta property=\"article:modified_time\" content=\"2026-01-30T08:52:33+00:00\" \/>\n<meta property=\"og:image\" content=\"https:\/\/www.mercurenhatrangbeach.com\/wp-content\/uploads\/sites\/156\/2026\/01\/Tet-2026.jpg\" \/>\n\t<meta property=\"og:image:width\" content=\"2092\" \/>\n\t<meta property=\"og:image:height\" content=\"1384\" \/>\n\t<meta property=\"og:image:type\" content=\"image\/jpeg\" \/>\n<meta name=\"twitter:card\" content=\"summary_large_image\" \/>\n<meta name=\"twitter:label1\" content=\"Est. reading time\" \/>\n\t<meta name=\"twitter:data1\" content=\"6 minutes\" \/>\n<script type=\"application\/ld+json\" class=\"yoast-schema-graph\">{\"@context\":\"https:\/\/schema.org\",\"@graph\":[{\"@type\":\"WebPage\",\"@id\":\"https:\/\/www.mercurenhatrangbeach.com\/vi\/tet-holiday\/\",\"url\":\"https:\/\/www.mercurenhatrangbeach.com\/vi\/tet-holiday\/\",\"name\":\"Nh\u1eefng \u0110i\u1ec1u C\u1ea7n Bi\u1ebft V\u1ec1 T\u1ebft Nguy\u00ean \u0110\u00e1n T\u1ea1i Vi\u1ec7t Nam\",\"isPartOf\":{\"@id\":\"https:\/\/www.mercurenhatrangbeach.com\/#website\"},\"primaryImageOfPage\":{\"@id\":\"https:\/\/www.mercurenhatrangbeach.com\/vi\/tet-holiday\/#primaryimage\"},\"image\":{\"@id\":\"https:\/\/www.mercurenhatrangbeach.com\/vi\/tet-holiday\/#primaryimage\"},\"thumbnailUrl\":\"https:\/\/www.mercurenhatrangbeach.com\/wp-content\/uploads\/sites\/156\/2026\/01\/Tet-2026.jpg\",\"datePublished\":\"2026-01-22T03:43:27+00:00\",\"dateModified\":\"2026-01-30T08:52:33+00:00\",\"description\":\"V\u1edbi nh\u1eefng du kh\u00e1ch mong mu\u1ed1n ch\u1ea1m v\u00e0o chi\u1ec1u s\u00e2u v\u0103n ho\u00e1 b\u1ea3n \u0111\u1ecba, kh\u00f4ng c\u00f3 th\u1eddi \u0111i\u1ec3m n\u00e0o l\u00fd t\u01b0\u1edfng h\u01a1n d\u1ecbp T\u1ebft Nguy\u00ean \u0110\u00e1n t\u1ea1i Vi\u1ec7t Nam.\",\"breadcrumb\":{\"@id\":\"https:\/\/www.mercurenhatrangbeach.com\/vi\/tet-holiday\/#breadcrumb\"},\"inLanguage\":\"vi-VN\",\"potentialAction\":[{\"@type\":\"ReadAction\",\"target\":[\"https:\/\/www.mercurenhatrangbeach.com\/vi\/tet-holiday\/\"]}]},{\"@type\":\"ImageObject\",\"inLanguage\":\"vi-VN\",\"@id\":\"https:\/\/www.mercurenhatrangbeach.com\/vi\/tet-holiday\/#primaryimage\",\"url\":\"https:\/\/www.mercurenhatrangbeach.com\/wp-content\/uploads\/sites\/156\/2026\/01\/Tet-2026.jpg\",\"contentUrl\":\"https:\/\/www.mercurenhatrangbeach.com\/wp-content\/uploads\/sites\/156\/2026\/01\/Tet-2026.jpg\",\"width\":2092,\"height\":1384,\"caption\":\"Screenshot\"},{\"@type\":\"BreadcrumbList\",\"@id\":\"https:\/\/www.mercurenhatrangbeach.com\/vi\/tet-holiday\/#breadcrumb\",\"itemListElement\":[{\"@type\":\"ListItem\",\"position\":1,\"name\":\"Home\",\"item\":\"https:\/\/www.mercurenhatrangbeach.com\/vi\/\"},{\"@type\":\"ListItem\",\"position\":2,\"name\":\"Nh\u1eefng \u0110i\u1ec1u C\u1ea7n Bi\u1ebft V\u1ec1 T\u1ebft Nguy\u00ean \u0110\u00e1n T\u1ea1i Vi\u1ec7t Nam\"}]},{\"@type\":\"WebSite\",\"@id\":\"https:\/\/www.mercurenhatrangbeach.com\/#website\",\"url\":\"https:\/\/www.mercurenhatrangbeach.com\/\",\"name\":\"Mercure Nha Trang\",\"description\":\"\",\"potentialAction\":[{\"@type\":\"SearchAction\",\"target\":{\"@type\":\"EntryPoint\",\"urlTemplate\":\"https:\/\/www.mercurenhatrangbeach.com\/?s={search_term_string}\"},\"query-input\":{\"@type\":\"PropertyValueSpecification\",\"valueRequired\":true,\"valueName\":\"search_term_string\"}}],\"inLanguage\":\"vi-VN\"}]}<\/script>\n<!-- \/ Yoast SEO plugin. -->","yoast_head_json":{"title":"Nh\u1eefng \u0110i\u1ec1u C\u1ea7n Bi\u1ebft V\u1ec1 T\u1ebft Nguy\u00ean \u0110\u00e1n T\u1ea1i Vi\u1ec7t Nam","description":"V\u1edbi nh\u1eefng du kh\u00e1ch mong mu\u1ed1n ch\u1ea1m v\u00e0o chi\u1ec1u s\u00e2u v\u0103n ho\u00e1 b\u1ea3n \u0111\u1ecba, kh\u00f4ng c\u00f3 th\u1eddi \u0111i\u1ec3m n\u00e0o l\u00fd t\u01b0\u1edfng h\u01a1n d\u1ecbp T\u1ebft Nguy\u00ean \u0110\u00e1n t\u1ea1i Vi\u1ec7t Nam.","robots":{"index":"index","follow":"follow","max-snippet":"max-snippet:-1","max-image-preview":"max-image-preview:large","max-video-preview":"max-video-preview:-1"},"canonical":"https:\/\/www.mercurenhatrangbeach.com\/vi\/tet-holiday\/","og_locale":"vi_VN","og_type":"article","og_title":"Nh\u1eefng \u0110i\u1ec1u C\u1ea7n Bi\u1ebft V\u1ec1 T\u1ebft Nguy\u00ean \u0110\u00e1n T\u1ea1i Vi\u1ec7t Nam","og_description":"V\u1edbi nh\u1eefng du kh\u00e1ch mong mu\u1ed1n ch\u1ea1m v\u00e0o chi\u1ec1u s\u00e2u v\u0103n ho\u00e1 b\u1ea3n \u0111\u1ecba, kh\u00f4ng c\u00f3 th\u1eddi \u0111i\u1ec3m n\u00e0o l\u00fd t\u01b0\u1edfng h\u01a1n d\u1ecbp T\u1ebft Nguy\u00ean \u0110\u00e1n t\u1ea1i Vi\u1ec7t Nam.","og_url":"https:\/\/www.mercurenhatrangbeach.com\/vi\/tet-holiday\/","og_site_name":"Mercure Nha Trang","article_modified_time":"2026-01-30T08:52:33+00:00","og_image":[{"width":2092,"height":1384,"url":"https:\/\/www.mercurenhatrangbeach.com\/wp-content\/uploads\/sites\/156\/2026\/01\/Tet-2026.jpg","type":"image\/jpeg"}],"twitter_card":"summary_large_image","twitter_misc":{"Est. reading time":"6 minutes"},"schema":{"@context":"https:\/\/schema.org","@graph":[{"@type":"WebPage","@id":"https:\/\/www.mercurenhatrangbeach.com\/vi\/tet-holiday\/","url":"https:\/\/www.mercurenhatrangbeach.com\/vi\/tet-holiday\/","name":"Nh\u1eefng \u0110i\u1ec1u C\u1ea7n Bi\u1ebft V\u1ec1 T\u1ebft Nguy\u00ean \u0110\u00e1n T\u1ea1i Vi\u1ec7t Nam","isPartOf":{"@id":"https:\/\/www.mercurenhatrangbeach.com\/#website"},"primaryImageOfPage":{"@id":"https:\/\/www.mercurenhatrangbeach.com\/vi\/tet-holiday\/#primaryimage"},"image":{"@id":"https:\/\/www.mercurenhatrangbeach.com\/vi\/tet-holiday\/#primaryimage"},"thumbnailUrl":"https:\/\/www.mercurenhatrangbeach.com\/wp-content\/uploads\/sites\/156\/2026\/01\/Tet-2026.jpg","datePublished":"2026-01-22T03:43:27+00:00","dateModified":"2026-01-30T08:52:33+00:00","description":"V\u1edbi nh\u1eefng du kh\u00e1ch mong mu\u1ed1n ch\u1ea1m v\u00e0o chi\u1ec1u s\u00e2u v\u0103n ho\u00e1 b\u1ea3n \u0111\u1ecba, kh\u00f4ng c\u00f3 th\u1eddi \u0111i\u1ec3m n\u00e0o l\u00fd t\u01b0\u1edfng h\u01a1n d\u1ecbp T\u1ebft Nguy\u00ean \u0110\u00e1n t\u1ea1i Vi\u1ec7t Nam.","breadcrumb":{"@id":"https:\/\/www.mercurenhatrangbeach.com\/vi\/tet-holiday\/#breadcrumb"},"inLanguage":"vi-VN","potentialAction":[{"@type":"ReadAction","target":["https:\/\/www.mercurenhatrangbeach.com\/vi\/tet-holiday\/"]}]},{"@type":"ImageObject","inLanguage":"vi-VN","@id":"https:\/\/www.mercurenhatrangbeach.com\/vi\/tet-holiday\/#primaryimage","url":"https:\/\/www.mercurenhatrangbeach.com\/wp-content\/uploads\/sites\/156\/2026\/01\/Tet-2026.jpg","contentUrl":"https:\/\/www.mercurenhatrangbeach.com\/wp-content\/uploads\/sites\/156\/2026\/01\/Tet-2026.jpg","width":2092,"height":1384,"caption":"Screenshot"},{"@type":"BreadcrumbList","@id":"https:\/\/www.mercurenhatrangbeach.com\/vi\/tet-holiday\/#breadcrumb","itemListElement":[{"@type":"ListItem","position":1,"name":"Home","item":"https:\/\/www.mercurenhatrangbeach.com\/vi\/"},{"@type":"ListItem","position":2,"name":"Nh\u1eefng \u0110i\u1ec1u C\u1ea7n Bi\u1ebft V\u1ec1 T\u1ebft Nguy\u00ean \u0110\u00e1n T\u1ea1i Vi\u1ec7t Nam"}]},{"@type":"WebSite","@id":"https:\/\/www.mercurenhatrangbeach.com\/#website","url":"https:\/\/www.mercurenhatrangbeach.com\/","name":"Mercure Nha Trang","description":"","potentialAction":[{"@type":"SearchAction","target":{"@type":"EntryPoint","urlTemplate":"https:\/\/www.mercurenhatrangbeach.com\/?s={search_term_string}"},"query-input":{"@type":"PropertyValueSpecification","valueRequired":true,"valueName":"search_term_string"}}],"inLanguage":"vi-VN"}]}},"_links":{"self":[{"href":"https:\/\/www.mercurenhatrangbeach.com\/vi\/wp-json\/wp\/v2\/pages\/1339","targetHints":{"allow":["GET"]}}],"collection":[{"href":"https:\/\/www.mercurenhatrangbeach.com\/vi\/wp-json\/wp\/v2\/pages"}],"about":[{"href":"https:\/\/www.mercurenhatrangbeach.com\/vi\/wp-json\/wp\/v2\/types\/page"}],"author":[{"embeddable":true,"href":"https:\/\/www.mercurenhatrangbeach.com\/vi\/wp-json\/wp\/v2\/users\/63"}],"replies":[{"embeddable":true,"href":"https:\/\/www.mercurenhatrangbeach.com\/vi\/wp-json\/wp\/v2\/comments?post=1339"}],"version-history":[{"count":0,"href":"https:\/\/www.mercurenhatrangbeach.com\/vi\/wp-json\/wp\/v2\/pages\/1339\/revisions"}],"wp:featuredmedia":[{"embeddable":true,"href":"https:\/\/www.mercurenhatrangbeach.com\/vi\/wp-json\/wp\/v2\/media\/1291"}],"wp:attachment":[{"href":"https:\/\/www.mercurenhatrangbeach.com\/vi\/wp-json\/wp\/v2\/media?parent=1339"}],"wp:term":[{"taxonomy":"category","embeddable":true,"href":"https:\/\/www.mercurenhatrangbeach.com\/vi\/wp-json\/wp\/v2\/categories?post=1339"}],"curies":[{"name":"wp","href":"https:\/\/api.w.org\/{rel}","templated":true}]}}