{"id":1413,"date":"2026-01-22T04:41:26","date_gmt":"2026-01-22T04:41:26","guid":{"rendered":"https:\/\/www.mercurenhatrangbeach.com\/nha-trang-hotel\/best-spa-in-nha-trang\/"},"modified":"2026-02-20T04:20:41","modified_gmt":"2026-02-20T04:20:41","slug":"best-spa-in-nha-trang","status":"publish","type":"page","link":"https:\/\/www.mercurenhatrangbeach.com\/vi\/nha-trang-hotel\/best-spa-in-nha-trang\/","title":{"rendered":"Spa t\u1ea1i Nha Trang T\u1ed1t Nh\u1ea5t"},"content":{"rendered":"<p>Nha Trang n\u1ed5i ti\u1ebfng v\u1edbi nh\u1eefng b\u00e3i bi\u1ec3n nguy\u00ean s\u01a1 v\u00e0 \u0111\u1eddi s\u1ed1ng v\u0103n h\u00f3a s\u00f4i \u0111\u1ed9ng. Th\u1ebf nh\u01b0ng, gi\u1eefa h\u00e0nh tr\u00ecnh kh\u00e1m ph\u00e1 \u0111\u1ea7y h\u1ee9ng kh\u1edfi \u1ea5y, m\u1ed9t kho\u1ea3ng d\u1eebng th\u01b0 th\u00e1i l\u1ea1i ch\u00ednh l\u00e0 ch\u00eca kh\u00f3a \u0111\u1ec3 k\u1ef3 ngh\u1ec9 tr\u1edf n\u00ean tr\u1ecdn v\u1eb9n. V\u1edbi nh\u1eefng du kh\u00e1ch \u0111ang t\u00ecm ki\u1ebfm ch\u1ed1n ngh\u0129 d\u01b0\u1ee1ng th\u1eadt th\u01b0 gi\u00e3n, vi\u1ec7c l\u1ef1a ch\u1ecdn <strong>spa t\u1ea1i Nha Trang<\/strong> \u0111\u1eb3ng c\u1ea5p lu\u00f4n l\u00e0 \u01b0u ti\u00ean h\u00e0ng \u0111\u1ea7u.<\/p>\n<p>Sau khi chi\u00eam ng\u01b0\u1ee1ng v\u1ebb \u0111\u1eb9p c\u1ed5 k\u00ednh c\u1ee7a Po Nagar Cham Towers hay \u0111\u01a1n gi\u1ea3n l\u00e0 khi b\u1ea1n mong mu\u1ed1n th\u1ea3 l\u1ecfng c\u01a1 th\u1ec3 v\u00e0 t\u00e2m tr\u00ed, m\u1ed9t trung t\u00e2m ch\u0103m s\u00f3c s\u1ee9c kh\u1ecfe cao c\u1ea5p s\u1ebd bi\u1ebfn k\u1ef3 ngh\u1ec9 c\u1ee7a b\u1ea1n th\u00e0nh h\u00e0nh tr\u00ecnh t\u00e1i t\u1ea1o n\u0103ng l\u01b0\u1ee3ng \u0111\u1ea7y c\u1ea3m h\u1ee9ng, n\u01a1i t\u1eebng gi\u00e1c quan \u0111\u01b0\u1ee3c n\u00e2ng niu trong s\u1ef1 th\u01b0 gi\u00e3n tuy\u1ec7t \u0111\u1ed1i.<\/p>\n<h2 style=\"text-align: center\">Kh\u00e1m ph\u00e1 ngh\u1ec7 thu\u1eadt th\u01b0 gi\u00e3n \u0111\u1ec9nh cao t\u1ea1i Horizon Spa<\/h2>\n<p><img decoding=\"async\" class=\"aligncenter\" src=\"https:\/\/www.mercurenhatrangbeach.com\/wp-content\/uploads\/sites\/156\/2025\/09\/Pool-4.jpg\" alt=\"Horizon Spa Nha Trang\" width=\"100%\" \/><\/p>\n<p>T\u1ecda l\u1ea1c tr\u00ean t\u1ea7ng cao, \u00f4m tr\u1ecdn \u0111\u01b0\u1eddng b\u1edd bi\u1ec3n l\u1ea5p l\u00e1nh, <strong><a href=\"https:\/\/www.mercurenhatrangbeach.com\/vi\/leisure\/horizon-spa\/\" target=\"_blank\" rel=\"noopener\">Horizon Spa<\/a><\/strong> mang \u0111\u1ebfn ch\u1ed1n ngh\u1ec9 ng\u01a1i thanh b\u00ecnh t\u00e1ch bi\u1ec7t kh\u1ecfi nh\u1ecbp s\u1ed1ng n\u00e1o nhi\u1ec7t ph\u00eda d\u01b0\u1edbi th\u00e0nh ph\u1ed1. T\u1ea1i \u0111\u00e2y, thanh \u00e2m nh\u1ecbp nh\u00e0ng c\u1ee7a s\u00f3ng bi\u1ec3n h\u00f2a quy\u1ec7n c\u00f9ng \u0111\u00f4i tay \u0111i\u00eau luy\u1ec7n c\u1ee7a c\u00e1c tr\u1ecb li\u1ec7u vi\u00ean, ki\u1ebfn t\u1ea1o b\u1ea7u kh\u00f4ng gian an nhi\u00ean v\u00e0 c\u00e2n b\u1eb1ng.<\/p>\n<ul>\n<li><strong>V\u1ecb tr\u00ed &amp; Kh\u00f4ng gian:<\/strong> N\u1eb1m trong khu\u00f4n vi\u00ean Mercure Nha Trang Beach, Horizon Spa s\u1edf h\u1eefu v\u1ecb tr\u00ed l\u00fd t\u01b0\u1edfng cho nh\u1eefng v\u1ecb kh\u00e1ch \u0111\u1ec1 cao s\u1ef1 thu\u1eadn ti\u1ec7n nh\u01b0ng v\u1eabn mong mu\u1ed1n t\u00ednh ri\u00eang t\u01b0. Kh\u00f4ng gian \u0111\u01b0\u1ee3c thi\u1ebft k\u1ebf \u0111\u1ec3 t\u00f4n vinh c\u1ea3nh quan ngo\u1ea1n m\u1ee5c, v\u1edbi t\u1ea7m nh\u00ecn bi\u1ec3n 360 \u0111\u1ed9 cho ph\u00e9p t\u00e2m tr\u00ed b\u1ea1n th\u1ea3 tr\u00f4i theo s\u1eafc xanh ng\u1ecdc lam c\u1ee7a v\u1ecbnh Nha Trang.<\/li>\n<li><strong>Di chuy\u1ec3n:<\/strong> Spa t\u1ecda l\u1ea1c t\u1ea1i s\u1ed1 01 Ph\u1ea1m V\u0103n \u0110\u1ed3ng, ph\u01b0\u1eddng V\u0129nh H\u00f2a. Qu\u00fd kh\u00e1ch c\u00f3 th\u1ec3 d\u1ec5 d\u00e0ng \u0111\u1ebfn \u0111\u00e2y b\u1eb1ng taxi ho\u1eb7c ch\u1ec9 c\u1ea7n m\u1ed9t qu\u00e3ng t\u1ea3n b\u1ed9 ng\u1eafn n\u1ebfu \u0111ang l\u01b0u tr\u00fa g\u1ea7n khu v\u1ef1c trung t\u00e2m.<\/li>\n<li><strong>Gi\u1edd m\u1edf c\u1eeda:<\/strong> \u0110\u1ec3 linh ho\u1ea1t v\u1edbi l\u1ecbch tr\u00ecnh c\u1ee7a du kh\u00e1ch, Horizon Spa \u0111\u00f3n kh\u00e1ch m\u1ed7i ng\u00e0y t\u1eeb 10:00 \u0111\u1ebfn 21:00. Ch\u00fang t\u00f4i khuy\u1ebfn ngh\u1ecb \u0111\u1eb7t l\u1ecbch tr\u01b0\u1edbc \u0111\u1ec3 \u0111\u1ea3m b\u1ea3o khung gi\u1edd mong mu\u1ed1n, \u0111\u1eb7c bi\u1ec7t v\u00e0o th\u1eddi \u0111i\u1ec3m ho\u00e0ng h\u00f4n, khi khung c\u1ea3nh bi\u1ec3n tr\u1eddi tr\u1edf n\u00ean r\u1ef1c r\u1ee1 v\u00e0 m\u00ea ho\u1eb7c nh\u1ea5t.<\/li>\n<\/ul>\n<p>&nbsp;<\/p>\n<h2 style=\"text-align: center\">V\u00ec sao Horizon Spa l\u00e0 m\u1ed9t trong nh\u1eefng spa h\u00e0ng \u0111\u1ea7u t\u1ea1i Nha Trang?<\/h2>\n<p>Horizon Spa kh\u00f4ng \u0111\u01a1n thu\u1ea7n l\u00e0 m\u1ed9t \u0111i\u1ec3m \u0111\u1ebfn ch\u0103m s\u00f3c s\u1ee9c kh\u1ecfe, m\u00e0 \u0111\u00f3 l\u00e0 h\u00e0nh tr\u00ecnh ch\u0103m s\u00f3c s\u1ee9c kh\u1ecfe \u0111\u01b0\u1ee3c kh\u01a1i ngu\u1ed3n t\u1eeb truy\u1ec1n th\u1ed1ng b\u1ea3n \u0111\u1ecba v\u00e0 n\u0103ng l\u01b0\u1ee3ng ch\u1eefa l\u00e0nh c\u1ee7a \u0111\u1ea1i d\u01b0\u01a1ng. D\u01b0\u1edbi \u0111\u00e2y l\u00e0 nh\u1eefng l\u00fd do khi\u1ebfn n\u01a1i \u0111\u00e2y tr\u1edf th\u00e0nh l\u1ef1a ch\u1ecdn n\u1ed5i b\u1eadt gi\u1eefa l\u00f2ng th\u00e0nh ph\u1ed1 bi\u1ec3n.<\/p>\n<h3 style=\"text-align: center\">\u0110\u1ed9i ng\u0169 tr\u1ecb li\u1ec7u vi\u00ean gi\u00e0u kinh nghi\u1ec7m<\/h3>\n<p><img decoding=\"async\" class=\"aligncenter\" src=\"https:\/\/www.mercurenhatrangbeach.com\/wp-content\/uploads\/sites\/156\/2025\/07\/Spa-1-1.jpg\" alt=\"Spa t\u1ea1i Nha Trang t\u1ed1t nh\u1ea5t 2026\" width=\"100%\" \/><\/p>\n<p>Tr\u00e1i tim c\u1ee7a m\u1ed9t tr\u1ea3i nghi\u1ec7m spa \u0111\u1eb3ng c\u1ea5p n\u1eb1m \u1edf \u0111\u00f4i tay c\u1ee7a nh\u1eefng chuy\u00ean gia. T\u1ea1i Horizon Spa, m\u1ed7i tr\u1ecb li\u1ec7u vi\u00ean \u0111\u1ec1u \u0111\u01b0\u1ee3c \u0111\u00e0o t\u1ea1o b\u00e0i b\u1ea3n, am hi\u1ec3u c\u1ea3 k\u1ef9 thu\u1eadt truy\u1ec1n th\u1ed1ng Vi\u1ec7t Nam l\u1eabn c\u00e1c ph\u01b0\u01a1ng ph\u00e1p tr\u1ecb li\u1ec7u hi\u1ec7n \u0111\u1ea1i.<\/p>\n<p>T\u1eebng li\u1ec7u tr\u00ecnh <strong>massage t\u1ea1i Nha Trang<\/strong> \u0111\u01b0\u1ee3c thi\u1ebft k\u1ebf \u0111\u1ec3 \u0111\u00e1p \u1ee9ng nhu c\u1ea7u c\u00e1 nh\u00e2n c\u1ee7a b\u1ea1n, t\u1eeb k\u1ef9 thu\u1eadt &#8220;deep tissue&#8221; gi\u1ea3i t\u1ecfa c\u0103ng c\u01a1 \u0111\u1ebfn li\u1ec7u ph\u00e1p h\u01b0\u01a1ng th\u01a1m d\u1ecbu nh\u1eb9 gi\u00fap xoa d\u1ecbu m\u1ecdi gi\u00e1c quan. S\u1ef1 th\u1ea5u c\u1ea3m tinh t\u1ebf trong t\u1eebng chuy\u1ec3n \u0111\u1ed9ng ch\u00ednh l\u00e0 y\u1ebfu t\u1ed1 t\u1ea1o n\u00ean kh\u00e1c bi\u1ec7t.<\/p>\n<h3 style=\"text-align: center\">C\u01a1 s\u1edf v\u1eadt ch\u1ea5t cao c\u1ea5p<\/h3>\n<p>S\u1ef1 tho\u1ea3i m\u00e1i lu\u00f4n l\u00e0 \u01b0u ti\u00ean h\u00e0ng \u0111\u1ea7u. Kh\u00f4ng gian t\u1ea1i Horizon Spa \u0111\u01b0\u1ee3c thi\u1ebft k\u1ebf v\u1edbi phong c\u00e1ch thanh l\u1ecbch t\u1ed1i gi\u1ea3n, ph\u00f9 h\u1ee3p v\u1edbi gu th\u1ea9m m\u1ef9 tinh t\u1ebf. T\u1eeb ph\u00f2ng tr\u1ecb li\u1ec7u ri\u00eang t\u01b0 s\u1edf h\u1eefu t\u1ea7m nh\u00ecn bi\u1ec3n ngo\u1ea1n m\u1ee5c \u0111\u1ebfn khu v\u1ef1c th\u01b0 gi\u00e3n \u00eam \u00e1i n\u01a1i b\u1ea1n c\u00f3 th\u1ec3 nh\u00e2m nhi t\u00e1ch tr\u00e0 th\u1ea3o m\u1ed9c, m\u1ecdi chi ti\u1ebft \u0111\u1ec1u \u0111\u01b0\u1ee3c ch\u0103m ch\u00fat nh\u1eb1m mang \u0111\u1ebfn tr\u1ea3i nghi\u1ec7m li\u1ec1n m\u1ea1ch v\u00e0 sang tr\u1ecdng tuy\u1ec7t \u0111\u1ed1i.<\/p>\n<h3 style=\"text-align: center\">Ph\u01b0\u01a1ng ph\u00e1p c\u00e1 nh\u00e2n h\u00f3a<\/h3>\n<p>Ch\u00fang t\u00f4i tin r\u1eb1ng m\u1ed7i v\u1ecb kh\u00e1ch l\u00e0 m\u1ed9t h\u00e0nh tr\u00ecnh ri\u00eang bi\u1ec7t. Thay v\u00ec m\u1ed9t th\u1ef1c \u0111\u01a1n tr\u1ecb li\u1ec7u c\u1ed1 \u0111\u1ecbnh, Horizon Spa \u00e1p d\u1ee5ng ph\u01b0\u01a1ng ph\u00e1p c\u00e1 nh\u00e2n h\u00f3a s\u00e2u s\u1eafc. Ngay khi \u0111\u1ebfn, b\u1ea1n s\u1ebd \u0111\u01b0\u1ee3c t\u01b0 v\u1ea5n v\u1ec1 m\u1ee5c ti\u00eau ch\u0103m s\u00f3c s\u1ee9c kh\u1ecfe cho d\u00f9 l\u00e0 gi\u1ea3i t\u1ecfa c\u0103ng th\u1eb3ng, t\u00e1i t\u1ea1o l\u00e0n da hay ph\u1ee5c h\u1ed3i c\u01a1 b\u1eafp. T\u1eeb \u0111\u00f3, \u0111\u1ed9i ng\u0169 chuy\u00ean gia s\u1ebd thi\u1ebft k\u1ebf li\u1ec7u tr\u00ecnh ph\u00f9 h\u1ee3p nh\u1ea5t v\u1edbi mong mu\u1ed1n v\u00e0 th\u1ec3 tr\u1ea1ng c\u1ee7a b\u1ea1n.<\/p>\n<h3 style=\"text-align: center\">S\u1ea3n ph\u1ea9m cao c\u1ea5p<\/h3>\n<p>L\u00e0n da c\u1ee7a b\u1ea1n x\u1ee9ng \u0111\u00e1ng v\u1edbi nh\u1eefng \u0111i\u1ec1u tinh t\u00fay nh\u1ea5t. Horizon Spa s\u1eed d\u1ee5ng c\u00e1c s\u1ea3n ph\u1ea9m thi\u00ean nhi\u00ean cao c\u1ea5p, \u0111\u01b0\u1ee3c tuy\u1ec3n ch\u1ecdn k\u1ef9 l\u01b0\u1ee1ng t\u1eeb nh\u1eefng th\u00e0nh ph\u1ea7n ch\u1ea5t l\u01b0\u1ee3ng cao. C\u00f4ng th\u1ee9c d\u1ecbu nh\u1eb9 nh\u01b0ng hi\u1ec7u qu\u1ea3 v\u01b0\u1ee3t tr\u1ed9i gi\u00fap l\u00e0n da \u0111\u01b0\u1ee3c nu\u00f4i d\u01b0\u1ee1ng s\u00e2u v\u00e0 r\u1ea1ng r\u1ee1 l\u00e2u d\u00e0i, ngay c\u1ea3 khi li\u1ec7u tr\u00ecnh \u0111\u00e3 kh\u00e9p l\u1ea1i.<\/p>\n<h2 style=\"text-align: center\">Ch\u01b0\u01a1ng tr\u00ecnh tr\u1ecb li\u1ec7u chuy\u00ean nghi\u1ec7p &amp; \u0111\u1ed9c b\u1ea3n<\/h2>\n<p>Danh s\u00e1ch li\u1ec7u tr\u00ecnh spa l\u00e0 b\u1ed9 s\u01b0u t\u1eadp c\u00e1c li\u1ec7u tr\u00ecnh \u0111\u01b0\u1ee3c tuy\u1ec3n ch\u1ecdn nh\u1eb1m \u0111\u00e1nh th\u1ee9c n\u0103ng l\u01b0\u1ee3ng c\u01a1 th\u1ec3, t\u00e2m h\u1ed3n v\u00e0 t\u00e2m tr\u00ed.<\/p>\n<h3 style=\"text-align: center\">Li\u1ec7u tr\u00ecnh \u0111\u1eb7c tr\u01b0ng: Spa ch\u0103m s\u00f3c da \u0111\u1ea7u<\/h3>\n<p>\u0110\u1ec3 tr\u1ea3i nghi\u1ec7m \u0111i\u1ec1u kh\u00e1c bi\u1ec7t, h\u00e3y \u0111\u1eafm m\u00ecnh trong spa ch\u0103m s\u00f3c da \u0111\u1ea7u, tr\u1ecb li\u1ec7u v\u01b0\u1ee3t xa m\u1ed9t li\u1ec7u tr\u00ecnh g\u1ed9i th\u00f4ng th\u01b0\u1eddng. Trong kh\u00f4ng gian y\u00ean t\u0129nh tr\u00ean cao c\u1ee7a Mercure Nha Trang, b\u1ea1n s\u1ebd \u0111\u01b0\u1ee3c t\u1eadn h\u01b0\u1edfng li\u1ec7u ph\u00e1p g\u1ed9i v\u00e0 c\u1ea5p \u1ea9m chuy\u00ean s\u00e2u, ti\u1ebfp n\u1ed1i b\u1eb1ng k\u1ef9 thu\u1eadt massage t\u1eadp trung gi\u00fap gi\u1ea3i t\u1ecfa \u00e1p l\u1ef1c v\u00e0 thanh l\u1ecdc t\u00e2m tr\u00ed. \u0110\u00e2y l\u00e0 \u201cli\u1ec1u thu\u1ed1c\u201d ho\u00e0n h\u1ea3o cho s\u1ef1 m\u1ec7t m\u1ecfi sau h\u00e0nh tr\u00ecnh d\u00e0i c\u0169ng nh\u01b0 \u0111em \u0111\u1ebfn cho b\u1ea1n c\u1ea3m gi\u00e1c nh\u1eb9 nh\u00f5m, t\u01b0\u01a1i m\u1edbi v\u00e0 tr\u00e0n \u0111\u1ea7y sinh l\u1ef1c, s\u1eb5n s\u00e0ng ti\u1ebfp t\u1ee5c t\u1eadn h\u01b0\u1edfng v\u1ebb \u0111\u1eb9p b\u1ea5t t\u1eadn c\u1ee7a th\u00e0nh ph\u1ed1 bi\u1ec3n.<\/p>\n<p><img decoding=\"async\" class=\"aligncenter\" src=\"https:\/\/www.mercurenhatrangbeach.com\/wp-content\/uploads\/sites\/156\/2025\/08\/Head-spa-treatment-in-Nha-Trang-scaled.jpg\" alt=\"\u01afu \u0111\u00e3i spa t\u1ea1i Nha Trang 2026\" width=\"100%\" \/><\/p>\n<h2 style=\"text-align: center\">\u01afu \u0111\u00e3i spa m\u1edbi nh\u1ea5t 2026<\/h2>\n<p>Ch\u00fang t\u00f4i tin r\u1eb1ng ch\u0103m s\u00f3c s\u1ee9c kh\u1ecfe kh\u00f4ng ch\u1ec9 l\u00e0 m\u1ed9t l\u1ef1a ch\u1ecdn, m\u00e0 l\u00e0 m\u1ed9t ph\u1ea7n thi\u1ebft y\u1ebfu c\u1ee7a k\u1ef3 ngh\u1ec9 tr\u1ecdn v\u1eb9n. \u0110\u1ec3 n\u00e2ng t\u1ea7m tr\u1ea3i nghi\u1ec7m l\u01b0u tr\u00fa, ch\u00fang t\u00f4i h\u00e2n h\u1ea1nh gi\u1edbi thi\u1ec7u \u01b0u \u0111\u00e3i spa \u0111\u1ed9c quy\u1ec1n d\u00e0nh ri\u00eang cho qu\u00fd kh\u00e1ch.<\/p>\n<h3 style=\"text-align: center\">\u01afu \u0111\u00e3i &#8220;Stay and Shine&#8221;<\/h3>\n<p>H\u00e3y t\u1eadn h\u01b0\u1edfng k\u1ef3 ngh\u1ec9 \u0111\u00e1ng nh\u1edb t\u1ea1i Mercure Nha Trang Beach v\u00e0 n\u00e2ng t\u1ea7m h\u00e0nh tr\u00ecnh c\u1ee7a b\u1ea1n v\u1edbi \u01b0u \u0111\u00e3i \u201cStay and Shine\u201d \u0111\u1ea7y c\u1ea3m h\u1ee9ng. \u0110\u1eb7t 2 \u0111\u00eam l\u01b0u tr\u00fa, qu\u00fd kh\u00e1ch s\u1ebd \u0111\u01b0\u1ee3c t\u1eb7ng k\u00e8m m\u1ed9t li\u1ec7u tr\u00ecnh g\u1ed9i \u0111\u1ea7u th\u01b0 gi\u00e3n \u0111\u1eb7c tr\u01b0ng gi\u00fap t\u00e1i t\u1ea1o n\u0103ng l\u01b0\u1ee3ng v\u00e0 \u0111\u00e1nh th\u1ee9c m\u1ecdi gi\u00e1c quan. C\u0169ng nh\u01b0 th\u01b0\u1edfng th\u1ee9c buffet s\u00e1ng phong ph\u00fa m\u1ed7i ng\u00e0y, kh\u1edfi \u0111\u1ea7u ng\u00e0y m\u1edbi trong kh\u00f4ng gian ng\u1eadp tr\u00e0n \u00e1nh n\u1eafng bi\u1ec3n.<\/p>\n<p><strong>Quy\u1ec1n l\u1ee3i g\u00f3i \u01b0u \u0111\u00e3i bao g\u1ed3m:<\/strong><\/p>\n<ul>\n<li>02 \u0111\u00eam ngh\u1ec9 d\u01b0\u1ee1ng t\u1ea1i ph\u00f2ng Classic City View ho\u1eb7c ph\u00f2ng Privilege Sea View.<\/li>\n<li>B\u1eefa s\u00e1ng h\u1eb1ng ng\u00e0y d\u00e0nh cho 02 kh\u00e1ch.<\/li>\n<li>01 li\u1ec7u tr\u00ecnh ch\u0103m s\u00f3c da \u0111\u1ea7u \u0111\u1eb7c tr\u01b0ng d\u00e0nh cho 02 kh\u00e1ch tr\u01b0\u1edfng th\u00e0nh t\u1ea1i Horizon Spa, n\u01a1i b\u1ea1n c\u00f3 th\u1ec3 th\u01b0 gi\u00e3n v\u00e0 chi\u00eam ng\u01b0\u1ee1ng to\u00e0n c\u1ea3nh <strong><a href=\"https:\/\/www.mercurenhatrangbeach.com\/vi\/places\/nha-trang-beach\/\" target=\"_blank\" rel=\"noopener\">b\u00e3i bi\u1ec3n Nha Trang<\/a><\/strong> xanh ng\u1ecdc.<\/li>\n<li>Nh\u1eadn ph\u00f2ng s\u1edbm ho\u1eb7c tr\u1ea3 ph\u00f2ng mu\u1ed9n (t\u00f9y t\u00ecnh tr\u1ea1ng ph\u00f2ng).<\/li>\n<li><strong>Th\u1eddi gian l\u01b0u tr\u00fa:<\/strong> T\u1eeb nay \u0111\u1ebfn h\u1ebft ng\u00e0y 20\/05\/2026.<\/li>\n<li><strong>L\u01b0u \u00fd:<\/strong> Kh\u00f4ng \u00e1p d\u1ee5ng v\u00e0o c\u00e1c ng\u00e0y cao \u0111i\u1ec3m: 24 &amp; 31\/12\/2025, t\u1eeb 13\/02 \u0111\u1ebfn 28\/02\/2026.<\/li>\n<li>M\u1ee9c gi\u00e1 \u0111\u00e3 bao g\u1ed3m thu\u1ebf v\u00e0 ph\u00ed d\u1ecbch v\u1ee5 theo quy \u0111\u1ecbnh.<\/li>\n<\/ul>\n<table style=\"margin: 30px 0;width: 100%\">\n<tbody>\n<tr>\n<th><a class=\"btn meeting_order\" href=\"https:\/\/www.mercurenhatrangbeach.com\/vi\/offers\/stay-and-shine\/\" target=\"_blank\" rel=\"noopener\">T\u00ccM HI\u1ec2U TH\u00caM<\/a><\/th>\n<\/tr>\n<\/tbody>\n<\/table>\n<h2 style=\"text-align: center\">N\u00e2ng t\u1ea7m h\u00e0nh tr\u00ecnh ch\u0103m s\u00f3c s\u1ee9c kh\u1ecfe c\u1ee7a b\u1ea1n<\/h2>\n<p>S\u1ee9c kh\u1ecfe v\u00e0 s\u1ef1 c\u00e2n b\u1eb1ng n\u1ed9i t\u1ea1i ch\u00ednh l\u00e0 n\u1ec1n t\u1ea3ng cho m\u1ed9t k\u1ef3 ngh\u1ec9 tr\u1ecdn v\u1eb9n. D\u00f9 b\u1ea1n \u0111ang k\u1ef7 ni\u1ec7m m\u1ed9t c\u1ed9t m\u1ed1c \u0111\u00e1ng nh\u1edb hay t\u1eadn h\u01b0\u1edfng nh\u1eefng th\u00e1ng ng\u00e0y t\u1ef1 do \u0111\u1ea7y thi v\u1ecb, Horizon Spa tr\u00e2n tr\u1ecdng m\u1eddi b\u1ea1n kh\u00e1m ph\u00e1 ch\u1ed1n an y\u00ean thanh b\u00ecnh tr\u00ean cao, n\u01a1i s\u00f3ng bi\u1ec3n d\u1ecbu \u00eam tr\u1edf th\u00e0nh b\u1ea3n nh\u1ea1c n\u1ec1n cho h\u00e0nh tr\u00ecnh t\u00e1i t\u1ea1o n\u0103ng l\u01b0\u1ee3ng.<\/p>\n<p>\u0110\u1ec3 \u0111\u1eb7t l\u1ecbch tr\u1ecb li\u1ec7u ho\u1eb7c t\u00ecm hi\u1ec3u th\u00eam v\u1ec1 c\u00e1c g\u00f3i \u01b0u \u0111\u00e3i, vui l\u00f2ng li\u00ean h\u1ec7 \u0111\u1ed9i ng\u0169 concierge t\u1ea1i <strong><a href=\"https:\/\/www.mercurenhatrangbeach.com\/vi\/\" target=\"_blank\" rel=\"noopener\">Mercure Nha Trang Beach<\/a><\/strong> ho\u1eb7c gh\u00e9 th\u0103m qu\u1ea7y l\u1ec5 t\u00e2n Horizon Spa. H\u00e3y \u0111\u1ec3 ch\u00fang t\u00f4i ch\u0103m ch\u00fat t\u1eebng kho\u1ea3nh kh\u1eafc, \u0111\u1ec3 k\u1ef3 l\u01b0u tr\u00fa c\u1ee7a b\u1ea1n t\u1ea1i Vi\u1ec7t Nam tr\u1edf th\u00e0nh m\u1ed9t tr\u1ea3i nghi\u1ec7m \u0111\u00e1ng nh\u1edb, tr\u1ecdn v\u1eb9n trong s\u1ef1 tinh t\u1ebf v\u00e0 th\u01b0 th\u00e1i.<\/p>\n","protected":false},"excerpt":{"rendered":"<p>Nha Trang n\u1ed5i ti\u1ebfng v\u1edbi nh\u1eefng b\u00e3i bi\u1ec3n nguy\u00ean s\u01a1 v\u00e0 \u0111\u1eddi s\u1ed1ng v\u0103n h\u00f3a s\u00f4i \u0111\u1ed9ng. Th\u1ebf nh\u01b0ng, gi\u1eefa h\u00e0nh tr\u00ecnh kh\u00e1m ph\u00e1 \u0111\u1ea7y h\u1ee9ng kh\u1edfi \u1ea5y, m\u1ed9t kho\u1ea3ng d\u1eebng th\u01b0 th\u00e1i l\u1ea1i ch\u00ednh l\u00e0 ch\u00eca kh\u00f3a \u0111\u1ec3 k\u1ef3 ngh\u1ec9 tr\u1edf n\u00ean tr\u1ecdn v\u1eb9n. V\u1edbi nh\u1eefng du kh\u00e1ch \u0111ang t\u00ecm ki\u1ebfm ch\u1ed1n ngh\u0129 d\u01b0\u1ee1ng [&hellip;]<\/p>\n","protected":false},"author":63,"featured_media":122,"parent":739,"menu_order":0,"comment_status":"closed","ping_status":"closed","template":"","meta":{"footnotes":""},"categories":[],"class_list":["post-1413","page","type-page","status-publish","has-post-thumbnail","hentry"],"acf":[],"yoast_head":"<!-- This site is optimized with the Yoast SEO plugin v26.9 - https:\/\/yoast.com\/product\/yoast-seo-wordpress\/ -->\n<title>Spa t\u1ea1i Nha Trang t\u1ed1t nh\u1ea5t | C\u1ea9m nang cho h\u00e0nh tr\u00ecnh th\u01b0 gi\u00e3n<\/title>\n<meta name=\"description\" content=\"Kh\u00e1m ph\u00e1 spa h\u00e0ng \u0111\u1ea7u t\u1ea1i Nha Trang v\u00e0 t\u1eadn h\u01b0\u1edfng chu\u1ea9n m\u1ef1c wellness \u0111\u1eb3ng c\u1ea5p th\u1ebf gi\u1edbi t\u1ea1i Mercure Nha Trang Beach.\" \/>\n<meta name=\"robots\" content=\"index, follow, max-snippet:-1, max-image-preview:large, max-video-preview:-1\" \/>\n<link rel=\"canonical\" href=\"https:\/\/www.mercurenhatrangbeach.com\/vi\/nha-trang-hotel\/best-spa-in-nha-trang\/\" \/>\n<meta property=\"og:locale\" content=\"vi_VN\" \/>\n<meta property=\"og:type\" content=\"article\" \/>\n<meta property=\"og:title\" content=\"Spa t\u1ea1i Nha Trang t\u1ed1t nh\u1ea5t | C\u1ea9m nang cho h\u00e0nh tr\u00ecnh th\u01b0 gi\u00e3n\" \/>\n<meta property=\"og:description\" content=\"Kh\u00e1m ph\u00e1 spa h\u00e0ng \u0111\u1ea7u t\u1ea1i Nha Trang v\u00e0 t\u1eadn h\u01b0\u1edfng chu\u1ea9n m\u1ef1c wellness \u0111\u1eb3ng c\u1ea5p th\u1ebf gi\u1edbi t\u1ea1i Mercure Nha Trang Beach.\" \/>\n<meta property=\"og:url\" content=\"https:\/\/www.mercurenhatrangbeach.com\/vi\/nha-trang-hotel\/best-spa-in-nha-trang\/\" \/>\n<meta property=\"og:site_name\" content=\"Mercure Nha Trang\" \/>\n<meta property=\"article:modified_time\" content=\"2026-02-20T04:20:41+00:00\" \/>\n<meta property=\"og:image\" content=\"https:\/\/www.mercurenhatrangbeach.com\/wp-content\/uploads\/sites\/156\/2025\/07\/Spa-2.jpg\" \/>\n\t<meta property=\"og:image:width\" content=\"1800\" \/>\n\t<meta property=\"og:image:height\" content=\"1200\" \/>\n\t<meta property=\"og:image:type\" content=\"image\/jpeg\" \/>\n<meta name=\"twitter:card\" content=\"summary_large_image\" \/>\n<meta name=\"twitter:label1\" content=\"Est. reading time\" \/>\n\t<meta name=\"twitter:data1\" content=\"7 minutes\" \/>\n<script type=\"application\/ld+json\" class=\"yoast-schema-graph\">{\"@context\":\"https:\/\/schema.org\",\"@graph\":[{\"@type\":\"WebPage\",\"@id\":\"https:\/\/www.mercurenhatrangbeach.com\/vi\/nha-trang-hotel\/best-spa-in-nha-trang\/\",\"url\":\"https:\/\/www.mercurenhatrangbeach.com\/vi\/nha-trang-hotel\/best-spa-in-nha-trang\/\",\"name\":\"Spa t\u1ea1i Nha Trang t\u1ed1t nh\u1ea5t | C\u1ea9m nang cho h\u00e0nh tr\u00ecnh th\u01b0 gi\u00e3n\",\"isPartOf\":{\"@id\":\"https:\/\/www.mercurenhatrangbeach.com\/#website\"},\"primaryImageOfPage\":{\"@id\":\"https:\/\/www.mercurenhatrangbeach.com\/vi\/nha-trang-hotel\/best-spa-in-nha-trang\/#primaryimage\"},\"image\":{\"@id\":\"https:\/\/www.mercurenhatrangbeach.com\/vi\/nha-trang-hotel\/best-spa-in-nha-trang\/#primaryimage\"},\"thumbnailUrl\":\"https:\/\/www.mercurenhatrangbeach.com\/wp-content\/uploads\/sites\/156\/2025\/07\/Spa-2.jpg\",\"datePublished\":\"2026-01-22T04:41:26+00:00\",\"dateModified\":\"2026-02-20T04:20:41+00:00\",\"description\":\"Kh\u00e1m ph\u00e1 spa h\u00e0ng \u0111\u1ea7u t\u1ea1i Nha Trang v\u00e0 t\u1eadn h\u01b0\u1edfng chu\u1ea9n m\u1ef1c wellness \u0111\u1eb3ng c\u1ea5p th\u1ebf gi\u1edbi t\u1ea1i Mercure Nha Trang Beach.\",\"breadcrumb\":{\"@id\":\"https:\/\/www.mercurenhatrangbeach.com\/vi\/nha-trang-hotel\/best-spa-in-nha-trang\/#breadcrumb\"},\"inLanguage\":\"vi-VN\",\"potentialAction\":[{\"@type\":\"ReadAction\",\"target\":[\"https:\/\/www.mercurenhatrangbeach.com\/vi\/nha-trang-hotel\/best-spa-in-nha-trang\/\"]}]},{\"@type\":\"ImageObject\",\"inLanguage\":\"vi-VN\",\"@id\":\"https:\/\/www.mercurenhatrangbeach.com\/vi\/nha-trang-hotel\/best-spa-in-nha-trang\/#primaryimage\",\"url\":\"https:\/\/www.mercurenhatrangbeach.com\/wp-content\/uploads\/sites\/156\/2025\/07\/Spa-2.jpg\",\"contentUrl\":\"https:\/\/www.mercurenhatrangbeach.com\/wp-content\/uploads\/sites\/156\/2025\/07\/Spa-2.jpg\",\"width\":1800,\"height\":1200,\"caption\":\"Spa t\u1ea1i Nha Trang\"},{\"@type\":\"BreadcrumbList\",\"@id\":\"https:\/\/www.mercurenhatrangbeach.com\/vi\/nha-trang-hotel\/best-spa-in-nha-trang\/#breadcrumb\",\"itemListElement\":[{\"@type\":\"ListItem\",\"position\":1,\"name\":\"Home\",\"item\":\"https:\/\/www.mercurenhatrangbeach.com\/vi\/\"},{\"@type\":\"ListItem\",\"position\":2,\"name\":\"Kh\u00e1ch S\u1ea1n T\u1ea1i Nha Trang\",\"item\":\"https:\/\/www.mercurenhatrangbeach.com\/vi\/nha-trang-hotel\/\"},{\"@type\":\"ListItem\",\"position\":3,\"name\":\"Spa t\u1ea1i Nha Trang T\u1ed1t Nh\u1ea5t\"}]},{\"@type\":\"WebSite\",\"@id\":\"https:\/\/www.mercurenhatrangbeach.com\/#website\",\"url\":\"https:\/\/www.mercurenhatrangbeach.com\/\",\"name\":\"Mercure Nha Trang\",\"description\":\"\",\"potentialAction\":[{\"@type\":\"SearchAction\",\"target\":{\"@type\":\"EntryPoint\",\"urlTemplate\":\"https:\/\/www.mercurenhatrangbeach.com\/?s={search_term_string}\"},\"query-input\":{\"@type\":\"PropertyValueSpecification\",\"valueRequired\":true,\"valueName\":\"search_term_string\"}}],\"inLanguage\":\"vi-VN\"}]}<\/script>\n<!-- \/ Yoast SEO plugin. -->","yoast_head_json":{"title":"Spa t\u1ea1i Nha Trang t\u1ed1t nh\u1ea5t | C\u1ea9m nang cho h\u00e0nh tr\u00ecnh th\u01b0 gi\u00e3n","description":"Kh\u00e1m ph\u00e1 spa h\u00e0ng \u0111\u1ea7u t\u1ea1i Nha Trang v\u00e0 t\u1eadn h\u01b0\u1edfng chu\u1ea9n m\u1ef1c wellness \u0111\u1eb3ng c\u1ea5p th\u1ebf gi\u1edbi t\u1ea1i Mercure Nha Trang Beach.","robots":{"index":"index","follow":"follow","max-snippet":"max-snippet:-1","max-image-preview":"max-image-preview:large","max-video-preview":"max-video-preview:-1"},"canonical":"https:\/\/www.mercurenhatrangbeach.com\/vi\/nha-trang-hotel\/best-spa-in-nha-trang\/","og_locale":"vi_VN","og_type":"article","og_title":"Spa t\u1ea1i Nha Trang t\u1ed1t nh\u1ea5t | C\u1ea9m nang cho h\u00e0nh tr\u00ecnh th\u01b0 gi\u00e3n","og_description":"Kh\u00e1m ph\u00e1 spa h\u00e0ng \u0111\u1ea7u t\u1ea1i Nha Trang v\u00e0 t\u1eadn h\u01b0\u1edfng chu\u1ea9n m\u1ef1c wellness \u0111\u1eb3ng c\u1ea5p th\u1ebf gi\u1edbi t\u1ea1i Mercure Nha Trang Beach.","og_url":"https:\/\/www.mercurenhatrangbeach.com\/vi\/nha-trang-hotel\/best-spa-in-nha-trang\/","og_site_name":"Mercure Nha Trang","article_modified_time":"2026-02-20T04:20:41+00:00","og_image":[{"width":1800,"height":1200,"url":"https:\/\/www.mercurenhatrangbeach.com\/wp-content\/uploads\/sites\/156\/2025\/07\/Spa-2.jpg","type":"image\/jpeg"}],"twitter_card":"summary_large_image","twitter_misc":{"Est. reading time":"7 minutes"},"schema":{"@context":"https:\/\/schema.org","@graph":[{"@type":"WebPage","@id":"https:\/\/www.mercurenhatrangbeach.com\/vi\/nha-trang-hotel\/best-spa-in-nha-trang\/","url":"https:\/\/www.mercurenhatrangbeach.com\/vi\/nha-trang-hotel\/best-spa-in-nha-trang\/","name":"Spa t\u1ea1i Nha Trang t\u1ed1t nh\u1ea5t | C\u1ea9m nang cho h\u00e0nh tr\u00ecnh th\u01b0 gi\u00e3n","isPartOf":{"@id":"https:\/\/www.mercurenhatrangbeach.com\/#website"},"primaryImageOfPage":{"@id":"https:\/\/www.mercurenhatrangbeach.com\/vi\/nha-trang-hotel\/best-spa-in-nha-trang\/#primaryimage"},"image":{"@id":"https:\/\/www.mercurenhatrangbeach.com\/vi\/nha-trang-hotel\/best-spa-in-nha-trang\/#primaryimage"},"thumbnailUrl":"https:\/\/www.mercurenhatrangbeach.com\/wp-content\/uploads\/sites\/156\/2025\/07\/Spa-2.jpg","datePublished":"2026-01-22T04:41:26+00:00","dateModified":"2026-02-20T04:20:41+00:00","description":"Kh\u00e1m ph\u00e1 spa h\u00e0ng \u0111\u1ea7u t\u1ea1i Nha Trang v\u00e0 t\u1eadn h\u01b0\u1edfng chu\u1ea9n m\u1ef1c wellness \u0111\u1eb3ng c\u1ea5p th\u1ebf gi\u1edbi t\u1ea1i Mercure Nha Trang Beach.","breadcrumb":{"@id":"https:\/\/www.mercurenhatrangbeach.com\/vi\/nha-trang-hotel\/best-spa-in-nha-trang\/#breadcrumb"},"inLanguage":"vi-VN","potentialAction":[{"@type":"ReadAction","target":["https:\/\/www.mercurenhatrangbeach.com\/vi\/nha-trang-hotel\/best-spa-in-nha-trang\/"]}]},{"@type":"ImageObject","inLanguage":"vi-VN","@id":"https:\/\/www.mercurenhatrangbeach.com\/vi\/nha-trang-hotel\/best-spa-in-nha-trang\/#primaryimage","url":"https:\/\/www.mercurenhatrangbeach.com\/wp-content\/uploads\/sites\/156\/2025\/07\/Spa-2.jpg","contentUrl":"https:\/\/www.mercurenhatrangbeach.com\/wp-content\/uploads\/sites\/156\/2025\/07\/Spa-2.jpg","width":1800,"height":1200,"caption":"Spa t\u1ea1i Nha Trang"},{"@type":"BreadcrumbList","@id":"https:\/\/www.mercurenhatrangbeach.com\/vi\/nha-trang-hotel\/best-spa-in-nha-trang\/#breadcrumb","itemListElement":[{"@type":"ListItem","position":1,"name":"Home","item":"https:\/\/www.mercurenhatrangbeach.com\/vi\/"},{"@type":"ListItem","position":2,"name":"Kh\u00e1ch S\u1ea1n T\u1ea1i Nha Trang","item":"https:\/\/www.mercurenhatrangbeach.com\/vi\/nha-trang-hotel\/"},{"@type":"ListItem","position":3,"name":"Spa t\u1ea1i Nha Trang T\u1ed1t Nh\u1ea5t"}]},{"@type":"WebSite","@id":"https:\/\/www.mercurenhatrangbeach.com\/#website","url":"https:\/\/www.mercurenhatrangbeach.com\/","name":"Mercure Nha Trang","description":"","potentialAction":[{"@type":"SearchAction","target":{"@type":"EntryPoint","urlTemplate":"https:\/\/www.mercurenhatrangbeach.com\/?s={search_term_string}"},"query-input":{"@type":"PropertyValueSpecification","valueRequired":true,"valueName":"search_term_string"}}],"inLanguage":"vi-VN"}]}},"_links":{"self":[{"href":"https:\/\/www.mercurenhatrangbeach.com\/vi\/wp-json\/wp\/v2\/pages\/1413","targetHints":{"allow":["GET"]}}],"collection":[{"href":"https:\/\/www.mercurenhatrangbeach.com\/vi\/wp-json\/wp\/v2\/pages"}],"about":[{"href":"https:\/\/www.mercurenhatrangbeach.com\/vi\/wp-json\/wp\/v2\/types\/page"}],"author":[{"embeddable":true,"href":"https:\/\/www.mercurenhatrangbeach.com\/vi\/wp-json\/wp\/v2\/users\/63"}],"replies":[{"embeddable":true,"href":"https:\/\/www.mercurenhatrangbeach.com\/vi\/wp-json\/wp\/v2\/comments?post=1413"}],"version-history":[{"count":3,"href":"https:\/\/www.mercurenhatrangbeach.com\/vi\/wp-json\/wp\/v2\/pages\/1413\/revisions"}],"predecessor-version":[{"id":1417,"href":"https:\/\/www.mercurenhatrangbeach.com\/vi\/wp-json\/wp\/v2\/pages\/1413\/revisions\/1417"}],"up":[{"embeddable":true,"href":"https:\/\/www.mercurenhatrangbeach.com\/vi\/wp-json\/wp\/v2\/pages\/739"}],"wp:featuredmedia":[{"embeddable":true,"href":"https:\/\/www.mercurenhatrangbeach.com\/vi\/wp-json\/wp\/v2\/media\/122"}],"wp:attachment":[{"href":"https:\/\/www.mercurenhatrangbeach.com\/vi\/wp-json\/wp\/v2\/media?parent=1413"}],"wp:term":[{"taxonomy":"category","embeddable":true,"href":"https:\/\/www.mercurenhatrangbeach.com\/vi\/wp-json\/wp\/v2\/categories?post=1413"}],"curies":[{"name":"wp","href":"https:\/\/api.w.org\/{rel}","templated":true}]}}