{"id":298,"date":"2025-07-28T08:39:43","date_gmt":"2025-07-28T08:39:43","guid":{"rendered":"https:\/\/mercurenhatrang.accorv2prod.decms.eu\/mercure-nha-trang-beach\/"},"modified":"2026-03-25T08:32:17","modified_gmt":"2026-03-25T08:32:17","slug":"mercure-nha-trang-beach","status":"publish","type":"page","link":"https:\/\/www.mercurenhatrangbeach.com\/vi\/","title":{"rendered":"Mercure Nha Trang Beach"},"content":{"rendered":"<p>T\u1ef1a m\u00ecnh b\u00ean l\u00e0n n\u01b0\u1edbc xanh bi\u1ebfc nh\u01b0 ng\u1ecdc, n\u01a1i c\u00e1t v\u00e0ng m\u1ecbn m\u00e0ng l\u1ea5p l\u00e1nh d\u01b0\u1edbi n\u1eafng mai, <strong>Mercure Nha Trang Beach Hotel<\/strong> kh\u00f4ng ch\u1ec9 l\u00e0 m\u1ed9t \u0111i\u1ec3m d\u1eebng ch\u00e2n m\u00e0 c\u00f2n l\u00e0 c\u00e1nh c\u1eeda m\u1edf ra th\u1ebf gi\u1edbi v\u0103n h\u00f3a, l\u1ecbch s\u1eed v\u00e0 \u1ea9m th\u1ef1c \u0111\u1eadm \u0111\u00e0 b\u1ea3n s\u1eafc \u0111\u1ecba ph\u01b0\u01a1ng.<\/p>\n<p>C\u1ef1c k\u00ec ph\u00f9 h\u1ee3p cho nh\u1eefng t\u00e2m h\u1ed3n th\u00edch ngao du, nh\u1eefng tr\u00e1i tim kh\u00e1t khao \u0111i\u1ec1u m\u1edbi m\u1ebb, kh\u00e1ch s\u1ea1n l\u00e0 n\u01a1i b\u1eaft \u0111\u1ea7u m\u1ed9t h\u00e0nh tr\u00ecnh \u0111\u1ea7y c\u1ea3m x\u00fac gi\u1eefa l\u00f2ng th\u00e0nh ph\u1ed1 bi\u1ec3n d\u1ecbu d\u00e0ng v\u00e0 \u0111\u1ea7y m\u00ea ho\u1eb7c.<\/p>\n<h3>Tinh t\u1ebf trong t\u1eebng h\u01a1i th\u1edf c\u1ee7a bi\u1ec3n<\/h3>\n<p>Th\u1ee9c d\u1eady trong \u00e1nh s\u00e1ng d\u1ecbu d\u00e0ng, ph\u00f3ng t\u1ea7m m\u1eaft ra bi\u1ec3n kh\u01a1i m\u00eanh m\u00f4ng hay d\u00f5i theo nh\u1ecbp th\u1edf hi\u1ec1n h\u00f2a c\u1ee7a th\u00e0nh ph\u1ed1 b\u00ean khung c\u1eeda. <strong><a href=\"https:\/\/www.mercurenhatrangbeach.com\/vi\/our-rooms\/\" target=\"_blank\" rel=\"noopener\">T\u1eebng c\u0103n ph\u00f2ng t\u1ea1i<\/a><\/strong> kh\u00e1ch s\u1ea1n bi\u1ec3n Nha Trang n\u00e0y l\u00e0 s\u1ef1 k\u1ebft h\u1ee3p h\u00e0i h\u00f2a gi\u1eefa c\u1ea3m h\u1ee9ng \u0111\u1ecba ph\u01b0\u01a1ng v\u00e0 n\u00e9t tinh t\u1ebf hi\u1ec7n \u0111\u1ea1i \u2013 cho d\u00f9 h\u01b0\u1edbng v\u1ec1 ph\u1ed1 hay h\u01b0\u1edbng v\u1ec1 bi\u1ec3n, v\u1eabn lu\u00f4n mang \u0111\u1ebfn c\u1ea3m gi\u00e1c th\u01b0 th\u00e1i v\u00e0 thanh l\u1ecbch.<\/p>\n<p>Ban ng\u00e0y, \u00e1nh s\u00e1ng t\u1ef1 nhi\u00ean tr\u00e0n ng\u1eadp kh\u00f4ng gian nh\u01b0 \u00f4m tr\u1ecdn b\u1ea1n trong v\u00f2ng tay \u1ea5m \u00e1p c\u1ee7a n\u1eafng v\u00e0ng mi\u1ec1n bi\u1ec3n. V\u00e0 khi \u0111\u00eam xu\u1ed1ng, \u00e1nh \u0111\u00e8n th\u00e0nh ph\u1ed1 l\u1ea5p l\u00e1nh t\u1ef1a sao r\u01a1i \u2013 th\u1eafp l\u00ean m\u1ed9t khung c\u1ea3nh y\u00ean b\u00ecnh, \u0111\u1ea7y ch\u1ea5t th\u01a1. T\u1ea1i Mercure Nha Trang Beach Hotel, s\u1ef1 tho\u1ea3i m\u00e1i c\u1ee7a b\u1ea1n lu\u00f4n l\u00e0 \u0111i\u1ec1u ch\u00fang t\u00f4i tr\u00e2n tr\u1ecdng nh\u1ea5t.<\/p>\n<h3>H\u00e0nh tr\u00ecnh v\u1ecb gi\u00e1c gi\u1eefa l\u00f2ng bi\u1ec3n g\u1ecdi<\/h3>\n<p>T\u1ea1i <strong><a href=\"https:\/\/www.mercurenhatrangbeach.com\/vi\/restaurant-bar\/tathik-restaurant\/\" target=\"_blank\" rel=\"noopener\">Tathik<\/a><\/strong> &#8211; nh\u00e0 h\u00e0ng \u0111\u1eb7c tr\u01b0ng c\u1ee7a kh\u00e1ch s\u1ea1n bi\u1ec3n Nha Trang c\u1ee7a ch\u00fang t\u00f4i, m\u1ed7i b\u1eefa \u0103n l\u00e0 m\u1ed9t b\u1ea3n h\u00f2a ca t\u00f4n vinh \u0111\u1eddi s\u1ed1ng mi\u1ec1n bi\u1ec3n duy\u00ean h\u1ea3i Trung B\u1ed9.<br \/>\nL\u1ea5y c\u1ea3m h\u1ee9ng t\u1eeb v\u01b0\u01a1ng qu\u1ed1c Ch\u0103m Pa c\u1ed5 x\u01b0a, \u201cTathik\u201d c\u00f3 ngh\u0129a l\u00e0 bi\u1ec3n, l\u00e0 l\u1eddi tri \u00e2n d\u00e0nh cho \u0111\u1ea1i d\u01b0\u01a1ng r\u1ed9ng l\u1edbn, n\u01a1i t\u1eebng con s\u00f3ng mang theo h\u01b0\u01a1ng v\u1ecb v\u00e0 k\u00fd \u1ee9c c\u1ee7a v\u00f9ng \u0111\u1ea5t \u0111\u1ea7y n\u1eafng gi\u00f3.<\/p>\n<p>T\u1eeb s\u1eafc m\u00e0u s\u1ed1ng \u0111\u1ed9ng trong h\u01b0\u01a1ng v\u1ecb, \u0111\u1ebfn nh\u1eefng nguy\u00ean li\u1ec7u \u0111\u01b0\u1ee3c tuy\u1ec3n ch\u1ecdn m\u1ed9t c\u00e1ch b\u1ec1n v\u1eefng v\u00e0 tinh t\u1ebf, th\u1ef1c \u0111\u01a1n t\u1ea1i Tathik l\u00e0 h\u00e0nh tr\u00ecnh c\u1ee7a c\u1ea3m x\u00fac; n\u01a1i k\u00fd \u1ee9c v\u00e0 v\u1ecb gi\u00e1c giao thoa \u0111\u1ec3 t\u1ea1o n\u00ean tr\u1ea3i nghi\u1ec7m kh\u00f3 qu\u00ean.<\/p>\n<p>H\u00e3y \u0111\u1ec3 m\u1ed7i b\u1eefa \u0103n tr\u1edf th\u00e0nh m\u1ed9t chuy\u1ebfn \u0111i mang \u0111\u1ebfn n\u00e9t hi\u1ec7n \u0111\u1ea1i kh\u1ebd ch\u1ea1m v\u00e0o truy\u1ec1n th\u1ed1ng l\u00e2u \u0111\u1eddi, v\u00e0 n\u01a1i tinh th\u1ea7n c\u1ee7a bi\u1ec3n c\u1ea3 \u0111\u01b0\u1ee3c k\u1ec3 l\u1ea1i qua t\u1eebng m\u00f3n \u0103n.<\/p>\n<h3>Th\u01b0 gi\u00e3n gi\u1eefa t\u1ea7ng kh\u00f4ng v\u00e0 thanh \u00e2m s\u00f3ng v\u1ed7<\/h3>\n<p>\u0110\u1eafm m\u00ecnh trong l\u00e0n n\u01b0\u1edbc trong xanh c\u1ee7a <strong><a href=\"https:\/\/www.mercurenhatrangbeach.com\/vi\/leisure\/pools\/\" target=\"_blank\" rel=\"noopener\">h\u1ed3 b\u01a1i trong nh\u00e0<\/a><\/strong> hay th\u1ea3 l\u1ecfng c\u01a1 th\u1ec3 v\u1edbi li\u1ec7u tr\u00ecnh spa d\u1ecbu \u00eam, h\u01b0\u1edbng t\u1ea7m m\u1eaft ra \u0111\u1ea1i d\u01b0\u01a1ng l\u1ed9ng gi\u00f3. M\u1ed7i gi\u00e2y ph\u00fat t\u1ea1i kh\u00f4ng gian ch\u0103m s\u00f3c s\u1ee9c kh\u1ecfe c\u1ee7a Mercure Nha Trang Beach l\u00e0 m\u1ed9t l\u1ea7n b\u1ea1n \u0111\u01b0\u1ee3c s\u1ed1ng ch\u1eadm l\u1ea1i, l\u1eafng nghe c\u01a1 th\u1ec3 v\u00e0 \u0111\u1ec3 t\u00e2m h\u1ed3n \u0111\u01b0\u1ee3c v\u1ed7 v\u1ec1.<\/p>\n","protected":false},"excerpt":{"rendered":"<p>T\u1ef1a m\u00ecnh b\u00ean l\u00e0n n\u01b0\u1edbc xanh bi\u1ebfc nh\u01b0 ng\u1ecdc, n\u01a1i c\u00e1t v\u00e0ng m\u1ecbn m\u00e0ng l\u1ea5p l\u00e1nh d\u01b0\u1edbi n\u1eafng mai, Mercure Nha Trang Beach Hotel kh\u00f4ng ch\u1ec9 l\u00e0 m\u1ed9t \u0111i\u1ec3m d\u1eebng ch\u00e2n m\u00e0 c\u00f2n l\u00e0 c\u00e1nh c\u1eeda m\u1edf ra th\u1ebf gi\u1edbi v\u0103n h\u00f3a, l\u1ecbch s\u1eed v\u00e0 \u1ea9m th\u1ef1c \u0111\u1eadm \u0111\u00e0 b\u1ea3n s\u1eafc \u0111\u1ecba ph\u01b0\u01a1ng. C\u1ef1c k\u00ec [&hellip;]<\/p>\n","protected":false},"author":55,"featured_media":193,"parent":0,"menu_order":0,"comment_status":"closed","ping_status":"closed","template":"","meta":{"footnotes":""},"categories":[],"class_list":["post-298","page","type-page","status-publish","has-post-thumbnail","hentry"],"acf":[],"yoast_head":"<!-- This site is optimized with the Yoast SEO plugin v26.9 - https:\/\/yoast.com\/product\/yoast-seo-wordpress\/ -->\n<title>Mercure Nha Trang Beach I Kh\u00e1ch s\u1ea1n 4 sao h\u01b0\u1edbng bi\u1ec3n<\/title>\n<meta name=\"description\" content=\"Mercure Nha Trang Beach, kh\u00e1ch s\u1ea1n 4 sao v\u1edbi ph\u00f2ng ngh\u1ec9 h\u01b0\u1edbng bi\u1ec3n, l\u00fd t\u01b0\u1edfng cho gia \u0111\u00ecnh v\u00e0 c\u00e1c c\u1eb7p \u0111\u00f4i th\u00edch kh\u00e1m ph\u00e1 b\u1ea3n s\u1eafc \u0111\u1ecba ph\u01b0\u01a1ng.\" \/>\n<meta name=\"robots\" content=\"index, follow, max-snippet:-1, max-image-preview:large, max-video-preview:-1\" \/>\n<link rel=\"canonical\" href=\"https:\/\/www.mercurenhatrangbeach.com\/vi\/\" \/>\n<meta property=\"og:locale\" content=\"vi_VN\" \/>\n<meta property=\"og:type\" content=\"article\" \/>\n<meta property=\"og:title\" content=\"Mercure Nha Trang Beach I Kh\u00e1ch s\u1ea1n 4 sao h\u01b0\u1edbng bi\u1ec3n\" \/>\n<meta property=\"og:description\" content=\"Mercure Nha Trang Beach, kh\u00e1ch s\u1ea1n 4 sao v\u1edbi ph\u00f2ng ngh\u1ec9 h\u01b0\u1edbng bi\u1ec3n, l\u00fd t\u01b0\u1edfng cho gia \u0111\u00ecnh v\u00e0 c\u00e1c c\u1eb7p \u0111\u00f4i th\u00edch kh\u00e1m ph\u00e1 b\u1ea3n s\u1eafc \u0111\u1ecba ph\u01b0\u01a1ng.\" \/>\n<meta property=\"og:url\" content=\"https:\/\/www.mercurenhatrangbeach.com\/vi\/\" \/>\n<meta property=\"og:site_name\" content=\"Mercure Nha Trang\" \/>\n<meta property=\"article:modified_time\" content=\"2026-03-25T08:32:17+00:00\" \/>\n<meta property=\"og:image\" content=\"https:\/\/www.mercurenhatrangbeach.com\/wp-content\/uploads\/sites\/156\/2025\/07\/Overview_0416.jpg\" \/>\n\t<meta property=\"og:image:width\" content=\"1601\" \/>\n\t<meta property=\"og:image:height\" content=\"1200\" \/>\n\t<meta property=\"og:image:type\" content=\"image\/jpeg\" \/>\n<meta name=\"twitter:card\" content=\"summary_large_image\" \/>\n<meta name=\"twitter:label1\" content=\"Est. reading time\" \/>\n\t<meta name=\"twitter:data1\" content=\"3 minutes\" \/>\n<script type=\"application\/ld+json\" class=\"yoast-schema-graph\">{\"@context\":\"https:\/\/schema.org\",\"@graph\":[{\"@type\":\"WebPage\",\"@id\":\"https:\/\/www.mercurenhatrangbeach.com\/vi\/\",\"url\":\"https:\/\/www.mercurenhatrangbeach.com\/vi\/\",\"name\":\"Mercure Nha Trang Beach I Kh\u00e1ch s\u1ea1n 4 sao h\u01b0\u1edbng bi\u1ec3n\",\"isPartOf\":{\"@id\":\"https:\/\/www.mercurenhatrangbeach.com\/#website\"},\"primaryImageOfPage\":{\"@id\":\"https:\/\/www.mercurenhatrangbeach.com\/vi\/#primaryimage\"},\"image\":{\"@id\":\"https:\/\/www.mercurenhatrangbeach.com\/vi\/#primaryimage\"},\"thumbnailUrl\":\"https:\/\/www.mercurenhatrangbeach.com\/wp-content\/uploads\/sites\/156\/2025\/07\/Overview_0416.jpg\",\"datePublished\":\"2025-07-28T08:39:43+00:00\",\"dateModified\":\"2026-03-25T08:32:17+00:00\",\"description\":\"Mercure Nha Trang Beach, kh\u00e1ch s\u1ea1n 4 sao v\u1edbi ph\u00f2ng ngh\u1ec9 h\u01b0\u1edbng bi\u1ec3n, l\u00fd t\u01b0\u1edfng cho gia \u0111\u00ecnh v\u00e0 c\u00e1c c\u1eb7p \u0111\u00f4i th\u00edch kh\u00e1m ph\u00e1 b\u1ea3n s\u1eafc \u0111\u1ecba ph\u01b0\u01a1ng.\",\"breadcrumb\":{\"@id\":\"https:\/\/www.mercurenhatrangbeach.com\/vi\/#breadcrumb\"},\"inLanguage\":\"vi-VN\",\"potentialAction\":[{\"@type\":\"ReadAction\",\"target\":[\"https:\/\/www.mercurenhatrangbeach.com\/vi\/\"]}]},{\"@type\":\"ImageObject\",\"inLanguage\":\"vi-VN\",\"@id\":\"https:\/\/www.mercurenhatrangbeach.com\/vi\/#primaryimage\",\"url\":\"https:\/\/www.mercurenhatrangbeach.com\/wp-content\/uploads\/sites\/156\/2025\/07\/Overview_0416.jpg\",\"contentUrl\":\"https:\/\/www.mercurenhatrangbeach.com\/wp-content\/uploads\/sites\/156\/2025\/07\/Overview_0416.jpg\",\"width\":1601,\"height\":1200,\"caption\":\"Facade\"},{\"@type\":\"BreadcrumbList\",\"@id\":\"https:\/\/www.mercurenhatrangbeach.com\/vi\/#breadcrumb\",\"itemListElement\":[{\"@type\":\"ListItem\",\"position\":1,\"name\":\"Home\",\"item\":\"https:\/\/www.mercurenhatrangbeach.com\/vi\/\"},{\"@type\":\"ListItem\",\"position\":2,\"name\":\"Mercure Nha Trang Beach\"}]},{\"@type\":\"WebSite\",\"@id\":\"https:\/\/www.mercurenhatrangbeach.com\/#website\",\"url\":\"https:\/\/www.mercurenhatrangbeach.com\/\",\"name\":\"Mercure Nha Trang\",\"description\":\"\",\"potentialAction\":[{\"@type\":\"SearchAction\",\"target\":{\"@type\":\"EntryPoint\",\"urlTemplate\":\"https:\/\/www.mercurenhatrangbeach.com\/?s={search_term_string}\"},\"query-input\":{\"@type\":\"PropertyValueSpecification\",\"valueRequired\":true,\"valueName\":\"search_term_string\"}}],\"inLanguage\":\"vi-VN\"}]}<\/script>\n<!-- \/ Yoast SEO plugin. -->","yoast_head_json":{"title":"Mercure Nha Trang Beach I Kh\u00e1ch s\u1ea1n 4 sao h\u01b0\u1edbng bi\u1ec3n","description":"Mercure Nha Trang Beach, kh\u00e1ch s\u1ea1n 4 sao v\u1edbi ph\u00f2ng ngh\u1ec9 h\u01b0\u1edbng bi\u1ec3n, l\u00fd t\u01b0\u1edfng cho gia \u0111\u00ecnh v\u00e0 c\u00e1c c\u1eb7p \u0111\u00f4i th\u00edch kh\u00e1m ph\u00e1 b\u1ea3n s\u1eafc \u0111\u1ecba ph\u01b0\u01a1ng.","robots":{"index":"index","follow":"follow","max-snippet":"max-snippet:-1","max-image-preview":"max-image-preview:large","max-video-preview":"max-video-preview:-1"},"canonical":"https:\/\/www.mercurenhatrangbeach.com\/vi\/","og_locale":"vi_VN","og_type":"article","og_title":"Mercure Nha Trang Beach I Kh\u00e1ch s\u1ea1n 4 sao h\u01b0\u1edbng bi\u1ec3n","og_description":"Mercure Nha Trang Beach, kh\u00e1ch s\u1ea1n 4 sao v\u1edbi ph\u00f2ng ngh\u1ec9 h\u01b0\u1edbng bi\u1ec3n, l\u00fd t\u01b0\u1edfng cho gia \u0111\u00ecnh v\u00e0 c\u00e1c c\u1eb7p \u0111\u00f4i th\u00edch kh\u00e1m ph\u00e1 b\u1ea3n s\u1eafc \u0111\u1ecba ph\u01b0\u01a1ng.","og_url":"https:\/\/www.mercurenhatrangbeach.com\/vi\/","og_site_name":"Mercure Nha Trang","article_modified_time":"2026-03-25T08:32:17+00:00","og_image":[{"width":1601,"height":1200,"url":"https:\/\/www.mercurenhatrangbeach.com\/wp-content\/uploads\/sites\/156\/2025\/07\/Overview_0416.jpg","type":"image\/jpeg"}],"twitter_card":"summary_large_image","twitter_misc":{"Est. reading time":"3 minutes"},"schema":{"@context":"https:\/\/schema.org","@graph":[{"@type":"WebPage","@id":"https:\/\/www.mercurenhatrangbeach.com\/vi\/","url":"https:\/\/www.mercurenhatrangbeach.com\/vi\/","name":"Mercure Nha Trang Beach I Kh\u00e1ch s\u1ea1n 4 sao h\u01b0\u1edbng bi\u1ec3n","isPartOf":{"@id":"https:\/\/www.mercurenhatrangbeach.com\/#website"},"primaryImageOfPage":{"@id":"https:\/\/www.mercurenhatrangbeach.com\/vi\/#primaryimage"},"image":{"@id":"https:\/\/www.mercurenhatrangbeach.com\/vi\/#primaryimage"},"thumbnailUrl":"https:\/\/www.mercurenhatrangbeach.com\/wp-content\/uploads\/sites\/156\/2025\/07\/Overview_0416.jpg","datePublished":"2025-07-28T08:39:43+00:00","dateModified":"2026-03-25T08:32:17+00:00","description":"Mercure Nha Trang Beach, kh\u00e1ch s\u1ea1n 4 sao v\u1edbi ph\u00f2ng ngh\u1ec9 h\u01b0\u1edbng bi\u1ec3n, l\u00fd t\u01b0\u1edfng cho gia \u0111\u00ecnh v\u00e0 c\u00e1c c\u1eb7p \u0111\u00f4i th\u00edch kh\u00e1m ph\u00e1 b\u1ea3n s\u1eafc \u0111\u1ecba ph\u01b0\u01a1ng.","breadcrumb":{"@id":"https:\/\/www.mercurenhatrangbeach.com\/vi\/#breadcrumb"},"inLanguage":"vi-VN","potentialAction":[{"@type":"ReadAction","target":["https:\/\/www.mercurenhatrangbeach.com\/vi\/"]}]},{"@type":"ImageObject","inLanguage":"vi-VN","@id":"https:\/\/www.mercurenhatrangbeach.com\/vi\/#primaryimage","url":"https:\/\/www.mercurenhatrangbeach.com\/wp-content\/uploads\/sites\/156\/2025\/07\/Overview_0416.jpg","contentUrl":"https:\/\/www.mercurenhatrangbeach.com\/wp-content\/uploads\/sites\/156\/2025\/07\/Overview_0416.jpg","width":1601,"height":1200,"caption":"Facade"},{"@type":"BreadcrumbList","@id":"https:\/\/www.mercurenhatrangbeach.com\/vi\/#breadcrumb","itemListElement":[{"@type":"ListItem","position":1,"name":"Home","item":"https:\/\/www.mercurenhatrangbeach.com\/vi\/"},{"@type":"ListItem","position":2,"name":"Mercure Nha Trang Beach"}]},{"@type":"WebSite","@id":"https:\/\/www.mercurenhatrangbeach.com\/#website","url":"https:\/\/www.mercurenhatrangbeach.com\/","name":"Mercure Nha Trang","description":"","potentialAction":[{"@type":"SearchAction","target":{"@type":"EntryPoint","urlTemplate":"https:\/\/www.mercurenhatrangbeach.com\/?s={search_term_string}"},"query-input":{"@type":"PropertyValueSpecification","valueRequired":true,"valueName":"search_term_string"}}],"inLanguage":"vi-VN"}]}},"_links":{"self":[{"href":"https:\/\/www.mercurenhatrangbeach.com\/vi\/wp-json\/wp\/v2\/pages\/298","targetHints":{"allow":["GET"]}}],"collection":[{"href":"https:\/\/www.mercurenhatrangbeach.com\/vi\/wp-json\/wp\/v2\/pages"}],"about":[{"href":"https:\/\/www.mercurenhatrangbeach.com\/vi\/wp-json\/wp\/v2\/types\/page"}],"author":[{"embeddable":true,"href":"https:\/\/www.mercurenhatrangbeach.com\/vi\/wp-json\/wp\/v2\/users\/55"}],"replies":[{"embeddable":true,"href":"https:\/\/www.mercurenhatrangbeach.com\/vi\/wp-json\/wp\/v2\/comments?post=298"}],"version-history":[{"count":2,"href":"https:\/\/www.mercurenhatrangbeach.com\/vi\/wp-json\/wp\/v2\/pages\/298\/revisions"}],"predecessor-version":[{"id":1445,"href":"https:\/\/www.mercurenhatrangbeach.com\/vi\/wp-json\/wp\/v2\/pages\/298\/revisions\/1445"}],"wp:featuredmedia":[{"embeddable":true,"href":"https:\/\/www.mercurenhatrangbeach.com\/vi\/wp-json\/wp\/v2\/media\/193"}],"wp:attachment":[{"href":"https:\/\/www.mercurenhatrangbeach.com\/vi\/wp-json\/wp\/v2\/media?parent=298"}],"wp:term":[{"taxonomy":"category","embeddable":true,"href":"https:\/\/www.mercurenhatrangbeach.com\/vi\/wp-json\/wp\/v2\/categories?post=298"}],"curies":[{"name":"wp","href":"https:\/\/api.w.org\/{rel}","templated":true}]}}