{"id":301,"date":"2025-07-28T08:51:30","date_gmt":"2025-07-28T08:51:30","guid":{"rendered":"https:\/\/mercurenhatrang.accorv2prod.decms.eu\/our-rooms\/"},"modified":"2025-10-17T08:44:08","modified_gmt":"2025-10-17T08:44:08","slug":"our-rooms","status":"publish","type":"page","link":"https:\/\/www.mercurenhatrangbeach.com\/vi\/our-rooms\/","title":{"rendered":"Ph\u00f2ng ngh\u1ec9"},"content":{"rendered":"<p style=\"text-align: center\">Kh\u00e1m ph\u00e1 l\u1ea1i v\u1ebb \u0111\u1eb9p d\u1ecbu \u00eam c\u1ee7a bi\u1ec3n qua 108 ph\u00f2ng ngh\u1ec9 mang phong c\u00e1ch tinh t\u1ebf v\u00e0 n\u01a1i l\u00fd t\u01b0\u1edfng cho nh\u1eefng ai t\u00ecm ki\u1ebfm m\u1ed9t k\u1ef3 ngh\u1ec9 th\u01b0 gi\u00e3n b\u00ean ng\u01b0\u1eddi th\u00e2n, b\u1ea1n b\u00e8. T\u1eeb \u00f4 c\u1eeda s\u1ed5, khung c\u1ea3nh \u0111\u1ea1i d\u01b0\u01a1ng m\u1edf ra nh\u01b0 m\u1ed9t b\u1ee9c tranh s\u1ed1ng \u0111\u1ed9ng, n\u01a1i t\u1eebng chi ti\u1ebft n\u1ed9i th\u1ea5t mang \u0111\u1eadm h\u01a1i th\u1edf \u0111\u1ecba ph\u01b0\u01a1ng, t\u1ea1o n\u00ean tr\u1ea3i nghi\u1ec7m l\u01b0u tr\u00fa c\u00f9ng<strong> ph\u00f2ng ngh\u1ec9 t\u1ea1i Nha Trang<\/strong>\u00a0\u0111\u1ea7y c\u1ea3m h\u1ee9ng v\u00e0 ch\u1ea5t th\u01a1.<\/p>\n<p style=\"text-align: center\">M\u1ed7i c\u0103n ph\u00f2ng l\u00e0 m\u1ed9t l\u00e1t c\u1eaft c\u1ee7a v\u0103n h\u00f3a b\u1ea3n \u0111\u1ecba, \u0111\u01b0\u1ee3c ch\u0103m ch\u00fat t\u1ec9 m\u1ec9 trong thi\u1ebft k\u1ebf v\u00e0 trang tr\u00ed; mang \u0111\u1ebfn kh\u00f4ng gian v\u1eeba g\u1ea7n g\u0169i v\u1eeba thanh l\u1ecbch.<\/p>\n<p style=\"text-align: center\">T\u1ea1i \u0111\u00e2y, b\u1ea1n s\u1ebd t\u1eadn h\u01b0\u1edfng gi\u1ea5c ng\u1ee7 \u00eam \u00e1i trong v\u00f2ng tay c\u1ee7a s\u1ef1 tho\u1ea3i m\u00e1i, v\u1edbi nh\u1eefng ti\u1ec7n nghi cao c\u1ea5p, th\u00e2n thi\u1ec7n v\u1edbi m\u00f4i tr\u01b0\u1eddng v\u00e0 chi\u1ebft xu\u1ea5t t\u1eeb thi\u00ean nhi\u00ean &#8211; t\u1ea5t c\u1ea3 \u0111\u01b0\u1ee3c ch\u1ecdn l\u1ecdc k\u1ef9 l\u01b0\u1ee1ng \u0111\u1ec3 n\u00e2ng niu t\u1eebng kho\u1ea3nh kh\u1eafc ngh\u1ec9 d\u01b0\u1ee1ng.<\/p>\n<p style=\"text-align: center\">S\u1ef1 h\u00f2a quy\u1ec7n tinh t\u1ebf gi\u1eefa \u0111\u01b0\u1eddng n\u00e9t hi\u1ec7n \u0111\u1ea1i v\u00e0 d\u1ea5u \u1ea5n v\u0103n h\u00f3a \u0111\u1ecba ph\u01b0\u01a1ng t\u1ea1o n\u00ean kh\u00f4ng gian v\u1eeba m\u1edbi m\u1ebb, v\u1eeba th\u00e2n thu\u1ed9c.<\/p>\n<p style=\"text-align: center\">L\u1ea5y c\u1ea3m h\u1ee9ng t\u1eeb l\u00e0ng ch\u00e0i ven bi\u1ec3n v\u00e0 ngh\u1ec7 thu\u1eadt Ch\u0103m Pa, m\u1ed7i ph\u00f2ng nh\u01b0 m\u1ed9t l\u00e0n gi\u00f3 bi\u1ec3n m\u00e1t l\u00e0nh &#8211; nh\u1eb9 nh\u00e0ng \u0111\u01b0a b\u1ea1n v\u00e0o th\u1ebf gi\u1edbi c\u1ee7a nh\u1eefng gam m\u00e0u trung t\u00ednh d\u1ecbu m\u1eaft, xen l\u1eabn ch\u00fat s\u1eafc xanh m\u00e1t l\u1ea1nh c\u1ee7a \u0111\u1ea1i d\u01b0\u01a1ng, \u0111\u00e1nh th\u1ee9c c\u1ea3m quan v\u00e0 k\u1ebft n\u1ed1i s\u00e2u s\u1eafc v\u1edbi n\u01a1i b\u1ea1n \u0111ang d\u1eebng ch\u00e2n.<\/p>\n<p style=\"text-align: center\">T\u1ea1i <strong><a href=\"https:\/\/www.mercurenhatrangbeach.com\/vi\/\" target=\"_blank\" rel=\"noopener\">Mercure Nha Trang Beach<\/a><\/strong>, b\u1ea1n kh\u00f4ng ch\u1ec9 l\u01b0u tr\u00fa m\u00e0 c\u00f2n th\u1eadt s\u1ef1 c\u1ea3m nh\u1eadn \u0111\u01b0\u1ee3c b\u1ea3n s\u1eafc \u0111\u1ed9c \u0111\u00e1o c\u1ee7a th\u00e0nh ph\u1ed1 bi\u1ec3n xinh \u0111\u1eb9p n\u00e0y.<\/p>\n","protected":false},"excerpt":{"rendered":"<p>Kh\u00e1m ph\u00e1 l\u1ea1i v\u1ebb \u0111\u1eb9p d\u1ecbu \u00eam c\u1ee7a bi\u1ec3n qua 108 ph\u00f2ng ngh\u1ec9 mang phong c\u00e1ch tinh t\u1ebf v\u00e0 n\u01a1i l\u00fd t\u01b0\u1edfng cho nh\u1eefng ai t\u00ecm ki\u1ebfm m\u1ed9t k\u1ef3 ngh\u1ec9 th\u01b0 gi\u00e3n b\u00ean ng\u01b0\u1eddi th\u00e2n, b\u1ea1n b\u00e8. T\u1eeb \u00f4 c\u1eeda s\u1ed5, khung c\u1ea3nh \u0111\u1ea1i d\u01b0\u01a1ng m\u1edf ra nh\u01b0 m\u1ed9t b\u1ee9c tranh s\u1ed1ng \u0111\u1ed9ng, n\u01a1i t\u1eebng [&hellip;]<\/p>\n","protected":false},"author":55,"featured_media":687,"parent":0,"menu_order":0,"comment_status":"closed","ping_status":"closed","template":"template-rooms.php","meta":{"footnotes":""},"categories":[],"class_list":["post-301","page","type-page","status-publish","has-post-thumbnail","hentry"],"acf":[],"yoast_head":"<!-- This site is optimized with the Yoast SEO plugin v26.9 - https:\/\/yoast.com\/product\/yoast-seo-wordpress\/ -->\n<title>Ph\u00f2ng ngh\u1ec9 t\u1ea1i Nha Trang | Ph\u00f2ng ngh\u1ec9 v\u00e0 ph\u00f2ng suites sang tr\u1ecdng<\/title>\n<meta name=\"description\" content=\"Kh\u00e1m ph\u00e1 ph\u00f2ng ngh\u1ec9 t\u1ea1i Nha Trang v\u00e0 t\u1eadn h\u01b0\u1edfng s\u1ef1 ti\u1ec7n nghi hi\u1ec7n \u0111\u1ea1i v\u00e0 d\u1ecbch v\u1ee5 t\u1eadn t\u00e2m. \u0110\u1eb7t k\u1ef3 ngh\u1ec9 m\u01a1 \u01b0\u1edbc c\u1ee7a b\u1ea1n ngay h\u00f4m nay.\" \/>\n<meta name=\"robots\" content=\"index, follow, max-snippet:-1, max-image-preview:large, max-video-preview:-1\" \/>\n<link rel=\"canonical\" href=\"https:\/\/www.mercurenhatrangbeach.com\/vi\/our-rooms\/\" \/>\n<meta property=\"og:locale\" content=\"vi_VN\" \/>\n<meta property=\"og:type\" content=\"article\" \/>\n<meta property=\"og:title\" content=\"Ph\u00f2ng ngh\u1ec9 t\u1ea1i Nha Trang | Ph\u00f2ng ngh\u1ec9 v\u00e0 ph\u00f2ng suites sang tr\u1ecdng\" \/>\n<meta property=\"og:description\" content=\"Kh\u00e1m ph\u00e1 ph\u00f2ng ngh\u1ec9 t\u1ea1i Nha Trang v\u00e0 t\u1eadn h\u01b0\u1edfng s\u1ef1 ti\u1ec7n nghi hi\u1ec7n \u0111\u1ea1i v\u00e0 d\u1ecbch v\u1ee5 t\u1eadn t\u00e2m. \u0110\u1eb7t k\u1ef3 ngh\u1ec9 m\u01a1 \u01b0\u1edbc c\u1ee7a b\u1ea1n ngay h\u00f4m nay.\" \/>\n<meta property=\"og:url\" content=\"https:\/\/www.mercurenhatrangbeach.com\/vi\/our-rooms\/\" \/>\n<meta property=\"og:site_name\" content=\"Mercure Nha Trang\" \/>\n<meta property=\"article:modified_time\" content=\"2025-10-17T08:44:08+00:00\" \/>\n<meta property=\"og:image\" content=\"https:\/\/www.mercurenhatrangbeach.com\/wp-content\/uploads\/sites\/156\/2025\/09\/Privilege-room_sea-view_1509_02-1.jpg\" \/>\n\t<meta property=\"og:image:width\" content=\"2200\" \/>\n\t<meta property=\"og:image:height\" content=\"1467\" \/>\n\t<meta property=\"og:image:type\" content=\"image\/jpeg\" \/>\n<meta name=\"twitter:card\" content=\"summary_large_image\" \/>\n<meta name=\"twitter:label1\" content=\"Est. reading time\" \/>\n\t<meta name=\"twitter:data1\" content=\"2 minutes\" \/>\n<script type=\"application\/ld+json\" class=\"yoast-schema-graph\">{\"@context\":\"https:\/\/schema.org\",\"@graph\":[{\"@type\":\"WebPage\",\"@id\":\"https:\/\/www.mercurenhatrangbeach.com\/vi\/our-rooms\/\",\"url\":\"https:\/\/www.mercurenhatrangbeach.com\/vi\/our-rooms\/\",\"name\":\"Ph\u00f2ng ngh\u1ec9 t\u1ea1i Nha Trang | Ph\u00f2ng ngh\u1ec9 v\u00e0 ph\u00f2ng suites sang tr\u1ecdng\",\"isPartOf\":{\"@id\":\"https:\/\/www.mercurenhatrangbeach.com\/#website\"},\"primaryImageOfPage\":{\"@id\":\"https:\/\/www.mercurenhatrangbeach.com\/vi\/our-rooms\/#primaryimage\"},\"image\":{\"@id\":\"https:\/\/www.mercurenhatrangbeach.com\/vi\/our-rooms\/#primaryimage\"},\"thumbnailUrl\":\"https:\/\/www.mercurenhatrangbeach.com\/wp-content\/uploads\/sites\/156\/2025\/09\/Privilege-room_sea-view_1509_02-1.jpg\",\"datePublished\":\"2025-07-28T08:51:30+00:00\",\"dateModified\":\"2025-10-17T08:44:08+00:00\",\"description\":\"Kh\u00e1m ph\u00e1 ph\u00f2ng ngh\u1ec9 t\u1ea1i Nha Trang v\u00e0 t\u1eadn h\u01b0\u1edfng s\u1ef1 ti\u1ec7n nghi hi\u1ec7n \u0111\u1ea1i v\u00e0 d\u1ecbch v\u1ee5 t\u1eadn t\u00e2m. \u0110\u1eb7t k\u1ef3 ngh\u1ec9 m\u01a1 \u01b0\u1edbc c\u1ee7a b\u1ea1n ngay h\u00f4m nay.\",\"breadcrumb\":{\"@id\":\"https:\/\/www.mercurenhatrangbeach.com\/vi\/our-rooms\/#breadcrumb\"},\"inLanguage\":\"vi-VN\",\"potentialAction\":[{\"@type\":\"ReadAction\",\"target\":[\"https:\/\/www.mercurenhatrangbeach.com\/vi\/our-rooms\/\"]}]},{\"@type\":\"ImageObject\",\"inLanguage\":\"vi-VN\",\"@id\":\"https:\/\/www.mercurenhatrangbeach.com\/vi\/our-rooms\/#primaryimage\",\"url\":\"https:\/\/www.mercurenhatrangbeach.com\/wp-content\/uploads\/sites\/156\/2025\/09\/Privilege-room_sea-view_1509_02-1.jpg\",\"contentUrl\":\"https:\/\/www.mercurenhatrangbeach.com\/wp-content\/uploads\/sites\/156\/2025\/09\/Privilege-room_sea-view_1509_02-1.jpg\",\"width\":2200,\"height\":1467,\"caption\":\"Ph\u00f2ng ngh\u1ec9 t\u1ea1i Nha Trang\"},{\"@type\":\"BreadcrumbList\",\"@id\":\"https:\/\/www.mercurenhatrangbeach.com\/vi\/our-rooms\/#breadcrumb\",\"itemListElement\":[{\"@type\":\"ListItem\",\"position\":1,\"name\":\"Home\",\"item\":\"https:\/\/www.mercurenhatrangbeach.com\/vi\/\"},{\"@type\":\"ListItem\",\"position\":2,\"name\":\"Ph\u00f2ng ngh\u1ec9\"}]},{\"@type\":\"WebSite\",\"@id\":\"https:\/\/www.mercurenhatrangbeach.com\/#website\",\"url\":\"https:\/\/www.mercurenhatrangbeach.com\/\",\"name\":\"Mercure Nha Trang\",\"description\":\"\",\"potentialAction\":[{\"@type\":\"SearchAction\",\"target\":{\"@type\":\"EntryPoint\",\"urlTemplate\":\"https:\/\/www.mercurenhatrangbeach.com\/?s={search_term_string}\"},\"query-input\":{\"@type\":\"PropertyValueSpecification\",\"valueRequired\":true,\"valueName\":\"search_term_string\"}}],\"inLanguage\":\"vi-VN\"}]}<\/script>\n<!-- \/ Yoast SEO plugin. -->","yoast_head_json":{"title":"Ph\u00f2ng ngh\u1ec9 t\u1ea1i Nha Trang | Ph\u00f2ng ngh\u1ec9 v\u00e0 ph\u00f2ng suites sang tr\u1ecdng","description":"Kh\u00e1m ph\u00e1 ph\u00f2ng ngh\u1ec9 t\u1ea1i Nha Trang v\u00e0 t\u1eadn h\u01b0\u1edfng s\u1ef1 ti\u1ec7n nghi hi\u1ec7n \u0111\u1ea1i v\u00e0 d\u1ecbch v\u1ee5 t\u1eadn t\u00e2m. \u0110\u1eb7t k\u1ef3 ngh\u1ec9 m\u01a1 \u01b0\u1edbc c\u1ee7a b\u1ea1n ngay h\u00f4m nay.","robots":{"index":"index","follow":"follow","max-snippet":"max-snippet:-1","max-image-preview":"max-image-preview:large","max-video-preview":"max-video-preview:-1"},"canonical":"https:\/\/www.mercurenhatrangbeach.com\/vi\/our-rooms\/","og_locale":"vi_VN","og_type":"article","og_title":"Ph\u00f2ng ngh\u1ec9 t\u1ea1i Nha Trang | Ph\u00f2ng ngh\u1ec9 v\u00e0 ph\u00f2ng suites sang tr\u1ecdng","og_description":"Kh\u00e1m ph\u00e1 ph\u00f2ng ngh\u1ec9 t\u1ea1i Nha Trang v\u00e0 t\u1eadn h\u01b0\u1edfng s\u1ef1 ti\u1ec7n nghi hi\u1ec7n \u0111\u1ea1i v\u00e0 d\u1ecbch v\u1ee5 t\u1eadn t\u00e2m. \u0110\u1eb7t k\u1ef3 ngh\u1ec9 m\u01a1 \u01b0\u1edbc c\u1ee7a b\u1ea1n ngay h\u00f4m nay.","og_url":"https:\/\/www.mercurenhatrangbeach.com\/vi\/our-rooms\/","og_site_name":"Mercure Nha Trang","article_modified_time":"2025-10-17T08:44:08+00:00","og_image":[{"width":2200,"height":1467,"url":"https:\/\/www.mercurenhatrangbeach.com\/wp-content\/uploads\/sites\/156\/2025\/09\/Privilege-room_sea-view_1509_02-1.jpg","type":"image\/jpeg"}],"twitter_card":"summary_large_image","twitter_misc":{"Est. reading time":"2 minutes"},"schema":{"@context":"https:\/\/schema.org","@graph":[{"@type":"WebPage","@id":"https:\/\/www.mercurenhatrangbeach.com\/vi\/our-rooms\/","url":"https:\/\/www.mercurenhatrangbeach.com\/vi\/our-rooms\/","name":"Ph\u00f2ng ngh\u1ec9 t\u1ea1i Nha Trang | Ph\u00f2ng ngh\u1ec9 v\u00e0 ph\u00f2ng suites sang tr\u1ecdng","isPartOf":{"@id":"https:\/\/www.mercurenhatrangbeach.com\/#website"},"primaryImageOfPage":{"@id":"https:\/\/www.mercurenhatrangbeach.com\/vi\/our-rooms\/#primaryimage"},"image":{"@id":"https:\/\/www.mercurenhatrangbeach.com\/vi\/our-rooms\/#primaryimage"},"thumbnailUrl":"https:\/\/www.mercurenhatrangbeach.com\/wp-content\/uploads\/sites\/156\/2025\/09\/Privilege-room_sea-view_1509_02-1.jpg","datePublished":"2025-07-28T08:51:30+00:00","dateModified":"2025-10-17T08:44:08+00:00","description":"Kh\u00e1m ph\u00e1 ph\u00f2ng ngh\u1ec9 t\u1ea1i Nha Trang v\u00e0 t\u1eadn h\u01b0\u1edfng s\u1ef1 ti\u1ec7n nghi hi\u1ec7n \u0111\u1ea1i v\u00e0 d\u1ecbch v\u1ee5 t\u1eadn t\u00e2m. \u0110\u1eb7t k\u1ef3 ngh\u1ec9 m\u01a1 \u01b0\u1edbc c\u1ee7a b\u1ea1n ngay h\u00f4m nay.","breadcrumb":{"@id":"https:\/\/www.mercurenhatrangbeach.com\/vi\/our-rooms\/#breadcrumb"},"inLanguage":"vi-VN","potentialAction":[{"@type":"ReadAction","target":["https:\/\/www.mercurenhatrangbeach.com\/vi\/our-rooms\/"]}]},{"@type":"ImageObject","inLanguage":"vi-VN","@id":"https:\/\/www.mercurenhatrangbeach.com\/vi\/our-rooms\/#primaryimage","url":"https:\/\/www.mercurenhatrangbeach.com\/wp-content\/uploads\/sites\/156\/2025\/09\/Privilege-room_sea-view_1509_02-1.jpg","contentUrl":"https:\/\/www.mercurenhatrangbeach.com\/wp-content\/uploads\/sites\/156\/2025\/09\/Privilege-room_sea-view_1509_02-1.jpg","width":2200,"height":1467,"caption":"Ph\u00f2ng ngh\u1ec9 t\u1ea1i Nha Trang"},{"@type":"BreadcrumbList","@id":"https:\/\/www.mercurenhatrangbeach.com\/vi\/our-rooms\/#breadcrumb","itemListElement":[{"@type":"ListItem","position":1,"name":"Home","item":"https:\/\/www.mercurenhatrangbeach.com\/vi\/"},{"@type":"ListItem","position":2,"name":"Ph\u00f2ng ngh\u1ec9"}]},{"@type":"WebSite","@id":"https:\/\/www.mercurenhatrangbeach.com\/#website","url":"https:\/\/www.mercurenhatrangbeach.com\/","name":"Mercure Nha Trang","description":"","potentialAction":[{"@type":"SearchAction","target":{"@type":"EntryPoint","urlTemplate":"https:\/\/www.mercurenhatrangbeach.com\/?s={search_term_string}"},"query-input":{"@type":"PropertyValueSpecification","valueRequired":true,"valueName":"search_term_string"}}],"inLanguage":"vi-VN"}]}},"_links":{"self":[{"href":"https:\/\/www.mercurenhatrangbeach.com\/vi\/wp-json\/wp\/v2\/pages\/301","targetHints":{"allow":["GET"]}}],"collection":[{"href":"https:\/\/www.mercurenhatrangbeach.com\/vi\/wp-json\/wp\/v2\/pages"}],"about":[{"href":"https:\/\/www.mercurenhatrangbeach.com\/vi\/wp-json\/wp\/v2\/types\/page"}],"author":[{"embeddable":true,"href":"https:\/\/www.mercurenhatrangbeach.com\/vi\/wp-json\/wp\/v2\/users\/55"}],"replies":[{"embeddable":true,"href":"https:\/\/www.mercurenhatrangbeach.com\/vi\/wp-json\/wp\/v2\/comments?post=301"}],"version-history":[{"count":0,"href":"https:\/\/www.mercurenhatrangbeach.com\/vi\/wp-json\/wp\/v2\/pages\/301\/revisions"}],"wp:featuredmedia":[{"embeddable":true,"href":"https:\/\/www.mercurenhatrangbeach.com\/vi\/wp-json\/wp\/v2\/media\/687"}],"wp:attachment":[{"href":"https:\/\/www.mercurenhatrangbeach.com\/vi\/wp-json\/wp\/v2\/media?parent=301"}],"wp:term":[{"taxonomy":"category","embeddable":true,"href":"https:\/\/www.mercurenhatrangbeach.com\/vi\/wp-json\/wp\/v2\/categories?post=301"}],"curies":[{"name":"wp","href":"https:\/\/api.w.org\/{rel}","templated":true}]}}