{"id":302,"date":"2025-07-29T01:49:07","date_gmt":"2025-07-29T01:49:07","guid":{"rendered":"https:\/\/mercurenhatrang.accorv2prod.decms.eu\/our-rooms\/classic-room-twin\/"},"modified":"2025-10-17T08:45:46","modified_gmt":"2025-10-17T08:45:46","slug":"classic-room-twin","status":"publish","type":"page","link":"https:\/\/www.mercurenhatrangbeach.com\/vi\/our-rooms\/classic-room-twin\/","title":{"rendered":"Ph\u00f2ng Classic Gi\u01b0\u1eddng \u0110\u00f4i C\u1ea3nh Ph\u1ed1"},"content":{"rendered":"<p style=\"text-align: center\">Mang d\u00e1ng d\u1ea5p c\u1ed5 \u0111i\u1ec3n pha ch\u00fat \u1ea5m \u00e1p d\u1ecbu d\u00e0ng, ph\u00f2ng Classic Gi\u01b0\u1eddng \u0110\u00f4i C\u1ea3nh Ph\u1ed1 \u0111\u01b0\u1ee3c thi\u1ebft k\u1ebf \u0111\u1ec3 s\u1ebb chia cho nh\u1eefng ng\u01b0\u1eddi b\u1ea1n \u0111\u1ed3ng h\u00e0nh, d\u00f9 l\u00e0 \u0111\u1ed3ng nghi\u1ec7p hay tri k\u1ef7.<\/p>\n<p style=\"text-align: center\">Hai chi\u1ebfc gi\u01b0\u1eddng \u00eam \u00e1i v\u1edbi ch\u0103n ga \u0111\u1eb7c tr\u01b0ng, g\u00f3c b\u00e0n l\u00e0m vi\u1ec7c tinh g\u1ecdn, v\u00e0 khung c\u1eeda s\u1ed5 r\u1ed9ng m\u1edf \u0111\u1ec3 b\u1ea1n l\u1eb7ng ng\u1eafm th\u00e0nh ph\u1ed1 Nha Trang trong nh\u1ecbp s\u1ed1ng hi\u1ec1n h\u00f2a, t\u1ea5t c\u1ea3 t\u1ea1o n\u00ean m\u1ed9t kh\u00f4ng gian ngh\u1ec9 ng\u01a1i l\u00fd t\u01b0\u1edfng, g\u1ea7n g\u0169i m\u00e0 thanh l\u1ecbch.<\/p>\n<p style=\"text-align: center\">N\u01a1i \u0111\u00e2y, ti\u1ec7n nghi hi\u1ec7n \u0111\u1ea1i c\u1ee7a Mercure h\u00f2a quy\u1ec7n c\u00f9ng n\u00e9t \u0111\u1eb9p ki\u1ebfn tr\u00fac l\u1ea5y c\u1ea3m h\u1ee9ng t\u1eeb v\u01b0\u01a1ng qu\u1ed1c Ch\u0103m Pa c\u1ed5 k\u00ednh v\u00e0 gam xanh d\u1ecbu m\u00e1t c\u1ee7a l\u00e0ng ch\u00e0i ven bi\u1ec3n nh\u01b0 m\u1ed9t l\u1eddi th\u00ec th\u1ea7m c\u1ee7a th\u1eddi gian, khi\u1ebfn t\u1eebng gi\u1ea5c ng\u1ee7 c\u0169ng nhu\u1ed1m m\u00e0u th\u01a1.<\/p>\n","protected":false},"excerpt":{"rendered":"<p>Mang d\u00e1ng d\u1ea5p c\u1ed5 \u0111i\u1ec3n pha ch\u00fat \u1ea5m \u00e1p d\u1ecbu d\u00e0ng, ph\u00f2ng Classic Gi\u01b0\u1eddng \u0110\u00f4i C\u1ea3nh Ph\u1ed1 \u0111\u01b0\u1ee3c thi\u1ebft k\u1ebf \u0111\u1ec3 s\u1ebb chia cho nh\u1eefng ng\u01b0\u1eddi b\u1ea1n \u0111\u1ed3ng h\u00e0nh, d\u00f9 l\u00e0 \u0111\u1ed3ng nghi\u1ec7p hay tri k\u1ef7. Hai chi\u1ebfc gi\u01b0\u1eddng \u00eam \u00e1i v\u1edbi ch\u0103n ga \u0111\u1eb7c tr\u01b0ng, g\u00f3c b\u00e0n l\u00e0m vi\u1ec7c tinh g\u1ecdn, v\u00e0 khung c\u1eeda [&hellip;]<\/p>\n","protected":false},"author":55,"featured_media":213,"parent":301,"menu_order":0,"comment_status":"closed","ping_status":"closed","template":"template-room.php","meta":{"footnotes":""},"categories":[23],"class_list":["post-302","page","type-page","status-publish","has-post-thumbnail","hentry","category-classic-rooms-vi"],"acf":[],"yoast_head":"<!-- This site is optimized with the Yoast SEO plugin v26.9 - https:\/\/yoast.com\/product\/yoast-seo-wordpress\/ -->\n<title>Ph\u00f2ng Classic Gi\u01b0\u1eddng \u0110\u00f4i C\u1ea3nh Ph\u1ed1 | Mercure Nha Trang Beach<\/title>\n<meta name=\"description\" content=\"Ph\u00f2ng Classic Gi\u01b0\u1eddng \u0110\u00f4i C\u1ea3nh Ph\u1ed1 mang \u0111\u1ebfn c\u00e1c ti\u1ec7n nghi hi\u1ec7n \u0111\u1ea1i v\u1edbi thi\u1ebft k\u1ebf trang nh\u00e3 v\u00e0 c\u1eeda s\u1ed5 l\u1edbn \u0111\u1ec3 ng\u1eafm c\u1ea3nh th\u00e0nh ph\u1ed1 Nha Trang.\" \/>\n<meta name=\"robots\" content=\"index, follow, max-snippet:-1, max-image-preview:large, max-video-preview:-1\" \/>\n<link rel=\"canonical\" href=\"https:\/\/www.mercurenhatrangbeach.com\/vi\/our-rooms\/classic-room-twin\/\" \/>\n<meta property=\"og:locale\" content=\"vi_VN\" \/>\n<meta property=\"og:type\" content=\"article\" \/>\n<meta property=\"og:title\" content=\"Ph\u00f2ng Classic Gi\u01b0\u1eddng \u0110\u00f4i C\u1ea3nh Ph\u1ed1 | Mercure Nha Trang Beach\" \/>\n<meta property=\"og:description\" content=\"Ph\u00f2ng Classic Gi\u01b0\u1eddng \u0110\u00f4i C\u1ea3nh Ph\u1ed1 mang \u0111\u1ebfn c\u00e1c ti\u1ec7n nghi hi\u1ec7n \u0111\u1ea1i v\u1edbi thi\u1ebft k\u1ebf trang nh\u00e3 v\u00e0 c\u1eeda s\u1ed5 l\u1edbn \u0111\u1ec3 ng\u1eafm c\u1ea3nh th\u00e0nh ph\u1ed1 Nha Trang.\" \/>\n<meta property=\"og:url\" content=\"https:\/\/www.mercurenhatrangbeach.com\/vi\/our-rooms\/classic-room-twin\/\" \/>\n<meta property=\"og:site_name\" content=\"Mercure Nha Trang\" \/>\n<meta property=\"article:modified_time\" content=\"2025-10-17T08:45:46+00:00\" \/>\n<meta property=\"og:image\" content=\"https:\/\/www.mercurenhatrangbeach.com\/wp-content\/uploads\/sites\/156\/2025\/07\/Classic-room_city-view_1506_01-1.jpg\" \/>\n\t<meta property=\"og:image:width\" content=\"1800\" \/>\n\t<meta property=\"og:image:height\" content=\"1200\" \/>\n\t<meta property=\"og:image:type\" content=\"image\/jpeg\" \/>\n<meta name=\"twitter:card\" content=\"summary_large_image\" \/>\n<meta name=\"twitter:label1\" content=\"Est. reading time\" \/>\n\t<meta name=\"twitter:data1\" content=\"1 minute\" \/>\n<script type=\"application\/ld+json\" class=\"yoast-schema-graph\">{\"@context\":\"https:\/\/schema.org\",\"@graph\":[{\"@type\":\"WebPage\",\"@id\":\"https:\/\/www.mercurenhatrangbeach.com\/vi\/our-rooms\/classic-room-twin\/\",\"url\":\"https:\/\/www.mercurenhatrangbeach.com\/vi\/our-rooms\/classic-room-twin\/\",\"name\":\"Ph\u00f2ng Classic Gi\u01b0\u1eddng \u0110\u00f4i C\u1ea3nh Ph\u1ed1 | Mercure Nha Trang Beach\",\"isPartOf\":{\"@id\":\"https:\/\/www.mercurenhatrangbeach.com\/#website\"},\"primaryImageOfPage\":{\"@id\":\"https:\/\/www.mercurenhatrangbeach.com\/vi\/our-rooms\/classic-room-twin\/#primaryimage\"},\"image\":{\"@id\":\"https:\/\/www.mercurenhatrangbeach.com\/vi\/our-rooms\/classic-room-twin\/#primaryimage\"},\"thumbnailUrl\":\"https:\/\/www.mercurenhatrangbeach.com\/wp-content\/uploads\/sites\/156\/2025\/07\/Classic-room_city-view_1506_01-1.jpg\",\"datePublished\":\"2025-07-29T01:49:07+00:00\",\"dateModified\":\"2025-10-17T08:45:46+00:00\",\"description\":\"Ph\u00f2ng Classic Gi\u01b0\u1eddng \u0110\u00f4i C\u1ea3nh Ph\u1ed1 mang \u0111\u1ebfn c\u00e1c ti\u1ec7n nghi hi\u1ec7n \u0111\u1ea1i v\u1edbi thi\u1ebft k\u1ebf trang nh\u00e3 v\u00e0 c\u1eeda s\u1ed5 l\u1edbn \u0111\u1ec3 ng\u1eafm c\u1ea3nh th\u00e0nh ph\u1ed1 Nha Trang.\",\"breadcrumb\":{\"@id\":\"https:\/\/www.mercurenhatrangbeach.com\/vi\/our-rooms\/classic-room-twin\/#breadcrumb\"},\"inLanguage\":\"vi-VN\",\"potentialAction\":[{\"@type\":\"ReadAction\",\"target\":[\"https:\/\/www.mercurenhatrangbeach.com\/vi\/our-rooms\/classic-room-twin\/\"]}]},{\"@type\":\"ImageObject\",\"inLanguage\":\"vi-VN\",\"@id\":\"https:\/\/www.mercurenhatrangbeach.com\/vi\/our-rooms\/classic-room-twin\/#primaryimage\",\"url\":\"https:\/\/www.mercurenhatrangbeach.com\/wp-content\/uploads\/sites\/156\/2025\/07\/Classic-room_city-view_1506_01-1.jpg\",\"contentUrl\":\"https:\/\/www.mercurenhatrangbeach.com\/wp-content\/uploads\/sites\/156\/2025\/07\/Classic-room_city-view_1506_01-1.jpg\",\"width\":1800,\"height\":1200,\"caption\":\"Classic Room City View Twin\"},{\"@type\":\"BreadcrumbList\",\"@id\":\"https:\/\/www.mercurenhatrangbeach.com\/vi\/our-rooms\/classic-room-twin\/#breadcrumb\",\"itemListElement\":[{\"@type\":\"ListItem\",\"position\":1,\"name\":\"Home\",\"item\":\"https:\/\/www.mercurenhatrangbeach.com\/vi\/\"},{\"@type\":\"ListItem\",\"position\":2,\"name\":\"Ph\u00f2ng ngh\u1ec9\",\"item\":\"https:\/\/www.mercurenhatrangbeach.com\/vi\/our-rooms\/\"},{\"@type\":\"ListItem\",\"position\":3,\"name\":\"Ph\u00f2ng Classic Gi\u01b0\u1eddng \u0110\u00f4i C\u1ea3nh Ph\u1ed1\"}]},{\"@type\":\"WebSite\",\"@id\":\"https:\/\/www.mercurenhatrangbeach.com\/#website\",\"url\":\"https:\/\/www.mercurenhatrangbeach.com\/\",\"name\":\"Mercure Nha Trang\",\"description\":\"\",\"potentialAction\":[{\"@type\":\"SearchAction\",\"target\":{\"@type\":\"EntryPoint\",\"urlTemplate\":\"https:\/\/www.mercurenhatrangbeach.com\/?s={search_term_string}\"},\"query-input\":{\"@type\":\"PropertyValueSpecification\",\"valueRequired\":true,\"valueName\":\"search_term_string\"}}],\"inLanguage\":\"vi-VN\"}]}<\/script>\n<!-- \/ Yoast SEO plugin. -->","yoast_head_json":{"title":"Ph\u00f2ng Classic Gi\u01b0\u1eddng \u0110\u00f4i C\u1ea3nh Ph\u1ed1 | Mercure Nha Trang Beach","description":"Ph\u00f2ng Classic Gi\u01b0\u1eddng \u0110\u00f4i C\u1ea3nh Ph\u1ed1 mang \u0111\u1ebfn c\u00e1c ti\u1ec7n nghi hi\u1ec7n \u0111\u1ea1i v\u1edbi thi\u1ebft k\u1ebf trang nh\u00e3 v\u00e0 c\u1eeda s\u1ed5 l\u1edbn \u0111\u1ec3 ng\u1eafm c\u1ea3nh th\u00e0nh ph\u1ed1 Nha Trang.","robots":{"index":"index","follow":"follow","max-snippet":"max-snippet:-1","max-image-preview":"max-image-preview:large","max-video-preview":"max-video-preview:-1"},"canonical":"https:\/\/www.mercurenhatrangbeach.com\/vi\/our-rooms\/classic-room-twin\/","og_locale":"vi_VN","og_type":"article","og_title":"Ph\u00f2ng Classic Gi\u01b0\u1eddng \u0110\u00f4i C\u1ea3nh Ph\u1ed1 | Mercure Nha Trang Beach","og_description":"Ph\u00f2ng Classic Gi\u01b0\u1eddng \u0110\u00f4i C\u1ea3nh Ph\u1ed1 mang \u0111\u1ebfn c\u00e1c ti\u1ec7n nghi hi\u1ec7n \u0111\u1ea1i v\u1edbi thi\u1ebft k\u1ebf trang nh\u00e3 v\u00e0 c\u1eeda s\u1ed5 l\u1edbn \u0111\u1ec3 ng\u1eafm c\u1ea3nh th\u00e0nh ph\u1ed1 Nha Trang.","og_url":"https:\/\/www.mercurenhatrangbeach.com\/vi\/our-rooms\/classic-room-twin\/","og_site_name":"Mercure Nha Trang","article_modified_time":"2025-10-17T08:45:46+00:00","og_image":[{"width":1800,"height":1200,"url":"https:\/\/www.mercurenhatrangbeach.com\/wp-content\/uploads\/sites\/156\/2025\/07\/Classic-room_city-view_1506_01-1.jpg","type":"image\/jpeg"}],"twitter_card":"summary_large_image","twitter_misc":{"Est. reading time":"1 minute"},"schema":{"@context":"https:\/\/schema.org","@graph":[{"@type":"WebPage","@id":"https:\/\/www.mercurenhatrangbeach.com\/vi\/our-rooms\/classic-room-twin\/","url":"https:\/\/www.mercurenhatrangbeach.com\/vi\/our-rooms\/classic-room-twin\/","name":"Ph\u00f2ng Classic Gi\u01b0\u1eddng \u0110\u00f4i C\u1ea3nh Ph\u1ed1 | Mercure Nha Trang Beach","isPartOf":{"@id":"https:\/\/www.mercurenhatrangbeach.com\/#website"},"primaryImageOfPage":{"@id":"https:\/\/www.mercurenhatrangbeach.com\/vi\/our-rooms\/classic-room-twin\/#primaryimage"},"image":{"@id":"https:\/\/www.mercurenhatrangbeach.com\/vi\/our-rooms\/classic-room-twin\/#primaryimage"},"thumbnailUrl":"https:\/\/www.mercurenhatrangbeach.com\/wp-content\/uploads\/sites\/156\/2025\/07\/Classic-room_city-view_1506_01-1.jpg","datePublished":"2025-07-29T01:49:07+00:00","dateModified":"2025-10-17T08:45:46+00:00","description":"Ph\u00f2ng Classic Gi\u01b0\u1eddng \u0110\u00f4i C\u1ea3nh Ph\u1ed1 mang \u0111\u1ebfn c\u00e1c ti\u1ec7n nghi hi\u1ec7n \u0111\u1ea1i v\u1edbi thi\u1ebft k\u1ebf trang nh\u00e3 v\u00e0 c\u1eeda s\u1ed5 l\u1edbn \u0111\u1ec3 ng\u1eafm c\u1ea3nh th\u00e0nh ph\u1ed1 Nha Trang.","breadcrumb":{"@id":"https:\/\/www.mercurenhatrangbeach.com\/vi\/our-rooms\/classic-room-twin\/#breadcrumb"},"inLanguage":"vi-VN","potentialAction":[{"@type":"ReadAction","target":["https:\/\/www.mercurenhatrangbeach.com\/vi\/our-rooms\/classic-room-twin\/"]}]},{"@type":"ImageObject","inLanguage":"vi-VN","@id":"https:\/\/www.mercurenhatrangbeach.com\/vi\/our-rooms\/classic-room-twin\/#primaryimage","url":"https:\/\/www.mercurenhatrangbeach.com\/wp-content\/uploads\/sites\/156\/2025\/07\/Classic-room_city-view_1506_01-1.jpg","contentUrl":"https:\/\/www.mercurenhatrangbeach.com\/wp-content\/uploads\/sites\/156\/2025\/07\/Classic-room_city-view_1506_01-1.jpg","width":1800,"height":1200,"caption":"Classic Room City View Twin"},{"@type":"BreadcrumbList","@id":"https:\/\/www.mercurenhatrangbeach.com\/vi\/our-rooms\/classic-room-twin\/#breadcrumb","itemListElement":[{"@type":"ListItem","position":1,"name":"Home","item":"https:\/\/www.mercurenhatrangbeach.com\/vi\/"},{"@type":"ListItem","position":2,"name":"Ph\u00f2ng ngh\u1ec9","item":"https:\/\/www.mercurenhatrangbeach.com\/vi\/our-rooms\/"},{"@type":"ListItem","position":3,"name":"Ph\u00f2ng Classic Gi\u01b0\u1eddng \u0110\u00f4i C\u1ea3nh Ph\u1ed1"}]},{"@type":"WebSite","@id":"https:\/\/www.mercurenhatrangbeach.com\/#website","url":"https:\/\/www.mercurenhatrangbeach.com\/","name":"Mercure Nha Trang","description":"","potentialAction":[{"@type":"SearchAction","target":{"@type":"EntryPoint","urlTemplate":"https:\/\/www.mercurenhatrangbeach.com\/?s={search_term_string}"},"query-input":{"@type":"PropertyValueSpecification","valueRequired":true,"valueName":"search_term_string"}}],"inLanguage":"vi-VN"}]}},"_links":{"self":[{"href":"https:\/\/www.mercurenhatrangbeach.com\/vi\/wp-json\/wp\/v2\/pages\/302","targetHints":{"allow":["GET"]}}],"collection":[{"href":"https:\/\/www.mercurenhatrangbeach.com\/vi\/wp-json\/wp\/v2\/pages"}],"about":[{"href":"https:\/\/www.mercurenhatrangbeach.com\/vi\/wp-json\/wp\/v2\/types\/page"}],"author":[{"embeddable":true,"href":"https:\/\/www.mercurenhatrangbeach.com\/vi\/wp-json\/wp\/v2\/users\/55"}],"replies":[{"embeddable":true,"href":"https:\/\/www.mercurenhatrangbeach.com\/vi\/wp-json\/wp\/v2\/comments?post=302"}],"version-history":[{"count":0,"href":"https:\/\/www.mercurenhatrangbeach.com\/vi\/wp-json\/wp\/v2\/pages\/302\/revisions"}],"up":[{"embeddable":true,"href":"https:\/\/www.mercurenhatrangbeach.com\/vi\/wp-json\/wp\/v2\/pages\/301"}],"wp:featuredmedia":[{"embeddable":true,"href":"https:\/\/www.mercurenhatrangbeach.com\/vi\/wp-json\/wp\/v2\/media\/213"}],"wp:attachment":[{"href":"https:\/\/www.mercurenhatrangbeach.com\/vi\/wp-json\/wp\/v2\/media?parent=302"}],"wp:term":[{"taxonomy":"category","embeddable":true,"href":"https:\/\/www.mercurenhatrangbeach.com\/vi\/wp-json\/wp\/v2\/categories?post=302"}],"curies":[{"name":"wp","href":"https:\/\/api.w.org\/{rel}","templated":true}]}}