{"id":304,"date":"2025-07-29T03:31:55","date_gmt":"2025-07-29T03:31:55","guid":{"rendered":"https:\/\/mercurenhatrang.accorv2prod.decms.eu\/our-rooms\/classic-superior-family\/"},"modified":"2025-10-17T08:48:52","modified_gmt":"2025-10-17T08:48:52","slug":"classic-superior-family","status":"publish","type":"page","link":"https:\/\/www.mercurenhatrangbeach.com\/vi\/our-rooms\/classic-superior-family\/","title":{"rendered":"Ph\u00f2ng Superior Gia \u0110\u00ecnh C\u1ea3nh Ph\u1ed1"},"content":{"rendered":"<p style=\"text-align: center\">N\u00e2ng t\u1ea7m k\u1ef3 ngh\u1ec9 c\u1ee7a b\u1ea1n v\u1edbi kh\u00f4ng gian r\u1ed9ng r\u00e3i h\u01a1n \u2013 n\u01a1i b\u1ea1n c\u00f3 th\u1ec3 l\u00e0m vi\u1ec7c, th\u01b0 gi\u00e3n, v\u00e0 t\u1eadn h\u01b0\u1edfng nh\u1eefng ph\u00fat gi\u00e2y tr\u1ecdn v\u1eb9n b\u00ean gia \u0111\u00ecnh. <strong>Ph\u00f2ng Superior Gia \u0110\u00ecnh<\/strong> mang \u0111\u1eadm d\u1ea5u \u1ea5n b\u1ea3n \u0111\u1ecba, v\u1edbi thi\u1ebft k\u1ebf tinh t\u1ebf l\u1ea5y c\u1ea3m h\u1ee9ng t\u1eeb v\u00f9ng duy\u00ean h\u1ea3i, m\u1edf ra khung c\u1ea3nh th\u00e0nh ph\u1ed1 Nha Trang r\u1ef1c r\u1ee1, s\u1ed1ng \u0111\u1ed9ng m\u00e0 v\u1eabn \u0111\u1ea7y ch\u1ea5t th\u01a1. M\u1ed9t chi\u1ebfc gi\u01b0\u1eddng \u0111\u00f4i \u00eam \u00e1i d\u00e0nh cho cha m\u1eb9, trong khi c\u00e1c b\u00e9 th\u1ecfa th\u00edch ng\u1ea3 l\u01b0ng tr\u00ean nh\u1eefng chi\u1ebfc gi\u01b0\u1eddng \u0111\u01a1n \u0111\u01b0\u1ee3c chu\u1ea9n b\u1ecb v\u1edbi b\u1ed9 ch\u0103n ga cao c\u1ea5p.<\/p>\n<p style=\"text-align: center\">K\u1ebft n\u1ed1i Internet mi\u1ec5n ph\u00ed, th\u01b0\u1edfng th\u1ee9c t\u00e1ch tr\u00e0 ho\u1eb7c c\u00e0 ph\u00ea \u1ea5m n\u1ed3ng, v\u00e0 th\u01b0 gi\u00e3n d\u01b0\u1edbi v\u00f2i sen m\u01b0a trong ph\u00f2ng t\u1eafm \u0111\u01b0\u1ee3c trang b\u1ecb \u0111\u1ea7y \u0111\u1ee7 ti\u1ec7n nghi. L\u00e0 m\u1ed9t n\u01a1i b\u1ea1n t\u00ecm l\u1ea1i ngu\u1ed3n n\u0103ng l\u01b0\u1ee3ng v\u00e0 \u00e1nh s\u00e1ng b\u00ean trong ch\u00ednh m\u00ecnh. V\u1edbi b\u1ea3ng m\u00e0u m\u00e1t l\u00e0nh c\u1ee7a xanh bi\u1ec3n d\u1ecbu nh\u1eb9 h\u00f2a quy\u1ec7n c\u00f9ng s\u1eafc be c\u1ee7a c\u00e1t m\u1ecbn, kh\u00f4ng gian ph\u00f2ng to\u00e1t l\u00ean v\u1ebb thanh l\u1ecbch, tinh kh\u00f4i nh\u01b0 m\u1ed9t l\u00e0n gi\u00f3 bi\u1ec3n nh\u1eb9 l\u01b0\u1edbt qua.<\/p>\n<p style=\"text-align: center\">Ch\u1ea5t li\u1ec7u t\u1ef1 nhi\u00ean k\u1ebft h\u1ee3p c\u00f9ng \u0111\u01b0\u1eddng n\u00e9t hi\u1ec7n \u0111\u1ea1i, \u0111i\u1ec3m xuy\u1ebft nh\u1eefng h\u1ecda ti\u1ebft ngh\u1ec7 thu\u1eadt Ch\u0103m Pa c\u1ed5, t\u1ea1o n\u00ean m\u1ed9t c\u00e2u chuy\u1ec7n v\u0103n h\u00f3a \u0111\u01b0\u1ee3c k\u1ec3 b\u1eb1ng nh\u1eefng chi ti\u1ebft \u0111\u1ea7y tinh t\u1ebf, khi\u1ebfn n\u01a1i \u0111\u00e2y tr\u1edf th\u00e0nh m\u1ed9t t\u1ed5 \u1ea5m chan h\u00f2a gi\u1eefa hi\u1ec7n \u0111\u1ea1i v\u00e0 k\u00fd \u1ee9c.<\/p>\n","protected":false},"excerpt":{"rendered":"<p>N\u00e2ng t\u1ea7m k\u1ef3 ngh\u1ec9 c\u1ee7a b\u1ea1n v\u1edbi kh\u00f4ng gian r\u1ed9ng r\u00e3i h\u01a1n \u2013 n\u01a1i b\u1ea1n c\u00f3 th\u1ec3 l\u00e0m vi\u1ec7c, th\u01b0 gi\u00e3n, v\u00e0 t\u1eadn h\u01b0\u1edfng nh\u1eefng ph\u00fat gi\u00e2y tr\u1ecdn v\u1eb9n b\u00ean gia \u0111\u00ecnh. Ph\u00f2ng Superior Gia \u0110\u00ecnh mang \u0111\u1eadm d\u1ea5u \u1ea5n b\u1ea3n \u0111\u1ecba, v\u1edbi thi\u1ebft k\u1ebf tinh t\u1ebf l\u1ea5y c\u1ea3m h\u1ee9ng t\u1eeb v\u00f9ng duy\u00ean h\u1ea3i, m\u1edf [&hellip;]<\/p>\n","protected":false},"author":55,"featured_media":692,"parent":301,"menu_order":1,"comment_status":"closed","ping_status":"closed","template":"template-room.php","meta":{"footnotes":""},"categories":[23],"class_list":["post-304","page","type-page","status-publish","has-post-thumbnail","hentry","category-classic-rooms-vi"],"acf":[],"yoast_head":"<!-- This site is optimized with the Yoast SEO plugin v26.9 - https:\/\/yoast.com\/product\/yoast-seo-wordpress\/ -->\n<title>Ph\u00f2ng Superior Gia \u0110\u00ecnh | Mercure Nha Trang Beach<\/title>\n<meta name=\"description\" content=\"Ph\u00f2ng Superior Gia \u0110\u00ecnh c\u00f3 m\u1ed9t gi\u01b0\u1eddng \u0111\u00f4i, tr\u1ebb em c\u00f3 th\u1ec3 tho\u1ea3i m\u00e1i ng\u1ee7 tr\u00ean gi\u01b0\u1eddng \u0111\u01a1n; ph\u00f2ng mang \u0111\u1eadm d\u1ea5u \u1ea5n b\u1ea3n \u0111\u1ecba, v\u1edbi thi\u1ebft k\u1ebf tinh t\u1ebf.\" \/>\n<meta name=\"robots\" content=\"index, follow, max-snippet:-1, max-image-preview:large, max-video-preview:-1\" \/>\n<link rel=\"canonical\" href=\"https:\/\/www.mercurenhatrangbeach.com\/vi\/our-rooms\/classic-superior-family\/\" \/>\n<meta property=\"og:locale\" content=\"vi_VN\" \/>\n<meta property=\"og:type\" content=\"article\" \/>\n<meta property=\"og:title\" content=\"Ph\u00f2ng Superior Gia \u0110\u00ecnh | Mercure Nha Trang Beach\" \/>\n<meta property=\"og:description\" content=\"Ph\u00f2ng Superior Gia \u0110\u00ecnh c\u00f3 m\u1ed9t gi\u01b0\u1eddng \u0111\u00f4i, tr\u1ebb em c\u00f3 th\u1ec3 tho\u1ea3i m\u00e1i ng\u1ee7 tr\u00ean gi\u01b0\u1eddng \u0111\u01a1n; ph\u00f2ng mang \u0111\u1eadm d\u1ea5u \u1ea5n b\u1ea3n \u0111\u1ecba, v\u1edbi thi\u1ebft k\u1ebf tinh t\u1ebf.\" \/>\n<meta property=\"og:url\" content=\"https:\/\/www.mercurenhatrangbeach.com\/vi\/our-rooms\/classic-superior-family\/\" \/>\n<meta property=\"og:site_name\" content=\"Mercure Nha Trang\" \/>\n<meta property=\"article:modified_time\" content=\"2025-10-17T08:48:52+00:00\" \/>\n<meta property=\"og:image\" content=\"https:\/\/www.mercurenhatrangbeach.com\/wp-content\/uploads\/sites\/156\/2025\/09\/Classic-Superior-connecting-room_1502_2585.jpg\" \/>\n\t<meta property=\"og:image:width\" content=\"2200\" \/>\n\t<meta property=\"og:image:height\" content=\"1467\" \/>\n\t<meta property=\"og:image:type\" content=\"image\/jpeg\" \/>\n<meta name=\"twitter:card\" content=\"summary_large_image\" \/>\n<meta name=\"twitter:label1\" content=\"Est. reading time\" \/>\n\t<meta name=\"twitter:data1\" content=\"2 minutes\" \/>\n<script type=\"application\/ld+json\" class=\"yoast-schema-graph\">{\"@context\":\"https:\/\/schema.org\",\"@graph\":[{\"@type\":\"WebPage\",\"@id\":\"https:\/\/www.mercurenhatrangbeach.com\/vi\/our-rooms\/classic-superior-family\/\",\"url\":\"https:\/\/www.mercurenhatrangbeach.com\/vi\/our-rooms\/classic-superior-family\/\",\"name\":\"Ph\u00f2ng Superior Gia \u0110\u00ecnh | Mercure Nha Trang Beach\",\"isPartOf\":{\"@id\":\"https:\/\/www.mercurenhatrangbeach.com\/#website\"},\"primaryImageOfPage\":{\"@id\":\"https:\/\/www.mercurenhatrangbeach.com\/vi\/our-rooms\/classic-superior-family\/#primaryimage\"},\"image\":{\"@id\":\"https:\/\/www.mercurenhatrangbeach.com\/vi\/our-rooms\/classic-superior-family\/#primaryimage\"},\"thumbnailUrl\":\"https:\/\/www.mercurenhatrangbeach.com\/wp-content\/uploads\/sites\/156\/2025\/09\/Classic-Superior-connecting-room_1502_2585.jpg\",\"datePublished\":\"2025-07-29T03:31:55+00:00\",\"dateModified\":\"2025-10-17T08:48:52+00:00\",\"description\":\"Ph\u00f2ng Superior Gia \u0110\u00ecnh c\u00f3 m\u1ed9t gi\u01b0\u1eddng \u0111\u00f4i, tr\u1ebb em c\u00f3 th\u1ec3 tho\u1ea3i m\u00e1i ng\u1ee7 tr\u00ean gi\u01b0\u1eddng \u0111\u01a1n; ph\u00f2ng mang \u0111\u1eadm d\u1ea5u \u1ea5n b\u1ea3n \u0111\u1ecba, v\u1edbi thi\u1ebft k\u1ebf tinh t\u1ebf.\",\"breadcrumb\":{\"@id\":\"https:\/\/www.mercurenhatrangbeach.com\/vi\/our-rooms\/classic-superior-family\/#breadcrumb\"},\"inLanguage\":\"vi-VN\",\"potentialAction\":[{\"@type\":\"ReadAction\",\"target\":[\"https:\/\/www.mercurenhatrangbeach.com\/vi\/our-rooms\/classic-superior-family\/\"]}]},{\"@type\":\"ImageObject\",\"inLanguage\":\"vi-VN\",\"@id\":\"https:\/\/www.mercurenhatrangbeach.com\/vi\/our-rooms\/classic-superior-family\/#primaryimage\",\"url\":\"https:\/\/www.mercurenhatrangbeach.com\/wp-content\/uploads\/sites\/156\/2025\/09\/Classic-Superior-connecting-room_1502_2585.jpg\",\"contentUrl\":\"https:\/\/www.mercurenhatrangbeach.com\/wp-content\/uploads\/sites\/156\/2025\/09\/Classic-Superior-connecting-room_1502_2585.jpg\",\"width\":2200,\"height\":1467,\"caption\":\"Ph\u00f2ng Superior Gia \u0110\u00ecnh\"},{\"@type\":\"BreadcrumbList\",\"@id\":\"https:\/\/www.mercurenhatrangbeach.com\/vi\/our-rooms\/classic-superior-family\/#breadcrumb\",\"itemListElement\":[{\"@type\":\"ListItem\",\"position\":1,\"name\":\"Home\",\"item\":\"https:\/\/www.mercurenhatrangbeach.com\/vi\/\"},{\"@type\":\"ListItem\",\"position\":2,\"name\":\"Ph\u00f2ng ngh\u1ec9\",\"item\":\"https:\/\/www.mercurenhatrangbeach.com\/vi\/our-rooms\/\"},{\"@type\":\"ListItem\",\"position\":3,\"name\":\"Ph\u00f2ng Superior Gia \u0110\u00ecnh C\u1ea3nh Ph\u1ed1\"}]},{\"@type\":\"WebSite\",\"@id\":\"https:\/\/www.mercurenhatrangbeach.com\/#website\",\"url\":\"https:\/\/www.mercurenhatrangbeach.com\/\",\"name\":\"Mercure Nha Trang\",\"description\":\"\",\"potentialAction\":[{\"@type\":\"SearchAction\",\"target\":{\"@type\":\"EntryPoint\",\"urlTemplate\":\"https:\/\/www.mercurenhatrangbeach.com\/?s={search_term_string}\"},\"query-input\":{\"@type\":\"PropertyValueSpecification\",\"valueRequired\":true,\"valueName\":\"search_term_string\"}}],\"inLanguage\":\"vi-VN\"}]}<\/script>\n<!-- \/ Yoast SEO plugin. -->","yoast_head_json":{"title":"Ph\u00f2ng Superior Gia \u0110\u00ecnh | Mercure Nha Trang Beach","description":"Ph\u00f2ng Superior Gia \u0110\u00ecnh c\u00f3 m\u1ed9t gi\u01b0\u1eddng \u0111\u00f4i, tr\u1ebb em c\u00f3 th\u1ec3 tho\u1ea3i m\u00e1i ng\u1ee7 tr\u00ean gi\u01b0\u1eddng \u0111\u01a1n; ph\u00f2ng mang \u0111\u1eadm d\u1ea5u \u1ea5n b\u1ea3n \u0111\u1ecba, v\u1edbi thi\u1ebft k\u1ebf tinh t\u1ebf.","robots":{"index":"index","follow":"follow","max-snippet":"max-snippet:-1","max-image-preview":"max-image-preview:large","max-video-preview":"max-video-preview:-1"},"canonical":"https:\/\/www.mercurenhatrangbeach.com\/vi\/our-rooms\/classic-superior-family\/","og_locale":"vi_VN","og_type":"article","og_title":"Ph\u00f2ng Superior Gia \u0110\u00ecnh | Mercure Nha Trang Beach","og_description":"Ph\u00f2ng Superior Gia \u0110\u00ecnh c\u00f3 m\u1ed9t gi\u01b0\u1eddng \u0111\u00f4i, tr\u1ebb em c\u00f3 th\u1ec3 tho\u1ea3i m\u00e1i ng\u1ee7 tr\u00ean gi\u01b0\u1eddng \u0111\u01a1n; ph\u00f2ng mang \u0111\u1eadm d\u1ea5u \u1ea5n b\u1ea3n \u0111\u1ecba, v\u1edbi thi\u1ebft k\u1ebf tinh t\u1ebf.","og_url":"https:\/\/www.mercurenhatrangbeach.com\/vi\/our-rooms\/classic-superior-family\/","og_site_name":"Mercure Nha Trang","article_modified_time":"2025-10-17T08:48:52+00:00","og_image":[{"width":2200,"height":1467,"url":"https:\/\/www.mercurenhatrangbeach.com\/wp-content\/uploads\/sites\/156\/2025\/09\/Classic-Superior-connecting-room_1502_2585.jpg","type":"image\/jpeg"}],"twitter_card":"summary_large_image","twitter_misc":{"Est. reading time":"2 minutes"},"schema":{"@context":"https:\/\/schema.org","@graph":[{"@type":"WebPage","@id":"https:\/\/www.mercurenhatrangbeach.com\/vi\/our-rooms\/classic-superior-family\/","url":"https:\/\/www.mercurenhatrangbeach.com\/vi\/our-rooms\/classic-superior-family\/","name":"Ph\u00f2ng Superior Gia \u0110\u00ecnh | Mercure Nha Trang Beach","isPartOf":{"@id":"https:\/\/www.mercurenhatrangbeach.com\/#website"},"primaryImageOfPage":{"@id":"https:\/\/www.mercurenhatrangbeach.com\/vi\/our-rooms\/classic-superior-family\/#primaryimage"},"image":{"@id":"https:\/\/www.mercurenhatrangbeach.com\/vi\/our-rooms\/classic-superior-family\/#primaryimage"},"thumbnailUrl":"https:\/\/www.mercurenhatrangbeach.com\/wp-content\/uploads\/sites\/156\/2025\/09\/Classic-Superior-connecting-room_1502_2585.jpg","datePublished":"2025-07-29T03:31:55+00:00","dateModified":"2025-10-17T08:48:52+00:00","description":"Ph\u00f2ng Superior Gia \u0110\u00ecnh c\u00f3 m\u1ed9t gi\u01b0\u1eddng \u0111\u00f4i, tr\u1ebb em c\u00f3 th\u1ec3 tho\u1ea3i m\u00e1i ng\u1ee7 tr\u00ean gi\u01b0\u1eddng \u0111\u01a1n; ph\u00f2ng mang \u0111\u1eadm d\u1ea5u \u1ea5n b\u1ea3n \u0111\u1ecba, v\u1edbi thi\u1ebft k\u1ebf tinh t\u1ebf.","breadcrumb":{"@id":"https:\/\/www.mercurenhatrangbeach.com\/vi\/our-rooms\/classic-superior-family\/#breadcrumb"},"inLanguage":"vi-VN","potentialAction":[{"@type":"ReadAction","target":["https:\/\/www.mercurenhatrangbeach.com\/vi\/our-rooms\/classic-superior-family\/"]}]},{"@type":"ImageObject","inLanguage":"vi-VN","@id":"https:\/\/www.mercurenhatrangbeach.com\/vi\/our-rooms\/classic-superior-family\/#primaryimage","url":"https:\/\/www.mercurenhatrangbeach.com\/wp-content\/uploads\/sites\/156\/2025\/09\/Classic-Superior-connecting-room_1502_2585.jpg","contentUrl":"https:\/\/www.mercurenhatrangbeach.com\/wp-content\/uploads\/sites\/156\/2025\/09\/Classic-Superior-connecting-room_1502_2585.jpg","width":2200,"height":1467,"caption":"Ph\u00f2ng Superior Gia \u0110\u00ecnh"},{"@type":"BreadcrumbList","@id":"https:\/\/www.mercurenhatrangbeach.com\/vi\/our-rooms\/classic-superior-family\/#breadcrumb","itemListElement":[{"@type":"ListItem","position":1,"name":"Home","item":"https:\/\/www.mercurenhatrangbeach.com\/vi\/"},{"@type":"ListItem","position":2,"name":"Ph\u00f2ng ngh\u1ec9","item":"https:\/\/www.mercurenhatrangbeach.com\/vi\/our-rooms\/"},{"@type":"ListItem","position":3,"name":"Ph\u00f2ng Superior Gia \u0110\u00ecnh C\u1ea3nh Ph\u1ed1"}]},{"@type":"WebSite","@id":"https:\/\/www.mercurenhatrangbeach.com\/#website","url":"https:\/\/www.mercurenhatrangbeach.com\/","name":"Mercure Nha Trang","description":"","potentialAction":[{"@type":"SearchAction","target":{"@type":"EntryPoint","urlTemplate":"https:\/\/www.mercurenhatrangbeach.com\/?s={search_term_string}"},"query-input":{"@type":"PropertyValueSpecification","valueRequired":true,"valueName":"search_term_string"}}],"inLanguage":"vi-VN"}]}},"_links":{"self":[{"href":"https:\/\/www.mercurenhatrangbeach.com\/vi\/wp-json\/wp\/v2\/pages\/304","targetHints":{"allow":["GET"]}}],"collection":[{"href":"https:\/\/www.mercurenhatrangbeach.com\/vi\/wp-json\/wp\/v2\/pages"}],"about":[{"href":"https:\/\/www.mercurenhatrangbeach.com\/vi\/wp-json\/wp\/v2\/types\/page"}],"author":[{"embeddable":true,"href":"https:\/\/www.mercurenhatrangbeach.com\/vi\/wp-json\/wp\/v2\/users\/55"}],"replies":[{"embeddable":true,"href":"https:\/\/www.mercurenhatrangbeach.com\/vi\/wp-json\/wp\/v2\/comments?post=304"}],"version-history":[{"count":0,"href":"https:\/\/www.mercurenhatrangbeach.com\/vi\/wp-json\/wp\/v2\/pages\/304\/revisions"}],"up":[{"embeddable":true,"href":"https:\/\/www.mercurenhatrangbeach.com\/vi\/wp-json\/wp\/v2\/pages\/301"}],"wp:featuredmedia":[{"embeddable":true,"href":"https:\/\/www.mercurenhatrangbeach.com\/vi\/wp-json\/wp\/v2\/media\/692"}],"wp:attachment":[{"href":"https:\/\/www.mercurenhatrangbeach.com\/vi\/wp-json\/wp\/v2\/media?parent=304"}],"wp:term":[{"taxonomy":"category","embeddable":true,"href":"https:\/\/www.mercurenhatrangbeach.com\/vi\/wp-json\/wp\/v2\/categories?post=304"}],"curies":[{"name":"wp","href":"https:\/\/api.w.org\/{rel}","templated":true}]}}