{"id":305,"date":"2025-07-29T03:42:24","date_gmt":"2025-07-29T03:42:24","guid":{"rendered":"https:\/\/mercurenhatrang.accorv2prod.decms.eu\/our-rooms\/privilege-luxe-sea-view\/"},"modified":"2025-10-17T08:53:29","modified_gmt":"2025-10-17T08:53:29","slug":"privilege-luxe-sea-view","status":"publish","type":"page","link":"https:\/\/www.mercurenhatrangbeach.com\/vi\/our-rooms\/privilege-luxe-sea-view\/","title":{"rendered":"Ph\u00f2ng Privilege Luxe H\u01b0\u1edbng Bi\u1ec3n"},"content":{"rendered":"<p style=\"text-align: center\">\u0110\u01b0\u1ee3c thi\u1ebft k\u1ebf ri\u00eang cho nh\u1eefng chuy\u1ebfn \u0111i c\u00f9ng gia \u0111\u00ecnh, <strong>ph\u00f2ng Privilege Luxe h\u01b0\u1edbng bi\u1ec3n<\/strong> r\u1ed9ng 56m\u00b2 n\u00e0y l\u00e0 s\u1ef1 giao h\u00f2a gi\u1eefa ti\u1ec7n nghi \u00eam \u00e1i v\u00e0 tinh th\u1ea7n kh\u00e1m ph\u00e1, v\u1edbi t\u1ea7m nh\u00ecn \u00f4m tr\u1ecdn \u0111\u1ea1i d\u01b0\u01a1ng xanh th\u1eb3m trong \u00e1nh s\u00e1ng d\u1ecbu d\u00e0ng c\u1ee7a mi\u1ec1n duy\u00ean h\u1ea3i.<\/p>\n<p style=\"text-align: center\">V\u1edbi m\u1ed9t gi\u01b0\u1eddng \u0111\u00f4i d\u00e0nh cho cha m\u1eb9 v\u00e0 hai gi\u01b0\u1eddng \u0111\u01a1n d\u00e0nh cho c\u00e1c b\u00e9, kh\u00f4ng gian th\u00e2n thi\u1ec7n n\u00e0y mang trong m\u00ecnh n\u00e9t duy\u00ean thanh l\u1ecbch c\u1ee7a n\u1ed9i th\u1ea5t tinh t\u1ebf, h\u00f2a quy\u1ec7n c\u00f9ng v\u1ebb \u0111\u1eb9p m\u1ed9c m\u1ea1c, hi\u1ec1n h\u00f2a c\u1ee7a bi\u1ec3n c\u1ea3. T\u1eadn h\u01b0\u1edfng nh\u1eefng ti\u1ec7n nghi c\u1ea7n thi\u1ebft cho k\u1ef3 ngh\u1ec9 tr\u1ecdn v\u1eb9n; t\u1eeb g\u00f3c pha tr\u00e0, c\u00e0 ph\u00ea th\u01b0 gi\u00e3n, \u0111\u1ebfn v\u00f2i sen m\u01b0a s\u1ea3ng kho\u00e1i, c\u00f9ng kho\u1ea3ng kh\u00f4ng gian r\u1ed9ng r\u00e3i \u0111\u1ec3 c\u1ea3 nh\u00e0 c\u00f9ng nhau tr\u1edf v\u1ec1 sau m\u1ed9t ng\u00e0y vui \u0111\u00f9a d\u01b0\u1edbi n\u1eafng hay nh\u1eefng h\u00e0nh tr\u00ecnh kh\u00e1m ph\u00e1 \u0111\u1ea7y c\u1ea3m h\u1ee9ng.<\/p>\n","protected":false},"excerpt":{"rendered":"<p>\u0110\u01b0\u1ee3c thi\u1ebft k\u1ebf ri\u00eang cho nh\u1eefng chuy\u1ebfn \u0111i c\u00f9ng gia \u0111\u00ecnh, ph\u00f2ng Privilege Luxe h\u01b0\u1edbng bi\u1ec3n r\u1ed9ng 56m\u00b2 n\u00e0y l\u00e0 s\u1ef1 giao h\u00f2a gi\u1eefa ti\u1ec7n nghi \u00eam \u00e1i v\u00e0 tinh th\u1ea7n kh\u00e1m ph\u00e1, v\u1edbi t\u1ea7m nh\u00ecn \u00f4m tr\u1ecdn \u0111\u1ea1i d\u01b0\u01a1ng xanh th\u1eb3m trong \u00e1nh s\u00e1ng d\u1ecbu d\u00e0ng c\u1ee7a mi\u1ec1n duy\u00ean h\u1ea3i. V\u1edbi m\u1ed9t gi\u01b0\u1eddng \u0111\u00f4i [&hellip;]<\/p>\n","protected":false},"author":55,"featured_media":699,"parent":301,"menu_order":5,"comment_status":"closed","ping_status":"closed","template":"template-room.php","meta":{"footnotes":""},"categories":[24],"class_list":["post-305","page","type-page","status-publish","has-post-thumbnail","hentry","category-seaview-rooms-vi"],"acf":[],"yoast_head":"<!-- This site is optimized with the Yoast SEO plugin v26.9 - https:\/\/yoast.com\/product\/yoast-seo-wordpress\/ -->\n<title>Ph\u00f2ng Privilege Luxe H\u01b0\u1edbng Bi\u1ec3n | Mercure Nha Trang Beach<\/title>\n<meta name=\"description\" content=\"Ph\u00f2ng Privilege Luxe H\u01b0\u1edbng Bi\u1ec3n cung c\u1ea5p kh\u00f4ng gian ph\u00f2ng r\u1ed9ng r\u00e3i 56m2 v\u1edbi 1 gi\u01b0\u1eddng \u0111\u00f4i v\u00e0 2 gi\u01b0\u1eddng \u0111\u01a1n cho tr\u1ebb em c\u00f9ng ti\u1ec7n nghi thi\u1ebft y\u1ebfu.\" \/>\n<meta name=\"robots\" content=\"index, follow, max-snippet:-1, max-image-preview:large, max-video-preview:-1\" \/>\n<link rel=\"canonical\" href=\"https:\/\/www.mercurenhatrangbeach.com\/vi\/our-rooms\/privilege-luxe-sea-view\/\" \/>\n<meta property=\"og:locale\" content=\"vi_VN\" \/>\n<meta property=\"og:type\" content=\"article\" \/>\n<meta property=\"og:title\" content=\"Ph\u00f2ng Privilege Luxe H\u01b0\u1edbng Bi\u1ec3n | Mercure Nha Trang Beach\" \/>\n<meta property=\"og:description\" content=\"Ph\u00f2ng Privilege Luxe H\u01b0\u1edbng Bi\u1ec3n cung c\u1ea5p kh\u00f4ng gian ph\u00f2ng r\u1ed9ng r\u00e3i 56m2 v\u1edbi 1 gi\u01b0\u1eddng \u0111\u00f4i v\u00e0 2 gi\u01b0\u1eddng \u0111\u01a1n cho tr\u1ebb em c\u00f9ng ti\u1ec7n nghi thi\u1ebft y\u1ebfu.\" \/>\n<meta property=\"og:url\" content=\"https:\/\/www.mercurenhatrangbeach.com\/vi\/our-rooms\/privilege-luxe-sea-view\/\" \/>\n<meta property=\"og:site_name\" content=\"Mercure Nha Trang\" \/>\n<meta property=\"article:modified_time\" content=\"2025-10-17T08:53:29+00:00\" \/>\n<meta property=\"og:image\" content=\"https:\/\/www.mercurenhatrangbeach.com\/wp-content\/uploads\/sites\/156\/2025\/09\/Previlige-Luxe-room_703_2991.jpg\" \/>\n\t<meta property=\"og:image:width\" content=\"2200\" \/>\n\t<meta property=\"og:image:height\" content=\"1469\" \/>\n\t<meta property=\"og:image:type\" content=\"image\/jpeg\" \/>\n<meta name=\"twitter:card\" content=\"summary_large_image\" \/>\n<meta name=\"twitter:label1\" content=\"Est. reading time\" \/>\n\t<meta name=\"twitter:data1\" content=\"1 minute\" \/>\n<script type=\"application\/ld+json\" class=\"yoast-schema-graph\">{\"@context\":\"https:\/\/schema.org\",\"@graph\":[{\"@type\":\"WebPage\",\"@id\":\"https:\/\/www.mercurenhatrangbeach.com\/vi\/our-rooms\/privilege-luxe-sea-view\/\",\"url\":\"https:\/\/www.mercurenhatrangbeach.com\/vi\/our-rooms\/privilege-luxe-sea-view\/\",\"name\":\"Ph\u00f2ng Privilege Luxe H\u01b0\u1edbng Bi\u1ec3n | Mercure Nha Trang Beach\",\"isPartOf\":{\"@id\":\"https:\/\/www.mercurenhatrangbeach.com\/#website\"},\"primaryImageOfPage\":{\"@id\":\"https:\/\/www.mercurenhatrangbeach.com\/vi\/our-rooms\/privilege-luxe-sea-view\/#primaryimage\"},\"image\":{\"@id\":\"https:\/\/www.mercurenhatrangbeach.com\/vi\/our-rooms\/privilege-luxe-sea-view\/#primaryimage\"},\"thumbnailUrl\":\"https:\/\/www.mercurenhatrangbeach.com\/wp-content\/uploads\/sites\/156\/2025\/09\/Previlige-Luxe-room_703_2991.jpg\",\"datePublished\":\"2025-07-29T03:42:24+00:00\",\"dateModified\":\"2025-10-17T08:53:29+00:00\",\"description\":\"Ph\u00f2ng Privilege Luxe H\u01b0\u1edbng Bi\u1ec3n cung c\u1ea5p kh\u00f4ng gian ph\u00f2ng r\u1ed9ng r\u00e3i 56m2 v\u1edbi 1 gi\u01b0\u1eddng \u0111\u00f4i v\u00e0 2 gi\u01b0\u1eddng \u0111\u01a1n cho tr\u1ebb em c\u00f9ng ti\u1ec7n nghi thi\u1ebft y\u1ebfu.\",\"breadcrumb\":{\"@id\":\"https:\/\/www.mercurenhatrangbeach.com\/vi\/our-rooms\/privilege-luxe-sea-view\/#breadcrumb\"},\"inLanguage\":\"vi-VN\",\"potentialAction\":[{\"@type\":\"ReadAction\",\"target\":[\"https:\/\/www.mercurenhatrangbeach.com\/vi\/our-rooms\/privilege-luxe-sea-view\/\"]}]},{\"@type\":\"ImageObject\",\"inLanguage\":\"vi-VN\",\"@id\":\"https:\/\/www.mercurenhatrangbeach.com\/vi\/our-rooms\/privilege-luxe-sea-view\/#primaryimage\",\"url\":\"https:\/\/www.mercurenhatrangbeach.com\/wp-content\/uploads\/sites\/156\/2025\/09\/Previlige-Luxe-room_703_2991.jpg\",\"contentUrl\":\"https:\/\/www.mercurenhatrangbeach.com\/wp-content\/uploads\/sites\/156\/2025\/09\/Previlige-Luxe-room_703_2991.jpg\",\"width\":2200,\"height\":1469,\"caption\":\"Ph\u00f2ng Privilege Luxe H\u01b0\u1edbng Bi\u1ec3n\"},{\"@type\":\"BreadcrumbList\",\"@id\":\"https:\/\/www.mercurenhatrangbeach.com\/vi\/our-rooms\/privilege-luxe-sea-view\/#breadcrumb\",\"itemListElement\":[{\"@type\":\"ListItem\",\"position\":1,\"name\":\"Home\",\"item\":\"https:\/\/www.mercurenhatrangbeach.com\/vi\/\"},{\"@type\":\"ListItem\",\"position\":2,\"name\":\"Ph\u00f2ng ngh\u1ec9\",\"item\":\"https:\/\/www.mercurenhatrangbeach.com\/vi\/our-rooms\/\"},{\"@type\":\"ListItem\",\"position\":3,\"name\":\"Ph\u00f2ng Privilege Luxe H\u01b0\u1edbng Bi\u1ec3n\"}]},{\"@type\":\"WebSite\",\"@id\":\"https:\/\/www.mercurenhatrangbeach.com\/#website\",\"url\":\"https:\/\/www.mercurenhatrangbeach.com\/\",\"name\":\"Mercure Nha Trang\",\"description\":\"\",\"potentialAction\":[{\"@type\":\"SearchAction\",\"target\":{\"@type\":\"EntryPoint\",\"urlTemplate\":\"https:\/\/www.mercurenhatrangbeach.com\/?s={search_term_string}\"},\"query-input\":{\"@type\":\"PropertyValueSpecification\",\"valueRequired\":true,\"valueName\":\"search_term_string\"}}],\"inLanguage\":\"vi-VN\"}]}<\/script>\n<!-- \/ Yoast SEO plugin. -->","yoast_head_json":{"title":"Ph\u00f2ng Privilege Luxe H\u01b0\u1edbng Bi\u1ec3n | Mercure Nha Trang Beach","description":"Ph\u00f2ng Privilege Luxe H\u01b0\u1edbng Bi\u1ec3n cung c\u1ea5p kh\u00f4ng gian ph\u00f2ng r\u1ed9ng r\u00e3i 56m2 v\u1edbi 1 gi\u01b0\u1eddng \u0111\u00f4i v\u00e0 2 gi\u01b0\u1eddng \u0111\u01a1n cho tr\u1ebb em c\u00f9ng ti\u1ec7n nghi thi\u1ebft y\u1ebfu.","robots":{"index":"index","follow":"follow","max-snippet":"max-snippet:-1","max-image-preview":"max-image-preview:large","max-video-preview":"max-video-preview:-1"},"canonical":"https:\/\/www.mercurenhatrangbeach.com\/vi\/our-rooms\/privilege-luxe-sea-view\/","og_locale":"vi_VN","og_type":"article","og_title":"Ph\u00f2ng Privilege Luxe H\u01b0\u1edbng Bi\u1ec3n | Mercure Nha Trang Beach","og_description":"Ph\u00f2ng Privilege Luxe H\u01b0\u1edbng Bi\u1ec3n cung c\u1ea5p kh\u00f4ng gian ph\u00f2ng r\u1ed9ng r\u00e3i 56m2 v\u1edbi 1 gi\u01b0\u1eddng \u0111\u00f4i v\u00e0 2 gi\u01b0\u1eddng \u0111\u01a1n cho tr\u1ebb em c\u00f9ng ti\u1ec7n nghi thi\u1ebft y\u1ebfu.","og_url":"https:\/\/www.mercurenhatrangbeach.com\/vi\/our-rooms\/privilege-luxe-sea-view\/","og_site_name":"Mercure Nha Trang","article_modified_time":"2025-10-17T08:53:29+00:00","og_image":[{"width":2200,"height":1469,"url":"https:\/\/www.mercurenhatrangbeach.com\/wp-content\/uploads\/sites\/156\/2025\/09\/Previlige-Luxe-room_703_2991.jpg","type":"image\/jpeg"}],"twitter_card":"summary_large_image","twitter_misc":{"Est. reading time":"1 minute"},"schema":{"@context":"https:\/\/schema.org","@graph":[{"@type":"WebPage","@id":"https:\/\/www.mercurenhatrangbeach.com\/vi\/our-rooms\/privilege-luxe-sea-view\/","url":"https:\/\/www.mercurenhatrangbeach.com\/vi\/our-rooms\/privilege-luxe-sea-view\/","name":"Ph\u00f2ng Privilege Luxe H\u01b0\u1edbng Bi\u1ec3n | Mercure Nha Trang Beach","isPartOf":{"@id":"https:\/\/www.mercurenhatrangbeach.com\/#website"},"primaryImageOfPage":{"@id":"https:\/\/www.mercurenhatrangbeach.com\/vi\/our-rooms\/privilege-luxe-sea-view\/#primaryimage"},"image":{"@id":"https:\/\/www.mercurenhatrangbeach.com\/vi\/our-rooms\/privilege-luxe-sea-view\/#primaryimage"},"thumbnailUrl":"https:\/\/www.mercurenhatrangbeach.com\/wp-content\/uploads\/sites\/156\/2025\/09\/Previlige-Luxe-room_703_2991.jpg","datePublished":"2025-07-29T03:42:24+00:00","dateModified":"2025-10-17T08:53:29+00:00","description":"Ph\u00f2ng Privilege Luxe H\u01b0\u1edbng Bi\u1ec3n cung c\u1ea5p kh\u00f4ng gian ph\u00f2ng r\u1ed9ng r\u00e3i 56m2 v\u1edbi 1 gi\u01b0\u1eddng \u0111\u00f4i v\u00e0 2 gi\u01b0\u1eddng \u0111\u01a1n cho tr\u1ebb em c\u00f9ng ti\u1ec7n nghi thi\u1ebft y\u1ebfu.","breadcrumb":{"@id":"https:\/\/www.mercurenhatrangbeach.com\/vi\/our-rooms\/privilege-luxe-sea-view\/#breadcrumb"},"inLanguage":"vi-VN","potentialAction":[{"@type":"ReadAction","target":["https:\/\/www.mercurenhatrangbeach.com\/vi\/our-rooms\/privilege-luxe-sea-view\/"]}]},{"@type":"ImageObject","inLanguage":"vi-VN","@id":"https:\/\/www.mercurenhatrangbeach.com\/vi\/our-rooms\/privilege-luxe-sea-view\/#primaryimage","url":"https:\/\/www.mercurenhatrangbeach.com\/wp-content\/uploads\/sites\/156\/2025\/09\/Previlige-Luxe-room_703_2991.jpg","contentUrl":"https:\/\/www.mercurenhatrangbeach.com\/wp-content\/uploads\/sites\/156\/2025\/09\/Previlige-Luxe-room_703_2991.jpg","width":2200,"height":1469,"caption":"Ph\u00f2ng Privilege Luxe H\u01b0\u1edbng Bi\u1ec3n"},{"@type":"BreadcrumbList","@id":"https:\/\/www.mercurenhatrangbeach.com\/vi\/our-rooms\/privilege-luxe-sea-view\/#breadcrumb","itemListElement":[{"@type":"ListItem","position":1,"name":"Home","item":"https:\/\/www.mercurenhatrangbeach.com\/vi\/"},{"@type":"ListItem","position":2,"name":"Ph\u00f2ng ngh\u1ec9","item":"https:\/\/www.mercurenhatrangbeach.com\/vi\/our-rooms\/"},{"@type":"ListItem","position":3,"name":"Ph\u00f2ng Privilege Luxe H\u01b0\u1edbng Bi\u1ec3n"}]},{"@type":"WebSite","@id":"https:\/\/www.mercurenhatrangbeach.com\/#website","url":"https:\/\/www.mercurenhatrangbeach.com\/","name":"Mercure Nha Trang","description":"","potentialAction":[{"@type":"SearchAction","target":{"@type":"EntryPoint","urlTemplate":"https:\/\/www.mercurenhatrangbeach.com\/?s={search_term_string}"},"query-input":{"@type":"PropertyValueSpecification","valueRequired":true,"valueName":"search_term_string"}}],"inLanguage":"vi-VN"}]}},"_links":{"self":[{"href":"https:\/\/www.mercurenhatrangbeach.com\/vi\/wp-json\/wp\/v2\/pages\/305","targetHints":{"allow":["GET"]}}],"collection":[{"href":"https:\/\/www.mercurenhatrangbeach.com\/vi\/wp-json\/wp\/v2\/pages"}],"about":[{"href":"https:\/\/www.mercurenhatrangbeach.com\/vi\/wp-json\/wp\/v2\/types\/page"}],"author":[{"embeddable":true,"href":"https:\/\/www.mercurenhatrangbeach.com\/vi\/wp-json\/wp\/v2\/users\/55"}],"replies":[{"embeddable":true,"href":"https:\/\/www.mercurenhatrangbeach.com\/vi\/wp-json\/wp\/v2\/comments?post=305"}],"version-history":[{"count":0,"href":"https:\/\/www.mercurenhatrangbeach.com\/vi\/wp-json\/wp\/v2\/pages\/305\/revisions"}],"up":[{"embeddable":true,"href":"https:\/\/www.mercurenhatrangbeach.com\/vi\/wp-json\/wp\/v2\/pages\/301"}],"wp:featuredmedia":[{"embeddable":true,"href":"https:\/\/www.mercurenhatrangbeach.com\/vi\/wp-json\/wp\/v2\/media\/699"}],"wp:attachment":[{"href":"https:\/\/www.mercurenhatrangbeach.com\/vi\/wp-json\/wp\/v2\/media?parent=305"}],"wp:term":[{"taxonomy":"category","embeddable":true,"href":"https:\/\/www.mercurenhatrangbeach.com\/vi\/wp-json\/wp\/v2\/categories?post=305"}],"curies":[{"name":"wp","href":"https:\/\/api.w.org\/{rel}","templated":true}]}}