{"id":306,"date":"2025-07-29T03:34:54","date_gmt":"2025-07-29T03:34:54","guid":{"rendered":"https:\/\/mercurenhatrang.accorv2prod.decms.eu\/our-rooms\/privilege-room-sea-view\/"},"modified":"2025-10-17T08:50:16","modified_gmt":"2025-10-17T08:50:16","slug":"privilege-room-sea-view","status":"publish","type":"page","link":"https:\/\/www.mercurenhatrangbeach.com\/vi\/our-rooms\/privilege-room-sea-view\/","title":{"rendered":"Ph\u00f2ng Privilege H\u01b0\u1edbng Bi\u1ec3n"},"content":{"rendered":"<p style=\"text-align: center\">B\u1eaft \u0111\u1ea7u ng\u00e0y m\u1edbi nh\u01b0 m\u1ed9t l\u00e0n gi\u00f3 xu\u00e2n c\u00f9ng v\u1edbi t\u00e1ch tr\u00e0 hay c\u00e0 ph\u00ea v\u1eeba pha th\u01a1m l\u1eebng, c\u00f9ng t\u1ea7m nh\u00ecn h\u01b0\u1edbng bi\u1ec3n xanh ng\u00fat ng\u00e0n \u0111\u00e1nh th\u1ee9c m\u1ecdi gi\u00e1c quan v\u00e0 c\u1ea3m h\u1ee9ng trong b\u1ea1n. <strong>Ph\u00f2ng Privilege h\u01b0\u1edbng bi\u1ec3n<\/strong> \u0111\u1ea7y thanh l\u1ecbch l\u00e0 n\u01a1i phong c\u00e1ch v\u00e0 s\u1ef1 th\u01b0 gi\u00e3n h\u00f2a quy\u1ec7n, v\u1edbi chi\u1ebfc gi\u01b0\u1eddng \u0111\u00f4i \u00eam \u00e1i, thi\u1ebft k\u1ebf tinh t\u1ebf v\u00e0 b\u1ea3ng m\u00e0u d\u1ecbu d\u00e0ng c\u1ee7a mi\u1ec1n duy\u00ean h\u1ea3i.<\/p>\n<p style=\"text-align: center\">\u1ea8n m\u00ecnh trong kh\u00f4ng gian y\u00ean t\u0129nh l\u1ea5y c\u1ea3m h\u1ee9ng t\u1eeb v\u0103n h\u00f3a Ch\u0103m Pa c\u1ed5, c\u0103n ph\u00f2ng mang \u0111\u1ebfn nh\u1eefng ti\u1ec7n nghi cao c\u1ea5p, bu\u1ed3ng t\u1eafm m\u01b0a s\u1ea3ng kho\u00e1i, v\u00e0 g\u00f3c trang \u0111i\u1ec3m linh ho\u1ea1t &#8211; l\u00fd t\u01b0\u1edfng cho nh\u1eefng c\u1eb7p \u0111\u00f4i \u0111ang t\u00ecm ki\u1ebfm s\u1ef1 tho\u1ea3i m\u00e1i, b\u00ecnh y\u00ean v\u00e0 m\u1ed9t ch\u00fat th\u01a1 trong t\u1eebng kho\u1ea3nh kh\u1eafc.<\/p>\n","protected":false},"excerpt":{"rendered":"<p>B\u1eaft \u0111\u1ea7u ng\u00e0y m\u1edbi nh\u01b0 m\u1ed9t l\u00e0n gi\u00f3 xu\u00e2n c\u00f9ng v\u1edbi t\u00e1ch tr\u00e0 hay c\u00e0 ph\u00ea v\u1eeba pha th\u01a1m l\u1eebng, c\u00f9ng t\u1ea7m nh\u00ecn h\u01b0\u1edbng bi\u1ec3n xanh ng\u00fat ng\u00e0n \u0111\u00e1nh th\u1ee9c m\u1ecdi gi\u00e1c quan v\u00e0 c\u1ea3m h\u1ee9ng trong b\u1ea1n. Ph\u00f2ng Privilege h\u01b0\u1edbng bi\u1ec3n \u0111\u1ea7y thanh l\u1ecbch l\u00e0 n\u01a1i phong c\u00e1ch v\u00e0 s\u1ef1 th\u01b0 gi\u00e3n h\u00f2a quy\u1ec7n, [&hellip;]<\/p>\n","protected":false},"author":55,"featured_media":617,"parent":301,"menu_order":4,"comment_status":"closed","ping_status":"closed","template":"template-room.php","meta":{"footnotes":""},"categories":[24],"class_list":["post-306","page","type-page","status-publish","has-post-thumbnail","hentry","category-seaview-rooms-vi"],"acf":[],"yoast_head":"<!-- This site is optimized with the Yoast SEO plugin v26.9 - https:\/\/yoast.com\/product\/yoast-seo-wordpress\/ -->\n<title>Ph\u00f2ng Privilege H\u01b0\u1edbng Bi\u1ec3n | Mercure Nha Trang Beach<\/title>\n<meta name=\"description\" content=\"Ph\u00f2ng Privilege h\u01b0\u1edbng bi\u1ec3n \u0111\u1ea7y thanh l\u1ecbch l\u00e0 n\u01a1i phong c\u00e1ch v\u00e0 s\u1ef1 th\u01b0 gi\u00e3n h\u00f2a quy\u1ec7n, v\u1edbi chi\u1ebfc gi\u01b0\u1eddng \u0111\u00f4i \u00eam \u00e1i v\u00e0 b\u1ea3ng m\u00e0u d\u1ecbu d\u00e0ng.\" \/>\n<meta name=\"robots\" content=\"index, follow, max-snippet:-1, max-image-preview:large, max-video-preview:-1\" \/>\n<link rel=\"canonical\" href=\"https:\/\/www.mercurenhatrangbeach.com\/vi\/our-rooms\/privilege-room-sea-view\/\" \/>\n<meta property=\"og:locale\" content=\"vi_VN\" \/>\n<meta property=\"og:type\" content=\"article\" \/>\n<meta property=\"og:title\" content=\"Ph\u00f2ng Privilege H\u01b0\u1edbng Bi\u1ec3n | Mercure Nha Trang Beach\" \/>\n<meta property=\"og:description\" content=\"Ph\u00f2ng Privilege h\u01b0\u1edbng bi\u1ec3n \u0111\u1ea7y thanh l\u1ecbch l\u00e0 n\u01a1i phong c\u00e1ch v\u00e0 s\u1ef1 th\u01b0 gi\u00e3n h\u00f2a quy\u1ec7n, v\u1edbi chi\u1ebfc gi\u01b0\u1eddng \u0111\u00f4i \u00eam \u00e1i v\u00e0 b\u1ea3ng m\u00e0u d\u1ecbu d\u00e0ng.\" \/>\n<meta property=\"og:url\" content=\"https:\/\/www.mercurenhatrangbeach.com\/vi\/our-rooms\/privilege-room-sea-view\/\" \/>\n<meta property=\"og:site_name\" content=\"Mercure Nha Trang\" \/>\n<meta property=\"article:modified_time\" content=\"2025-10-17T08:50:16+00:00\" \/>\n<meta property=\"og:image\" content=\"https:\/\/www.mercurenhatrangbeach.com\/wp-content\/uploads\/sites\/156\/2025\/09\/Privilege-room_sea-view_1509_02_1.jpg\" \/>\n\t<meta property=\"og:image:width\" content=\"2200\" \/>\n\t<meta property=\"og:image:height\" content=\"1467\" \/>\n\t<meta property=\"og:image:type\" content=\"image\/jpeg\" \/>\n<meta name=\"twitter:card\" content=\"summary_large_image\" \/>\n<meta name=\"twitter:label1\" content=\"Est. reading time\" \/>\n\t<meta name=\"twitter:data1\" content=\"1 minute\" \/>\n<script type=\"application\/ld+json\" class=\"yoast-schema-graph\">{\"@context\":\"https:\/\/schema.org\",\"@graph\":[{\"@type\":\"WebPage\",\"@id\":\"https:\/\/www.mercurenhatrangbeach.com\/vi\/our-rooms\/privilege-room-sea-view\/\",\"url\":\"https:\/\/www.mercurenhatrangbeach.com\/vi\/our-rooms\/privilege-room-sea-view\/\",\"name\":\"Ph\u00f2ng Privilege H\u01b0\u1edbng Bi\u1ec3n | Mercure Nha Trang Beach\",\"isPartOf\":{\"@id\":\"https:\/\/www.mercurenhatrangbeach.com\/#website\"},\"primaryImageOfPage\":{\"@id\":\"https:\/\/www.mercurenhatrangbeach.com\/vi\/our-rooms\/privilege-room-sea-view\/#primaryimage\"},\"image\":{\"@id\":\"https:\/\/www.mercurenhatrangbeach.com\/vi\/our-rooms\/privilege-room-sea-view\/#primaryimage\"},\"thumbnailUrl\":\"https:\/\/www.mercurenhatrangbeach.com\/wp-content\/uploads\/sites\/156\/2025\/09\/Privilege-room_sea-view_1509_02_1.jpg\",\"datePublished\":\"2025-07-29T03:34:54+00:00\",\"dateModified\":\"2025-10-17T08:50:16+00:00\",\"description\":\"Ph\u00f2ng Privilege h\u01b0\u1edbng bi\u1ec3n \u0111\u1ea7y thanh l\u1ecbch l\u00e0 n\u01a1i phong c\u00e1ch v\u00e0 s\u1ef1 th\u01b0 gi\u00e3n h\u00f2a quy\u1ec7n, v\u1edbi chi\u1ebfc gi\u01b0\u1eddng \u0111\u00f4i \u00eam \u00e1i v\u00e0 b\u1ea3ng m\u00e0u d\u1ecbu d\u00e0ng.\",\"breadcrumb\":{\"@id\":\"https:\/\/www.mercurenhatrangbeach.com\/vi\/our-rooms\/privilege-room-sea-view\/#breadcrumb\"},\"inLanguage\":\"vi-VN\",\"potentialAction\":[{\"@type\":\"ReadAction\",\"target\":[\"https:\/\/www.mercurenhatrangbeach.com\/vi\/our-rooms\/privilege-room-sea-view\/\"]}]},{\"@type\":\"ImageObject\",\"inLanguage\":\"vi-VN\",\"@id\":\"https:\/\/www.mercurenhatrangbeach.com\/vi\/our-rooms\/privilege-room-sea-view\/#primaryimage\",\"url\":\"https:\/\/www.mercurenhatrangbeach.com\/wp-content\/uploads\/sites\/156\/2025\/09\/Privilege-room_sea-view_1509_02_1.jpg\",\"contentUrl\":\"https:\/\/www.mercurenhatrangbeach.com\/wp-content\/uploads\/sites\/156\/2025\/09\/Privilege-room_sea-view_1509_02_1.jpg\",\"width\":2200,\"height\":1467,\"caption\":\"Ph\u00f2ng Privilege H\u01b0\u1edbng Bi\u1ec3n\"},{\"@type\":\"BreadcrumbList\",\"@id\":\"https:\/\/www.mercurenhatrangbeach.com\/vi\/our-rooms\/privilege-room-sea-view\/#breadcrumb\",\"itemListElement\":[{\"@type\":\"ListItem\",\"position\":1,\"name\":\"Home\",\"item\":\"https:\/\/www.mercurenhatrangbeach.com\/vi\/\"},{\"@type\":\"ListItem\",\"position\":2,\"name\":\"Ph\u00f2ng ngh\u1ec9\",\"item\":\"https:\/\/www.mercurenhatrangbeach.com\/vi\/our-rooms\/\"},{\"@type\":\"ListItem\",\"position\":3,\"name\":\"Ph\u00f2ng Privilege H\u01b0\u1edbng Bi\u1ec3n\"}]},{\"@type\":\"WebSite\",\"@id\":\"https:\/\/www.mercurenhatrangbeach.com\/#website\",\"url\":\"https:\/\/www.mercurenhatrangbeach.com\/\",\"name\":\"Mercure Nha Trang\",\"description\":\"\",\"potentialAction\":[{\"@type\":\"SearchAction\",\"target\":{\"@type\":\"EntryPoint\",\"urlTemplate\":\"https:\/\/www.mercurenhatrangbeach.com\/?s={search_term_string}\"},\"query-input\":{\"@type\":\"PropertyValueSpecification\",\"valueRequired\":true,\"valueName\":\"search_term_string\"}}],\"inLanguage\":\"vi-VN\"}]}<\/script>\n<!-- \/ Yoast SEO plugin. -->","yoast_head_json":{"title":"Ph\u00f2ng Privilege H\u01b0\u1edbng Bi\u1ec3n | Mercure Nha Trang Beach","description":"Ph\u00f2ng Privilege h\u01b0\u1edbng bi\u1ec3n \u0111\u1ea7y thanh l\u1ecbch l\u00e0 n\u01a1i phong c\u00e1ch v\u00e0 s\u1ef1 th\u01b0 gi\u00e3n h\u00f2a quy\u1ec7n, v\u1edbi chi\u1ebfc gi\u01b0\u1eddng \u0111\u00f4i \u00eam \u00e1i v\u00e0 b\u1ea3ng m\u00e0u d\u1ecbu d\u00e0ng.","robots":{"index":"index","follow":"follow","max-snippet":"max-snippet:-1","max-image-preview":"max-image-preview:large","max-video-preview":"max-video-preview:-1"},"canonical":"https:\/\/www.mercurenhatrangbeach.com\/vi\/our-rooms\/privilege-room-sea-view\/","og_locale":"vi_VN","og_type":"article","og_title":"Ph\u00f2ng Privilege H\u01b0\u1edbng Bi\u1ec3n | Mercure Nha Trang Beach","og_description":"Ph\u00f2ng Privilege h\u01b0\u1edbng bi\u1ec3n \u0111\u1ea7y thanh l\u1ecbch l\u00e0 n\u01a1i phong c\u00e1ch v\u00e0 s\u1ef1 th\u01b0 gi\u00e3n h\u00f2a quy\u1ec7n, v\u1edbi chi\u1ebfc gi\u01b0\u1eddng \u0111\u00f4i \u00eam \u00e1i v\u00e0 b\u1ea3ng m\u00e0u d\u1ecbu d\u00e0ng.","og_url":"https:\/\/www.mercurenhatrangbeach.com\/vi\/our-rooms\/privilege-room-sea-view\/","og_site_name":"Mercure Nha Trang","article_modified_time":"2025-10-17T08:50:16+00:00","og_image":[{"width":2200,"height":1467,"url":"https:\/\/www.mercurenhatrangbeach.com\/wp-content\/uploads\/sites\/156\/2025\/09\/Privilege-room_sea-view_1509_02_1.jpg","type":"image\/jpeg"}],"twitter_card":"summary_large_image","twitter_misc":{"Est. reading time":"1 minute"},"schema":{"@context":"https:\/\/schema.org","@graph":[{"@type":"WebPage","@id":"https:\/\/www.mercurenhatrangbeach.com\/vi\/our-rooms\/privilege-room-sea-view\/","url":"https:\/\/www.mercurenhatrangbeach.com\/vi\/our-rooms\/privilege-room-sea-view\/","name":"Ph\u00f2ng Privilege H\u01b0\u1edbng Bi\u1ec3n | Mercure Nha Trang Beach","isPartOf":{"@id":"https:\/\/www.mercurenhatrangbeach.com\/#website"},"primaryImageOfPage":{"@id":"https:\/\/www.mercurenhatrangbeach.com\/vi\/our-rooms\/privilege-room-sea-view\/#primaryimage"},"image":{"@id":"https:\/\/www.mercurenhatrangbeach.com\/vi\/our-rooms\/privilege-room-sea-view\/#primaryimage"},"thumbnailUrl":"https:\/\/www.mercurenhatrangbeach.com\/wp-content\/uploads\/sites\/156\/2025\/09\/Privilege-room_sea-view_1509_02_1.jpg","datePublished":"2025-07-29T03:34:54+00:00","dateModified":"2025-10-17T08:50:16+00:00","description":"Ph\u00f2ng Privilege h\u01b0\u1edbng bi\u1ec3n \u0111\u1ea7y thanh l\u1ecbch l\u00e0 n\u01a1i phong c\u00e1ch v\u00e0 s\u1ef1 th\u01b0 gi\u00e3n h\u00f2a quy\u1ec7n, v\u1edbi chi\u1ebfc gi\u01b0\u1eddng \u0111\u00f4i \u00eam \u00e1i v\u00e0 b\u1ea3ng m\u00e0u d\u1ecbu d\u00e0ng.","breadcrumb":{"@id":"https:\/\/www.mercurenhatrangbeach.com\/vi\/our-rooms\/privilege-room-sea-view\/#breadcrumb"},"inLanguage":"vi-VN","potentialAction":[{"@type":"ReadAction","target":["https:\/\/www.mercurenhatrangbeach.com\/vi\/our-rooms\/privilege-room-sea-view\/"]}]},{"@type":"ImageObject","inLanguage":"vi-VN","@id":"https:\/\/www.mercurenhatrangbeach.com\/vi\/our-rooms\/privilege-room-sea-view\/#primaryimage","url":"https:\/\/www.mercurenhatrangbeach.com\/wp-content\/uploads\/sites\/156\/2025\/09\/Privilege-room_sea-view_1509_02_1.jpg","contentUrl":"https:\/\/www.mercurenhatrangbeach.com\/wp-content\/uploads\/sites\/156\/2025\/09\/Privilege-room_sea-view_1509_02_1.jpg","width":2200,"height":1467,"caption":"Ph\u00f2ng Privilege H\u01b0\u1edbng Bi\u1ec3n"},{"@type":"BreadcrumbList","@id":"https:\/\/www.mercurenhatrangbeach.com\/vi\/our-rooms\/privilege-room-sea-view\/#breadcrumb","itemListElement":[{"@type":"ListItem","position":1,"name":"Home","item":"https:\/\/www.mercurenhatrangbeach.com\/vi\/"},{"@type":"ListItem","position":2,"name":"Ph\u00f2ng ngh\u1ec9","item":"https:\/\/www.mercurenhatrangbeach.com\/vi\/our-rooms\/"},{"@type":"ListItem","position":3,"name":"Ph\u00f2ng Privilege H\u01b0\u1edbng Bi\u1ec3n"}]},{"@type":"WebSite","@id":"https:\/\/www.mercurenhatrangbeach.com\/#website","url":"https:\/\/www.mercurenhatrangbeach.com\/","name":"Mercure Nha Trang","description":"","potentialAction":[{"@type":"SearchAction","target":{"@type":"EntryPoint","urlTemplate":"https:\/\/www.mercurenhatrangbeach.com\/?s={search_term_string}"},"query-input":{"@type":"PropertyValueSpecification","valueRequired":true,"valueName":"search_term_string"}}],"inLanguage":"vi-VN"}]}},"_links":{"self":[{"href":"https:\/\/www.mercurenhatrangbeach.com\/vi\/wp-json\/wp\/v2\/pages\/306","targetHints":{"allow":["GET"]}}],"collection":[{"href":"https:\/\/www.mercurenhatrangbeach.com\/vi\/wp-json\/wp\/v2\/pages"}],"about":[{"href":"https:\/\/www.mercurenhatrangbeach.com\/vi\/wp-json\/wp\/v2\/types\/page"}],"author":[{"embeddable":true,"href":"https:\/\/www.mercurenhatrangbeach.com\/vi\/wp-json\/wp\/v2\/users\/55"}],"replies":[{"embeddable":true,"href":"https:\/\/www.mercurenhatrangbeach.com\/vi\/wp-json\/wp\/v2\/comments?post=306"}],"version-history":[{"count":0,"href":"https:\/\/www.mercurenhatrangbeach.com\/vi\/wp-json\/wp\/v2\/pages\/306\/revisions"}],"up":[{"embeddable":true,"href":"https:\/\/www.mercurenhatrangbeach.com\/vi\/wp-json\/wp\/v2\/pages\/301"}],"wp:featuredmedia":[{"embeddable":true,"href":"https:\/\/www.mercurenhatrangbeach.com\/vi\/wp-json\/wp\/v2\/media\/617"}],"wp:attachment":[{"href":"https:\/\/www.mercurenhatrangbeach.com\/vi\/wp-json\/wp\/v2\/media?parent=306"}],"wp:term":[{"taxonomy":"category","embeddable":true,"href":"https:\/\/www.mercurenhatrangbeach.com\/vi\/wp-json\/wp\/v2\/categories?post=306"}],"curies":[{"name":"wp","href":"https:\/\/api.w.org\/{rel}","templated":true}]}}