{"id":308,"date":"2025-07-29T06:41:11","date_gmt":"2025-07-29T06:41:11","guid":{"rendered":"https:\/\/mercurenhatrang.accorv2prod.decms.eu\/our-rooms\/suite-family\/"},"modified":"2025-10-17T09:00:31","modified_gmt":"2025-10-17T09:00:31","slug":"suite-family","status":"publish","type":"page","link":"https:\/\/www.mercurenhatrangbeach.com\/vi\/our-rooms\/suite-family\/","title":{"rendered":"Ph\u00f2ng Suite Gia \u0110\u00ecnh"},"content":{"rendered":"<p style=\"text-align: center\">L\u1ea5y c\u1ea3m h\u1ee9ng t\u1eeb ch\u00ednh v\u00f9ng \u0111\u1ea5t bi\u1ec3n n\u01a1i m\u00ecnh hi\u1ec7n di\u1ec7n, <strong><a href=\"https:\/\/www.mercurenhatrangbeach.com\/vi\/\" target=\"_blank\" rel=\"noopener\">Mercure Nha Trang Beach<\/a><\/strong> k\u1ec3 l\u1ea1i c\u00e2u chuy\u1ec7n ri\u00eang c\u1ee7a m\u00ecnh qua nh\u1eefng gam m\u00e0u d\u1ecbu nh\u1eb9 c\u1ee7a \u0111\u1ea1i d\u01b0\u01a1ng v\u00e0 h\u1ecda ti\u1ebft tinh t\u1ebf g\u1ee3i nh\u1edb v\u1ec1 v\u01b0\u01a1ng qu\u1ed1c Ch\u0103m Pa c\u1ed5 k\u00ednh. H\u00e3y t\u1eadn h\u01b0\u1edfng kho\u1ea3ng th\u1eddi gian b\u00ean nhau tr\u1ecdn v\u1eb9n c\u00f9ng <strong>ph\u00f2ng suite gia \u0111\u00ecnh<\/strong> \u2013 n\u01a1i t\u1eebng khung c\u1eeda, t\u1eeb ph\u00f2ng ng\u1ee7, ph\u00f2ng t\u1eafm \u0111\u1ebfn ph\u00f2ng kh\u00e1ch, \u0111\u1ec1u m\u1edf ra t\u1ea7m nh\u00ecn h\u01b0\u1edbng bi\u1ec3n ng\u1eadp tr\u00e0n \u00e1nh s\u00e1ng v\u00e0 b\u00ecnh y\u00ean.<\/p>\n<p style=\"text-align: center\">\u0110i c\u00f9ng gia \u0111\u00ecnh gi\u1edd \u0111\u00e2y tr\u1edf n\u00ean tho\u1ea3i m\u00e1i v\u00e0 ti\u1ec7n l\u1ee3i h\u01a1n bao gi\u1edd h\u1ebft v\u1edbi m\u1ed9t gi\u01b0\u1eddng \u0111\u00f4i \u00eam \u00e1i cho cha m\u1eb9, v\u00e0 hai gi\u01b0\u1eddng \u0111\u01a1n cho c\u00e1c b\u00e9. M\u1ed9t n\u01a1i m\u1ed7i \u0111\u1ee9a tr\u1ebb c\u00f3 kh\u00f4ng gian ri\u00eang \u0111\u1ec3 vui ch\u01a1i, m\u01a1 m\u1ed9ng v\u00e0 l\u1edbn l\u00ean qua nh\u1eefng ng\u00e0y n\u1eafng gi\u00f3 b\u00ean b\u1edd bi\u1ec3n.<\/p>\n<p style=\"text-align: center\">K\u1ebft n\u1ed1i d\u1ec5 d\u00e0ng v\u1edbi Wi-Fi mi\u1ec5n ph\u00ed \u0111\u1ec3 c\u00e1c b\u00e9 xem nh\u1eefng ch\u01b0\u01a1ng tr\u00ecnh y\u00eau th\u00edch, th\u01b0\u1edfng th\u1ee9c c\u00e0 ph\u00ea t\u1eeb m\u00e1y pha vi\u00ean n\u00e9n hay nh\u00e2m nhi t\u00e1ch tr\u00e0 \u1ea5m tr\u01b0\u1edbc ng\u00e0y kh\u00e1m ph\u00e1 tr\u00e0n \u0111\u1ea7y n\u0103ng l\u01b0\u1ee3ng. Ph\u00f2ng t\u1eafm v\u1edbi v\u00f2i sen m\u01b0a s\u1ea3ng kho\u00e1i c\u00f9ng ti\u1ec7n nghi cao c\u1ea5p chu\u1ea9n Mercure l\u00e0 n\u01a1i b\u1ea1n t\u00ecm th\u1ea5y s\u1ef1 th\u01b0 gi\u00e3n \u0111\u00fang ngh\u0129a l\u00e0 ch\u00e2n th\u1ef1c v\u00e0 tinh t\u1ebf.<\/p>\n<p style=\"text-align: center\">Ngay ng\u01b0\u1ee1ng c\u1eeda l\u00e0 h\u00e0nh tr\u00ecnh c\u1ee7a kh\u00e1m ph\u00e1, c\u1ee7a nh\u1eefng ti\u1ebfng c\u01b0\u1eddi d\u01b0\u1edbi n\u1eafng, hay \u0111\u01a1n gi\u1ea3n l\u00e0 ph\u00fat gi\u00e2y qu\u00e2y qu\u1ea7n, k\u1ebft n\u1ed1i c\u00f9ng nh\u1eefng ng\u01b0\u1eddi b\u1ea1n th\u01b0\u01a1ng.<br \/>\nPh\u00f2ng suite gia \u0111\u00ecnh s\u1ebd l\u00e0 n\u01a1i y\u00eau th\u01b0\u01a1ng \u0111\u01b0\u1ee3c nu\u00f4i d\u01b0\u1ee1ng b\u1eb1ng \u00e1nh s\u00e1ng, bi\u1ec3n xanh v\u00e0 nh\u1eefng k\u1ef7 ni\u1ec7m kh\u00f4ng th\u1ec3 l\u00e3ng qu\u00ean.<\/p>\n","protected":false},"excerpt":{"rendered":"<p>L\u1ea5y c\u1ea3m h\u1ee9ng t\u1eeb ch\u00ednh v\u00f9ng \u0111\u1ea5t bi\u1ec3n n\u01a1i m\u00ecnh hi\u1ec7n di\u1ec7n, Mercure Nha Trang Beach k\u1ec3 l\u1ea1i c\u00e2u chuy\u1ec7n ri\u00eang c\u1ee7a m\u00ecnh qua nh\u1eefng gam m\u00e0u d\u1ecbu nh\u1eb9 c\u1ee7a \u0111\u1ea1i d\u01b0\u01a1ng v\u00e0 h\u1ecda ti\u1ebft tinh t\u1ebf g\u1ee3i nh\u1edb v\u1ec1 v\u01b0\u01a1ng qu\u1ed1c Ch\u0103m Pa c\u1ed5 k\u00ednh. H\u00e3y t\u1eadn h\u01b0\u1edfng kho\u1ea3ng th\u1eddi gian b\u00ean nhau tr\u1ecdn [&hellip;]<\/p>\n","protected":false},"author":55,"featured_media":706,"parent":301,"menu_order":7,"comment_status":"closed","ping_status":"closed","template":"template-room.php","meta":{"footnotes":""},"categories":[25],"class_list":["post-308","page","type-page","status-publish","has-post-thumbnail","hentry","category-suite-rooms-vi"],"acf":[],"yoast_head":"<!-- This site is optimized with the Yoast SEO plugin v26.9 - https:\/\/yoast.com\/product\/yoast-seo-wordpress\/ -->\n<title>Ph\u00f2ng Suite Gia \u0110\u00ecnh | Mercure Nha Trang Beach<\/title>\n<meta name=\"description\" content=\"Ph\u00f2ng Suite Gia \u0110\u00ecnh mang \u0111\u1ebfn cho m\u1ecdi ng\u01b0\u1eddi kh\u00f4ng gian tho\u1ea3i m\u00e1i \u0111\u1ec3 g\u1eafn k\u1ebft v\u1edbi ng\u01b0\u1eddi th\u00e2n trong khi chi\u00eam ng\u01b0\u1ee1ng quang c\u1ea3nh bi\u1ec3n ngo\u1ea1n m\u1ee5c.\" \/>\n<meta name=\"robots\" content=\"index, follow, max-snippet:-1, max-image-preview:large, max-video-preview:-1\" \/>\n<link rel=\"canonical\" href=\"https:\/\/www.mercurenhatrangbeach.com\/vi\/our-rooms\/suite-family\/\" \/>\n<meta property=\"og:locale\" content=\"vi_VN\" \/>\n<meta property=\"og:type\" content=\"article\" \/>\n<meta property=\"og:title\" content=\"Ph\u00f2ng Suite Gia \u0110\u00ecnh | Mercure Nha Trang Beach\" \/>\n<meta property=\"og:description\" content=\"Ph\u00f2ng Suite Gia \u0110\u00ecnh mang \u0111\u1ebfn cho m\u1ecdi ng\u01b0\u1eddi kh\u00f4ng gian tho\u1ea3i m\u00e1i \u0111\u1ec3 g\u1eafn k\u1ebft v\u1edbi ng\u01b0\u1eddi th\u00e2n trong khi chi\u00eam ng\u01b0\u1ee1ng quang c\u1ea3nh bi\u1ec3n ngo\u1ea1n m\u1ee5c.\" \/>\n<meta property=\"og:url\" content=\"https:\/\/www.mercurenhatrangbeach.com\/vi\/our-rooms\/suite-family\/\" \/>\n<meta property=\"og:site_name\" content=\"Mercure Nha Trang\" \/>\n<meta property=\"article:modified_time\" content=\"2025-10-17T09:00:31+00:00\" \/>\n<meta property=\"og:image\" content=\"https:\/\/www.mercurenhatrangbeach.com\/wp-content\/uploads\/sites\/156\/2025\/09\/Family-Suite_1901_03.jpg\" \/>\n\t<meta property=\"og:image:width\" content=\"2200\" \/>\n\t<meta property=\"og:image:height\" content=\"1466\" \/>\n\t<meta property=\"og:image:type\" content=\"image\/jpeg\" \/>\n<meta name=\"twitter:card\" content=\"summary_large_image\" \/>\n<meta name=\"twitter:label1\" content=\"Est. reading time\" \/>\n\t<meta name=\"twitter:data1\" content=\"2 minutes\" \/>\n<script type=\"application\/ld+json\" class=\"yoast-schema-graph\">{\"@context\":\"https:\/\/schema.org\",\"@graph\":[{\"@type\":\"WebPage\",\"@id\":\"https:\/\/www.mercurenhatrangbeach.com\/vi\/our-rooms\/suite-family\/\",\"url\":\"https:\/\/www.mercurenhatrangbeach.com\/vi\/our-rooms\/suite-family\/\",\"name\":\"Ph\u00f2ng Suite Gia \u0110\u00ecnh | Mercure Nha Trang Beach\",\"isPartOf\":{\"@id\":\"https:\/\/www.mercurenhatrangbeach.com\/#website\"},\"primaryImageOfPage\":{\"@id\":\"https:\/\/www.mercurenhatrangbeach.com\/vi\/our-rooms\/suite-family\/#primaryimage\"},\"image\":{\"@id\":\"https:\/\/www.mercurenhatrangbeach.com\/vi\/our-rooms\/suite-family\/#primaryimage\"},\"thumbnailUrl\":\"https:\/\/www.mercurenhatrangbeach.com\/wp-content\/uploads\/sites\/156\/2025\/09\/Family-Suite_1901_03.jpg\",\"datePublished\":\"2025-07-29T06:41:11+00:00\",\"dateModified\":\"2025-10-17T09:00:31+00:00\",\"description\":\"Ph\u00f2ng Suite Gia \u0110\u00ecnh mang \u0111\u1ebfn cho m\u1ecdi ng\u01b0\u1eddi kh\u00f4ng gian tho\u1ea3i m\u00e1i \u0111\u1ec3 g\u1eafn k\u1ebft v\u1edbi ng\u01b0\u1eddi th\u00e2n trong khi chi\u00eam ng\u01b0\u1ee1ng quang c\u1ea3nh bi\u1ec3n ngo\u1ea1n m\u1ee5c.\",\"breadcrumb\":{\"@id\":\"https:\/\/www.mercurenhatrangbeach.com\/vi\/our-rooms\/suite-family\/#breadcrumb\"},\"inLanguage\":\"vi-VN\",\"potentialAction\":[{\"@type\":\"ReadAction\",\"target\":[\"https:\/\/www.mercurenhatrangbeach.com\/vi\/our-rooms\/suite-family\/\"]}]},{\"@type\":\"ImageObject\",\"inLanguage\":\"vi-VN\",\"@id\":\"https:\/\/www.mercurenhatrangbeach.com\/vi\/our-rooms\/suite-family\/#primaryimage\",\"url\":\"https:\/\/www.mercurenhatrangbeach.com\/wp-content\/uploads\/sites\/156\/2025\/09\/Family-Suite_1901_03.jpg\",\"contentUrl\":\"https:\/\/www.mercurenhatrangbeach.com\/wp-content\/uploads\/sites\/156\/2025\/09\/Family-Suite_1901_03.jpg\",\"width\":2200,\"height\":1466,\"caption\":\"Ph\u00f2ng Suite Gia \u0110\u00ecnh\"},{\"@type\":\"BreadcrumbList\",\"@id\":\"https:\/\/www.mercurenhatrangbeach.com\/vi\/our-rooms\/suite-family\/#breadcrumb\",\"itemListElement\":[{\"@type\":\"ListItem\",\"position\":1,\"name\":\"Home\",\"item\":\"https:\/\/www.mercurenhatrangbeach.com\/vi\/\"},{\"@type\":\"ListItem\",\"position\":2,\"name\":\"Ph\u00f2ng ngh\u1ec9\",\"item\":\"https:\/\/www.mercurenhatrangbeach.com\/vi\/our-rooms\/\"},{\"@type\":\"ListItem\",\"position\":3,\"name\":\"Ph\u00f2ng Suite Gia \u0110\u00ecnh\"}]},{\"@type\":\"WebSite\",\"@id\":\"https:\/\/www.mercurenhatrangbeach.com\/#website\",\"url\":\"https:\/\/www.mercurenhatrangbeach.com\/\",\"name\":\"Mercure Nha Trang\",\"description\":\"\",\"potentialAction\":[{\"@type\":\"SearchAction\",\"target\":{\"@type\":\"EntryPoint\",\"urlTemplate\":\"https:\/\/www.mercurenhatrangbeach.com\/?s={search_term_string}\"},\"query-input\":{\"@type\":\"PropertyValueSpecification\",\"valueRequired\":true,\"valueName\":\"search_term_string\"}}],\"inLanguage\":\"vi-VN\"}]}<\/script>\n<!-- \/ Yoast SEO plugin. -->","yoast_head_json":{"title":"Ph\u00f2ng Suite Gia \u0110\u00ecnh | Mercure Nha Trang Beach","description":"Ph\u00f2ng Suite Gia \u0110\u00ecnh mang \u0111\u1ebfn cho m\u1ecdi ng\u01b0\u1eddi kh\u00f4ng gian tho\u1ea3i m\u00e1i \u0111\u1ec3 g\u1eafn k\u1ebft v\u1edbi ng\u01b0\u1eddi th\u00e2n trong khi chi\u00eam ng\u01b0\u1ee1ng quang c\u1ea3nh bi\u1ec3n ngo\u1ea1n m\u1ee5c.","robots":{"index":"index","follow":"follow","max-snippet":"max-snippet:-1","max-image-preview":"max-image-preview:large","max-video-preview":"max-video-preview:-1"},"canonical":"https:\/\/www.mercurenhatrangbeach.com\/vi\/our-rooms\/suite-family\/","og_locale":"vi_VN","og_type":"article","og_title":"Ph\u00f2ng Suite Gia \u0110\u00ecnh | Mercure Nha Trang Beach","og_description":"Ph\u00f2ng Suite Gia \u0110\u00ecnh mang \u0111\u1ebfn cho m\u1ecdi ng\u01b0\u1eddi kh\u00f4ng gian tho\u1ea3i m\u00e1i \u0111\u1ec3 g\u1eafn k\u1ebft v\u1edbi ng\u01b0\u1eddi th\u00e2n trong khi chi\u00eam ng\u01b0\u1ee1ng quang c\u1ea3nh bi\u1ec3n ngo\u1ea1n m\u1ee5c.","og_url":"https:\/\/www.mercurenhatrangbeach.com\/vi\/our-rooms\/suite-family\/","og_site_name":"Mercure Nha Trang","article_modified_time":"2025-10-17T09:00:31+00:00","og_image":[{"width":2200,"height":1466,"url":"https:\/\/www.mercurenhatrangbeach.com\/wp-content\/uploads\/sites\/156\/2025\/09\/Family-Suite_1901_03.jpg","type":"image\/jpeg"}],"twitter_card":"summary_large_image","twitter_misc":{"Est. reading time":"2 minutes"},"schema":{"@context":"https:\/\/schema.org","@graph":[{"@type":"WebPage","@id":"https:\/\/www.mercurenhatrangbeach.com\/vi\/our-rooms\/suite-family\/","url":"https:\/\/www.mercurenhatrangbeach.com\/vi\/our-rooms\/suite-family\/","name":"Ph\u00f2ng Suite Gia \u0110\u00ecnh | Mercure Nha Trang Beach","isPartOf":{"@id":"https:\/\/www.mercurenhatrangbeach.com\/#website"},"primaryImageOfPage":{"@id":"https:\/\/www.mercurenhatrangbeach.com\/vi\/our-rooms\/suite-family\/#primaryimage"},"image":{"@id":"https:\/\/www.mercurenhatrangbeach.com\/vi\/our-rooms\/suite-family\/#primaryimage"},"thumbnailUrl":"https:\/\/www.mercurenhatrangbeach.com\/wp-content\/uploads\/sites\/156\/2025\/09\/Family-Suite_1901_03.jpg","datePublished":"2025-07-29T06:41:11+00:00","dateModified":"2025-10-17T09:00:31+00:00","description":"Ph\u00f2ng Suite Gia \u0110\u00ecnh mang \u0111\u1ebfn cho m\u1ecdi ng\u01b0\u1eddi kh\u00f4ng gian tho\u1ea3i m\u00e1i \u0111\u1ec3 g\u1eafn k\u1ebft v\u1edbi ng\u01b0\u1eddi th\u00e2n trong khi chi\u00eam ng\u01b0\u1ee1ng quang c\u1ea3nh bi\u1ec3n ngo\u1ea1n m\u1ee5c.","breadcrumb":{"@id":"https:\/\/www.mercurenhatrangbeach.com\/vi\/our-rooms\/suite-family\/#breadcrumb"},"inLanguage":"vi-VN","potentialAction":[{"@type":"ReadAction","target":["https:\/\/www.mercurenhatrangbeach.com\/vi\/our-rooms\/suite-family\/"]}]},{"@type":"ImageObject","inLanguage":"vi-VN","@id":"https:\/\/www.mercurenhatrangbeach.com\/vi\/our-rooms\/suite-family\/#primaryimage","url":"https:\/\/www.mercurenhatrangbeach.com\/wp-content\/uploads\/sites\/156\/2025\/09\/Family-Suite_1901_03.jpg","contentUrl":"https:\/\/www.mercurenhatrangbeach.com\/wp-content\/uploads\/sites\/156\/2025\/09\/Family-Suite_1901_03.jpg","width":2200,"height":1466,"caption":"Ph\u00f2ng Suite Gia \u0110\u00ecnh"},{"@type":"BreadcrumbList","@id":"https:\/\/www.mercurenhatrangbeach.com\/vi\/our-rooms\/suite-family\/#breadcrumb","itemListElement":[{"@type":"ListItem","position":1,"name":"Home","item":"https:\/\/www.mercurenhatrangbeach.com\/vi\/"},{"@type":"ListItem","position":2,"name":"Ph\u00f2ng ngh\u1ec9","item":"https:\/\/www.mercurenhatrangbeach.com\/vi\/our-rooms\/"},{"@type":"ListItem","position":3,"name":"Ph\u00f2ng Suite Gia \u0110\u00ecnh"}]},{"@type":"WebSite","@id":"https:\/\/www.mercurenhatrangbeach.com\/#website","url":"https:\/\/www.mercurenhatrangbeach.com\/","name":"Mercure Nha Trang","description":"","potentialAction":[{"@type":"SearchAction","target":{"@type":"EntryPoint","urlTemplate":"https:\/\/www.mercurenhatrangbeach.com\/?s={search_term_string}"},"query-input":{"@type":"PropertyValueSpecification","valueRequired":true,"valueName":"search_term_string"}}],"inLanguage":"vi-VN"}]}},"_links":{"self":[{"href":"https:\/\/www.mercurenhatrangbeach.com\/vi\/wp-json\/wp\/v2\/pages\/308","targetHints":{"allow":["GET"]}}],"collection":[{"href":"https:\/\/www.mercurenhatrangbeach.com\/vi\/wp-json\/wp\/v2\/pages"}],"about":[{"href":"https:\/\/www.mercurenhatrangbeach.com\/vi\/wp-json\/wp\/v2\/types\/page"}],"author":[{"embeddable":true,"href":"https:\/\/www.mercurenhatrangbeach.com\/vi\/wp-json\/wp\/v2\/users\/55"}],"replies":[{"embeddable":true,"href":"https:\/\/www.mercurenhatrangbeach.com\/vi\/wp-json\/wp\/v2\/comments?post=308"}],"version-history":[{"count":0,"href":"https:\/\/www.mercurenhatrangbeach.com\/vi\/wp-json\/wp\/v2\/pages\/308\/revisions"}],"up":[{"embeddable":true,"href":"https:\/\/www.mercurenhatrangbeach.com\/vi\/wp-json\/wp\/v2\/pages\/301"}],"wp:featuredmedia":[{"embeddable":true,"href":"https:\/\/www.mercurenhatrangbeach.com\/vi\/wp-json\/wp\/v2\/media\/706"}],"wp:attachment":[{"href":"https:\/\/www.mercurenhatrangbeach.com\/vi\/wp-json\/wp\/v2\/media?parent=308"}],"wp:term":[{"taxonomy":"category","embeddable":true,"href":"https:\/\/www.mercurenhatrangbeach.com\/vi\/wp-json\/wp\/v2\/categories?post=308"}],"curies":[{"name":"wp","href":"https:\/\/api.w.org\/{rel}","templated":true}]}}