{"id":309,"date":"2025-07-29T03:51:45","date_gmt":"2025-07-29T03:51:45","guid":{"rendered":"https:\/\/mercurenhatrang.accorv2prod.decms.eu\/our-rooms\/suite-sea-view\/"},"modified":"2025-10-17T08:57:15","modified_gmt":"2025-10-17T08:57:15","slug":"suite-huong-bien","status":"publish","type":"page","link":"https:\/\/www.mercurenhatrangbeach.com\/vi\/our-rooms\/suite-huong-bien\/","title":{"rendered":"Ph\u00f2ng Suite H\u01b0\u1edbng Bi\u1ec3n"},"content":{"rendered":"<p style=\"text-align: center\">V\u01b0\u1ee3t qua m\u1ecdi khu\u00f4n kh\u1ed5 c\u1ee7a m\u1ed9t k\u1ef3 ngh\u1ec9 th\u00f4ng th\u01b0\u1eddng, <strong>ph\u00f2ng suite h\u01b0\u1edbng bi\u1ec3n<\/strong> r\u1ed9ng 56m\u00b2 m\u1edf ra m\u1ed9t th\u1ebf gi\u1edbi \u0111\u1ea7y c\u1ea3m h\u1ee9ng, n\u01a1i v\u1ebb \u0111\u1eb9p v\u00e0 c\u1ea3m x\u00fac giao thoa trong t\u1eebng \u0111\u01b0\u1eddng n\u00e9t. Thi\u1ebft k\u1ebf duy\u00ean d\u00e1ng mang h\u01a1i th\u1edf \u0111\u1ecba ph\u01b0\u01a1ng, t\u00e1i hi\u1ec7n tinh th\u1ea7n l\u00e0ng ch\u00e0i Nha Trang qua b\u1ea3ng m\u00e0u xanh bi\u1ec3n d\u1ecbu nh\u1eb9 v\u00e0 s\u1eafc c\u00e1t m\u1ec1m m\u1ea1i. N\u01a1i \u0111\u00e2y nh\u01b0 m\u1ed9t kh\u00fac h\u00e1t m\u00f9a h\u00e8 th\u00ec th\u1ea7m b\u00ean l\u00e0n gi\u00f3 m\u1eb7n.<\/p>\n<p style=\"text-align: center\">Nh\u1eefng m\u00f3n th\u1ee7 c\u00f4ng trang tr\u00ed \u0111\u01b0\u1ee3c l\u1ef1a ch\u1ecdn k\u1ef9 l\u01b0\u1ee1ng g\u1ee3i nh\u1edb v\u1ec1 th\u1eddi v\u00e0ng son c\u1ee7a v\u01b0\u01a1ng qu\u1ed1c Ch\u0103m Pa, k\u1ec3 l\u1ea1i c\u00e2u chuy\u1ec7n v\u0103n h\u00f3a b\u1eb1ng s\u1ef1 tinh t\u1ebf v\u00e0 l\u1eb7ng l\u1ebd. Kh\u01a1i d\u1eady s\u1ef1 k\u1ebft n\u1ed1i v\u00e0 kh\u00e1m ph\u00e1 qua nh\u1eefng ph\u00fat gi\u00e2y s\u1ebb chia t\u1ea1i ph\u00f2ng kh\u00e1ch ri\u00eang bi\u1ec7t c\u00f9ng v\u1edbi m\u00e1y pha c\u00e0 ph\u00ea th\u01a1m l\u1eebng, minibar nh\u1ecf xinh v\u00e0 kh\u00f4ng gian \u0111\u1ec3 l\u1eafng nghe nhau trong t\u1eebng kho\u1ea3nh kh\u1eafc.<\/p>\n<p style=\"text-align: center\">L\u00fd t\u01b0\u1edfng cho nh\u1eefng c\u1eb7p \u0111\u00f4i \u0111ang t\u00ecm ki\u1ebfm m\u1ed9t n\u01a1i ch\u1ed1n l\u00e3ng m\u1ea1n, suite h\u01b0\u1edbng bi\u1ec3n mang \u0111\u1ebfn chi\u1ebfc gi\u01b0\u1eddng \u0111\u00f4i \u00eam \u00e1i, kh\u00f4ng gian m\u1edf ng\u1eadp \u00e1nh s\u00e1ng, c\u00f9ng khung c\u1ea3nh ho\u00e0ng h\u00f4n nhu\u1ed9m t\u00edm c\u1ea3 ch\u00e2n tr\u1eddi. T\u1eadn h\u01b0\u1edfng s\u1ef1 ti\u1ec7n nghi cao c\u1ea5p c\u1ee7a ph\u00f2ng suite h\u01b0\u1edbng bi\u1ec3n, nh\u1eefng ph\u00fat gi\u00e2y th\u01b0 th\u00e1i tuy\u1ec7t \u0111\u1ed1i v\u00e0 v\u1ebb \u0111\u1eb9p tinh kh\u00f4i c\u1ee7a m\u1ed9t k\u1ef3 ngh\u1ec9 b\u00ean bi\u1ec3n, n\u01a1i m\u1ecdi c\u1ea3m x\u00fac \u0111\u1ec1u tr\u1edf n\u00ean \u0111\u00e1ng nh\u1edb.<\/p>\n","protected":false},"excerpt":{"rendered":"<p>V\u01b0\u1ee3t qua m\u1ecdi khu\u00f4n kh\u1ed5 c\u1ee7a m\u1ed9t k\u1ef3 ngh\u1ec9 th\u00f4ng th\u01b0\u1eddng, ph\u00f2ng suite h\u01b0\u1edbng bi\u1ec3n r\u1ed9ng 56m\u00b2 m\u1edf ra m\u1ed9t th\u1ebf gi\u1edbi \u0111\u1ea7y c\u1ea3m h\u1ee9ng, n\u01a1i v\u1ebb \u0111\u1eb9p v\u00e0 c\u1ea3m x\u00fac giao thoa trong t\u1eebng \u0111\u01b0\u1eddng n\u00e9t. Thi\u1ebft k\u1ebf duy\u00ean d\u00e1ng mang h\u01a1i th\u1edf \u0111\u1ecba ph\u01b0\u01a1ng, t\u00e1i hi\u1ec7n tinh th\u1ea7n l\u00e0ng ch\u00e0i Nha Trang qua [&hellip;]<\/p>\n","protected":false},"author":55,"featured_media":703,"parent":301,"menu_order":6,"comment_status":"closed","ping_status":"closed","template":"template-room.php","meta":{"footnotes":""},"categories":[25],"class_list":["post-309","page","type-page","status-publish","has-post-thumbnail","hentry","category-suite-rooms-vi"],"acf":[],"yoast_head":"<!-- This site is optimized with the Yoast SEO plugin v26.9 - https:\/\/yoast.com\/product\/yoast-seo-wordpress\/ -->\n<title>Ph\u00f2ng Suite H\u01b0\u1edbng Bi\u1ec3n | Mercure Nha Trang Beach<\/title>\n<meta name=\"description\" content=\"Ph\u00f2ng Suite H\u01b0\u1edbng Bi\u1ec3n c\u00f3 thi\u1ebft k\u1ebf m\u1edf tho\u00e1ng m\u00e1t v\u00e0 sang tr\u1ecdng. C\u00f9ng t\u1eadn h\u01b0\u1edfng ho\u00e0ng h\u00f4n l\u00e3ng m\u1ea1n cho m\u1ed9t k\u1ef3 ngh\u1ec9 d\u01b0\u1ee1ng ven bi\u1ec3n \u0111\u1ed9c \u0111\u00e1o.\" \/>\n<meta name=\"robots\" content=\"index, follow, max-snippet:-1, max-image-preview:large, max-video-preview:-1\" \/>\n<link rel=\"canonical\" href=\"https:\/\/www.mercurenhatrangbeach.com\/vi\/our-rooms\/suite-huong-bien\/\" \/>\n<meta property=\"og:locale\" content=\"vi_VN\" \/>\n<meta property=\"og:type\" content=\"article\" \/>\n<meta property=\"og:title\" content=\"Ph\u00f2ng Suite H\u01b0\u1edbng Bi\u1ec3n | Mercure Nha Trang Beach\" \/>\n<meta property=\"og:description\" content=\"Ph\u00f2ng Suite H\u01b0\u1edbng Bi\u1ec3n c\u00f3 thi\u1ebft k\u1ebf m\u1edf tho\u00e1ng m\u00e1t v\u00e0 sang tr\u1ecdng. C\u00f9ng t\u1eadn h\u01b0\u1edfng ho\u00e0ng h\u00f4n l\u00e3ng m\u1ea1n cho m\u1ed9t k\u1ef3 ngh\u1ec9 d\u01b0\u1ee1ng ven bi\u1ec3n \u0111\u1ed9c \u0111\u00e1o.\" \/>\n<meta property=\"og:url\" content=\"https:\/\/www.mercurenhatrangbeach.com\/vi\/our-rooms\/suite-huong-bien\/\" \/>\n<meta property=\"og:site_name\" content=\"Mercure Nha Trang\" \/>\n<meta property=\"article:modified_time\" content=\"2025-10-17T08:57:15+00:00\" \/>\n<meta property=\"og:image\" content=\"https:\/\/www.mercurenhatrangbeach.com\/wp-content\/uploads\/sites\/156\/2025\/09\/Luxury-Suite-room_2001_01.jpg\" \/>\n\t<meta property=\"og:image:width\" content=\"2200\" \/>\n\t<meta property=\"og:image:height\" content=\"1467\" \/>\n\t<meta property=\"og:image:type\" content=\"image\/jpeg\" \/>\n<meta name=\"twitter:card\" content=\"summary_large_image\" \/>\n<meta name=\"twitter:label1\" content=\"Est. reading time\" \/>\n\t<meta name=\"twitter:data1\" content=\"2 minutes\" \/>\n<script type=\"application\/ld+json\" class=\"yoast-schema-graph\">{\"@context\":\"https:\/\/schema.org\",\"@graph\":[{\"@type\":\"WebPage\",\"@id\":\"https:\/\/www.mercurenhatrangbeach.com\/vi\/our-rooms\/suite-huong-bien\/\",\"url\":\"https:\/\/www.mercurenhatrangbeach.com\/vi\/our-rooms\/suite-huong-bien\/\",\"name\":\"Ph\u00f2ng Suite H\u01b0\u1edbng Bi\u1ec3n | Mercure Nha Trang Beach\",\"isPartOf\":{\"@id\":\"https:\/\/www.mercurenhatrangbeach.com\/#website\"},\"primaryImageOfPage\":{\"@id\":\"https:\/\/www.mercurenhatrangbeach.com\/vi\/our-rooms\/suite-huong-bien\/#primaryimage\"},\"image\":{\"@id\":\"https:\/\/www.mercurenhatrangbeach.com\/vi\/our-rooms\/suite-huong-bien\/#primaryimage\"},\"thumbnailUrl\":\"https:\/\/www.mercurenhatrangbeach.com\/wp-content\/uploads\/sites\/156\/2025\/09\/Luxury-Suite-room_2001_01.jpg\",\"datePublished\":\"2025-07-29T03:51:45+00:00\",\"dateModified\":\"2025-10-17T08:57:15+00:00\",\"description\":\"Ph\u00f2ng Suite H\u01b0\u1edbng Bi\u1ec3n c\u00f3 thi\u1ebft k\u1ebf m\u1edf tho\u00e1ng m\u00e1t v\u00e0 sang tr\u1ecdng. C\u00f9ng t\u1eadn h\u01b0\u1edfng ho\u00e0ng h\u00f4n l\u00e3ng m\u1ea1n cho m\u1ed9t k\u1ef3 ngh\u1ec9 d\u01b0\u1ee1ng ven bi\u1ec3n \u0111\u1ed9c \u0111\u00e1o.\",\"breadcrumb\":{\"@id\":\"https:\/\/www.mercurenhatrangbeach.com\/vi\/our-rooms\/suite-huong-bien\/#breadcrumb\"},\"inLanguage\":\"vi-VN\",\"potentialAction\":[{\"@type\":\"ReadAction\",\"target\":[\"https:\/\/www.mercurenhatrangbeach.com\/vi\/our-rooms\/suite-huong-bien\/\"]}]},{\"@type\":\"ImageObject\",\"inLanguage\":\"vi-VN\",\"@id\":\"https:\/\/www.mercurenhatrangbeach.com\/vi\/our-rooms\/suite-huong-bien\/#primaryimage\",\"url\":\"https:\/\/www.mercurenhatrangbeach.com\/wp-content\/uploads\/sites\/156\/2025\/09\/Luxury-Suite-room_2001_01.jpg\",\"contentUrl\":\"https:\/\/www.mercurenhatrangbeach.com\/wp-content\/uploads\/sites\/156\/2025\/09\/Luxury-Suite-room_2001_01.jpg\",\"width\":2200,\"height\":1467,\"caption\":\"Ph\u00f2ng Suite H\u01b0\u1edbng Bi\u1ec3n\"},{\"@type\":\"BreadcrumbList\",\"@id\":\"https:\/\/www.mercurenhatrangbeach.com\/vi\/our-rooms\/suite-huong-bien\/#breadcrumb\",\"itemListElement\":[{\"@type\":\"ListItem\",\"position\":1,\"name\":\"Home\",\"item\":\"https:\/\/www.mercurenhatrangbeach.com\/vi\/\"},{\"@type\":\"ListItem\",\"position\":2,\"name\":\"Ph\u00f2ng ngh\u1ec9\",\"item\":\"https:\/\/www.mercurenhatrangbeach.com\/vi\/our-rooms\/\"},{\"@type\":\"ListItem\",\"position\":3,\"name\":\"Ph\u00f2ng Suite H\u01b0\u1edbng Bi\u1ec3n\"}]},{\"@type\":\"WebSite\",\"@id\":\"https:\/\/www.mercurenhatrangbeach.com\/#website\",\"url\":\"https:\/\/www.mercurenhatrangbeach.com\/\",\"name\":\"Mercure Nha Trang\",\"description\":\"\",\"potentialAction\":[{\"@type\":\"SearchAction\",\"target\":{\"@type\":\"EntryPoint\",\"urlTemplate\":\"https:\/\/www.mercurenhatrangbeach.com\/?s={search_term_string}\"},\"query-input\":{\"@type\":\"PropertyValueSpecification\",\"valueRequired\":true,\"valueName\":\"search_term_string\"}}],\"inLanguage\":\"vi-VN\"}]}<\/script>\n<!-- \/ Yoast SEO plugin. -->","yoast_head_json":{"title":"Ph\u00f2ng Suite H\u01b0\u1edbng Bi\u1ec3n | Mercure Nha Trang Beach","description":"Ph\u00f2ng Suite H\u01b0\u1edbng Bi\u1ec3n c\u00f3 thi\u1ebft k\u1ebf m\u1edf tho\u00e1ng m\u00e1t v\u00e0 sang tr\u1ecdng. C\u00f9ng t\u1eadn h\u01b0\u1edfng ho\u00e0ng h\u00f4n l\u00e3ng m\u1ea1n cho m\u1ed9t k\u1ef3 ngh\u1ec9 d\u01b0\u1ee1ng ven bi\u1ec3n \u0111\u1ed9c \u0111\u00e1o.","robots":{"index":"index","follow":"follow","max-snippet":"max-snippet:-1","max-image-preview":"max-image-preview:large","max-video-preview":"max-video-preview:-1"},"canonical":"https:\/\/www.mercurenhatrangbeach.com\/vi\/our-rooms\/suite-huong-bien\/","og_locale":"vi_VN","og_type":"article","og_title":"Ph\u00f2ng Suite H\u01b0\u1edbng Bi\u1ec3n | Mercure Nha Trang Beach","og_description":"Ph\u00f2ng Suite H\u01b0\u1edbng Bi\u1ec3n c\u00f3 thi\u1ebft k\u1ebf m\u1edf tho\u00e1ng m\u00e1t v\u00e0 sang tr\u1ecdng. C\u00f9ng t\u1eadn h\u01b0\u1edfng ho\u00e0ng h\u00f4n l\u00e3ng m\u1ea1n cho m\u1ed9t k\u1ef3 ngh\u1ec9 d\u01b0\u1ee1ng ven bi\u1ec3n \u0111\u1ed9c \u0111\u00e1o.","og_url":"https:\/\/www.mercurenhatrangbeach.com\/vi\/our-rooms\/suite-huong-bien\/","og_site_name":"Mercure Nha Trang","article_modified_time":"2025-10-17T08:57:15+00:00","og_image":[{"width":2200,"height":1467,"url":"https:\/\/www.mercurenhatrangbeach.com\/wp-content\/uploads\/sites\/156\/2025\/09\/Luxury-Suite-room_2001_01.jpg","type":"image\/jpeg"}],"twitter_card":"summary_large_image","twitter_misc":{"Est. reading time":"2 minutes"},"schema":{"@context":"https:\/\/schema.org","@graph":[{"@type":"WebPage","@id":"https:\/\/www.mercurenhatrangbeach.com\/vi\/our-rooms\/suite-huong-bien\/","url":"https:\/\/www.mercurenhatrangbeach.com\/vi\/our-rooms\/suite-huong-bien\/","name":"Ph\u00f2ng Suite H\u01b0\u1edbng Bi\u1ec3n | Mercure Nha Trang Beach","isPartOf":{"@id":"https:\/\/www.mercurenhatrangbeach.com\/#website"},"primaryImageOfPage":{"@id":"https:\/\/www.mercurenhatrangbeach.com\/vi\/our-rooms\/suite-huong-bien\/#primaryimage"},"image":{"@id":"https:\/\/www.mercurenhatrangbeach.com\/vi\/our-rooms\/suite-huong-bien\/#primaryimage"},"thumbnailUrl":"https:\/\/www.mercurenhatrangbeach.com\/wp-content\/uploads\/sites\/156\/2025\/09\/Luxury-Suite-room_2001_01.jpg","datePublished":"2025-07-29T03:51:45+00:00","dateModified":"2025-10-17T08:57:15+00:00","description":"Ph\u00f2ng Suite H\u01b0\u1edbng Bi\u1ec3n c\u00f3 thi\u1ebft k\u1ebf m\u1edf tho\u00e1ng m\u00e1t v\u00e0 sang tr\u1ecdng. C\u00f9ng t\u1eadn h\u01b0\u1edfng ho\u00e0ng h\u00f4n l\u00e3ng m\u1ea1n cho m\u1ed9t k\u1ef3 ngh\u1ec9 d\u01b0\u1ee1ng ven bi\u1ec3n \u0111\u1ed9c \u0111\u00e1o.","breadcrumb":{"@id":"https:\/\/www.mercurenhatrangbeach.com\/vi\/our-rooms\/suite-huong-bien\/#breadcrumb"},"inLanguage":"vi-VN","potentialAction":[{"@type":"ReadAction","target":["https:\/\/www.mercurenhatrangbeach.com\/vi\/our-rooms\/suite-huong-bien\/"]}]},{"@type":"ImageObject","inLanguage":"vi-VN","@id":"https:\/\/www.mercurenhatrangbeach.com\/vi\/our-rooms\/suite-huong-bien\/#primaryimage","url":"https:\/\/www.mercurenhatrangbeach.com\/wp-content\/uploads\/sites\/156\/2025\/09\/Luxury-Suite-room_2001_01.jpg","contentUrl":"https:\/\/www.mercurenhatrangbeach.com\/wp-content\/uploads\/sites\/156\/2025\/09\/Luxury-Suite-room_2001_01.jpg","width":2200,"height":1467,"caption":"Ph\u00f2ng Suite H\u01b0\u1edbng Bi\u1ec3n"},{"@type":"BreadcrumbList","@id":"https:\/\/www.mercurenhatrangbeach.com\/vi\/our-rooms\/suite-huong-bien\/#breadcrumb","itemListElement":[{"@type":"ListItem","position":1,"name":"Home","item":"https:\/\/www.mercurenhatrangbeach.com\/vi\/"},{"@type":"ListItem","position":2,"name":"Ph\u00f2ng ngh\u1ec9","item":"https:\/\/www.mercurenhatrangbeach.com\/vi\/our-rooms\/"},{"@type":"ListItem","position":3,"name":"Ph\u00f2ng Suite H\u01b0\u1edbng Bi\u1ec3n"}]},{"@type":"WebSite","@id":"https:\/\/www.mercurenhatrangbeach.com\/#website","url":"https:\/\/www.mercurenhatrangbeach.com\/","name":"Mercure Nha Trang","description":"","potentialAction":[{"@type":"SearchAction","target":{"@type":"EntryPoint","urlTemplate":"https:\/\/www.mercurenhatrangbeach.com\/?s={search_term_string}"},"query-input":{"@type":"PropertyValueSpecification","valueRequired":true,"valueName":"search_term_string"}}],"inLanguage":"vi-VN"}]}},"_links":{"self":[{"href":"https:\/\/www.mercurenhatrangbeach.com\/vi\/wp-json\/wp\/v2\/pages\/309","targetHints":{"allow":["GET"]}}],"collection":[{"href":"https:\/\/www.mercurenhatrangbeach.com\/vi\/wp-json\/wp\/v2\/pages"}],"about":[{"href":"https:\/\/www.mercurenhatrangbeach.com\/vi\/wp-json\/wp\/v2\/types\/page"}],"author":[{"embeddable":true,"href":"https:\/\/www.mercurenhatrangbeach.com\/vi\/wp-json\/wp\/v2\/users\/55"}],"replies":[{"embeddable":true,"href":"https:\/\/www.mercurenhatrangbeach.com\/vi\/wp-json\/wp\/v2\/comments?post=309"}],"version-history":[{"count":0,"href":"https:\/\/www.mercurenhatrangbeach.com\/vi\/wp-json\/wp\/v2\/pages\/309\/revisions"}],"up":[{"embeddable":true,"href":"https:\/\/www.mercurenhatrangbeach.com\/vi\/wp-json\/wp\/v2\/pages\/301"}],"wp:featuredmedia":[{"embeddable":true,"href":"https:\/\/www.mercurenhatrangbeach.com\/vi\/wp-json\/wp\/v2\/media\/703"}],"wp:attachment":[{"href":"https:\/\/www.mercurenhatrangbeach.com\/vi\/wp-json\/wp\/v2\/media?parent=309"}],"wp:term":[{"taxonomy":"category","embeddable":true,"href":"https:\/\/www.mercurenhatrangbeach.com\/vi\/wp-json\/wp\/v2\/categories?post=309"}],"curies":[{"name":"wp","href":"https:\/\/api.w.org\/{rel}","templated":true}]}}