{"id":310,"date":"2025-07-29T07:16:54","date_gmt":"2025-07-29T07:16:54","guid":{"rendered":"https:\/\/mercurenhatrang.accorv2prod.decms.eu\/restaurant-bar\/"},"modified":"2025-10-17T09:04:28","modified_gmt":"2025-10-17T09:04:28","slug":"restaurant-bar","status":"publish","type":"page","link":"https:\/\/www.mercurenhatrangbeach.com\/vi\/restaurant-bar\/","title":{"rendered":"Nh\u00e0 h\u00e0ng &amp; Qu\u1ea7y Bar"},"content":{"rendered":"<p style=\"text-align: center\">Th\u01b0\u1edfng v\u1ecb th\u1ebf gi\u1edbi, kh\u00e1m ph\u00e1 tinh hoa \u1ea9m th\u1ef1c t\u1ea1i <strong>nh\u00e0 h\u00e0ng t\u1ea1i Nha Trang<\/strong> ngon nh\u1ea5t, v\u00e0 s\u1ed1ng nh\u01b0 m\u1ed9t ng\u01b0\u1eddi b\u1ea3n x\u1ee9 c\u00f9ng Mercure Nha Trang Beach.<\/p>\n<p style=\"text-align: center\">\u1ea8m th\u1ef1c kh\u00f4ng ch\u1ec9 l\u00e0 m\u00f3n \u0103n m\u00e0 \u0111\u00f3 c\u00f2n l\u00e0 m\u1ed9t h\u00e0nh tr\u00ecnh, m\u1ed9t ng\u00f4n ng\u1eef kh\u00f4ng l\u1eddi m\u1edf ra c\u00e1nh c\u1eeda v\u0103n h\u00f3a c\u1ee7a v\u00f9ng \u0111\u1ea5t m\u1edbi. T\u1ea1i Mercure Nha Trang Beach, ch\u00fang t\u00f4i \u0111\u01b0a th\u1ef1c kh\u00e1ch v\u00e0o chuy\u1ebfn phi\u00eau l\u01b0u v\u1ecb gi\u00e1c b\u1eb1ng nh\u1eefng nguy\u00ean li\u1ec7u t\u01b0\u01a1i ngon theo m\u00f9a, \u0111\u01b0\u1ee3c tuy\u1ec3n ch\u1ecdn t\u1eeb ch\u00ednh m\u1ea3nh \u0111\u1ea5t Kh\u00e1nh H\u00f2a \u0111\u1ea7y n\u1eafng gi\u00f3. Ch\u01b0\u01a1ng tr\u00ecnh \u201cDiscover Local\u201d l\u00e0 tr\u00e1i tim c\u1ee7a h\u00e0nh tr\u00ecnh \u1ea5y, n\u01a1i \u0111am m\u00ea v\u1edbi nh\u1eefng kh\u00e1m ph\u00e1 \u1ea9m th\u1ef1c \u0111\u1ecba ph\u01b0\u01a1ng \u0111\u01b0\u1ee3c th\u1ed5i h\u1ed3n trong t\u1eebng m\u00f3n \u0103n, t\u1eebng c\u00e2u chuy\u1ec7n v\u00e0 t\u1eebng tr\u1ea3i nghi\u1ec7m.<\/p>\n<p style=\"text-align: center\">D\u00e0nh cho nh\u1eefng t\u00e2m h\u1ed3n \u0111am m\u00ea \u1ea9m th\u1ef1c, h\u00e3y \u0111\u1ec3 v\u1ecb gi\u00e1c d\u1eabn l\u1ed1i qua nh\u1eefng c\u00f4ng th\u1ee9c ch\u00e2n th\u1eadt, nh\u1eefng bi\u1ebfn t\u1ea5u th\u00fa v\u1ecb c\u1ee7a \u0111\u1eb7c s\u1ea3n b\u1ea3n \u0111\u1ecba, nh\u1eefng cu\u1ed9c g\u1eb7p g\u1ee1 v\u1edbi nh\u00e0 s\u1ea3n xu\u1ea5t \u0111\u1ecba ph\u01b0\u01a1ng v\u00e0 nh\u1eefng g\u1ee3i \u00fd n\u01a1i \u0103n chu\u1ea9n gu d\u00e2n b\u1ea3n x\u1ee9 \u0111\u1ec3 m\u1ed7i b\u1eefa \u0103n t\u1ea1i <strong><a href=\"https:\/\/www.mercurenhatrangbeach.com\/vi\/\" target=\"_blank\" rel=\"noopener\">Mercure Nha Trang Beach<\/a><\/strong> l\u00e0 m\u1ed9t h\u00e0nh tr\u00ecnh \u0111\u00e1ng nh\u1edb.<\/p>\n<p style=\"text-align: center\">Ch\u00fang t\u00f4i kh\u01a1i ngu\u1ed3n c\u1ea3m h\u1ee9ng t\u1eeb kho t\u00e0ng \u1ea9m th\u1ef1c \u0111\u1ecba ph\u01b0\u01a1ng t\u1eeb nh\u1eefng l\u00e0ng ch\u00e0i r\u1ed9n r\u00e0ng b\u00ecnh minh, nh\u1eefng m\u00f3n h\u1ea3i s\u1ea3n t\u01b0\u01a1i r\u00f3i, th\u1ea3o m\u1ed9c \u0111\u1eadm v\u1ecb \u0111\u1ea5t tr\u1eddi, cho \u0111\u1ebfn ngh\u1ec7 thu\u1eadt th\u01b0\u1edfng th\u1ee9c \u0111\u1ed3 u\u1ed1ng t\u1ea1i qu\u1ea7y Bay View bar, n\u01a1i m\u1ed7i ly r\u01b0\u1ee3u l\u00e0 m\u1ed9t c\u00e2u chuy\u1ec7n \u0111\u01b0\u1ee3c k\u1ec3 b\u1eb1ng h\u01b0\u01a1ng v\u00e0 s\u1eafc.<\/p>\n<p style=\"text-align: center\"><strong>C\u00f9ng nh\u00e0 h\u00e0ng t\u1ea1i Nha Trang c\u1ee7a ch\u00fang t\u00f4i th\u1ee9c t\u1ec9nh v\u1ecb gi\u00e1c, th\u0103ng hoa c\u1ea3m x\u00fac!<\/strong><\/p>\n","protected":false},"excerpt":{"rendered":"<p>Th\u01b0\u1edfng v\u1ecb th\u1ebf gi\u1edbi, kh\u00e1m ph\u00e1 tinh hoa \u1ea9m th\u1ef1c t\u1ea1i nh\u00e0 h\u00e0ng t\u1ea1i Nha Trang ngon nh\u1ea5t, v\u00e0 s\u1ed1ng nh\u01b0 m\u1ed9t ng\u01b0\u1eddi b\u1ea3n x\u1ee9 c\u00f9ng Mercure Nha Trang Beach. \u1ea8m th\u1ef1c kh\u00f4ng ch\u1ec9 l\u00e0 m\u00f3n \u0103n m\u00e0 \u0111\u00f3 c\u00f2n l\u00e0 m\u1ed9t h\u00e0nh tr\u00ecnh, m\u1ed9t ng\u00f4n ng\u1eef kh\u00f4ng l\u1eddi m\u1edf ra c\u00e1nh c\u1eeda v\u0103n h\u00f3a [&hellip;]<\/p>\n","protected":false},"author":55,"featured_media":78,"parent":0,"menu_order":0,"comment_status":"closed","ping_status":"closed","template":"template-restaurants.php","meta":{"footnotes":""},"categories":[],"class_list":["post-310","page","type-page","status-publish","has-post-thumbnail","hentry"],"acf":[],"yoast_head":"<!-- This site is optimized with the Yoast SEO plugin v26.9 - https:\/\/yoast.com\/product\/yoast-seo-wordpress\/ -->\n<title>Nh\u00e0 h\u00e0ng t\u1ea1i Nha Trang | H\u01b0\u01a1ng v\u1ecb \u0111\u1ecba ph\u01b0\u01a1ng t\u1ea1i Mercure<\/title>\n<meta name=\"description\" content=\"Tr\u1ea3i nghi\u1ec7m nh\u00e0 h\u00e0ng t\u1ea1i Nha Trang tuy\u1ec7t nh\u1ea5t c\u00f9ng Mercure. Th\u01b0\u1edfng th\u1ee9c nh\u1eefng c\u00e2u chuy\u1ec7n \u1ea9m th\u1ef1c h\u1ea5p d\u1eabn b\u00ean b\u1edd bi\u1ec3n. \u0110\u1eb7t b\u00e0n ngay!\" \/>\n<meta name=\"robots\" content=\"index, follow, max-snippet:-1, max-image-preview:large, max-video-preview:-1\" \/>\n<link rel=\"canonical\" href=\"https:\/\/www.mercurenhatrangbeach.com\/vi\/restaurant-bar\/\" \/>\n<meta property=\"og:locale\" content=\"vi_VN\" \/>\n<meta property=\"og:type\" content=\"article\" \/>\n<meta property=\"og:title\" content=\"Nh\u00e0 h\u00e0ng t\u1ea1i Nha Trang | H\u01b0\u01a1ng v\u1ecb \u0111\u1ecba ph\u01b0\u01a1ng t\u1ea1i Mercure\" \/>\n<meta property=\"og:description\" content=\"Tr\u1ea3i nghi\u1ec7m nh\u00e0 h\u00e0ng t\u1ea1i Nha Trang tuy\u1ec7t nh\u1ea5t c\u00f9ng Mercure. Th\u01b0\u1edfng th\u1ee9c nh\u1eefng c\u00e2u chuy\u1ec7n \u1ea9m th\u1ef1c h\u1ea5p d\u1eabn b\u00ean b\u1edd bi\u1ec3n. \u0110\u1eb7t b\u00e0n ngay!\" \/>\n<meta property=\"og:url\" content=\"https:\/\/www.mercurenhatrangbeach.com\/vi\/restaurant-bar\/\" \/>\n<meta property=\"og:site_name\" content=\"Mercure Nha Trang\" \/>\n<meta property=\"article:modified_time\" content=\"2025-10-17T09:04:28+00:00\" \/>\n<meta property=\"og:image\" content=\"https:\/\/www.mercurenhatrangbeach.com\/wp-content\/uploads\/sites\/156\/2025\/07\/Tathik-Restaurant-4.jpg\" \/>\n\t<meta property=\"og:image:width\" content=\"1800\" \/>\n\t<meta property=\"og:image:height\" content=\"1200\" \/>\n\t<meta property=\"og:image:type\" content=\"image\/jpeg\" \/>\n<meta name=\"twitter:card\" content=\"summary_large_image\" \/>\n<meta name=\"twitter:label1\" content=\"Est. reading time\" \/>\n\t<meta name=\"twitter:data1\" content=\"2 minutes\" \/>\n<script type=\"application\/ld+json\" class=\"yoast-schema-graph\">{\"@context\":\"https:\/\/schema.org\",\"@graph\":[{\"@type\":\"WebPage\",\"@id\":\"https:\/\/www.mercurenhatrangbeach.com\/vi\/restaurant-bar\/\",\"url\":\"https:\/\/www.mercurenhatrangbeach.com\/vi\/restaurant-bar\/\",\"name\":\"Nh\u00e0 h\u00e0ng t\u1ea1i Nha Trang | H\u01b0\u01a1ng v\u1ecb \u0111\u1ecba ph\u01b0\u01a1ng t\u1ea1i Mercure\",\"isPartOf\":{\"@id\":\"https:\/\/www.mercurenhatrangbeach.com\/#website\"},\"primaryImageOfPage\":{\"@id\":\"https:\/\/www.mercurenhatrangbeach.com\/vi\/restaurant-bar\/#primaryimage\"},\"image\":{\"@id\":\"https:\/\/www.mercurenhatrangbeach.com\/vi\/restaurant-bar\/#primaryimage\"},\"thumbnailUrl\":\"https:\/\/www.mercurenhatrangbeach.com\/wp-content\/uploads\/sites\/156\/2025\/07\/Tathik-Restaurant-4.jpg\",\"datePublished\":\"2025-07-29T07:16:54+00:00\",\"dateModified\":\"2025-10-17T09:04:28+00:00\",\"description\":\"Tr\u1ea3i nghi\u1ec7m nh\u00e0 h\u00e0ng t\u1ea1i Nha Trang tuy\u1ec7t nh\u1ea5t c\u00f9ng Mercure. Th\u01b0\u1edfng th\u1ee9c nh\u1eefng c\u00e2u chuy\u1ec7n \u1ea9m th\u1ef1c h\u1ea5p d\u1eabn b\u00ean b\u1edd bi\u1ec3n. \u0110\u1eb7t b\u00e0n ngay!\",\"breadcrumb\":{\"@id\":\"https:\/\/www.mercurenhatrangbeach.com\/vi\/restaurant-bar\/#breadcrumb\"},\"inLanguage\":\"vi-VN\",\"potentialAction\":[{\"@type\":\"ReadAction\",\"target\":[\"https:\/\/www.mercurenhatrangbeach.com\/vi\/restaurant-bar\/\"]}]},{\"@type\":\"ImageObject\",\"inLanguage\":\"vi-VN\",\"@id\":\"https:\/\/www.mercurenhatrangbeach.com\/vi\/restaurant-bar\/#primaryimage\",\"url\":\"https:\/\/www.mercurenhatrangbeach.com\/wp-content\/uploads\/sites\/156\/2025\/07\/Tathik-Restaurant-4.jpg\",\"contentUrl\":\"https:\/\/www.mercurenhatrangbeach.com\/wp-content\/uploads\/sites\/156\/2025\/07\/Tathik-Restaurant-4.jpg\",\"width\":1800,\"height\":1200,\"caption\":\"nh\u00e0 h\u00e0ng t\u1ea1i Nha Trang\"},{\"@type\":\"BreadcrumbList\",\"@id\":\"https:\/\/www.mercurenhatrangbeach.com\/vi\/restaurant-bar\/#breadcrumb\",\"itemListElement\":[{\"@type\":\"ListItem\",\"position\":1,\"name\":\"Home\",\"item\":\"https:\/\/www.mercurenhatrangbeach.com\/vi\/\"},{\"@type\":\"ListItem\",\"position\":2,\"name\":\"Nh\u00e0 h\u00e0ng &amp; Qu\u1ea7y Bar\"}]},{\"@type\":\"WebSite\",\"@id\":\"https:\/\/www.mercurenhatrangbeach.com\/#website\",\"url\":\"https:\/\/www.mercurenhatrangbeach.com\/\",\"name\":\"Mercure Nha Trang\",\"description\":\"\",\"potentialAction\":[{\"@type\":\"SearchAction\",\"target\":{\"@type\":\"EntryPoint\",\"urlTemplate\":\"https:\/\/www.mercurenhatrangbeach.com\/?s={search_term_string}\"},\"query-input\":{\"@type\":\"PropertyValueSpecification\",\"valueRequired\":true,\"valueName\":\"search_term_string\"}}],\"inLanguage\":\"vi-VN\"}]}<\/script>\n<!-- \/ Yoast SEO plugin. -->","yoast_head_json":{"title":"Nh\u00e0 h\u00e0ng t\u1ea1i Nha Trang | H\u01b0\u01a1ng v\u1ecb \u0111\u1ecba ph\u01b0\u01a1ng t\u1ea1i Mercure","description":"Tr\u1ea3i nghi\u1ec7m nh\u00e0 h\u00e0ng t\u1ea1i Nha Trang tuy\u1ec7t nh\u1ea5t c\u00f9ng Mercure. Th\u01b0\u1edfng th\u1ee9c nh\u1eefng c\u00e2u chuy\u1ec7n \u1ea9m th\u1ef1c h\u1ea5p d\u1eabn b\u00ean b\u1edd bi\u1ec3n. \u0110\u1eb7t b\u00e0n ngay!","robots":{"index":"index","follow":"follow","max-snippet":"max-snippet:-1","max-image-preview":"max-image-preview:large","max-video-preview":"max-video-preview:-1"},"canonical":"https:\/\/www.mercurenhatrangbeach.com\/vi\/restaurant-bar\/","og_locale":"vi_VN","og_type":"article","og_title":"Nh\u00e0 h\u00e0ng t\u1ea1i Nha Trang | H\u01b0\u01a1ng v\u1ecb \u0111\u1ecba ph\u01b0\u01a1ng t\u1ea1i Mercure","og_description":"Tr\u1ea3i nghi\u1ec7m nh\u00e0 h\u00e0ng t\u1ea1i Nha Trang tuy\u1ec7t nh\u1ea5t c\u00f9ng Mercure. Th\u01b0\u1edfng th\u1ee9c nh\u1eefng c\u00e2u chuy\u1ec7n \u1ea9m th\u1ef1c h\u1ea5p d\u1eabn b\u00ean b\u1edd bi\u1ec3n. \u0110\u1eb7t b\u00e0n ngay!","og_url":"https:\/\/www.mercurenhatrangbeach.com\/vi\/restaurant-bar\/","og_site_name":"Mercure Nha Trang","article_modified_time":"2025-10-17T09:04:28+00:00","og_image":[{"width":1800,"height":1200,"url":"https:\/\/www.mercurenhatrangbeach.com\/wp-content\/uploads\/sites\/156\/2025\/07\/Tathik-Restaurant-4.jpg","type":"image\/jpeg"}],"twitter_card":"summary_large_image","twitter_misc":{"Est. reading time":"2 minutes"},"schema":{"@context":"https:\/\/schema.org","@graph":[{"@type":"WebPage","@id":"https:\/\/www.mercurenhatrangbeach.com\/vi\/restaurant-bar\/","url":"https:\/\/www.mercurenhatrangbeach.com\/vi\/restaurant-bar\/","name":"Nh\u00e0 h\u00e0ng t\u1ea1i Nha Trang | H\u01b0\u01a1ng v\u1ecb \u0111\u1ecba ph\u01b0\u01a1ng t\u1ea1i Mercure","isPartOf":{"@id":"https:\/\/www.mercurenhatrangbeach.com\/#website"},"primaryImageOfPage":{"@id":"https:\/\/www.mercurenhatrangbeach.com\/vi\/restaurant-bar\/#primaryimage"},"image":{"@id":"https:\/\/www.mercurenhatrangbeach.com\/vi\/restaurant-bar\/#primaryimage"},"thumbnailUrl":"https:\/\/www.mercurenhatrangbeach.com\/wp-content\/uploads\/sites\/156\/2025\/07\/Tathik-Restaurant-4.jpg","datePublished":"2025-07-29T07:16:54+00:00","dateModified":"2025-10-17T09:04:28+00:00","description":"Tr\u1ea3i nghi\u1ec7m nh\u00e0 h\u00e0ng t\u1ea1i Nha Trang tuy\u1ec7t nh\u1ea5t c\u00f9ng Mercure. Th\u01b0\u1edfng th\u1ee9c nh\u1eefng c\u00e2u chuy\u1ec7n \u1ea9m th\u1ef1c h\u1ea5p d\u1eabn b\u00ean b\u1edd bi\u1ec3n. \u0110\u1eb7t b\u00e0n ngay!","breadcrumb":{"@id":"https:\/\/www.mercurenhatrangbeach.com\/vi\/restaurant-bar\/#breadcrumb"},"inLanguage":"vi-VN","potentialAction":[{"@type":"ReadAction","target":["https:\/\/www.mercurenhatrangbeach.com\/vi\/restaurant-bar\/"]}]},{"@type":"ImageObject","inLanguage":"vi-VN","@id":"https:\/\/www.mercurenhatrangbeach.com\/vi\/restaurant-bar\/#primaryimage","url":"https:\/\/www.mercurenhatrangbeach.com\/wp-content\/uploads\/sites\/156\/2025\/07\/Tathik-Restaurant-4.jpg","contentUrl":"https:\/\/www.mercurenhatrangbeach.com\/wp-content\/uploads\/sites\/156\/2025\/07\/Tathik-Restaurant-4.jpg","width":1800,"height":1200,"caption":"nh\u00e0 h\u00e0ng t\u1ea1i Nha Trang"},{"@type":"BreadcrumbList","@id":"https:\/\/www.mercurenhatrangbeach.com\/vi\/restaurant-bar\/#breadcrumb","itemListElement":[{"@type":"ListItem","position":1,"name":"Home","item":"https:\/\/www.mercurenhatrangbeach.com\/vi\/"},{"@type":"ListItem","position":2,"name":"Nh\u00e0 h\u00e0ng &amp; Qu\u1ea7y Bar"}]},{"@type":"WebSite","@id":"https:\/\/www.mercurenhatrangbeach.com\/#website","url":"https:\/\/www.mercurenhatrangbeach.com\/","name":"Mercure Nha Trang","description":"","potentialAction":[{"@type":"SearchAction","target":{"@type":"EntryPoint","urlTemplate":"https:\/\/www.mercurenhatrangbeach.com\/?s={search_term_string}"},"query-input":{"@type":"PropertyValueSpecification","valueRequired":true,"valueName":"search_term_string"}}],"inLanguage":"vi-VN"}]}},"_links":{"self":[{"href":"https:\/\/www.mercurenhatrangbeach.com\/vi\/wp-json\/wp\/v2\/pages\/310","targetHints":{"allow":["GET"]}}],"collection":[{"href":"https:\/\/www.mercurenhatrangbeach.com\/vi\/wp-json\/wp\/v2\/pages"}],"about":[{"href":"https:\/\/www.mercurenhatrangbeach.com\/vi\/wp-json\/wp\/v2\/types\/page"}],"author":[{"embeddable":true,"href":"https:\/\/www.mercurenhatrangbeach.com\/vi\/wp-json\/wp\/v2\/users\/55"}],"replies":[{"embeddable":true,"href":"https:\/\/www.mercurenhatrangbeach.com\/vi\/wp-json\/wp\/v2\/comments?post=310"}],"version-history":[{"count":0,"href":"https:\/\/www.mercurenhatrangbeach.com\/vi\/wp-json\/wp\/v2\/pages\/310\/revisions"}],"wp:featuredmedia":[{"embeddable":true,"href":"https:\/\/www.mercurenhatrangbeach.com\/vi\/wp-json\/wp\/v2\/media\/78"}],"wp:attachment":[{"href":"https:\/\/www.mercurenhatrangbeach.com\/vi\/wp-json\/wp\/v2\/media?parent=310"}],"wp:term":[{"taxonomy":"category","embeddable":true,"href":"https:\/\/www.mercurenhatrangbeach.com\/vi\/wp-json\/wp\/v2\/categories?post=310"}],"curies":[{"name":"wp","href":"https:\/\/api.w.org\/{rel}","templated":true}]}}