{"id":311,"date":"2025-07-29T07:31:23","date_gmt":"2025-07-29T07:31:23","guid":{"rendered":"https:\/\/mercurenhatrang.accorv2prod.decms.eu\/restaurant-bar\/bay-view-bar\/"},"modified":"2025-10-17T09:59:53","modified_gmt":"2025-10-17T09:59:53","slug":"bay-view-bar","status":"publish","type":"page","link":"https:\/\/www.mercurenhatrangbeach.com\/vi\/restaurant-bar\/bay-view-bar\/","title":{"rendered":"Qu\u1ea7y Bar Bay View"},"content":{"rendered":"<p style=\"text-align: center\">T\u1ea1i <strong>qu\u1ea7y Bar Bay View<\/strong>, m\u1ed7i ly n\u01b0\u1edbc l\u00e0 m\u1ed9t c\u00e2u chuy\u1ec7n \u0111\u01b0\u1ee3c k\u1ec3 b\u1eb1ng h\u01b0\u01a1ng v\u1ecb; t\u1eeb nh\u1eefng ly cocktail \u0111\u01b0\u1ee3c ch\u01b0ng c\u1ea5t c\u00f9ng th\u1ea3o m\u1ed9c t\u01b0\u01a1i h\u00e1i t\u1eeb khu v\u01b0\u1eddn ri\u00eang, \u0111\u1ebfn nh\u1eefng lo\u1ea1i r\u01b0\u1ee3u b\u1ea3n \u0111\u1ecba \u1ea9n ch\u1ee9a bao \u0111i\u1ec1u huy\u1ec1n tho\u1ea1i. Ch\u00fang t\u00f4i m\u1eddi b\u1ea1n nh\u1ea5p m\u00f4i, c\u1ea3m nh\u1eadn, v\u00e0 chia s\u1ebb nh\u1eefng ph\u00fat gi\u00e2y ng\u1ecdt ng\u00e0o b\u00ean ng\u01b0\u1eddi th\u00e2n v\u00e0 b\u1ea1n b\u00e8, n\u01a1i m\u1ecdi kho\u1ea3nh kh\u1eafc \u0111\u1ec1u tr\u1edf n\u00ean \u0111\u00e1ng nh\u1edb.<\/p>\n<p style=\"text-align: center\">\u0110\u00e2y l\u00e0 kh\u00f4ng gian l\u00fd t\u01b0\u1edfng \u0111\u1ec3 b\u1ea1n th\u1ea3 m\u00ecnh th\u01b0 gi\u00e3n, thinh l\u1eb7ng t\u1eadn h\u01b0\u1edfng l\u00e0n gi\u00f3 bi\u1ec3n tho\u1ea3ng qua, b\u00ean \u00e2m thanh \u00eam d\u1ecbu c\u1ee7a nh\u1eefng b\u1ea3n nh\u1ea1c s\u1ed1ng &#8211; nh\u01b0 m\u1ed9t b\u1ea3n t\u00ecnh ca kh\u1ebd ru t\u00e2m h\u1ed3n<\/p>\n","protected":false},"excerpt":{"rendered":"<p>T\u1ea1i qu\u1ea7y Bar Bay View, m\u1ed7i ly n\u01b0\u1edbc l\u00e0 m\u1ed9t c\u00e2u chuy\u1ec7n \u0111\u01b0\u1ee3c k\u1ec3 b\u1eb1ng h\u01b0\u01a1ng v\u1ecb; t\u1eeb nh\u1eefng ly cocktail \u0111\u01b0\u1ee3c ch\u01b0ng c\u1ea5t c\u00f9ng th\u1ea3o m\u1ed9c t\u01b0\u01a1i h\u00e1i t\u1eeb khu v\u01b0\u1eddn ri\u00eang, \u0111\u1ebfn nh\u1eefng lo\u1ea1i r\u01b0\u1ee3u b\u1ea3n \u0111\u1ecba \u1ea9n ch\u1ee9a bao \u0111i\u1ec1u huy\u1ec1n tho\u1ea1i. Ch\u00fang t\u00f4i m\u1eddi b\u1ea1n nh\u1ea5p m\u00f4i, c\u1ea3m nh\u1eadn, v\u00e0 chia [&hellip;]<\/p>\n","protected":false},"author":55,"featured_media":718,"parent":310,"menu_order":0,"comment_status":"closed","ping_status":"closed","template":"template-restaurant.php","meta":{"footnotes":""},"categories":[],"class_list":["post-311","page","type-page","status-publish","has-post-thumbnail","hentry"],"acf":[],"yoast_head":"<!-- This site is optimized with the Yoast SEO plugin v26.9 - https:\/\/yoast.com\/product\/yoast-seo-wordpress\/ -->\n<title>Qu\u1ea7y Bar Bay View | Kh\u00f4ng gian l\u00fd t\u01b0\u1edfng \u0111\u1ec3 b\u1ea1n th\u1ea3 m\u00ecnh th\u01b0 gi\u00e3n<\/title>\n<meta name=\"description\" content=\"Bay View Bar k\u1ebft h\u1ee3p nh\u1eefng ly cocktail th\u1ee7 c\u00f4ng v\u1edbi t\u1ea7m nh\u00ecn ngo\u1ea1n m\u1ee5c ra bi\u1ec3n. Kh\u00f4ng gian l\u00fd t\u01b0\u1edfng \u0111\u1ec3 b\u1ea1n th\u1ea3 m\u00ecnh th\u01b0 gi\u00e3n.\" \/>\n<meta name=\"robots\" content=\"index, follow, max-snippet:-1, max-image-preview:large, max-video-preview:-1\" \/>\n<link rel=\"canonical\" href=\"https:\/\/www.mercurenhatrangbeach.com\/vi\/restaurant-bar\/bay-view-bar\/\" \/>\n<meta property=\"og:locale\" content=\"vi_VN\" \/>\n<meta property=\"og:type\" content=\"article\" \/>\n<meta property=\"og:title\" content=\"Qu\u1ea7y Bar Bay View | Kh\u00f4ng gian l\u00fd t\u01b0\u1edfng \u0111\u1ec3 b\u1ea1n th\u1ea3 m\u00ecnh th\u01b0 gi\u00e3n\" \/>\n<meta property=\"og:description\" content=\"Bay View Bar k\u1ebft h\u1ee3p nh\u1eefng ly cocktail th\u1ee7 c\u00f4ng v\u1edbi t\u1ea7m nh\u00ecn ngo\u1ea1n m\u1ee5c ra bi\u1ec3n. Kh\u00f4ng gian l\u00fd t\u01b0\u1edfng \u0111\u1ec3 b\u1ea1n th\u1ea3 m\u00ecnh th\u01b0 gi\u00e3n.\" \/>\n<meta property=\"og:url\" content=\"https:\/\/www.mercurenhatrangbeach.com\/vi\/restaurant-bar\/bay-view-bar\/\" \/>\n<meta property=\"og:site_name\" content=\"Mercure Nha Trang\" \/>\n<meta property=\"article:modified_time\" content=\"2025-10-17T09:59:53+00:00\" \/>\n<meta property=\"og:image\" content=\"https:\/\/www.mercurenhatrangbeach.com\/wp-content\/uploads\/sites\/156\/2025\/09\/Bay-View-bar.jpg\" \/>\n\t<meta property=\"og:image:width\" content=\"2200\" \/>\n\t<meta property=\"og:image:height\" content=\"1467\" \/>\n\t<meta property=\"og:image:type\" content=\"image\/jpeg\" \/>\n<meta name=\"twitter:card\" content=\"summary_large_image\" \/>\n<meta name=\"twitter:label1\" content=\"Est. reading time\" \/>\n\t<meta name=\"twitter:data1\" content=\"1 minute\" \/>\n<script type=\"application\/ld+json\" class=\"yoast-schema-graph\">{\"@context\":\"https:\/\/schema.org\",\"@graph\":[{\"@type\":\"WebPage\",\"@id\":\"https:\/\/www.mercurenhatrangbeach.com\/vi\/restaurant-bar\/bay-view-bar\/\",\"url\":\"https:\/\/www.mercurenhatrangbeach.com\/vi\/restaurant-bar\/bay-view-bar\/\",\"name\":\"Qu\u1ea7y Bar Bay View | Kh\u00f4ng gian l\u00fd t\u01b0\u1edfng \u0111\u1ec3 b\u1ea1n th\u1ea3 m\u00ecnh th\u01b0 gi\u00e3n\",\"isPartOf\":{\"@id\":\"https:\/\/www.mercurenhatrangbeach.com\/#website\"},\"primaryImageOfPage\":{\"@id\":\"https:\/\/www.mercurenhatrangbeach.com\/vi\/restaurant-bar\/bay-view-bar\/#primaryimage\"},\"image\":{\"@id\":\"https:\/\/www.mercurenhatrangbeach.com\/vi\/restaurant-bar\/bay-view-bar\/#primaryimage\"},\"thumbnailUrl\":\"https:\/\/www.mercurenhatrangbeach.com\/wp-content\/uploads\/sites\/156\/2025\/09\/Bay-View-bar.jpg\",\"datePublished\":\"2025-07-29T07:31:23+00:00\",\"dateModified\":\"2025-10-17T09:59:53+00:00\",\"description\":\"Bay View Bar k\u1ebft h\u1ee3p nh\u1eefng ly cocktail th\u1ee7 c\u00f4ng v\u1edbi t\u1ea7m nh\u00ecn ngo\u1ea1n m\u1ee5c ra bi\u1ec3n. Kh\u00f4ng gian l\u00fd t\u01b0\u1edfng \u0111\u1ec3 b\u1ea1n th\u1ea3 m\u00ecnh th\u01b0 gi\u00e3n.\",\"breadcrumb\":{\"@id\":\"https:\/\/www.mercurenhatrangbeach.com\/vi\/restaurant-bar\/bay-view-bar\/#breadcrumb\"},\"inLanguage\":\"vi-VN\",\"potentialAction\":[{\"@type\":\"ReadAction\",\"target\":[\"https:\/\/www.mercurenhatrangbeach.com\/vi\/restaurant-bar\/bay-view-bar\/\"]}]},{\"@type\":\"ImageObject\",\"inLanguage\":\"vi-VN\",\"@id\":\"https:\/\/www.mercurenhatrangbeach.com\/vi\/restaurant-bar\/bay-view-bar\/#primaryimage\",\"url\":\"https:\/\/www.mercurenhatrangbeach.com\/wp-content\/uploads\/sites\/156\/2025\/09\/Bay-View-bar.jpg\",\"contentUrl\":\"https:\/\/www.mercurenhatrangbeach.com\/wp-content\/uploads\/sites\/156\/2025\/09\/Bay-View-bar.jpg\",\"width\":2200,\"height\":1467,\"caption\":\"qu\u1ea7y Bar Bay View\"},{\"@type\":\"BreadcrumbList\",\"@id\":\"https:\/\/www.mercurenhatrangbeach.com\/vi\/restaurant-bar\/bay-view-bar\/#breadcrumb\",\"itemListElement\":[{\"@type\":\"ListItem\",\"position\":1,\"name\":\"Home\",\"item\":\"https:\/\/www.mercurenhatrangbeach.com\/vi\/\"},{\"@type\":\"ListItem\",\"position\":2,\"name\":\"Nh\u00e0 h\u00e0ng &amp; Qu\u1ea7y Bar\",\"item\":\"https:\/\/www.mercurenhatrangbeach.com\/vi\/restaurant-bar\/\"},{\"@type\":\"ListItem\",\"position\":3,\"name\":\"Qu\u1ea7y Bar Bay View\"}]},{\"@type\":\"WebSite\",\"@id\":\"https:\/\/www.mercurenhatrangbeach.com\/#website\",\"url\":\"https:\/\/www.mercurenhatrangbeach.com\/\",\"name\":\"Mercure Nha Trang\",\"description\":\"\",\"potentialAction\":[{\"@type\":\"SearchAction\",\"target\":{\"@type\":\"EntryPoint\",\"urlTemplate\":\"https:\/\/www.mercurenhatrangbeach.com\/?s={search_term_string}\"},\"query-input\":{\"@type\":\"PropertyValueSpecification\",\"valueRequired\":true,\"valueName\":\"search_term_string\"}}],\"inLanguage\":\"vi-VN\"}]}<\/script>\n<!-- \/ Yoast SEO plugin. -->","yoast_head_json":{"title":"Qu\u1ea7y Bar Bay View | Kh\u00f4ng gian l\u00fd t\u01b0\u1edfng \u0111\u1ec3 b\u1ea1n th\u1ea3 m\u00ecnh th\u01b0 gi\u00e3n","description":"Bay View Bar k\u1ebft h\u1ee3p nh\u1eefng ly cocktail th\u1ee7 c\u00f4ng v\u1edbi t\u1ea7m nh\u00ecn ngo\u1ea1n m\u1ee5c ra bi\u1ec3n. Kh\u00f4ng gian l\u00fd t\u01b0\u1edfng \u0111\u1ec3 b\u1ea1n th\u1ea3 m\u00ecnh th\u01b0 gi\u00e3n.","robots":{"index":"index","follow":"follow","max-snippet":"max-snippet:-1","max-image-preview":"max-image-preview:large","max-video-preview":"max-video-preview:-1"},"canonical":"https:\/\/www.mercurenhatrangbeach.com\/vi\/restaurant-bar\/bay-view-bar\/","og_locale":"vi_VN","og_type":"article","og_title":"Qu\u1ea7y Bar Bay View | Kh\u00f4ng gian l\u00fd t\u01b0\u1edfng \u0111\u1ec3 b\u1ea1n th\u1ea3 m\u00ecnh th\u01b0 gi\u00e3n","og_description":"Bay View Bar k\u1ebft h\u1ee3p nh\u1eefng ly cocktail th\u1ee7 c\u00f4ng v\u1edbi t\u1ea7m nh\u00ecn ngo\u1ea1n m\u1ee5c ra bi\u1ec3n. Kh\u00f4ng gian l\u00fd t\u01b0\u1edfng \u0111\u1ec3 b\u1ea1n th\u1ea3 m\u00ecnh th\u01b0 gi\u00e3n.","og_url":"https:\/\/www.mercurenhatrangbeach.com\/vi\/restaurant-bar\/bay-view-bar\/","og_site_name":"Mercure Nha Trang","article_modified_time":"2025-10-17T09:59:53+00:00","og_image":[{"width":2200,"height":1467,"url":"https:\/\/www.mercurenhatrangbeach.com\/wp-content\/uploads\/sites\/156\/2025\/09\/Bay-View-bar.jpg","type":"image\/jpeg"}],"twitter_card":"summary_large_image","twitter_misc":{"Est. reading time":"1 minute"},"schema":{"@context":"https:\/\/schema.org","@graph":[{"@type":"WebPage","@id":"https:\/\/www.mercurenhatrangbeach.com\/vi\/restaurant-bar\/bay-view-bar\/","url":"https:\/\/www.mercurenhatrangbeach.com\/vi\/restaurant-bar\/bay-view-bar\/","name":"Qu\u1ea7y Bar Bay View | Kh\u00f4ng gian l\u00fd t\u01b0\u1edfng \u0111\u1ec3 b\u1ea1n th\u1ea3 m\u00ecnh th\u01b0 gi\u00e3n","isPartOf":{"@id":"https:\/\/www.mercurenhatrangbeach.com\/#website"},"primaryImageOfPage":{"@id":"https:\/\/www.mercurenhatrangbeach.com\/vi\/restaurant-bar\/bay-view-bar\/#primaryimage"},"image":{"@id":"https:\/\/www.mercurenhatrangbeach.com\/vi\/restaurant-bar\/bay-view-bar\/#primaryimage"},"thumbnailUrl":"https:\/\/www.mercurenhatrangbeach.com\/wp-content\/uploads\/sites\/156\/2025\/09\/Bay-View-bar.jpg","datePublished":"2025-07-29T07:31:23+00:00","dateModified":"2025-10-17T09:59:53+00:00","description":"Bay View Bar k\u1ebft h\u1ee3p nh\u1eefng ly cocktail th\u1ee7 c\u00f4ng v\u1edbi t\u1ea7m nh\u00ecn ngo\u1ea1n m\u1ee5c ra bi\u1ec3n. Kh\u00f4ng gian l\u00fd t\u01b0\u1edfng \u0111\u1ec3 b\u1ea1n th\u1ea3 m\u00ecnh th\u01b0 gi\u00e3n.","breadcrumb":{"@id":"https:\/\/www.mercurenhatrangbeach.com\/vi\/restaurant-bar\/bay-view-bar\/#breadcrumb"},"inLanguage":"vi-VN","potentialAction":[{"@type":"ReadAction","target":["https:\/\/www.mercurenhatrangbeach.com\/vi\/restaurant-bar\/bay-view-bar\/"]}]},{"@type":"ImageObject","inLanguage":"vi-VN","@id":"https:\/\/www.mercurenhatrangbeach.com\/vi\/restaurant-bar\/bay-view-bar\/#primaryimage","url":"https:\/\/www.mercurenhatrangbeach.com\/wp-content\/uploads\/sites\/156\/2025\/09\/Bay-View-bar.jpg","contentUrl":"https:\/\/www.mercurenhatrangbeach.com\/wp-content\/uploads\/sites\/156\/2025\/09\/Bay-View-bar.jpg","width":2200,"height":1467,"caption":"qu\u1ea7y Bar Bay View"},{"@type":"BreadcrumbList","@id":"https:\/\/www.mercurenhatrangbeach.com\/vi\/restaurant-bar\/bay-view-bar\/#breadcrumb","itemListElement":[{"@type":"ListItem","position":1,"name":"Home","item":"https:\/\/www.mercurenhatrangbeach.com\/vi\/"},{"@type":"ListItem","position":2,"name":"Nh\u00e0 h\u00e0ng &amp; Qu\u1ea7y Bar","item":"https:\/\/www.mercurenhatrangbeach.com\/vi\/restaurant-bar\/"},{"@type":"ListItem","position":3,"name":"Qu\u1ea7y Bar Bay View"}]},{"@type":"WebSite","@id":"https:\/\/www.mercurenhatrangbeach.com\/#website","url":"https:\/\/www.mercurenhatrangbeach.com\/","name":"Mercure Nha Trang","description":"","potentialAction":[{"@type":"SearchAction","target":{"@type":"EntryPoint","urlTemplate":"https:\/\/www.mercurenhatrangbeach.com\/?s={search_term_string}"},"query-input":{"@type":"PropertyValueSpecification","valueRequired":true,"valueName":"search_term_string"}}],"inLanguage":"vi-VN"}]}},"_links":{"self":[{"href":"https:\/\/www.mercurenhatrangbeach.com\/vi\/wp-json\/wp\/v2\/pages\/311","targetHints":{"allow":["GET"]}}],"collection":[{"href":"https:\/\/www.mercurenhatrangbeach.com\/vi\/wp-json\/wp\/v2\/pages"}],"about":[{"href":"https:\/\/www.mercurenhatrangbeach.com\/vi\/wp-json\/wp\/v2\/types\/page"}],"author":[{"embeddable":true,"href":"https:\/\/www.mercurenhatrangbeach.com\/vi\/wp-json\/wp\/v2\/users\/55"}],"replies":[{"embeddable":true,"href":"https:\/\/www.mercurenhatrangbeach.com\/vi\/wp-json\/wp\/v2\/comments?post=311"}],"version-history":[{"count":0,"href":"https:\/\/www.mercurenhatrangbeach.com\/vi\/wp-json\/wp\/v2\/pages\/311\/revisions"}],"up":[{"embeddable":true,"href":"https:\/\/www.mercurenhatrangbeach.com\/vi\/wp-json\/wp\/v2\/pages\/310"}],"wp:featuredmedia":[{"embeddable":true,"href":"https:\/\/www.mercurenhatrangbeach.com\/vi\/wp-json\/wp\/v2\/media\/718"}],"wp:attachment":[{"href":"https:\/\/www.mercurenhatrangbeach.com\/vi\/wp-json\/wp\/v2\/media?parent=311"}],"wp:term":[{"taxonomy":"category","embeddable":true,"href":"https:\/\/www.mercurenhatrangbeach.com\/vi\/wp-json\/wp\/v2\/categories?post=311"}],"curies":[{"name":"wp","href":"https:\/\/api.w.org\/{rel}","templated":true}]}}