{"id":312,"date":"2025-07-29T07:20:23","date_gmt":"2025-07-29T07:20:23","guid":{"rendered":"https:\/\/mercurenhatrang.accorv2prod.decms.eu\/restaurant-bar\/tathik-restaurant\/"},"modified":"2025-10-17T10:03:21","modified_gmt":"2025-10-17T10:03:21","slug":"tathik-restaurant","status":"publish","type":"page","link":"https:\/\/www.mercurenhatrangbeach.com\/vi\/restaurant-bar\/tathik-restaurant\/","title":{"rendered":"Nh\u00e0 h\u00e0ng Tathik"},"content":{"rendered":"<p style=\"text-align: center\"><strong>Nh\u00e0 h\u00e0ng Tathik<\/strong> &#8211; n\u01a1i h\u01b0\u01a1ng v\u1ecb g\u1eafn k\u1ebft t\u00e2m h\u1ed3n, n\u01a1i t\u1eebng m\u00f3n \u0103n l\u00e0 chi\u1ebfc c\u1ea7u n\u1ed1i gi\u1eefa con ng\u01b0\u1eddi v\u00e0 v\u00f9ng \u0111\u1ea5t duy\u00ean h\u1ea3i mi\u1ec1n Trung \u0111\u1ea7y thi v\u1ecb. Mang tinh th\u1ea7n \u1ea9m th\u1ef1c to\u00e0n c\u1ea7u h\u00f2a quy\u1ec7n c\u00f9ng n\u1ee5 c\u01b0\u1eddi b\u1ea3n x\u1ee9 th\u00e2n thi\u1ec7n, Tathik kh\u00f4ng ch\u1ec9 l\u00e0 n\u01a1i th\u01b0\u1edfng th\u1ee9c, m\u00e0 l\u00e0 n\u01a1i \u0111\u1ec3 s\u1ebb chia, \u0111\u1ec3 y\u00eau th\u01b0\u01a1ng th\u0103ng hoa qua t\u1eebng b\u1eefa \u0103n.<\/p>\n<p style=\"text-align: center\">H\u00e3y ng\u1ed3i xu\u1ed1ng, th\u01b0 gi\u00e3n, v\u00e0 \u0111\u1ec3 nh\u1eefng ng\u01b0\u1eddi \u0111\u1ea7u b\u1ebfp t\u00e0i hoa c\u1ee7a ch\u00fang t\u00f4i \u0111\u01b0a b\u1ea1n chu du qua nh\u1eefng s\u1eafc v\u1ecb. T\u1eeb nh\u1eefng m\u00f3n ngon \u0111\u1ecba ph\u01b0\u01a1ng \u0111\u1ebfn c\u00e1c m\u00f3n qu\u1ed1c t\u1ebf \u0111\u01b0\u1ee3c ch\u1eaft l\u1ecdc tinh t\u1ebf, \u0111\u00e1p \u1ee9ng m\u1ecdi kh\u1ea9u v\u1ecb v\u00e0 mong ch\u1edd c\u1ee7a th\u1ef1c kh\u00e1ch b\u1ed1n ph\u01b0\u01a1ng.<\/p>\n<p style=\"text-align: center\">B\u1eaft \u0111\u1ea7u ng\u00e0y m\u1edbi c\u00f9ng b\u00e1nh ng\u1ecdt v\u1eeba ra l\u00f2, tr\u00e1i c\u00e2y theo m\u00f9a c\u0103ng m\u1ecdng, hay b\u00e1t ph\u1edf th\u01a1m n\u1ee9c, c\u01a1m chi\u00ean \u0111\u1eadm \u0111\u00e0 \u0111\u1eadm h\u1ed3n Vi\u1ec7t.<\/p>\n<p style=\"text-align: center\">\u0110\u1ebfn b\u1eefa tr\u01b0a v\u00e0 t\u1ed1i, h\u00e3y \u0111\u1ec3 b\u1ea3n th\u00e2n \u0111\u1eafm ch\u00ecm trong m\u1ed9t h\u00e0nh tr\u00ecnh \u1ea9m th\u1ef1c vinh danh cu\u1ed9c s\u1ed1ng ven bi\u1ec3n mi\u1ec1n Trung c\u00f9ng <strong><a href=\"https:\/\/www.mercurenhatrangbeach.com\/vi\/restaurant-bar\/\" target=\"_blank\" rel=\"noopener\">nh\u00e0 h\u00e0ng t\u1ea1i Nha Trang<\/a><\/strong>. Tathik, v\u1edbi t\u00ean g\u1ecdi mang \u00fd ngh\u0129a \u201cbi\u1ec3n c\u1ea3\u201d theo ng\u00f4n ng\u1eef v\u01b0\u01a1ng qu\u1ed1c Ch\u0103m Pa c\u1ed5, k\u1ec3 chuy\u1ec7n b\u1eb1ng nh\u1eefng m\u00f3n \u0103n. Th\u1ef1c \u0111\u01a1n t\u1ea1i \u0111\u00e2y l\u00e0 b\u1ea3n giao h\u01b0\u1edfng c\u1ee7a v\u1ecb bi\u1ec3n, nguy\u00ean li\u1ec7u t\u01b0\u01a1i ngon \u0111\u01b0\u1ee3c ch\u1ecdn l\u1ecdc k\u1ef9 l\u01b0\u1ee1ng, tr\u00ecnh b\u00e0y trong kh\u00f4ng gian tinh t\u1ebf mang s\u1eafc m\u00e0u \u0111\u1ea1i d\u01b0\u01a1ng.<\/p>\n<p style=\"text-align: center\">Nh\u00e0 h\u00e0ng Tathik kh\u00f4ng ch\u1ec9 ch\u00e0o \u0111\u00f3n nh\u1eefng ng\u01b0\u1eddi y\u00eau \u1ea9m th\u1ef1c, m\u00e0 c\u00f2n l\u00e0 n\u01a1i sum v\u1ea7y l\u00fd t\u01b0\u1edfng cho c\u1ea3 gia \u0111\u00ecnh v\u1edbi th\u1ef1c \u0111\u01a1n th\u00e2n thi\u1ec7n cho tr\u1ebb nh\u1ecf v\u00e0 khu vui ch\u01a1i \u0111\u00e1ng y\u00eau cho c\u00e1c b\u00e9. B\u1edfi v\u1edbi ch\u00fang t\u00f4i, m\u1ed7i b\u1eefa \u0103n kh\u00f4ng ch\u1ec9 l\u00e0 m\u00f3n ngon tr\u00ean b\u00e0n, m\u00e0 l\u00e0 nh\u1eefng kho\u1ea3nh kh\u1eafc chan ch\u1ee9a ti\u1ebfng c\u01b0\u1eddi, t\u00ecnh th\u00e2n, v\u00e0 k\u00fd \u1ee9c \u0111\u00e1ng nh\u1edb.<\/p>\n","protected":false},"excerpt":{"rendered":"<p>Nh\u00e0 h\u00e0ng Tathik &#8211; n\u01a1i h\u01b0\u01a1ng v\u1ecb g\u1eafn k\u1ebft t\u00e2m h\u1ed3n, n\u01a1i t\u1eebng m\u00f3n \u0103n l\u00e0 chi\u1ebfc c\u1ea7u n\u1ed1i gi\u1eefa con ng\u01b0\u1eddi v\u00e0 v\u00f9ng \u0111\u1ea5t duy\u00ean h\u1ea3i mi\u1ec1n Trung \u0111\u1ea7y thi v\u1ecb. Mang tinh th\u1ea7n \u1ea9m th\u1ef1c to\u00e0n c\u1ea7u h\u00f2a quy\u1ec7n c\u00f9ng n\u1ee5 c\u01b0\u1eddi b\u1ea3n x\u1ee9 th\u00e2n thi\u1ec7n, Tathik kh\u00f4ng ch\u1ec9 l\u00e0 n\u01a1i th\u01b0\u1edfng th\u1ee9c, [&hellip;]<\/p>\n","protected":false},"author":55,"featured_media":231,"parent":310,"menu_order":0,"comment_status":"closed","ping_status":"closed","template":"template-restaurant.php","meta":{"footnotes":""},"categories":[],"class_list":["post-312","page","type-page","status-publish","has-post-thumbnail","hentry"],"acf":[],"yoast_head":"<!-- This site is optimized with the Yoast SEO plugin v26.9 - https:\/\/yoast.com\/product\/yoast-seo-wordpress\/ -->\n<title>Nh\u00e0 H\u00e0ng Tathik | Nh\u00e0 h\u00e0ng cho ng\u01b0\u1eddi y\u00eau \u1ea9m th\u1ef1c \u0111\u1ecba ph\u01b0\u01a1ng<\/title>\n<meta name=\"description\" content=\"Nh\u00e0 h\u00e0ng Tathik - n\u01a1i h\u01b0\u01a1ng v\u1ecb g\u1eafn k\u1ebft t\u00e2m h\u1ed3n, n\u01a1i t\u1eebng m\u00f3n \u0103n l\u00e0 chi\u1ebfc c\u1ea7u n\u1ed1i gi\u1eefa con ng\u01b0\u1eddi v\u00e0 v\u00f9ng \u0111\u1ea5t duy\u00ean h\u1ea3i mi\u1ec1n Trung \u0111\u1ea7y thi v\u1ecb.\" \/>\n<meta name=\"robots\" content=\"index, follow, max-snippet:-1, max-image-preview:large, max-video-preview:-1\" \/>\n<link rel=\"canonical\" href=\"https:\/\/www.mercurenhatrangbeach.com\/vi\/restaurant-bar\/tathik-restaurant\/\" \/>\n<meta property=\"og:locale\" content=\"vi_VN\" \/>\n<meta property=\"og:type\" content=\"article\" \/>\n<meta property=\"og:title\" content=\"Nh\u00e0 H\u00e0ng Tathik | Nh\u00e0 h\u00e0ng cho ng\u01b0\u1eddi y\u00eau \u1ea9m th\u1ef1c \u0111\u1ecba ph\u01b0\u01a1ng\" \/>\n<meta property=\"og:description\" content=\"Nh\u00e0 h\u00e0ng Tathik - n\u01a1i h\u01b0\u01a1ng v\u1ecb g\u1eafn k\u1ebft t\u00e2m h\u1ed3n, n\u01a1i t\u1eebng m\u00f3n \u0103n l\u00e0 chi\u1ebfc c\u1ea7u n\u1ed1i gi\u1eefa con ng\u01b0\u1eddi v\u00e0 v\u00f9ng \u0111\u1ea5t duy\u00ean h\u1ea3i mi\u1ec1n Trung \u0111\u1ea7y thi v\u1ecb.\" \/>\n<meta property=\"og:url\" content=\"https:\/\/www.mercurenhatrangbeach.com\/vi\/restaurant-bar\/tathik-restaurant\/\" \/>\n<meta property=\"og:site_name\" content=\"Mercure Nha Trang\" \/>\n<meta property=\"article:modified_time\" content=\"2025-10-17T10:03:21+00:00\" \/>\n<meta property=\"og:image\" content=\"https:\/\/www.mercurenhatrangbeach.com\/wp-content\/uploads\/sites\/156\/2025\/07\/Tathik-Restaurant-1-1-1.jpg\" \/>\n\t<meta property=\"og:image:width\" content=\"1802\" \/>\n\t<meta property=\"og:image:height\" content=\"1200\" \/>\n\t<meta property=\"og:image:type\" content=\"image\/jpeg\" \/>\n<meta name=\"twitter:card\" content=\"summary_large_image\" \/>\n<meta name=\"twitter:label1\" content=\"Est. reading time\" \/>\n\t<meta name=\"twitter:data1\" content=\"2 minutes\" \/>\n<script type=\"application\/ld+json\" class=\"yoast-schema-graph\">{\"@context\":\"https:\/\/schema.org\",\"@graph\":[{\"@type\":\"WebPage\",\"@id\":\"https:\/\/www.mercurenhatrangbeach.com\/vi\/restaurant-bar\/tathik-restaurant\/\",\"url\":\"https:\/\/www.mercurenhatrangbeach.com\/vi\/restaurant-bar\/tathik-restaurant\/\",\"name\":\"Nh\u00e0 H\u00e0ng Tathik | Nh\u00e0 h\u00e0ng cho ng\u01b0\u1eddi y\u00eau \u1ea9m th\u1ef1c \u0111\u1ecba ph\u01b0\u01a1ng\",\"isPartOf\":{\"@id\":\"https:\/\/www.mercurenhatrangbeach.com\/#website\"},\"primaryImageOfPage\":{\"@id\":\"https:\/\/www.mercurenhatrangbeach.com\/vi\/restaurant-bar\/tathik-restaurant\/#primaryimage\"},\"image\":{\"@id\":\"https:\/\/www.mercurenhatrangbeach.com\/vi\/restaurant-bar\/tathik-restaurant\/#primaryimage\"},\"thumbnailUrl\":\"https:\/\/www.mercurenhatrangbeach.com\/wp-content\/uploads\/sites\/156\/2025\/07\/Tathik-Restaurant-1-1-1.jpg\",\"datePublished\":\"2025-07-29T07:20:23+00:00\",\"dateModified\":\"2025-10-17T10:03:21+00:00\",\"description\":\"Nh\u00e0 h\u00e0ng Tathik - n\u01a1i h\u01b0\u01a1ng v\u1ecb g\u1eafn k\u1ebft t\u00e2m h\u1ed3n, n\u01a1i t\u1eebng m\u00f3n \u0103n l\u00e0 chi\u1ebfc c\u1ea7u n\u1ed1i gi\u1eefa con ng\u01b0\u1eddi v\u00e0 v\u00f9ng \u0111\u1ea5t duy\u00ean h\u1ea3i mi\u1ec1n Trung \u0111\u1ea7y thi v\u1ecb.\",\"breadcrumb\":{\"@id\":\"https:\/\/www.mercurenhatrangbeach.com\/vi\/restaurant-bar\/tathik-restaurant\/#breadcrumb\"},\"inLanguage\":\"vi-VN\",\"potentialAction\":[{\"@type\":\"ReadAction\",\"target\":[\"https:\/\/www.mercurenhatrangbeach.com\/vi\/restaurant-bar\/tathik-restaurant\/\"]}]},{\"@type\":\"ImageObject\",\"inLanguage\":\"vi-VN\",\"@id\":\"https:\/\/www.mercurenhatrangbeach.com\/vi\/restaurant-bar\/tathik-restaurant\/#primaryimage\",\"url\":\"https:\/\/www.mercurenhatrangbeach.com\/wp-content\/uploads\/sites\/156\/2025\/07\/Tathik-Restaurant-1-1-1.jpg\",\"contentUrl\":\"https:\/\/www.mercurenhatrangbeach.com\/wp-content\/uploads\/sites\/156\/2025\/07\/Tathik-Restaurant-1-1-1.jpg\",\"width\":1802,\"height\":1200,\"caption\":\"Tathik Restaurant\"},{\"@type\":\"BreadcrumbList\",\"@id\":\"https:\/\/www.mercurenhatrangbeach.com\/vi\/restaurant-bar\/tathik-restaurant\/#breadcrumb\",\"itemListElement\":[{\"@type\":\"ListItem\",\"position\":1,\"name\":\"Home\",\"item\":\"https:\/\/www.mercurenhatrangbeach.com\/vi\/\"},{\"@type\":\"ListItem\",\"position\":2,\"name\":\"Nh\u00e0 h\u00e0ng &amp; Qu\u1ea7y Bar\",\"item\":\"https:\/\/www.mercurenhatrangbeach.com\/vi\/restaurant-bar\/\"},{\"@type\":\"ListItem\",\"position\":3,\"name\":\"Nh\u00e0 h\u00e0ng Tathik\"}]},{\"@type\":\"WebSite\",\"@id\":\"https:\/\/www.mercurenhatrangbeach.com\/#website\",\"url\":\"https:\/\/www.mercurenhatrangbeach.com\/\",\"name\":\"Mercure Nha Trang\",\"description\":\"\",\"potentialAction\":[{\"@type\":\"SearchAction\",\"target\":{\"@type\":\"EntryPoint\",\"urlTemplate\":\"https:\/\/www.mercurenhatrangbeach.com\/?s={search_term_string}\"},\"query-input\":{\"@type\":\"PropertyValueSpecification\",\"valueRequired\":true,\"valueName\":\"search_term_string\"}}],\"inLanguage\":\"vi-VN\"}]}<\/script>\n<!-- \/ Yoast SEO plugin. -->","yoast_head_json":{"title":"Nh\u00e0 H\u00e0ng Tathik | Nh\u00e0 h\u00e0ng cho ng\u01b0\u1eddi y\u00eau \u1ea9m th\u1ef1c \u0111\u1ecba ph\u01b0\u01a1ng","description":"Nh\u00e0 h\u00e0ng Tathik - n\u01a1i h\u01b0\u01a1ng v\u1ecb g\u1eafn k\u1ebft t\u00e2m h\u1ed3n, n\u01a1i t\u1eebng m\u00f3n \u0103n l\u00e0 chi\u1ebfc c\u1ea7u n\u1ed1i gi\u1eefa con ng\u01b0\u1eddi v\u00e0 v\u00f9ng \u0111\u1ea5t duy\u00ean h\u1ea3i mi\u1ec1n Trung \u0111\u1ea7y thi v\u1ecb.","robots":{"index":"index","follow":"follow","max-snippet":"max-snippet:-1","max-image-preview":"max-image-preview:large","max-video-preview":"max-video-preview:-1"},"canonical":"https:\/\/www.mercurenhatrangbeach.com\/vi\/restaurant-bar\/tathik-restaurant\/","og_locale":"vi_VN","og_type":"article","og_title":"Nh\u00e0 H\u00e0ng Tathik | Nh\u00e0 h\u00e0ng cho ng\u01b0\u1eddi y\u00eau \u1ea9m th\u1ef1c \u0111\u1ecba ph\u01b0\u01a1ng","og_description":"Nh\u00e0 h\u00e0ng Tathik - n\u01a1i h\u01b0\u01a1ng v\u1ecb g\u1eafn k\u1ebft t\u00e2m h\u1ed3n, n\u01a1i t\u1eebng m\u00f3n \u0103n l\u00e0 chi\u1ebfc c\u1ea7u n\u1ed1i gi\u1eefa con ng\u01b0\u1eddi v\u00e0 v\u00f9ng \u0111\u1ea5t duy\u00ean h\u1ea3i mi\u1ec1n Trung \u0111\u1ea7y thi v\u1ecb.","og_url":"https:\/\/www.mercurenhatrangbeach.com\/vi\/restaurant-bar\/tathik-restaurant\/","og_site_name":"Mercure Nha Trang","article_modified_time":"2025-10-17T10:03:21+00:00","og_image":[{"width":1802,"height":1200,"url":"https:\/\/www.mercurenhatrangbeach.com\/wp-content\/uploads\/sites\/156\/2025\/07\/Tathik-Restaurant-1-1-1.jpg","type":"image\/jpeg"}],"twitter_card":"summary_large_image","twitter_misc":{"Est. reading time":"2 minutes"},"schema":{"@context":"https:\/\/schema.org","@graph":[{"@type":"WebPage","@id":"https:\/\/www.mercurenhatrangbeach.com\/vi\/restaurant-bar\/tathik-restaurant\/","url":"https:\/\/www.mercurenhatrangbeach.com\/vi\/restaurant-bar\/tathik-restaurant\/","name":"Nh\u00e0 H\u00e0ng Tathik | Nh\u00e0 h\u00e0ng cho ng\u01b0\u1eddi y\u00eau \u1ea9m th\u1ef1c \u0111\u1ecba ph\u01b0\u01a1ng","isPartOf":{"@id":"https:\/\/www.mercurenhatrangbeach.com\/#website"},"primaryImageOfPage":{"@id":"https:\/\/www.mercurenhatrangbeach.com\/vi\/restaurant-bar\/tathik-restaurant\/#primaryimage"},"image":{"@id":"https:\/\/www.mercurenhatrangbeach.com\/vi\/restaurant-bar\/tathik-restaurant\/#primaryimage"},"thumbnailUrl":"https:\/\/www.mercurenhatrangbeach.com\/wp-content\/uploads\/sites\/156\/2025\/07\/Tathik-Restaurant-1-1-1.jpg","datePublished":"2025-07-29T07:20:23+00:00","dateModified":"2025-10-17T10:03:21+00:00","description":"Nh\u00e0 h\u00e0ng Tathik - n\u01a1i h\u01b0\u01a1ng v\u1ecb g\u1eafn k\u1ebft t\u00e2m h\u1ed3n, n\u01a1i t\u1eebng m\u00f3n \u0103n l\u00e0 chi\u1ebfc c\u1ea7u n\u1ed1i gi\u1eefa con ng\u01b0\u1eddi v\u00e0 v\u00f9ng \u0111\u1ea5t duy\u00ean h\u1ea3i mi\u1ec1n Trung \u0111\u1ea7y thi v\u1ecb.","breadcrumb":{"@id":"https:\/\/www.mercurenhatrangbeach.com\/vi\/restaurant-bar\/tathik-restaurant\/#breadcrumb"},"inLanguage":"vi-VN","potentialAction":[{"@type":"ReadAction","target":["https:\/\/www.mercurenhatrangbeach.com\/vi\/restaurant-bar\/tathik-restaurant\/"]}]},{"@type":"ImageObject","inLanguage":"vi-VN","@id":"https:\/\/www.mercurenhatrangbeach.com\/vi\/restaurant-bar\/tathik-restaurant\/#primaryimage","url":"https:\/\/www.mercurenhatrangbeach.com\/wp-content\/uploads\/sites\/156\/2025\/07\/Tathik-Restaurant-1-1-1.jpg","contentUrl":"https:\/\/www.mercurenhatrangbeach.com\/wp-content\/uploads\/sites\/156\/2025\/07\/Tathik-Restaurant-1-1-1.jpg","width":1802,"height":1200,"caption":"Tathik Restaurant"},{"@type":"BreadcrumbList","@id":"https:\/\/www.mercurenhatrangbeach.com\/vi\/restaurant-bar\/tathik-restaurant\/#breadcrumb","itemListElement":[{"@type":"ListItem","position":1,"name":"Home","item":"https:\/\/www.mercurenhatrangbeach.com\/vi\/"},{"@type":"ListItem","position":2,"name":"Nh\u00e0 h\u00e0ng &amp; Qu\u1ea7y Bar","item":"https:\/\/www.mercurenhatrangbeach.com\/vi\/restaurant-bar\/"},{"@type":"ListItem","position":3,"name":"Nh\u00e0 h\u00e0ng Tathik"}]},{"@type":"WebSite","@id":"https:\/\/www.mercurenhatrangbeach.com\/#website","url":"https:\/\/www.mercurenhatrangbeach.com\/","name":"Mercure Nha Trang","description":"","potentialAction":[{"@type":"SearchAction","target":{"@type":"EntryPoint","urlTemplate":"https:\/\/www.mercurenhatrangbeach.com\/?s={search_term_string}"},"query-input":{"@type":"PropertyValueSpecification","valueRequired":true,"valueName":"search_term_string"}}],"inLanguage":"vi-VN"}]}},"_links":{"self":[{"href":"https:\/\/www.mercurenhatrangbeach.com\/vi\/wp-json\/wp\/v2\/pages\/312","targetHints":{"allow":["GET"]}}],"collection":[{"href":"https:\/\/www.mercurenhatrangbeach.com\/vi\/wp-json\/wp\/v2\/pages"}],"about":[{"href":"https:\/\/www.mercurenhatrangbeach.com\/vi\/wp-json\/wp\/v2\/types\/page"}],"author":[{"embeddable":true,"href":"https:\/\/www.mercurenhatrangbeach.com\/vi\/wp-json\/wp\/v2\/users\/55"}],"replies":[{"embeddable":true,"href":"https:\/\/www.mercurenhatrangbeach.com\/vi\/wp-json\/wp\/v2\/comments?post=312"}],"version-history":[{"count":0,"href":"https:\/\/www.mercurenhatrangbeach.com\/vi\/wp-json\/wp\/v2\/pages\/312\/revisions"}],"up":[{"embeddable":true,"href":"https:\/\/www.mercurenhatrangbeach.com\/vi\/wp-json\/wp\/v2\/pages\/310"}],"wp:featuredmedia":[{"embeddable":true,"href":"https:\/\/www.mercurenhatrangbeach.com\/vi\/wp-json\/wp\/v2\/media\/231"}],"wp:attachment":[{"href":"https:\/\/www.mercurenhatrangbeach.com\/vi\/wp-json\/wp\/v2\/media?parent=312"}],"wp:term":[{"taxonomy":"category","embeddable":true,"href":"https:\/\/www.mercurenhatrangbeach.com\/vi\/wp-json\/wp\/v2\/categories?post=312"}],"curies":[{"name":"wp","href":"https:\/\/api.w.org\/{rel}","templated":true}]}}