{"id":322,"date":"2025-07-29T07:33:07","date_gmt":"2025-07-29T07:33:07","guid":{"rendered":"https:\/\/mercurenhatrang.accorv2prod.decms.eu\/special-offers\/"},"modified":"2025-10-17T10:05:51","modified_gmt":"2025-10-17T10:05:51","slug":"special-offers","status":"publish","type":"page","link":"https:\/\/www.mercurenhatrangbeach.com\/vi\/special-offers\/","title":{"rendered":"\u01afu \u0110\u00e3i H\u1ea5p D\u1eabn"},"content":{"rendered":"<p style=\"text-align: center\">Kh\u00e1m ph\u00e1 nh\u1eefng <strong>\u01b0u \u0111\u00e3i \u0111\u1eb7c bi\u1ec7t<\/strong> m\u1edbi nh\u1ea5t t\u1ea1i <strong><a href=\"https:\/\/www.mercurenhatrangbeach.com\/vi\/\" target=\"_blank\" rel=\"noopener\">Mercure Nha Trang Beach<\/a><\/strong>, t\u1eeb c\u00e1c g\u00f3i ngh\u1ec9 d\u01b0\u1ee1ng, \u1ea9m th\u1ef1c, spa \u0111\u1ebfn c\u00e1c \u01b0u \u0111\u00e3i h\u1ed9i h\u1ecdp \u0111\u1ed9c quy\u1ec1n. C\u1eadp nh\u1eadt t\u1ea5t c\u1ea3 nh\u1eefng s\u1ef1 ki\u1ec7n m\u1edbi nh\u1ea5t t\u1ea1i Mercure Nha Trang Beach t\u1ea1i \u0111\u00e2y.<\/p>\n","protected":false},"excerpt":{"rendered":"<p>Kh\u00e1m ph\u00e1 nh\u1eefng \u01b0u \u0111\u00e3i \u0111\u1eb7c bi\u1ec7t m\u1edbi nh\u1ea5t t\u1ea1i Mercure Nha Trang Beach, t\u1eeb c\u00e1c g\u00f3i ngh\u1ec9 d\u01b0\u1ee1ng, \u1ea9m th\u1ef1c, spa \u0111\u1ebfn c\u00e1c \u01b0u \u0111\u00e3i h\u1ed9i h\u1ecdp \u0111\u1ed9c quy\u1ec1n. C\u1eadp nh\u1eadt t\u1ea5t c\u1ea3 nh\u1eefng s\u1ef1 ki\u1ec7n m\u1edbi nh\u1ea5t t\u1ea1i Mercure Nha Trang Beach t\u1ea1i \u0111\u00e2y.<\/p>\n","protected":false},"author":55,"featured_media":725,"parent":0,"menu_order":0,"comment_status":"closed","ping_status":"closed","template":"template-special-offers.php","meta":{"footnotes":""},"categories":[],"class_list":["post-322","page","type-page","status-publish","has-post-thumbnail","hentry"],"acf":[],"yoast_head":"<!-- This site is optimized with the Yoast SEO plugin v26.9 - https:\/\/yoast.com\/product\/yoast-seo-wordpress\/ -->\n<title>\u01afu \u0110\u00e3i \u0110\u1eb7c Bi\u1ec7t H\u1ea5p D\u1eabn | Mercure Nha Trang Beach<\/title>\n<meta name=\"description\" content=\"Kh\u00e1m ph\u00e1 nh\u1eefng \u01b0u \u0111\u00e3i \u0111\u1eb7c bi\u1ec7t m\u1edbi nh\u1ea5t t\u1ea1i Mercure Nha Trang Beach, t\u1eeb c\u00e1c g\u00f3i ngh\u1ec9 d\u01b0\u1ee1ng, \u1ea9m th\u1ef1c, spa \u0111\u1ebfn c\u00e1c \u01b0u \u0111\u00e3i h\u1ed9i h\u1ecdp \u0111\u1ed9c quy\u1ec1n.\" \/>\n<meta name=\"robots\" content=\"index, follow, max-snippet:-1, max-image-preview:large, max-video-preview:-1\" \/>\n<link rel=\"canonical\" href=\"https:\/\/www.mercurenhatrangbeach.com\/vi\/special-offers\/\" \/>\n<meta property=\"og:locale\" content=\"vi_VN\" \/>\n<meta property=\"og:type\" content=\"article\" \/>\n<meta property=\"og:title\" content=\"\u01afu \u0110\u00e3i \u0110\u1eb7c Bi\u1ec7t H\u1ea5p D\u1eabn | Mercure Nha Trang Beach\" \/>\n<meta property=\"og:description\" content=\"Kh\u00e1m ph\u00e1 nh\u1eefng \u01b0u \u0111\u00e3i \u0111\u1eb7c bi\u1ec7t m\u1edbi nh\u1ea5t t\u1ea1i Mercure Nha Trang Beach, t\u1eeb c\u00e1c g\u00f3i ngh\u1ec9 d\u01b0\u1ee1ng, \u1ea9m th\u1ef1c, spa \u0111\u1ebfn c\u00e1c \u01b0u \u0111\u00e3i h\u1ed9i h\u1ecdp \u0111\u1ed9c quy\u1ec1n.\" \/>\n<meta property=\"og:url\" content=\"https:\/\/www.mercurenhatrangbeach.com\/vi\/special-offers\/\" \/>\n<meta property=\"og:site_name\" content=\"Mercure Nha Trang\" \/>\n<meta property=\"article:modified_time\" content=\"2025-10-17T10:05:51+00:00\" \/>\n<meta property=\"og:image\" content=\"https:\/\/www.mercurenhatrangbeach.com\/wp-content\/uploads\/sites\/156\/2025\/09\/Main-Special-Offers.jpg\" \/>\n\t<meta property=\"og:image:width\" content=\"2200\" \/>\n\t<meta property=\"og:image:height\" content=\"1649\" \/>\n\t<meta property=\"og:image:type\" content=\"image\/jpeg\" \/>\n<meta name=\"twitter:card\" content=\"summary_large_image\" \/>\n<meta name=\"twitter:label1\" content=\"Est. reading time\" \/>\n\t<meta name=\"twitter:data1\" content=\"1 minute\" \/>\n<script type=\"application\/ld+json\" class=\"yoast-schema-graph\">{\"@context\":\"https:\/\/schema.org\",\"@graph\":[{\"@type\":\"WebPage\",\"@id\":\"https:\/\/www.mercurenhatrangbeach.com\/vi\/special-offers\/\",\"url\":\"https:\/\/www.mercurenhatrangbeach.com\/vi\/special-offers\/\",\"name\":\"\u01afu \u0110\u00e3i \u0110\u1eb7c Bi\u1ec7t H\u1ea5p D\u1eabn | Mercure Nha Trang Beach\",\"isPartOf\":{\"@id\":\"https:\/\/www.mercurenhatrangbeach.com\/#website\"},\"primaryImageOfPage\":{\"@id\":\"https:\/\/www.mercurenhatrangbeach.com\/vi\/special-offers\/#primaryimage\"},\"image\":{\"@id\":\"https:\/\/www.mercurenhatrangbeach.com\/vi\/special-offers\/#primaryimage\"},\"thumbnailUrl\":\"https:\/\/www.mercurenhatrangbeach.com\/wp-content\/uploads\/sites\/156\/2025\/09\/Main-Special-Offers.jpg\",\"datePublished\":\"2025-07-29T07:33:07+00:00\",\"dateModified\":\"2025-10-17T10:05:51+00:00\",\"description\":\"Kh\u00e1m ph\u00e1 nh\u1eefng \u01b0u \u0111\u00e3i \u0111\u1eb7c bi\u1ec7t m\u1edbi nh\u1ea5t t\u1ea1i Mercure Nha Trang Beach, t\u1eeb c\u00e1c g\u00f3i ngh\u1ec9 d\u01b0\u1ee1ng, \u1ea9m th\u1ef1c, spa \u0111\u1ebfn c\u00e1c \u01b0u \u0111\u00e3i h\u1ed9i h\u1ecdp \u0111\u1ed9c quy\u1ec1n.\",\"breadcrumb\":{\"@id\":\"https:\/\/www.mercurenhatrangbeach.com\/vi\/special-offers\/#breadcrumb\"},\"inLanguage\":\"vi-VN\",\"potentialAction\":[{\"@type\":\"ReadAction\",\"target\":[\"https:\/\/www.mercurenhatrangbeach.com\/vi\/special-offers\/\"]}]},{\"@type\":\"ImageObject\",\"inLanguage\":\"vi-VN\",\"@id\":\"https:\/\/www.mercurenhatrangbeach.com\/vi\/special-offers\/#primaryimage\",\"url\":\"https:\/\/www.mercurenhatrangbeach.com\/wp-content\/uploads\/sites\/156\/2025\/09\/Main-Special-Offers.jpg\",\"contentUrl\":\"https:\/\/www.mercurenhatrangbeach.com\/wp-content\/uploads\/sites\/156\/2025\/09\/Main-Special-Offers.jpg\",\"width\":2200,\"height\":1649,\"caption\":\"default\"},{\"@type\":\"BreadcrumbList\",\"@id\":\"https:\/\/www.mercurenhatrangbeach.com\/vi\/special-offers\/#breadcrumb\",\"itemListElement\":[{\"@type\":\"ListItem\",\"position\":1,\"name\":\"Home\",\"item\":\"https:\/\/www.mercurenhatrangbeach.com\/vi\/\"},{\"@type\":\"ListItem\",\"position\":2,\"name\":\"\u01afu \u0110\u00e3i H\u1ea5p D\u1eabn\"}]},{\"@type\":\"WebSite\",\"@id\":\"https:\/\/www.mercurenhatrangbeach.com\/#website\",\"url\":\"https:\/\/www.mercurenhatrangbeach.com\/\",\"name\":\"Mercure Nha Trang\",\"description\":\"\",\"potentialAction\":[{\"@type\":\"SearchAction\",\"target\":{\"@type\":\"EntryPoint\",\"urlTemplate\":\"https:\/\/www.mercurenhatrangbeach.com\/?s={search_term_string}\"},\"query-input\":{\"@type\":\"PropertyValueSpecification\",\"valueRequired\":true,\"valueName\":\"search_term_string\"}}],\"inLanguage\":\"vi-VN\"}]}<\/script>\n<!-- \/ Yoast SEO plugin. -->","yoast_head_json":{"title":"\u01afu \u0110\u00e3i \u0110\u1eb7c Bi\u1ec7t H\u1ea5p D\u1eabn | Mercure Nha Trang Beach","description":"Kh\u00e1m ph\u00e1 nh\u1eefng \u01b0u \u0111\u00e3i \u0111\u1eb7c bi\u1ec7t m\u1edbi nh\u1ea5t t\u1ea1i Mercure Nha Trang Beach, t\u1eeb c\u00e1c g\u00f3i ngh\u1ec9 d\u01b0\u1ee1ng, \u1ea9m th\u1ef1c, spa \u0111\u1ebfn c\u00e1c \u01b0u \u0111\u00e3i h\u1ed9i h\u1ecdp \u0111\u1ed9c quy\u1ec1n.","robots":{"index":"index","follow":"follow","max-snippet":"max-snippet:-1","max-image-preview":"max-image-preview:large","max-video-preview":"max-video-preview:-1"},"canonical":"https:\/\/www.mercurenhatrangbeach.com\/vi\/special-offers\/","og_locale":"vi_VN","og_type":"article","og_title":"\u01afu \u0110\u00e3i \u0110\u1eb7c Bi\u1ec7t H\u1ea5p D\u1eabn | Mercure Nha Trang Beach","og_description":"Kh\u00e1m ph\u00e1 nh\u1eefng \u01b0u \u0111\u00e3i \u0111\u1eb7c bi\u1ec7t m\u1edbi nh\u1ea5t t\u1ea1i Mercure Nha Trang Beach, t\u1eeb c\u00e1c g\u00f3i ngh\u1ec9 d\u01b0\u1ee1ng, \u1ea9m th\u1ef1c, spa \u0111\u1ebfn c\u00e1c \u01b0u \u0111\u00e3i h\u1ed9i h\u1ecdp \u0111\u1ed9c quy\u1ec1n.","og_url":"https:\/\/www.mercurenhatrangbeach.com\/vi\/special-offers\/","og_site_name":"Mercure Nha Trang","article_modified_time":"2025-10-17T10:05:51+00:00","og_image":[{"width":2200,"height":1649,"url":"https:\/\/www.mercurenhatrangbeach.com\/wp-content\/uploads\/sites\/156\/2025\/09\/Main-Special-Offers.jpg","type":"image\/jpeg"}],"twitter_card":"summary_large_image","twitter_misc":{"Est. reading time":"1 minute"},"schema":{"@context":"https:\/\/schema.org","@graph":[{"@type":"WebPage","@id":"https:\/\/www.mercurenhatrangbeach.com\/vi\/special-offers\/","url":"https:\/\/www.mercurenhatrangbeach.com\/vi\/special-offers\/","name":"\u01afu \u0110\u00e3i \u0110\u1eb7c Bi\u1ec7t H\u1ea5p D\u1eabn | Mercure Nha Trang Beach","isPartOf":{"@id":"https:\/\/www.mercurenhatrangbeach.com\/#website"},"primaryImageOfPage":{"@id":"https:\/\/www.mercurenhatrangbeach.com\/vi\/special-offers\/#primaryimage"},"image":{"@id":"https:\/\/www.mercurenhatrangbeach.com\/vi\/special-offers\/#primaryimage"},"thumbnailUrl":"https:\/\/www.mercurenhatrangbeach.com\/wp-content\/uploads\/sites\/156\/2025\/09\/Main-Special-Offers.jpg","datePublished":"2025-07-29T07:33:07+00:00","dateModified":"2025-10-17T10:05:51+00:00","description":"Kh\u00e1m ph\u00e1 nh\u1eefng \u01b0u \u0111\u00e3i \u0111\u1eb7c bi\u1ec7t m\u1edbi nh\u1ea5t t\u1ea1i Mercure Nha Trang Beach, t\u1eeb c\u00e1c g\u00f3i ngh\u1ec9 d\u01b0\u1ee1ng, \u1ea9m th\u1ef1c, spa \u0111\u1ebfn c\u00e1c \u01b0u \u0111\u00e3i h\u1ed9i h\u1ecdp \u0111\u1ed9c quy\u1ec1n.","breadcrumb":{"@id":"https:\/\/www.mercurenhatrangbeach.com\/vi\/special-offers\/#breadcrumb"},"inLanguage":"vi-VN","potentialAction":[{"@type":"ReadAction","target":["https:\/\/www.mercurenhatrangbeach.com\/vi\/special-offers\/"]}]},{"@type":"ImageObject","inLanguage":"vi-VN","@id":"https:\/\/www.mercurenhatrangbeach.com\/vi\/special-offers\/#primaryimage","url":"https:\/\/www.mercurenhatrangbeach.com\/wp-content\/uploads\/sites\/156\/2025\/09\/Main-Special-Offers.jpg","contentUrl":"https:\/\/www.mercurenhatrangbeach.com\/wp-content\/uploads\/sites\/156\/2025\/09\/Main-Special-Offers.jpg","width":2200,"height":1649,"caption":"default"},{"@type":"BreadcrumbList","@id":"https:\/\/www.mercurenhatrangbeach.com\/vi\/special-offers\/#breadcrumb","itemListElement":[{"@type":"ListItem","position":1,"name":"Home","item":"https:\/\/www.mercurenhatrangbeach.com\/vi\/"},{"@type":"ListItem","position":2,"name":"\u01afu \u0110\u00e3i H\u1ea5p D\u1eabn"}]},{"@type":"WebSite","@id":"https:\/\/www.mercurenhatrangbeach.com\/#website","url":"https:\/\/www.mercurenhatrangbeach.com\/","name":"Mercure Nha Trang","description":"","potentialAction":[{"@type":"SearchAction","target":{"@type":"EntryPoint","urlTemplate":"https:\/\/www.mercurenhatrangbeach.com\/?s={search_term_string}"},"query-input":{"@type":"PropertyValueSpecification","valueRequired":true,"valueName":"search_term_string"}}],"inLanguage":"vi-VN"}]}},"_links":{"self":[{"href":"https:\/\/www.mercurenhatrangbeach.com\/vi\/wp-json\/wp\/v2\/pages\/322","targetHints":{"allow":["GET"]}}],"collection":[{"href":"https:\/\/www.mercurenhatrangbeach.com\/vi\/wp-json\/wp\/v2\/pages"}],"about":[{"href":"https:\/\/www.mercurenhatrangbeach.com\/vi\/wp-json\/wp\/v2\/types\/page"}],"author":[{"embeddable":true,"href":"https:\/\/www.mercurenhatrangbeach.com\/vi\/wp-json\/wp\/v2\/users\/55"}],"replies":[{"embeddable":true,"href":"https:\/\/www.mercurenhatrangbeach.com\/vi\/wp-json\/wp\/v2\/comments?post=322"}],"version-history":[{"count":0,"href":"https:\/\/www.mercurenhatrangbeach.com\/vi\/wp-json\/wp\/v2\/pages\/322\/revisions"}],"wp:featuredmedia":[{"embeddable":true,"href":"https:\/\/www.mercurenhatrangbeach.com\/vi\/wp-json\/wp\/v2\/media\/725"}],"wp:attachment":[{"href":"https:\/\/www.mercurenhatrangbeach.com\/vi\/wp-json\/wp\/v2\/media?parent=322"}],"wp:term":[{"taxonomy":"category","embeddable":true,"href":"https:\/\/www.mercurenhatrangbeach.com\/vi\/wp-json\/wp\/v2\/categories?post=322"}],"curies":[{"name":"wp","href":"https:\/\/api.w.org\/{rel}","templated":true}]}}