{"id":342,"date":"2025-07-29T07:55:39","date_gmt":"2025-07-29T07:55:39","guid":{"rendered":"https:\/\/mercurenhatrang.accorv2prod.decms.eu\/leisure\/"},"modified":"2025-10-17T10:28:21","modified_gmt":"2025-10-17T10:28:21","slug":"leisure","status":"publish","type":"page","link":"https:\/\/www.mercurenhatrangbeach.com\/vi\/leisure\/","title":{"rendered":"Th\u01b0 Gi\u00e3n"},"content":{"rendered":"<p style=\"text-align: center\">Th\u1ea3 m\u00ecnh v\u00e0o nh\u1eefng kho\u1ea3nh kh\u1eafc th\u01b0 gi\u00e3n t\u1ea1i <strong><a href=\"https:\/\/www.mercurenhatrangbeach.com\/vi\/\" target=\"_blank\" rel=\"noopener\">Mercure Nha Trang Beach<\/a><\/strong>, n\u01a1i nh\u1eefng <strong>ti\u1ec7n nghi gi\u1ea3i tr\u00ed<\/strong> \u0111a d\u1ea1ng \u0111\u01b0\u1ee3c ch\u0103m ch\u00fat \u0111\u1ec3 mang \u0111\u1ebfn cho b\u1ea1n c\u1ea3m gi\u00e1c an y\u00ean, t\u00e1i t\u1ea1o n\u0103ng l\u01b0\u1ee3ng v\u00e0 th\u0103ng hoa trong t\u1eebng ph\u00fat gi\u00e2y l\u01b0u tr\u00fa.<\/p>\n<p style=\"text-align: center\">H\u00f2a m\u00ecnh v\u00e0o l\u00e0n n\u01b0\u1edbc trong xanh t\u1ea1i hai h\u1ed3 b\u01a1i m\u00e1t l\u00e0nh, kh\u01a1i d\u1eady s\u1ee9c s\u1ed1ng m\u1edbi trong ph\u00f2ng gym hi\u1ec7n \u0111\u1ea1i, hay \u0111\u1ec3 c\u01a1 th\u1ec3 ho\u00e0n to\u00e0n th\u1ea3 l\u1ecfng trong l\u00e0n h\u01a1i \u1ea5m \u00e1p c\u1ee7a jacuzzi v\u00e0 ph\u00f2ng x\u00f4ng h\u01a1i.<\/p>\n<p style=\"text-align: center\">Ch\u0103m s\u00f3c t\u1ea1i Spa v\u1edbi t\u1ea7m nh\u00ecn 360 \u0111\u1ed9 s\u1ebd \u0111\u01b0a b\u1ea1n v\u00e0o m\u1ed9t h\u00e0nh tr\u00ecnh c\u1ea3m x\u00fac, n\u01a1i t\u1eebng li\u1ec7u tr\u00ecnh tr\u1ecb li\u1ec7u l\u00e0 s\u1ef1 k\u1ebft h\u1ee3p h\u00e0i h\u00f2a gi\u1eefa y\u00ean b\u00ecnh v\u00e0 c\u1ea3m h\u1ee9ng, gi\u1eefa thi\u00ean nhi\u00ean v\u00e0 b\u1ea3n th\u00e2n.<\/p>\n<p style=\"text-align: center\">T\u1ea1i Mercure Nha Trang Beach, m\u1ed7i tr\u1ea3i nghi\u1ec7m \u0111\u1ec1u l\u00e0 m\u1ed9t l\u1eddi m\u1eddi g\u1ecdi nh\u1eb9 nh\u00e0ng, \u0111\u01b0a b\u1ea1n r\u1eddi xa nh\u1eefng h\u1ed1i h\u1ea3 th\u01b0\u1eddng nh\u1eadt \u0111\u1ec3 tr\u1edf v\u1ec1 v\u1edbi ch\u00ednh m\u00ecnh.<\/p>\n","protected":false},"excerpt":{"rendered":"<p>Th\u1ea3 m\u00ecnh v\u00e0o nh\u1eefng kho\u1ea3nh kh\u1eafc th\u01b0 gi\u00e3n t\u1ea1i Mercure Nha Trang Beach, n\u01a1i nh\u1eefng ti\u1ec7n nghi gi\u1ea3i tr\u00ed \u0111a d\u1ea1ng \u0111\u01b0\u1ee3c ch\u0103m ch\u00fat \u0111\u1ec3 mang \u0111\u1ebfn cho b\u1ea1n c\u1ea3m gi\u00e1c an y\u00ean, t\u00e1i t\u1ea1o n\u0103ng l\u01b0\u1ee3ng v\u00e0 th\u0103ng hoa trong t\u1eebng ph\u00fat gi\u00e2y l\u01b0u tr\u00fa. H\u00f2a m\u00ecnh v\u00e0o l\u00e0n n\u01b0\u1edbc trong xanh t\u1ea1i hai [&hellip;]<\/p>\n","protected":false},"author":55,"featured_media":137,"parent":0,"menu_order":0,"comment_status":"closed","ping_status":"closed","template":"","meta":{"footnotes":""},"categories":[],"class_list":["post-342","page","type-page","status-publish","has-post-thumbnail","hentry"],"acf":[],"yoast_head":"<!-- This site is optimized with the Yoast SEO plugin v26.9 - https:\/\/yoast.com\/product\/yoast-seo-wordpress\/ -->\n<title>Th\u01b0 Gi\u00e3n t\u1ea1i Mercure Nha Trang | H\u1ed3 b\u01a1i, Spa &amp; Ph\u00f2ng t\u1eadp th\u1ec3 d\u1ee5c<\/title>\n<meta name=\"description\" content=\"Th\u01b0 gi\u00e3n v\u00e0 n\u1ea1p n\u0103ng l\u01b0\u1ee3ng t\u1ea1i Mercure Nha Trang Beach. T\u1eadn h\u01b0\u1edfng h\u1ed3 b\u01a1i, spa, trung t\u00e2m th\u1ec3 d\u1ee5c v\u00e0 ph\u00f2ng x\u00f4ng h\u01a1i kh\u00f4. \u0110\u1ebfn Merucre ngay!\" \/>\n<meta name=\"robots\" content=\"index, follow, max-snippet:-1, max-image-preview:large, max-video-preview:-1\" \/>\n<link rel=\"canonical\" href=\"https:\/\/www.mercurenhatrangbeach.com\/vi\/leisure\/\" \/>\n<meta property=\"og:locale\" content=\"vi_VN\" \/>\n<meta property=\"og:type\" content=\"article\" \/>\n<meta property=\"og:title\" content=\"Th\u01b0 Gi\u00e3n t\u1ea1i Mercure Nha Trang | H\u1ed3 b\u01a1i, Spa &amp; Ph\u00f2ng t\u1eadp th\u1ec3 d\u1ee5c\" \/>\n<meta property=\"og:description\" content=\"Th\u01b0 gi\u00e3n v\u00e0 n\u1ea1p n\u0103ng l\u01b0\u1ee3ng t\u1ea1i Mercure Nha Trang Beach. T\u1eadn h\u01b0\u1edfng h\u1ed3 b\u01a1i, spa, trung t\u00e2m th\u1ec3 d\u1ee5c v\u00e0 ph\u00f2ng x\u00f4ng h\u01a1i kh\u00f4. \u0110\u1ebfn Merucre ngay!\" \/>\n<meta property=\"og:url\" content=\"https:\/\/www.mercurenhatrangbeach.com\/vi\/leisure\/\" \/>\n<meta property=\"og:site_name\" content=\"Mercure Nha Trang\" \/>\n<meta property=\"article:modified_time\" content=\"2025-10-17T10:28:21+00:00\" \/>\n<meta property=\"og:image\" content=\"https:\/\/www.mercurenhatrangbeach.com\/wp-content\/uploads\/sites\/156\/2025\/07\/Pool-3.jpg\" \/>\n\t<meta property=\"og:image:width\" content=\"1800\" \/>\n\t<meta property=\"og:image:height\" content=\"1200\" \/>\n\t<meta property=\"og:image:type\" content=\"image\/jpeg\" \/>\n<meta name=\"twitter:card\" content=\"summary_large_image\" \/>\n<meta name=\"twitter:label1\" content=\"Est. reading time\" \/>\n\t<meta name=\"twitter:data1\" content=\"1 minute\" \/>\n<script type=\"application\/ld+json\" class=\"yoast-schema-graph\">{\"@context\":\"https:\/\/schema.org\",\"@graph\":[{\"@type\":\"WebPage\",\"@id\":\"https:\/\/www.mercurenhatrangbeach.com\/vi\/leisure\/\",\"url\":\"https:\/\/www.mercurenhatrangbeach.com\/vi\/leisure\/\",\"name\":\"Th\u01b0 Gi\u00e3n t\u1ea1i Mercure Nha Trang | H\u1ed3 b\u01a1i, Spa & Ph\u00f2ng t\u1eadp th\u1ec3 d\u1ee5c\",\"isPartOf\":{\"@id\":\"https:\/\/www.mercurenhatrangbeach.com\/#website\"},\"primaryImageOfPage\":{\"@id\":\"https:\/\/www.mercurenhatrangbeach.com\/vi\/leisure\/#primaryimage\"},\"image\":{\"@id\":\"https:\/\/www.mercurenhatrangbeach.com\/vi\/leisure\/#primaryimage\"},\"thumbnailUrl\":\"https:\/\/www.mercurenhatrangbeach.com\/wp-content\/uploads\/sites\/156\/2025\/07\/Pool-3.jpg\",\"datePublished\":\"2025-07-29T07:55:39+00:00\",\"dateModified\":\"2025-10-17T10:28:21+00:00\",\"description\":\"Th\u01b0 gi\u00e3n v\u00e0 n\u1ea1p n\u0103ng l\u01b0\u1ee3ng t\u1ea1i Mercure Nha Trang Beach. T\u1eadn h\u01b0\u1edfng h\u1ed3 b\u01a1i, spa, trung t\u00e2m th\u1ec3 d\u1ee5c v\u00e0 ph\u00f2ng x\u00f4ng h\u01a1i kh\u00f4. \u0110\u1ebfn Merucre ngay!\",\"breadcrumb\":{\"@id\":\"https:\/\/www.mercurenhatrangbeach.com\/vi\/leisure\/#breadcrumb\"},\"inLanguage\":\"vi-VN\",\"potentialAction\":[{\"@type\":\"ReadAction\",\"target\":[\"https:\/\/www.mercurenhatrangbeach.com\/vi\/leisure\/\"]}]},{\"@type\":\"ImageObject\",\"inLanguage\":\"vi-VN\",\"@id\":\"https:\/\/www.mercurenhatrangbeach.com\/vi\/leisure\/#primaryimage\",\"url\":\"https:\/\/www.mercurenhatrangbeach.com\/wp-content\/uploads\/sites\/156\/2025\/07\/Pool-3.jpg\",\"contentUrl\":\"https:\/\/www.mercurenhatrangbeach.com\/wp-content\/uploads\/sites\/156\/2025\/07\/Pool-3.jpg\",\"width\":1800,\"height\":1200,\"caption\":\"Th\u01b0 gi\u00e3n c\u00f9ng Mercure Nha Trang\"},{\"@type\":\"BreadcrumbList\",\"@id\":\"https:\/\/www.mercurenhatrangbeach.com\/vi\/leisure\/#breadcrumb\",\"itemListElement\":[{\"@type\":\"ListItem\",\"position\":1,\"name\":\"Home\",\"item\":\"https:\/\/www.mercurenhatrangbeach.com\/vi\/\"},{\"@type\":\"ListItem\",\"position\":2,\"name\":\"Th\u01b0 Gi\u00e3n\"}]},{\"@type\":\"WebSite\",\"@id\":\"https:\/\/www.mercurenhatrangbeach.com\/#website\",\"url\":\"https:\/\/www.mercurenhatrangbeach.com\/\",\"name\":\"Mercure Nha Trang\",\"description\":\"\",\"potentialAction\":[{\"@type\":\"SearchAction\",\"target\":{\"@type\":\"EntryPoint\",\"urlTemplate\":\"https:\/\/www.mercurenhatrangbeach.com\/?s={search_term_string}\"},\"query-input\":{\"@type\":\"PropertyValueSpecification\",\"valueRequired\":true,\"valueName\":\"search_term_string\"}}],\"inLanguage\":\"vi-VN\"}]}<\/script>\n<!-- \/ Yoast SEO plugin. -->","yoast_head_json":{"title":"Th\u01b0 Gi\u00e3n t\u1ea1i Mercure Nha Trang | H\u1ed3 b\u01a1i, Spa & Ph\u00f2ng t\u1eadp th\u1ec3 d\u1ee5c","description":"Th\u01b0 gi\u00e3n v\u00e0 n\u1ea1p n\u0103ng l\u01b0\u1ee3ng t\u1ea1i Mercure Nha Trang Beach. T\u1eadn h\u01b0\u1edfng h\u1ed3 b\u01a1i, spa, trung t\u00e2m th\u1ec3 d\u1ee5c v\u00e0 ph\u00f2ng x\u00f4ng h\u01a1i kh\u00f4. \u0110\u1ebfn Merucre ngay!","robots":{"index":"index","follow":"follow","max-snippet":"max-snippet:-1","max-image-preview":"max-image-preview:large","max-video-preview":"max-video-preview:-1"},"canonical":"https:\/\/www.mercurenhatrangbeach.com\/vi\/leisure\/","og_locale":"vi_VN","og_type":"article","og_title":"Th\u01b0 Gi\u00e3n t\u1ea1i Mercure Nha Trang | H\u1ed3 b\u01a1i, Spa & Ph\u00f2ng t\u1eadp th\u1ec3 d\u1ee5c","og_description":"Th\u01b0 gi\u00e3n v\u00e0 n\u1ea1p n\u0103ng l\u01b0\u1ee3ng t\u1ea1i Mercure Nha Trang Beach. T\u1eadn h\u01b0\u1edfng h\u1ed3 b\u01a1i, spa, trung t\u00e2m th\u1ec3 d\u1ee5c v\u00e0 ph\u00f2ng x\u00f4ng h\u01a1i kh\u00f4. \u0110\u1ebfn Merucre ngay!","og_url":"https:\/\/www.mercurenhatrangbeach.com\/vi\/leisure\/","og_site_name":"Mercure Nha Trang","article_modified_time":"2025-10-17T10:28:21+00:00","og_image":[{"width":1800,"height":1200,"url":"https:\/\/www.mercurenhatrangbeach.com\/wp-content\/uploads\/sites\/156\/2025\/07\/Pool-3.jpg","type":"image\/jpeg"}],"twitter_card":"summary_large_image","twitter_misc":{"Est. reading time":"1 minute"},"schema":{"@context":"https:\/\/schema.org","@graph":[{"@type":"WebPage","@id":"https:\/\/www.mercurenhatrangbeach.com\/vi\/leisure\/","url":"https:\/\/www.mercurenhatrangbeach.com\/vi\/leisure\/","name":"Th\u01b0 Gi\u00e3n t\u1ea1i Mercure Nha Trang | H\u1ed3 b\u01a1i, Spa & Ph\u00f2ng t\u1eadp th\u1ec3 d\u1ee5c","isPartOf":{"@id":"https:\/\/www.mercurenhatrangbeach.com\/#website"},"primaryImageOfPage":{"@id":"https:\/\/www.mercurenhatrangbeach.com\/vi\/leisure\/#primaryimage"},"image":{"@id":"https:\/\/www.mercurenhatrangbeach.com\/vi\/leisure\/#primaryimage"},"thumbnailUrl":"https:\/\/www.mercurenhatrangbeach.com\/wp-content\/uploads\/sites\/156\/2025\/07\/Pool-3.jpg","datePublished":"2025-07-29T07:55:39+00:00","dateModified":"2025-10-17T10:28:21+00:00","description":"Th\u01b0 gi\u00e3n v\u00e0 n\u1ea1p n\u0103ng l\u01b0\u1ee3ng t\u1ea1i Mercure Nha Trang Beach. T\u1eadn h\u01b0\u1edfng h\u1ed3 b\u01a1i, spa, trung t\u00e2m th\u1ec3 d\u1ee5c v\u00e0 ph\u00f2ng x\u00f4ng h\u01a1i kh\u00f4. \u0110\u1ebfn Merucre ngay!","breadcrumb":{"@id":"https:\/\/www.mercurenhatrangbeach.com\/vi\/leisure\/#breadcrumb"},"inLanguage":"vi-VN","potentialAction":[{"@type":"ReadAction","target":["https:\/\/www.mercurenhatrangbeach.com\/vi\/leisure\/"]}]},{"@type":"ImageObject","inLanguage":"vi-VN","@id":"https:\/\/www.mercurenhatrangbeach.com\/vi\/leisure\/#primaryimage","url":"https:\/\/www.mercurenhatrangbeach.com\/wp-content\/uploads\/sites\/156\/2025\/07\/Pool-3.jpg","contentUrl":"https:\/\/www.mercurenhatrangbeach.com\/wp-content\/uploads\/sites\/156\/2025\/07\/Pool-3.jpg","width":1800,"height":1200,"caption":"Th\u01b0 gi\u00e3n c\u00f9ng Mercure Nha Trang"},{"@type":"BreadcrumbList","@id":"https:\/\/www.mercurenhatrangbeach.com\/vi\/leisure\/#breadcrumb","itemListElement":[{"@type":"ListItem","position":1,"name":"Home","item":"https:\/\/www.mercurenhatrangbeach.com\/vi\/"},{"@type":"ListItem","position":2,"name":"Th\u01b0 Gi\u00e3n"}]},{"@type":"WebSite","@id":"https:\/\/www.mercurenhatrangbeach.com\/#website","url":"https:\/\/www.mercurenhatrangbeach.com\/","name":"Mercure Nha Trang","description":"","potentialAction":[{"@type":"SearchAction","target":{"@type":"EntryPoint","urlTemplate":"https:\/\/www.mercurenhatrangbeach.com\/?s={search_term_string}"},"query-input":{"@type":"PropertyValueSpecification","valueRequired":true,"valueName":"search_term_string"}}],"inLanguage":"vi-VN"}]}},"_links":{"self":[{"href":"https:\/\/www.mercurenhatrangbeach.com\/vi\/wp-json\/wp\/v2\/pages\/342","targetHints":{"allow":["GET"]}}],"collection":[{"href":"https:\/\/www.mercurenhatrangbeach.com\/vi\/wp-json\/wp\/v2\/pages"}],"about":[{"href":"https:\/\/www.mercurenhatrangbeach.com\/vi\/wp-json\/wp\/v2\/types\/page"}],"author":[{"embeddable":true,"href":"https:\/\/www.mercurenhatrangbeach.com\/vi\/wp-json\/wp\/v2\/users\/55"}],"replies":[{"embeddable":true,"href":"https:\/\/www.mercurenhatrangbeach.com\/vi\/wp-json\/wp\/v2\/comments?post=342"}],"version-history":[{"count":0,"href":"https:\/\/www.mercurenhatrangbeach.com\/vi\/wp-json\/wp\/v2\/pages\/342\/revisions"}],"wp:featuredmedia":[{"embeddable":true,"href":"https:\/\/www.mercurenhatrangbeach.com\/vi\/wp-json\/wp\/v2\/media\/137"}],"wp:attachment":[{"href":"https:\/\/www.mercurenhatrangbeach.com\/vi\/wp-json\/wp\/v2\/media?parent=342"}],"wp:term":[{"taxonomy":"category","embeddable":true,"href":"https:\/\/www.mercurenhatrangbeach.com\/vi\/wp-json\/wp\/v2\/categories?post=342"}],"curies":[{"name":"wp","href":"https:\/\/api.w.org\/{rel}","templated":true}]}}