{"id":343,"date":"2025-07-29T08:08:43","date_gmt":"2025-07-29T08:08:43","guid":{"rendered":"https:\/\/mercurenhatrang.accorv2prod.decms.eu\/leisure\/gym\/"},"modified":"2025-10-17T04:10:47","modified_gmt":"2025-10-17T04:10:47","slug":"gym","status":"publish","type":"page","link":"https:\/\/www.mercurenhatrangbeach.com\/vi\/leisure\/gym\/","title":{"rendered":"Ph\u00f2ng Gym"},"content":{"rendered":"<p><strong>Ph\u00f2ng gym t\u1ea1i Nha Trang<\/strong> l\u00e0 m\u1ed9t kh\u00f4ng gian \u0111\u1ea7y c\u1ea3m h\u1ee9ng v\u00e0 n\u0103ng \u0111\u1ed9ng, n\u01a1i b\u1ea1n c\u00f3 th\u1ec3 b\u1eaft \u0111\u1ea7u hay k\u1ebft th\u00fac m\u1ed9t ng\u00e0y kh\u00e1m ph\u00e1 v\u1edbi tinh th\u1ea7n t\u01b0\u01a1i m\u1edbi v\u00e0 tr\u00e0n \u0111\u1ea7y n\u0103ng l\u01b0\u1ee3ng.<\/p>\n<p>\u0110\u01b0\u1ee3c thi\u1ebft k\u1ebf m\u1ed9t c\u00e1ch thanh l\u1ecbch, mang \u0111\u1ebfn tr\u1ea3i nghi\u1ec7m luy\u1ec7n t\u1eadp v\u1eeba hi\u1ec7u qu\u1ea3, v\u1eeba th\u01b0 th\u00e1i trong khi h\u00f2a quy\u1ec7n trong \u00e1nh s\u00e1ng d\u1ecbu nh\u1eb9. T\u00e1t c\u1ea3 trang b\u1ecb nh\u01b0 m\u00e1y ch\u1ea1y b\u1ed9 hi\u1ec7n \u0111\u1ea1i, xe \u0111\u1ea1p c\u1ed1 \u0111\u1ecbnh t\u01b0 th\u1ebf \u0111\u1ee9ng v\u00e0 ng\u1ea3, m\u00e1y t\u1eadp to\u00e0n th\u00e2n, m\u00e1y cardio wave, c\u00f9ng c\u00e1c thi\u1ebft b\u1ecb t\u1eadp t\u1ea1, gh\u1ebf g\u1eadp b\u1ee5ng, th\u1ea3m yoga v\u00e0 d\u00e0n m\u00e1y t\u1eadp chuy\u00ean s\u00e2u.<\/p>\n<p>Sau gi\u1edd t\u1eadp, b\u1ea1n c\u00f3 th\u1ec3 x\u00f4ng h\u01a1i th\u01b0 gi\u00e3n, gi\u00fap c\u01a1 b\u1eafp h\u1ed3i ph\u1ee5c, hay ng\u00e2m m\u00ecnh trong l\u00e0n n\u01b0\u1edbc \u1ea5m \u00e1p c\u1ee7a b\u1ed3n jacuzzi, \u0111\u1ec3 m\u1ecdi lo toan d\u1ea7n tan bi\u1ebfn, nh\u01b0\u1eddng ch\u1ed7 cho s\u1ef1 b\u00ecnh y\u00ean len l\u1ecfi trong t\u1eebng nh\u1ecbp th\u1edf.<\/p>\n<p>H\u00e3y \u0111\u1ec3 t\u1eebng chuy\u1ec3n \u0111\u1ed9ng \u0111\u00e1nh th\u1ee9c tinh th\u1ea7n kh\u00e1m ph\u00e1, v\u00e0 \u0111\u1ec3 b\u1ea3n th\u00e2n t\u1eadn h\u01b0\u1edfng tr\u1ecdn v\u1eb9n h\u00e0nh tr\u00ecnh ch\u0103m s\u00f3c c\u01a1 th\u1ec3 trong kh\u00f4ng gian mang \u0111\u1eadm h\u01a1i th\u1edf bi\u1ec3n kh\u01a1i Nha Trang.<\/p>\n","protected":false},"excerpt":{"rendered":"<p>Ph\u00f2ng gym t\u1ea1i Nha Trang l\u00e0 m\u1ed9t kh\u00f4ng gian \u0111\u1ea7y c\u1ea3m h\u1ee9ng v\u00e0 n\u0103ng \u0111\u1ed9ng, n\u01a1i b\u1ea1n c\u00f3 th\u1ec3 b\u1eaft \u0111\u1ea7u hay k\u1ebft th\u00fac m\u1ed9t ng\u00e0y kh\u00e1m ph\u00e1 v\u1edbi tinh th\u1ea7n t\u01b0\u01a1i m\u1edbi v\u00e0 tr\u00e0n \u0111\u1ea7y n\u0103ng l\u01b0\u1ee3ng. \u0110\u01b0\u1ee3c thi\u1ebft k\u1ebf m\u1ed9t c\u00e1ch thanh l\u1ecbch, mang \u0111\u1ebfn tr\u1ea3i nghi\u1ec7m luy\u1ec7n t\u1eadp v\u1eeba hi\u1ec7u qu\u1ea3, v\u1eeba [&hellip;]<\/p>\n","protected":false},"author":55,"featured_media":651,"parent":342,"menu_order":0,"comment_status":"closed","ping_status":"closed","template":"template-spa.php","meta":{"footnotes":""},"categories":[],"class_list":["post-343","page","type-page","status-publish","has-post-thumbnail","hentry"],"acf":[],"yoast_head":"<!-- This site is optimized with the Yoast SEO plugin v26.9 - https:\/\/yoast.com\/product\/yoast-seo-wordpress\/ -->\n<title>Ph\u00f2ng Gym t\u1ea1i Nha Trang | Trung t\u00e2m th\u1ec3 d\u1ee5c cao c\u1ea5p Nha Trang<\/title>\n<meta name=\"description\" content=\"Ph\u00f2ng gym t\u1ea1i Nha Trang t\u1ed1t nh\u1ea5t cho vi\u1ec7c t\u1eadp luy\u1ec7n th\u1ec3 d\u1ee5c: Cardio, m\u00e1y t\u1eadp t\u1ea1, th\u1ea3m t\u1eadp yoga v\u00e0 c\u1ea3 ph\u00f2ng x\u00f4ng h\u01a1i kh\u00f4 v\u00e0 b\u1ed3n t\u1eafm jacuzzi.\" \/>\n<meta name=\"robots\" content=\"index, follow, max-snippet:-1, max-image-preview:large, max-video-preview:-1\" \/>\n<link rel=\"canonical\" href=\"https:\/\/www.mercurenhatrangbeach.com\/vi\/leisure\/gym\/\" \/>\n<meta property=\"og:locale\" content=\"vi_VN\" \/>\n<meta property=\"og:type\" content=\"article\" \/>\n<meta property=\"og:title\" content=\"Ph\u00f2ng Gym t\u1ea1i Nha Trang | Trung t\u00e2m th\u1ec3 d\u1ee5c cao c\u1ea5p Nha Trang\" \/>\n<meta property=\"og:description\" content=\"Ph\u00f2ng gym t\u1ea1i Nha Trang t\u1ed1t nh\u1ea5t cho vi\u1ec7c t\u1eadp luy\u1ec7n th\u1ec3 d\u1ee5c: Cardio, m\u00e1y t\u1eadp t\u1ea1, th\u1ea3m t\u1eadp yoga v\u00e0 c\u1ea3 ph\u00f2ng x\u00f4ng h\u01a1i kh\u00f4 v\u00e0 b\u1ed3n t\u1eafm jacuzzi.\" \/>\n<meta property=\"og:url\" content=\"https:\/\/www.mercurenhatrangbeach.com\/vi\/leisure\/gym\/\" \/>\n<meta property=\"og:site_name\" content=\"Mercure Nha Trang\" \/>\n<meta property=\"article:modified_time\" content=\"2025-10-17T04:10:47+00:00\" \/>\n<meta property=\"og:image\" content=\"https:\/\/www.mercurenhatrangbeach.com\/wp-content\/uploads\/sites\/156\/2025\/09\/Gym_2210.jpg\" \/>\n\t<meta property=\"og:image:width\" content=\"2200\" \/>\n\t<meta property=\"og:image:height\" content=\"1467\" \/>\n\t<meta property=\"og:image:type\" content=\"image\/jpeg\" \/>\n<meta name=\"twitter:card\" content=\"summary_large_image\" \/>\n<meta name=\"twitter:label1\" content=\"Est. reading time\" \/>\n\t<meta name=\"twitter:data1\" content=\"2 minutes\" \/>\n<script type=\"application\/ld+json\" class=\"yoast-schema-graph\">{\"@context\":\"https:\/\/schema.org\",\"@graph\":[{\"@type\":\"WebPage\",\"@id\":\"https:\/\/www.mercurenhatrangbeach.com\/vi\/leisure\/gym\/\",\"url\":\"https:\/\/www.mercurenhatrangbeach.com\/vi\/leisure\/gym\/\",\"name\":\"Ph\u00f2ng Gym t\u1ea1i Nha Trang | Trung t\u00e2m th\u1ec3 d\u1ee5c cao c\u1ea5p Nha Trang\",\"isPartOf\":{\"@id\":\"https:\/\/www.mercurenhatrangbeach.com\/#website\"},\"primaryImageOfPage\":{\"@id\":\"https:\/\/www.mercurenhatrangbeach.com\/vi\/leisure\/gym\/#primaryimage\"},\"image\":{\"@id\":\"https:\/\/www.mercurenhatrangbeach.com\/vi\/leisure\/gym\/#primaryimage\"},\"thumbnailUrl\":\"https:\/\/www.mercurenhatrangbeach.com\/wp-content\/uploads\/sites\/156\/2025\/09\/Gym_2210.jpg\",\"datePublished\":\"2025-07-29T08:08:43+00:00\",\"dateModified\":\"2025-10-17T04:10:47+00:00\",\"description\":\"Ph\u00f2ng gym t\u1ea1i Nha Trang t\u1ed1t nh\u1ea5t cho vi\u1ec7c t\u1eadp luy\u1ec7n th\u1ec3 d\u1ee5c: Cardio, m\u00e1y t\u1eadp t\u1ea1, th\u1ea3m t\u1eadp yoga v\u00e0 c\u1ea3 ph\u00f2ng x\u00f4ng h\u01a1i kh\u00f4 v\u00e0 b\u1ed3n t\u1eafm jacuzzi.\",\"breadcrumb\":{\"@id\":\"https:\/\/www.mercurenhatrangbeach.com\/vi\/leisure\/gym\/#breadcrumb\"},\"inLanguage\":\"vi-VN\",\"potentialAction\":[{\"@type\":\"ReadAction\",\"target\":[\"https:\/\/www.mercurenhatrangbeach.com\/vi\/leisure\/gym\/\"]}]},{\"@type\":\"ImageObject\",\"inLanguage\":\"vi-VN\",\"@id\":\"https:\/\/www.mercurenhatrangbeach.com\/vi\/leisure\/gym\/#primaryimage\",\"url\":\"https:\/\/www.mercurenhatrangbeach.com\/wp-content\/uploads\/sites\/156\/2025\/09\/Gym_2210.jpg\",\"contentUrl\":\"https:\/\/www.mercurenhatrangbeach.com\/wp-content\/uploads\/sites\/156\/2025\/09\/Gym_2210.jpg\",\"width\":2200,\"height\":1467,\"caption\":\"Ph\u00f2ng gym t\u1ea1i Nha Trang\"},{\"@type\":\"BreadcrumbList\",\"@id\":\"https:\/\/www.mercurenhatrangbeach.com\/vi\/leisure\/gym\/#breadcrumb\",\"itemListElement\":[{\"@type\":\"ListItem\",\"position\":1,\"name\":\"Home\",\"item\":\"https:\/\/www.mercurenhatrangbeach.com\/vi\/\"},{\"@type\":\"ListItem\",\"position\":2,\"name\":\"Th\u01b0 Gi\u00e3n\",\"item\":\"https:\/\/www.mercurenhatrangbeach.com\/vi\/leisure\/\"},{\"@type\":\"ListItem\",\"position\":3,\"name\":\"Ph\u00f2ng Gym\"}]},{\"@type\":\"WebSite\",\"@id\":\"https:\/\/www.mercurenhatrangbeach.com\/#website\",\"url\":\"https:\/\/www.mercurenhatrangbeach.com\/\",\"name\":\"Mercure Nha Trang\",\"description\":\"\",\"potentialAction\":[{\"@type\":\"SearchAction\",\"target\":{\"@type\":\"EntryPoint\",\"urlTemplate\":\"https:\/\/www.mercurenhatrangbeach.com\/?s={search_term_string}\"},\"query-input\":{\"@type\":\"PropertyValueSpecification\",\"valueRequired\":true,\"valueName\":\"search_term_string\"}}],\"inLanguage\":\"vi-VN\"}]}<\/script>\n<!-- \/ Yoast SEO plugin. -->","yoast_head_json":{"title":"Ph\u00f2ng Gym t\u1ea1i Nha Trang | Trung t\u00e2m th\u1ec3 d\u1ee5c cao c\u1ea5p Nha Trang","description":"Ph\u00f2ng gym t\u1ea1i Nha Trang t\u1ed1t nh\u1ea5t cho vi\u1ec7c t\u1eadp luy\u1ec7n th\u1ec3 d\u1ee5c: Cardio, m\u00e1y t\u1eadp t\u1ea1, th\u1ea3m t\u1eadp yoga v\u00e0 c\u1ea3 ph\u00f2ng x\u00f4ng h\u01a1i kh\u00f4 v\u00e0 b\u1ed3n t\u1eafm jacuzzi.","robots":{"index":"index","follow":"follow","max-snippet":"max-snippet:-1","max-image-preview":"max-image-preview:large","max-video-preview":"max-video-preview:-1"},"canonical":"https:\/\/www.mercurenhatrangbeach.com\/vi\/leisure\/gym\/","og_locale":"vi_VN","og_type":"article","og_title":"Ph\u00f2ng Gym t\u1ea1i Nha Trang | Trung t\u00e2m th\u1ec3 d\u1ee5c cao c\u1ea5p Nha Trang","og_description":"Ph\u00f2ng gym t\u1ea1i Nha Trang t\u1ed1t nh\u1ea5t cho vi\u1ec7c t\u1eadp luy\u1ec7n th\u1ec3 d\u1ee5c: Cardio, m\u00e1y t\u1eadp t\u1ea1, th\u1ea3m t\u1eadp yoga v\u00e0 c\u1ea3 ph\u00f2ng x\u00f4ng h\u01a1i kh\u00f4 v\u00e0 b\u1ed3n t\u1eafm jacuzzi.","og_url":"https:\/\/www.mercurenhatrangbeach.com\/vi\/leisure\/gym\/","og_site_name":"Mercure Nha Trang","article_modified_time":"2025-10-17T04:10:47+00:00","og_image":[{"width":2200,"height":1467,"url":"https:\/\/www.mercurenhatrangbeach.com\/wp-content\/uploads\/sites\/156\/2025\/09\/Gym_2210.jpg","type":"image\/jpeg"}],"twitter_card":"summary_large_image","twitter_misc":{"Est. reading time":"2 minutes"},"schema":{"@context":"https:\/\/schema.org","@graph":[{"@type":"WebPage","@id":"https:\/\/www.mercurenhatrangbeach.com\/vi\/leisure\/gym\/","url":"https:\/\/www.mercurenhatrangbeach.com\/vi\/leisure\/gym\/","name":"Ph\u00f2ng Gym t\u1ea1i Nha Trang | Trung t\u00e2m th\u1ec3 d\u1ee5c cao c\u1ea5p Nha Trang","isPartOf":{"@id":"https:\/\/www.mercurenhatrangbeach.com\/#website"},"primaryImageOfPage":{"@id":"https:\/\/www.mercurenhatrangbeach.com\/vi\/leisure\/gym\/#primaryimage"},"image":{"@id":"https:\/\/www.mercurenhatrangbeach.com\/vi\/leisure\/gym\/#primaryimage"},"thumbnailUrl":"https:\/\/www.mercurenhatrangbeach.com\/wp-content\/uploads\/sites\/156\/2025\/09\/Gym_2210.jpg","datePublished":"2025-07-29T08:08:43+00:00","dateModified":"2025-10-17T04:10:47+00:00","description":"Ph\u00f2ng gym t\u1ea1i Nha Trang t\u1ed1t nh\u1ea5t cho vi\u1ec7c t\u1eadp luy\u1ec7n th\u1ec3 d\u1ee5c: Cardio, m\u00e1y t\u1eadp t\u1ea1, th\u1ea3m t\u1eadp yoga v\u00e0 c\u1ea3 ph\u00f2ng x\u00f4ng h\u01a1i kh\u00f4 v\u00e0 b\u1ed3n t\u1eafm jacuzzi.","breadcrumb":{"@id":"https:\/\/www.mercurenhatrangbeach.com\/vi\/leisure\/gym\/#breadcrumb"},"inLanguage":"vi-VN","potentialAction":[{"@type":"ReadAction","target":["https:\/\/www.mercurenhatrangbeach.com\/vi\/leisure\/gym\/"]}]},{"@type":"ImageObject","inLanguage":"vi-VN","@id":"https:\/\/www.mercurenhatrangbeach.com\/vi\/leisure\/gym\/#primaryimage","url":"https:\/\/www.mercurenhatrangbeach.com\/wp-content\/uploads\/sites\/156\/2025\/09\/Gym_2210.jpg","contentUrl":"https:\/\/www.mercurenhatrangbeach.com\/wp-content\/uploads\/sites\/156\/2025\/09\/Gym_2210.jpg","width":2200,"height":1467,"caption":"Ph\u00f2ng gym t\u1ea1i Nha Trang"},{"@type":"BreadcrumbList","@id":"https:\/\/www.mercurenhatrangbeach.com\/vi\/leisure\/gym\/#breadcrumb","itemListElement":[{"@type":"ListItem","position":1,"name":"Home","item":"https:\/\/www.mercurenhatrangbeach.com\/vi\/"},{"@type":"ListItem","position":2,"name":"Th\u01b0 Gi\u00e3n","item":"https:\/\/www.mercurenhatrangbeach.com\/vi\/leisure\/"},{"@type":"ListItem","position":3,"name":"Ph\u00f2ng Gym"}]},{"@type":"WebSite","@id":"https:\/\/www.mercurenhatrangbeach.com\/#website","url":"https:\/\/www.mercurenhatrangbeach.com\/","name":"Mercure Nha Trang","description":"","potentialAction":[{"@type":"SearchAction","target":{"@type":"EntryPoint","urlTemplate":"https:\/\/www.mercurenhatrangbeach.com\/?s={search_term_string}"},"query-input":{"@type":"PropertyValueSpecification","valueRequired":true,"valueName":"search_term_string"}}],"inLanguage":"vi-VN"}]}},"_links":{"self":[{"href":"https:\/\/www.mercurenhatrangbeach.com\/vi\/wp-json\/wp\/v2\/pages\/343","targetHints":{"allow":["GET"]}}],"collection":[{"href":"https:\/\/www.mercurenhatrangbeach.com\/vi\/wp-json\/wp\/v2\/pages"}],"about":[{"href":"https:\/\/www.mercurenhatrangbeach.com\/vi\/wp-json\/wp\/v2\/types\/page"}],"author":[{"embeddable":true,"href":"https:\/\/www.mercurenhatrangbeach.com\/vi\/wp-json\/wp\/v2\/users\/55"}],"replies":[{"embeddable":true,"href":"https:\/\/www.mercurenhatrangbeach.com\/vi\/wp-json\/wp\/v2\/comments?post=343"}],"version-history":[{"count":0,"href":"https:\/\/www.mercurenhatrangbeach.com\/vi\/wp-json\/wp\/v2\/pages\/343\/revisions"}],"up":[{"embeddable":true,"href":"https:\/\/www.mercurenhatrangbeach.com\/vi\/wp-json\/wp\/v2\/pages\/342"}],"wp:featuredmedia":[{"embeddable":true,"href":"https:\/\/www.mercurenhatrangbeach.com\/vi\/wp-json\/wp\/v2\/media\/651"}],"wp:attachment":[{"href":"https:\/\/www.mercurenhatrangbeach.com\/vi\/wp-json\/wp\/v2\/media?parent=343"}],"wp:term":[{"taxonomy":"category","embeddable":true,"href":"https:\/\/www.mercurenhatrangbeach.com\/vi\/wp-json\/wp\/v2\/categories?post=343"}],"curies":[{"name":"wp","href":"https:\/\/api.w.org\/{rel}","templated":true}]}}