{"id":344,"date":"2025-07-29T08:12:52","date_gmt":"2025-07-29T08:12:52","guid":{"rendered":"https:\/\/mercurenhatrang.accorv2prod.decms.eu\/leisure\/pools\/"},"modified":"2025-11-13T07:40:10","modified_gmt":"2025-11-13T07:40:10","slug":"pools","status":"publish","type":"page","link":"https:\/\/www.mercurenhatrangbeach.com\/vi\/leisure\/pools\/","title":{"rendered":"H\u1ed3 B\u01a1i"},"content":{"rendered":"<p style=\"text-align: center\">\u0110\u1eafm m\u00ecnh trong l\u00e0n n\u01b0\u1edbc m\u00e1t l\u00e0nh t\u1ea1i m\u1ed9t trong hai <strong>h\u1ed3 b\u01a1i t\u1ea1i Nha Trang<\/strong> \u0111\u1ea7y thi v\u1ecb c\u1ee7a Mercure Nha Trang Beach. Ch\u1ecdn h\u1ed3 b\u01a1i trong nh\u00e0 kh\u00f4ng gia nhi\u1ec7t \u2013 m\u1ed9t ch\u1ed1n tr\u00fa \u1ea9n d\u1ecbu m\u00e1t d\u01b0\u1edbi \u00e1nh n\u1eafng mi\u1ec1n bi\u1ec3n, l\u00fd t\u01b0\u1edfng cho nh\u1eefng ng\u00e0y se l\u1ea1nh.<\/p>\n<p style=\"text-align: center\">B\u00ean l\u00e0n n\u01b0\u1edbc trong xanh, nh\u1eefng kho\u1ea3nh kh\u1eafc th\u01b0 gi\u00e3n nh\u1eb9 nh\u00e0ng c\u00f9ng ng\u01b0\u1eddi th\u00e2n y\u00eau tr\u1edf n\u00ean nh\u01b0 ph\u00e9p m\u00e0u, v\u1ebd n\u00ean nh\u1eefng h\u1ed3i \u1ee9c \u00eam \u0111\u1ec1m, \u0111\u1ea7y ti\u1ebfng c\u01b0\u1eddi v\u00e0 \u00e1nh n\u1eafng chan h\u00f2a.<\/p>\n","protected":false},"excerpt":{"rendered":"<p>\u0110\u1eafm m\u00ecnh trong l\u00e0n n\u01b0\u1edbc m\u00e1t l\u00e0nh t\u1ea1i m\u1ed9t trong hai h\u1ed3 b\u01a1i t\u1ea1i Nha Trang \u0111\u1ea7y thi v\u1ecb c\u1ee7a Mercure Nha Trang Beach. Ch\u1ecdn h\u1ed3 b\u01a1i trong nh\u00e0 kh\u00f4ng gia nhi\u1ec7t \u2013 m\u1ed9t ch\u1ed1n tr\u00fa \u1ea9n d\u1ecbu m\u00e1t d\u01b0\u1edbi \u00e1nh n\u1eafng mi\u1ec1n bi\u1ec3n, l\u00fd t\u01b0\u1edfng cho nh\u1eefng ng\u00e0y se l\u1ea1nh. B\u00ean l\u00e0n n\u01b0\u1edbc trong [&hellip;]<\/p>\n","protected":false},"author":55,"featured_media":652,"parent":342,"menu_order":0,"comment_status":"closed","ping_status":"closed","template":"template-spa.php","meta":{"footnotes":""},"categories":[],"class_list":["post-344","page","type-page","status-publish","has-post-thumbnail","hentry"],"acf":[],"yoast_head":"<!-- This site is optimized with the Yoast SEO plugin v26.9 - https:\/\/yoast.com\/product\/yoast-seo-wordpress\/ -->\n<title>\u0110\u1eafm m\u00ecnh v\u00e0o h\u1ed3 b\u01a1i t\u1ea1i Nha Trang t\u1ed1t nh\u1ea5t | Mercure Nha Trang<\/title>\n<meta name=\"description\" content=\"H\u1ed3 b\u01a1i t\u1ea1i Nha Trang d\u00e0nh cho gia \u0111\u00ecnh! T\u1ea1i Mercure Nha Trang Beach, v\u1eeba vui ch\u01a1i ngo\u00e0i tr\u1eddi, v\u1eeba t\u1eadn h\u01b0\u1edfng s\u1ef1 tho\u1ea3i m\u00e1i trong nh\u00e0.\" \/>\n<meta name=\"robots\" content=\"index, follow, max-snippet:-1, max-image-preview:large, max-video-preview:-1\" \/>\n<link rel=\"canonical\" href=\"https:\/\/www.mercurenhatrangbeach.com\/vi\/leisure\/pools\/\" \/>\n<meta property=\"og:locale\" content=\"vi_VN\" \/>\n<meta property=\"og:type\" content=\"article\" \/>\n<meta property=\"og:title\" content=\"\u0110\u1eafm m\u00ecnh v\u00e0o h\u1ed3 b\u01a1i t\u1ea1i Nha Trang t\u1ed1t nh\u1ea5t | Mercure Nha Trang\" \/>\n<meta property=\"og:description\" content=\"H\u1ed3 b\u01a1i t\u1ea1i Nha Trang d\u00e0nh cho gia \u0111\u00ecnh! T\u1ea1i Mercure Nha Trang Beach, v\u1eeba vui ch\u01a1i ngo\u00e0i tr\u1eddi, v\u1eeba t\u1eadn h\u01b0\u1edfng s\u1ef1 tho\u1ea3i m\u00e1i trong nh\u00e0.\" \/>\n<meta property=\"og:url\" content=\"https:\/\/www.mercurenhatrangbeach.com\/vi\/leisure\/pools\/\" \/>\n<meta property=\"og:site_name\" content=\"Mercure Nha Trang\" \/>\n<meta property=\"article:modified_time\" content=\"2025-11-13T07:40:10+00:00\" \/>\n<meta property=\"og:image\" content=\"https:\/\/www.mercurenhatrangbeach.com\/wp-content\/uploads\/sites\/156\/2025\/09\/Pool-3.jpg\" \/>\n\t<meta property=\"og:image:width\" content=\"2200\" \/>\n\t<meta property=\"og:image:height\" content=\"1467\" \/>\n\t<meta property=\"og:image:type\" content=\"image\/jpeg\" \/>\n<meta name=\"twitter:card\" content=\"summary_large_image\" \/>\n<meta name=\"twitter:label1\" content=\"Est. reading time\" \/>\n\t<meta name=\"twitter:data1\" content=\"1 minute\" \/>\n<script type=\"application\/ld+json\" class=\"yoast-schema-graph\">{\"@context\":\"https:\/\/schema.org\",\"@graph\":[{\"@type\":\"WebPage\",\"@id\":\"https:\/\/www.mercurenhatrangbeach.com\/vi\/leisure\/pools\/\",\"url\":\"https:\/\/www.mercurenhatrangbeach.com\/vi\/leisure\/pools\/\",\"name\":\"\u0110\u1eafm m\u00ecnh v\u00e0o h\u1ed3 b\u01a1i t\u1ea1i Nha Trang t\u1ed1t nh\u1ea5t | Mercure Nha Trang\",\"isPartOf\":{\"@id\":\"https:\/\/www.mercurenhatrangbeach.com\/#website\"},\"primaryImageOfPage\":{\"@id\":\"https:\/\/www.mercurenhatrangbeach.com\/vi\/leisure\/pools\/#primaryimage\"},\"image\":{\"@id\":\"https:\/\/www.mercurenhatrangbeach.com\/vi\/leisure\/pools\/#primaryimage\"},\"thumbnailUrl\":\"https:\/\/www.mercurenhatrangbeach.com\/wp-content\/uploads\/sites\/156\/2025\/09\/Pool-3.jpg\",\"datePublished\":\"2025-07-29T08:12:52+00:00\",\"dateModified\":\"2025-11-13T07:40:10+00:00\",\"description\":\"H\u1ed3 b\u01a1i t\u1ea1i Nha Trang d\u00e0nh cho gia \u0111\u00ecnh! T\u1ea1i Mercure Nha Trang Beach, v\u1eeba vui ch\u01a1i ngo\u00e0i tr\u1eddi, v\u1eeba t\u1eadn h\u01b0\u1edfng s\u1ef1 tho\u1ea3i m\u00e1i trong nh\u00e0.\",\"breadcrumb\":{\"@id\":\"https:\/\/www.mercurenhatrangbeach.com\/vi\/leisure\/pools\/#breadcrumb\"},\"inLanguage\":\"vi-VN\",\"potentialAction\":[{\"@type\":\"ReadAction\",\"target\":[\"https:\/\/www.mercurenhatrangbeach.com\/vi\/leisure\/pools\/\"]}]},{\"@type\":\"ImageObject\",\"inLanguage\":\"vi-VN\",\"@id\":\"https:\/\/www.mercurenhatrangbeach.com\/vi\/leisure\/pools\/#primaryimage\",\"url\":\"https:\/\/www.mercurenhatrangbeach.com\/wp-content\/uploads\/sites\/156\/2025\/09\/Pool-3.jpg\",\"contentUrl\":\"https:\/\/www.mercurenhatrangbeach.com\/wp-content\/uploads\/sites\/156\/2025\/09\/Pool-3.jpg\",\"width\":2200,\"height\":1467,\"caption\":\"h\u1ed3 b\u01a1i t\u1ea1i Nha Trang\"},{\"@type\":\"BreadcrumbList\",\"@id\":\"https:\/\/www.mercurenhatrangbeach.com\/vi\/leisure\/pools\/#breadcrumb\",\"itemListElement\":[{\"@type\":\"ListItem\",\"position\":1,\"name\":\"Home\",\"item\":\"https:\/\/www.mercurenhatrangbeach.com\/vi\/\"},{\"@type\":\"ListItem\",\"position\":2,\"name\":\"Th\u01b0 Gi\u00e3n\",\"item\":\"https:\/\/www.mercurenhatrangbeach.com\/vi\/leisure\/\"},{\"@type\":\"ListItem\",\"position\":3,\"name\":\"H\u1ed3 B\u01a1i\"}]},{\"@type\":\"WebSite\",\"@id\":\"https:\/\/www.mercurenhatrangbeach.com\/#website\",\"url\":\"https:\/\/www.mercurenhatrangbeach.com\/\",\"name\":\"Mercure Nha Trang\",\"description\":\"\",\"potentialAction\":[{\"@type\":\"SearchAction\",\"target\":{\"@type\":\"EntryPoint\",\"urlTemplate\":\"https:\/\/www.mercurenhatrangbeach.com\/?s={search_term_string}\"},\"query-input\":{\"@type\":\"PropertyValueSpecification\",\"valueRequired\":true,\"valueName\":\"search_term_string\"}}],\"inLanguage\":\"vi-VN\"}]}<\/script>\n<!-- \/ Yoast SEO plugin. -->","yoast_head_json":{"title":"\u0110\u1eafm m\u00ecnh v\u00e0o h\u1ed3 b\u01a1i t\u1ea1i Nha Trang t\u1ed1t nh\u1ea5t | Mercure Nha Trang","description":"H\u1ed3 b\u01a1i t\u1ea1i Nha Trang d\u00e0nh cho gia \u0111\u00ecnh! T\u1ea1i Mercure Nha Trang Beach, v\u1eeba vui ch\u01a1i ngo\u00e0i tr\u1eddi, v\u1eeba t\u1eadn h\u01b0\u1edfng s\u1ef1 tho\u1ea3i m\u00e1i trong nh\u00e0.","robots":{"index":"index","follow":"follow","max-snippet":"max-snippet:-1","max-image-preview":"max-image-preview:large","max-video-preview":"max-video-preview:-1"},"canonical":"https:\/\/www.mercurenhatrangbeach.com\/vi\/leisure\/pools\/","og_locale":"vi_VN","og_type":"article","og_title":"\u0110\u1eafm m\u00ecnh v\u00e0o h\u1ed3 b\u01a1i t\u1ea1i Nha Trang t\u1ed1t nh\u1ea5t | Mercure Nha Trang","og_description":"H\u1ed3 b\u01a1i t\u1ea1i Nha Trang d\u00e0nh cho gia \u0111\u00ecnh! T\u1ea1i Mercure Nha Trang Beach, v\u1eeba vui ch\u01a1i ngo\u00e0i tr\u1eddi, v\u1eeba t\u1eadn h\u01b0\u1edfng s\u1ef1 tho\u1ea3i m\u00e1i trong nh\u00e0.","og_url":"https:\/\/www.mercurenhatrangbeach.com\/vi\/leisure\/pools\/","og_site_name":"Mercure Nha Trang","article_modified_time":"2025-11-13T07:40:10+00:00","og_image":[{"width":2200,"height":1467,"url":"https:\/\/www.mercurenhatrangbeach.com\/wp-content\/uploads\/sites\/156\/2025\/09\/Pool-3.jpg","type":"image\/jpeg"}],"twitter_card":"summary_large_image","twitter_misc":{"Est. reading time":"1 minute"},"schema":{"@context":"https:\/\/schema.org","@graph":[{"@type":"WebPage","@id":"https:\/\/www.mercurenhatrangbeach.com\/vi\/leisure\/pools\/","url":"https:\/\/www.mercurenhatrangbeach.com\/vi\/leisure\/pools\/","name":"\u0110\u1eafm m\u00ecnh v\u00e0o h\u1ed3 b\u01a1i t\u1ea1i Nha Trang t\u1ed1t nh\u1ea5t | Mercure Nha Trang","isPartOf":{"@id":"https:\/\/www.mercurenhatrangbeach.com\/#website"},"primaryImageOfPage":{"@id":"https:\/\/www.mercurenhatrangbeach.com\/vi\/leisure\/pools\/#primaryimage"},"image":{"@id":"https:\/\/www.mercurenhatrangbeach.com\/vi\/leisure\/pools\/#primaryimage"},"thumbnailUrl":"https:\/\/www.mercurenhatrangbeach.com\/wp-content\/uploads\/sites\/156\/2025\/09\/Pool-3.jpg","datePublished":"2025-07-29T08:12:52+00:00","dateModified":"2025-11-13T07:40:10+00:00","description":"H\u1ed3 b\u01a1i t\u1ea1i Nha Trang d\u00e0nh cho gia \u0111\u00ecnh! T\u1ea1i Mercure Nha Trang Beach, v\u1eeba vui ch\u01a1i ngo\u00e0i tr\u1eddi, v\u1eeba t\u1eadn h\u01b0\u1edfng s\u1ef1 tho\u1ea3i m\u00e1i trong nh\u00e0.","breadcrumb":{"@id":"https:\/\/www.mercurenhatrangbeach.com\/vi\/leisure\/pools\/#breadcrumb"},"inLanguage":"vi-VN","potentialAction":[{"@type":"ReadAction","target":["https:\/\/www.mercurenhatrangbeach.com\/vi\/leisure\/pools\/"]}]},{"@type":"ImageObject","inLanguage":"vi-VN","@id":"https:\/\/www.mercurenhatrangbeach.com\/vi\/leisure\/pools\/#primaryimage","url":"https:\/\/www.mercurenhatrangbeach.com\/wp-content\/uploads\/sites\/156\/2025\/09\/Pool-3.jpg","contentUrl":"https:\/\/www.mercurenhatrangbeach.com\/wp-content\/uploads\/sites\/156\/2025\/09\/Pool-3.jpg","width":2200,"height":1467,"caption":"h\u1ed3 b\u01a1i t\u1ea1i Nha Trang"},{"@type":"BreadcrumbList","@id":"https:\/\/www.mercurenhatrangbeach.com\/vi\/leisure\/pools\/#breadcrumb","itemListElement":[{"@type":"ListItem","position":1,"name":"Home","item":"https:\/\/www.mercurenhatrangbeach.com\/vi\/"},{"@type":"ListItem","position":2,"name":"Th\u01b0 Gi\u00e3n","item":"https:\/\/www.mercurenhatrangbeach.com\/vi\/leisure\/"},{"@type":"ListItem","position":3,"name":"H\u1ed3 B\u01a1i"}]},{"@type":"WebSite","@id":"https:\/\/www.mercurenhatrangbeach.com\/#website","url":"https:\/\/www.mercurenhatrangbeach.com\/","name":"Mercure Nha Trang","description":"","potentialAction":[{"@type":"SearchAction","target":{"@type":"EntryPoint","urlTemplate":"https:\/\/www.mercurenhatrangbeach.com\/?s={search_term_string}"},"query-input":{"@type":"PropertyValueSpecification","valueRequired":true,"valueName":"search_term_string"}}],"inLanguage":"vi-VN"}]}},"_links":{"self":[{"href":"https:\/\/www.mercurenhatrangbeach.com\/vi\/wp-json\/wp\/v2\/pages\/344","targetHints":{"allow":["GET"]}}],"collection":[{"href":"https:\/\/www.mercurenhatrangbeach.com\/vi\/wp-json\/wp\/v2\/pages"}],"about":[{"href":"https:\/\/www.mercurenhatrangbeach.com\/vi\/wp-json\/wp\/v2\/types\/page"}],"author":[{"embeddable":true,"href":"https:\/\/www.mercurenhatrangbeach.com\/vi\/wp-json\/wp\/v2\/users\/55"}],"replies":[{"embeddable":true,"href":"https:\/\/www.mercurenhatrangbeach.com\/vi\/wp-json\/wp\/v2\/comments?post=344"}],"version-history":[{"count":0,"href":"https:\/\/www.mercurenhatrangbeach.com\/vi\/wp-json\/wp\/v2\/pages\/344\/revisions"}],"up":[{"embeddable":true,"href":"https:\/\/www.mercurenhatrangbeach.com\/vi\/wp-json\/wp\/v2\/pages\/342"}],"wp:featuredmedia":[{"embeddable":true,"href":"https:\/\/www.mercurenhatrangbeach.com\/vi\/wp-json\/wp\/v2\/media\/652"}],"wp:attachment":[{"href":"https:\/\/www.mercurenhatrangbeach.com\/vi\/wp-json\/wp\/v2\/media?parent=344"}],"wp:term":[{"taxonomy":"category","embeddable":true,"href":"https:\/\/www.mercurenhatrangbeach.com\/vi\/wp-json\/wp\/v2\/categories?post=344"}],"curies":[{"name":"wp","href":"https:\/\/api.w.org\/{rel}","templated":true}]}}