{"id":346,"date":"2025-07-29T07:56:55","date_gmt":"2025-07-29T07:56:55","guid":{"rendered":"https:\/\/mercurenhatrang.accorv2prod.decms.eu\/leisure\/horizon-spa\/"},"modified":"2025-10-17T04:21:03","modified_gmt":"2025-10-17T04:21:03","slug":"horizon-spa","status":"publish","type":"page","link":"https:\/\/www.mercurenhatrangbeach.com\/vi\/leisure\/horizon-spa\/","title":{"rendered":"Horizon Spa"},"content":{"rendered":"<p style=\"text-align: center\">S\u1ee9c kh\u1ecfe tinh th\u1ea7n v\u00e0 th\u1ec3 ch\u1ea5t ch\u00ednh l\u00e0 \u0111i\u1ec1u kh\u00f4ng th\u1ec3 thi\u1ebfu cho m\u1ed9t h\u00e0nh tr\u00ecnh tr\u1ecdn v\u1eb9n.<\/p>\n<p style=\"text-align: center\">Horizon Spa t\u1ea1i Nha Trang mang \u0111\u1ebfn nh\u1eefng li\u1ec7u tr\u00ecnh ch\u0103m s\u00f3c to\u00e0n th\u00e2n th\u01b0 gi\u00e3n, c\u00e1c d\u1ecbch v\u1ee5 l\u00e0m \u0111\u1eb9p v\u00e0 g\u1ed9i \u0111\u1ea7u ph\u1ee5c h\u1ed3i, \u0111\u01b0\u1ee3c l\u1ea5y c\u1ea3m h\u1ee9ng t\u1eeb nh\u1eefng tinh hoa truy\u1ec1n th\u1ed1ng b\u1ea3n \u0111\u1ecba, t\u1ea5t c\u1ea3 nh\u1eb1m d\u1eabn l\u1ed1i b\u1ea1n v\u00e0o h\u00e0nh tr\u00ecnh nh\u1eb9 nh\u00e0ng, n\u01a1i s\u1ef1 an y\u00ean v\u00e0 c\u1ea3m h\u1ee9ng kh\u00e1m ph\u00e1 h\u00f2a l\u00e0m m\u1ed9t.<\/p>\n<p style=\"text-align: center\">T\u1ef1a m\u00ecnh b\u00ean <strong><a href=\"https:\/\/www.mercurenhatrangbeach.com\/vi\/places\/nha-trang-beach\/\" target=\"_blank\" rel=\"noopener\">b\u00e3i bi\u1ec3n Nha Trang<\/a><\/strong>, m\u1ed7i <em>ph\u00f2ng tr\u1ecb li\u1ec7u t\u1ea1i Horizon Spa<\/em> nh\u01b0 m\u1edf ra c\u00e1nh c\u1eeda n\u1ed1i li\u1ec1n thi\u00ean nhi\u00ean v\u00e0 c\u1ea3m x\u00fac. H\u01a1i th\u1edf \u0111\u1ea1i d\u01b0\u01a1ng nh\u1eb9 nh\u00e0ng v\u1ed7 v\u1ec1, s\u00f3ng v\u1ed7 mi\u00ean man h\u00f2a c\u00f9ng t\u1ea7m nh\u00ecn h\u01b0\u1edbng bi\u1ec3n tuy\u1ec7t m\u1ef9, \u0111\u01b0a t\u00e2m tr\u00ed b\u1ea1n r\u1eddi xa nh\u1eefng lo toan th\u01b0\u1eddng nh\u1eadt. H\u00e3y th\u1ea3 l\u1ecfng trong li\u1ec7u tr\u00ecnh g\u1ed9i \u0111\u1ea7u th\u01b0 gi\u00e3n, \u0111\u1ec3 m\u1ecdi mu\u1ed9n phi\u1ec1n nh\u1eb9 nh\u00e0ng tr\u00f4i \u0111i. Ho\u1eb7c \u0111\u00e1nh th\u1ee9c ngu\u1ed3n n\u0103ng l\u01b0\u1ee3ng s\u1ed1ng m\u1edbi qua li\u1ec7u ph\u00e1p h\u01b0\u01a1ng th\u01a1m hay massage s\u00e2u ph\u1ee5c h\u1ed3i, mang \u0111\u1ebfn s\u1ef1 c\u00e2n b\u1eb1ng tuy\u1ec7t \u0111\u1ed1i cho c\u01a1 th\u1ec3, t\u00e2m tr\u00ed v\u00e0 t\u00e2m h\u1ed3n.<\/p>\n<p style=\"text-align: center\">T\u1ea1i Horizon Spa, t\u1eebng tr\u1ea3i nghi\u1ec7m ch\u0103m s\u00f3c s\u1ee9c kh\u1ecfe \u0111\u01b0\u1ee3c thi\u1ebft k\u1ebf nh\u01b0 m\u1ed9t ph\u1ea7n thi v\u1ecb trong h\u00e0nh tr\u00ecnh kh\u00e1m ph\u00e1 c\u1ee7a b\u1ea1n, tr\u1ecdn v\u1eb9n v\u1edbi t\u1ea7m nh\u00ecn 360 \u0111\u1ed9 h\u01b0\u1edbng bi\u1ec3n.<\/p>\n","protected":false},"excerpt":{"rendered":"<p>S\u1ee9c kh\u1ecfe tinh th\u1ea7n v\u00e0 th\u1ec3 ch\u1ea5t ch\u00ednh l\u00e0 \u0111i\u1ec1u kh\u00f4ng th\u1ec3 thi\u1ebfu cho m\u1ed9t h\u00e0nh tr\u00ecnh tr\u1ecdn v\u1eb9n. Horizon Spa t\u1ea1i Nha Trang mang \u0111\u1ebfn nh\u1eefng li\u1ec7u tr\u00ecnh ch\u0103m s\u00f3c to\u00e0n th\u00e2n th\u01b0 gi\u00e3n, c\u00e1c d\u1ecbch v\u1ee5 l\u00e0m \u0111\u1eb9p v\u00e0 g\u1ed9i \u0111\u1ea7u ph\u1ee5c h\u1ed3i, \u0111\u01b0\u1ee3c l\u1ea5y c\u1ea3m h\u1ee9ng t\u1eeb nh\u1eefng tinh hoa truy\u1ec1n th\u1ed1ng [&hellip;]<\/p>\n","protected":false},"author":55,"featured_media":233,"parent":342,"menu_order":0,"comment_status":"closed","ping_status":"closed","template":"template-spa.php","meta":{"footnotes":""},"categories":[],"class_list":["post-346","page","type-page","status-publish","has-post-thumbnail","hentry"],"acf":[],"yoast_head":"<!-- This site is optimized with the Yoast SEO plugin v26.9 - https:\/\/yoast.com\/product\/yoast-seo-wordpress\/ -->\n<title>Horizon Spa | Spa t\u1ea1i Nha Trang t\u1ed1t nh\u1ea5t v\u1edbi t\u1ea7m nh\u00ecn 360\u00b0 ra bi\u1ec3n<\/title>\n<meta name=\"description\" content=\"Horizon Spa, \u0111\u01b0\u1ee3c \u0111\u00e1nh gi\u00e1 l\u00e0 m\u1ed9t trong nh\u1eefng spa t\u1ea1i Nha Trang t\u1ed1t nh\u1ea5t, k\u1ebft h\u1ee3p gi\u1eefa n\u00e9t truy\u1ec1n th\u1ed1ng v\u1edbi s\u1ef1 thanh b\u00ecnh c\u1ee7a bi\u1ec3n c\u1ea3.\" \/>\n<meta name=\"robots\" content=\"index, follow, max-snippet:-1, max-image-preview:large, max-video-preview:-1\" \/>\n<link rel=\"canonical\" href=\"https:\/\/www.mercurenhatrangbeach.com\/vi\/leisure\/horizon-spa\/\" \/>\n<meta property=\"og:locale\" content=\"vi_VN\" \/>\n<meta property=\"og:type\" content=\"article\" \/>\n<meta property=\"og:title\" content=\"Horizon Spa | Spa t\u1ea1i Nha Trang t\u1ed1t nh\u1ea5t v\u1edbi t\u1ea7m nh\u00ecn 360\u00b0 ra bi\u1ec3n\" \/>\n<meta property=\"og:description\" content=\"Horizon Spa, \u0111\u01b0\u1ee3c \u0111\u00e1nh gi\u00e1 l\u00e0 m\u1ed9t trong nh\u1eefng spa t\u1ea1i Nha Trang t\u1ed1t nh\u1ea5t, k\u1ebft h\u1ee3p gi\u1eefa n\u00e9t truy\u1ec1n th\u1ed1ng v\u1edbi s\u1ef1 thanh b\u00ecnh c\u1ee7a bi\u1ec3n c\u1ea3.\" \/>\n<meta property=\"og:url\" content=\"https:\/\/www.mercurenhatrangbeach.com\/vi\/leisure\/horizon-spa\/\" \/>\n<meta property=\"og:site_name\" content=\"Mercure Nha Trang\" \/>\n<meta property=\"article:modified_time\" content=\"2025-10-17T04:21:03+00:00\" \/>\n<meta property=\"og:image\" content=\"https:\/\/www.mercurenhatrangbeach.com\/wp-content\/uploads\/sites\/156\/2025\/07\/Spa-1-1.jpg\" \/>\n\t<meta property=\"og:image:width\" content=\"1800\" \/>\n\t<meta property=\"og:image:height\" content=\"1200\" \/>\n\t<meta property=\"og:image:type\" content=\"image\/jpeg\" \/>\n<meta name=\"twitter:card\" content=\"summary_large_image\" \/>\n<meta name=\"twitter:label1\" content=\"Est. reading time\" \/>\n\t<meta name=\"twitter:data1\" content=\"2 minutes\" \/>\n<script type=\"application\/ld+json\" class=\"yoast-schema-graph\">{\"@context\":\"https:\/\/schema.org\",\"@graph\":[{\"@type\":\"WebPage\",\"@id\":\"https:\/\/www.mercurenhatrangbeach.com\/vi\/leisure\/horizon-spa\/\",\"url\":\"https:\/\/www.mercurenhatrangbeach.com\/vi\/leisure\/horizon-spa\/\",\"name\":\"Horizon Spa | Spa t\u1ea1i Nha Trang t\u1ed1t nh\u1ea5t v\u1edbi t\u1ea7m nh\u00ecn 360\u00b0 ra bi\u1ec3n\",\"isPartOf\":{\"@id\":\"https:\/\/www.mercurenhatrangbeach.com\/#website\"},\"primaryImageOfPage\":{\"@id\":\"https:\/\/www.mercurenhatrangbeach.com\/vi\/leisure\/horizon-spa\/#primaryimage\"},\"image\":{\"@id\":\"https:\/\/www.mercurenhatrangbeach.com\/vi\/leisure\/horizon-spa\/#primaryimage\"},\"thumbnailUrl\":\"https:\/\/www.mercurenhatrangbeach.com\/wp-content\/uploads\/sites\/156\/2025\/07\/Spa-1-1.jpg\",\"datePublished\":\"2025-07-29T07:56:55+00:00\",\"dateModified\":\"2025-10-17T04:21:03+00:00\",\"description\":\"Horizon Spa, \u0111\u01b0\u1ee3c \u0111\u00e1nh gi\u00e1 l\u00e0 m\u1ed9t trong nh\u1eefng spa t\u1ea1i Nha Trang t\u1ed1t nh\u1ea5t, k\u1ebft h\u1ee3p gi\u1eefa n\u00e9t truy\u1ec1n th\u1ed1ng v\u1edbi s\u1ef1 thanh b\u00ecnh c\u1ee7a bi\u1ec3n c\u1ea3.\",\"breadcrumb\":{\"@id\":\"https:\/\/www.mercurenhatrangbeach.com\/vi\/leisure\/horizon-spa\/#breadcrumb\"},\"inLanguage\":\"vi-VN\",\"potentialAction\":[{\"@type\":\"ReadAction\",\"target\":[\"https:\/\/www.mercurenhatrangbeach.com\/vi\/leisure\/horizon-spa\/\"]}]},{\"@type\":\"ImageObject\",\"inLanguage\":\"vi-VN\",\"@id\":\"https:\/\/www.mercurenhatrangbeach.com\/vi\/leisure\/horizon-spa\/#primaryimage\",\"url\":\"https:\/\/www.mercurenhatrangbeach.com\/wp-content\/uploads\/sites\/156\/2025\/07\/Spa-1-1.jpg\",\"contentUrl\":\"https:\/\/www.mercurenhatrangbeach.com\/wp-content\/uploads\/sites\/156\/2025\/07\/Spa-1-1.jpg\",\"width\":1800,\"height\":1200,\"caption\":\"Horizon Spa\"},{\"@type\":\"BreadcrumbList\",\"@id\":\"https:\/\/www.mercurenhatrangbeach.com\/vi\/leisure\/horizon-spa\/#breadcrumb\",\"itemListElement\":[{\"@type\":\"ListItem\",\"position\":1,\"name\":\"Home\",\"item\":\"https:\/\/www.mercurenhatrangbeach.com\/vi\/\"},{\"@type\":\"ListItem\",\"position\":2,\"name\":\"Th\u01b0 Gi\u00e3n\",\"item\":\"https:\/\/www.mercurenhatrangbeach.com\/vi\/leisure\/\"},{\"@type\":\"ListItem\",\"position\":3,\"name\":\"Horizon Spa\"}]},{\"@type\":\"WebSite\",\"@id\":\"https:\/\/www.mercurenhatrangbeach.com\/#website\",\"url\":\"https:\/\/www.mercurenhatrangbeach.com\/\",\"name\":\"Mercure Nha Trang\",\"description\":\"\",\"potentialAction\":[{\"@type\":\"SearchAction\",\"target\":{\"@type\":\"EntryPoint\",\"urlTemplate\":\"https:\/\/www.mercurenhatrangbeach.com\/?s={search_term_string}\"},\"query-input\":{\"@type\":\"PropertyValueSpecification\",\"valueRequired\":true,\"valueName\":\"search_term_string\"}}],\"inLanguage\":\"vi-VN\"}]}<\/script>\n<!-- \/ Yoast SEO plugin. -->","yoast_head_json":{"title":"Horizon Spa | Spa t\u1ea1i Nha Trang t\u1ed1t nh\u1ea5t v\u1edbi t\u1ea7m nh\u00ecn 360\u00b0 ra bi\u1ec3n","description":"Horizon Spa, \u0111\u01b0\u1ee3c \u0111\u00e1nh gi\u00e1 l\u00e0 m\u1ed9t trong nh\u1eefng spa t\u1ea1i Nha Trang t\u1ed1t nh\u1ea5t, k\u1ebft h\u1ee3p gi\u1eefa n\u00e9t truy\u1ec1n th\u1ed1ng v\u1edbi s\u1ef1 thanh b\u00ecnh c\u1ee7a bi\u1ec3n c\u1ea3.","robots":{"index":"index","follow":"follow","max-snippet":"max-snippet:-1","max-image-preview":"max-image-preview:large","max-video-preview":"max-video-preview:-1"},"canonical":"https:\/\/www.mercurenhatrangbeach.com\/vi\/leisure\/horizon-spa\/","og_locale":"vi_VN","og_type":"article","og_title":"Horizon Spa | Spa t\u1ea1i Nha Trang t\u1ed1t nh\u1ea5t v\u1edbi t\u1ea7m nh\u00ecn 360\u00b0 ra bi\u1ec3n","og_description":"Horizon Spa, \u0111\u01b0\u1ee3c \u0111\u00e1nh gi\u00e1 l\u00e0 m\u1ed9t trong nh\u1eefng spa t\u1ea1i Nha Trang t\u1ed1t nh\u1ea5t, k\u1ebft h\u1ee3p gi\u1eefa n\u00e9t truy\u1ec1n th\u1ed1ng v\u1edbi s\u1ef1 thanh b\u00ecnh c\u1ee7a bi\u1ec3n c\u1ea3.","og_url":"https:\/\/www.mercurenhatrangbeach.com\/vi\/leisure\/horizon-spa\/","og_site_name":"Mercure Nha Trang","article_modified_time":"2025-10-17T04:21:03+00:00","og_image":[{"width":1800,"height":1200,"url":"https:\/\/www.mercurenhatrangbeach.com\/wp-content\/uploads\/sites\/156\/2025\/07\/Spa-1-1.jpg","type":"image\/jpeg"}],"twitter_card":"summary_large_image","twitter_misc":{"Est. reading time":"2 minutes"},"schema":{"@context":"https:\/\/schema.org","@graph":[{"@type":"WebPage","@id":"https:\/\/www.mercurenhatrangbeach.com\/vi\/leisure\/horizon-spa\/","url":"https:\/\/www.mercurenhatrangbeach.com\/vi\/leisure\/horizon-spa\/","name":"Horizon Spa | Spa t\u1ea1i Nha Trang t\u1ed1t nh\u1ea5t v\u1edbi t\u1ea7m nh\u00ecn 360\u00b0 ra bi\u1ec3n","isPartOf":{"@id":"https:\/\/www.mercurenhatrangbeach.com\/#website"},"primaryImageOfPage":{"@id":"https:\/\/www.mercurenhatrangbeach.com\/vi\/leisure\/horizon-spa\/#primaryimage"},"image":{"@id":"https:\/\/www.mercurenhatrangbeach.com\/vi\/leisure\/horizon-spa\/#primaryimage"},"thumbnailUrl":"https:\/\/www.mercurenhatrangbeach.com\/wp-content\/uploads\/sites\/156\/2025\/07\/Spa-1-1.jpg","datePublished":"2025-07-29T07:56:55+00:00","dateModified":"2025-10-17T04:21:03+00:00","description":"Horizon Spa, \u0111\u01b0\u1ee3c \u0111\u00e1nh gi\u00e1 l\u00e0 m\u1ed9t trong nh\u1eefng spa t\u1ea1i Nha Trang t\u1ed1t nh\u1ea5t, k\u1ebft h\u1ee3p gi\u1eefa n\u00e9t truy\u1ec1n th\u1ed1ng v\u1edbi s\u1ef1 thanh b\u00ecnh c\u1ee7a bi\u1ec3n c\u1ea3.","breadcrumb":{"@id":"https:\/\/www.mercurenhatrangbeach.com\/vi\/leisure\/horizon-spa\/#breadcrumb"},"inLanguage":"vi-VN","potentialAction":[{"@type":"ReadAction","target":["https:\/\/www.mercurenhatrangbeach.com\/vi\/leisure\/horizon-spa\/"]}]},{"@type":"ImageObject","inLanguage":"vi-VN","@id":"https:\/\/www.mercurenhatrangbeach.com\/vi\/leisure\/horizon-spa\/#primaryimage","url":"https:\/\/www.mercurenhatrangbeach.com\/wp-content\/uploads\/sites\/156\/2025\/07\/Spa-1-1.jpg","contentUrl":"https:\/\/www.mercurenhatrangbeach.com\/wp-content\/uploads\/sites\/156\/2025\/07\/Spa-1-1.jpg","width":1800,"height":1200,"caption":"Horizon Spa"},{"@type":"BreadcrumbList","@id":"https:\/\/www.mercurenhatrangbeach.com\/vi\/leisure\/horizon-spa\/#breadcrumb","itemListElement":[{"@type":"ListItem","position":1,"name":"Home","item":"https:\/\/www.mercurenhatrangbeach.com\/vi\/"},{"@type":"ListItem","position":2,"name":"Th\u01b0 Gi\u00e3n","item":"https:\/\/www.mercurenhatrangbeach.com\/vi\/leisure\/"},{"@type":"ListItem","position":3,"name":"Horizon Spa"}]},{"@type":"WebSite","@id":"https:\/\/www.mercurenhatrangbeach.com\/#website","url":"https:\/\/www.mercurenhatrangbeach.com\/","name":"Mercure Nha Trang","description":"","potentialAction":[{"@type":"SearchAction","target":{"@type":"EntryPoint","urlTemplate":"https:\/\/www.mercurenhatrangbeach.com\/?s={search_term_string}"},"query-input":{"@type":"PropertyValueSpecification","valueRequired":true,"valueName":"search_term_string"}}],"inLanguage":"vi-VN"}]}},"_links":{"self":[{"href":"https:\/\/www.mercurenhatrangbeach.com\/vi\/wp-json\/wp\/v2\/pages\/346","targetHints":{"allow":["GET"]}}],"collection":[{"href":"https:\/\/www.mercurenhatrangbeach.com\/vi\/wp-json\/wp\/v2\/pages"}],"about":[{"href":"https:\/\/www.mercurenhatrangbeach.com\/vi\/wp-json\/wp\/v2\/types\/page"}],"author":[{"embeddable":true,"href":"https:\/\/www.mercurenhatrangbeach.com\/vi\/wp-json\/wp\/v2\/users\/55"}],"replies":[{"embeddable":true,"href":"https:\/\/www.mercurenhatrangbeach.com\/vi\/wp-json\/wp\/v2\/comments?post=346"}],"version-history":[{"count":0,"href":"https:\/\/www.mercurenhatrangbeach.com\/vi\/wp-json\/wp\/v2\/pages\/346\/revisions"}],"up":[{"embeddable":true,"href":"https:\/\/www.mercurenhatrangbeach.com\/vi\/wp-json\/wp\/v2\/pages\/342"}],"wp:featuredmedia":[{"embeddable":true,"href":"https:\/\/www.mercurenhatrangbeach.com\/vi\/wp-json\/wp\/v2\/media\/233"}],"wp:attachment":[{"href":"https:\/\/www.mercurenhatrangbeach.com\/vi\/wp-json\/wp\/v2\/media?parent=346"}],"wp:term":[{"taxonomy":"category","embeddable":true,"href":"https:\/\/www.mercurenhatrangbeach.com\/vi\/wp-json\/wp\/v2\/categories?post=346"}],"curies":[{"name":"wp","href":"https:\/\/api.w.org\/{rel}","templated":true}]}}