{"id":358,"date":"2025-07-30T05:50:51","date_gmt":"2025-07-30T05:50:51","guid":{"rendered":"https:\/\/mercurenhatrang.accorv2prod.decms.eu\/meetings\/meeting-room\/"},"modified":"2026-03-02T08:40:12","modified_gmt":"2026-03-02T08:40:12","slug":"meeting-room","status":"publish","type":"page","link":"https:\/\/www.mercurenhatrangbeach.com\/vi\/meetings\/meeting-room\/","title":{"rendered":"Ph\u00f2ng Y\u1ebfn Ti\u1ec7c Poseidon"},"content":{"rendered":"<p>S\u00e1ng t\u1ea1o v\u00e0 linh ho\u1ea1t nh\u01b0 ch\u00ednh d\u00f2ng ch\u1ea3y c\u1ee7a bi\u1ec3n c\u1ea3, ph\u00f2ng y\u1ebfn ti\u1ec7c Poseidon 145m\u00b2 t\u1ea1i Mercure Nha Trang Beach mang \u0111\u1ebfn kh\u00f4ng gian l\u00fd t\u01b0\u1edfng cho nh\u1eefng s\u1ef1 ki\u1ec7n chuy\u00ean nghi\u1ec7p. T\u1eeb bu\u1ed5i h\u1ed9i th\u1ea3o quy m\u00f4 120 kh\u00e1ch, ti\u1ec7c chi\u00eau \u0111\u00e3i \u1ea5m c\u00fang v\u1edbi 70 th\u1ef1c kh\u00e1ch, \u0111\u1ebfn cu\u1ed9c h\u1ecdp chi\u1ebfn l\u01b0\u1ee3c trong c\u00e1ch s\u1eafp x\u1ebfp h\u00ecnh ch\u1eef U cho 34 ng\u01b0\u1eddi, <strong>ph\u00f2ng y\u1ebfn ti\u1ec7c t\u1ea1i Nha Trang<\/strong> c\u1ee7a ch\u00fang t\u00f4i l\u00e0 n\u01a1i nh\u1eefng \u00fd t\u01b0\u1edfng l\u1edbn \u0111\u01b0\u1ee3c kh\u01a1i ngu\u1ed3n v\u00e0 t\u1ecfa s\u00e1ng.<\/p>\n<p>Ng\u1eadp tr\u00e0n \u00e1nh s\u00e1ng t\u1ef1 nhi\u00ean c\u00f9ng khung c\u1eeda s\u1ed5 mang d\u1ea5u \u1ea5n ngh\u1ec7 thu\u1eadt, c\u0103n ph\u00f2ng l\u00e0 s\u1ef1 h\u00f2a quy\u1ec7n gi\u1eefa c\u00f4ng n\u0103ng hi\u1ec7n \u0111\u1ea1i v\u00e0 v\u1ebb \u0111\u1eb9p thi v\u1ecb. \u0110\u01b0\u1ee3c trang b\u1ecb c\u00f4ng ngh\u1ec7 ti\u00ean ti\u1ebfn, Wi-Fi t\u1ed1c \u0111\u1ed9 cao, v\u00e0 gh\u1ebf ng\u1ed3i tho\u1ea3i m\u00e1i, kh\u00f4ng gian n\u00e0y \u0111\u00e1p \u1ee9ng ho\u00e0n h\u1ea3o t\u1eeb nh\u1eefng bu\u1ed5i h\u1ecdp m\u1eb7t th\u00e2n m\u1eadt \u0111\u1ebfn h\u1ed9i th\u1ea3o v\u1eeba v\u00e0 nh\u1ecf. \u0110\u1ed9i ng\u0169 l\u00ean k\u1ebf ho\u1ea1ch s\u1ef1 ki\u1ec7n v\u00e0 chuy\u00ean gia \u1ea9m th\u1ef1c c\u1ee7a ch\u00fang t\u00f4i s\u1ebd \u0111\u1ed3ng h\u00e0nh c\u00f9ng b\u1ea1n trong t\u1eebng chi ti\u1ebft nh\u1ecf nh\u1ea5t, \u0111\u1ec3 m\u1ecdi mong mu\u1ed1n cho t\u1ea5t c\u1ea3 cu\u1ed9c <strong>h\u1ed9i ngh\u1ecb t\u1ea1i Nha Trang<\/strong> \u0111\u01b0\u1ee3c hi\u1ec7n th\u1ef1c h\u00f3a m\u1ed9t c\u00e1ch tr\u1ecdn v\u1eb9n v\u00e0 th\u00e0nh c\u00f4ng nh\u1ea5t.<\/p>\n","protected":false},"excerpt":{"rendered":"<p>S\u00e1ng t\u1ea1o v\u00e0 linh ho\u1ea1t nh\u01b0 ch\u00ednh d\u00f2ng ch\u1ea3y c\u1ee7a bi\u1ec3n c\u1ea3, ph\u00f2ng y\u1ebfn ti\u1ec7c Poseidon 145m\u00b2 t\u1ea1i Mercure Nha Trang Beach mang \u0111\u1ebfn kh\u00f4ng gian l\u00fd t\u01b0\u1edfng cho nh\u1eefng s\u1ef1 ki\u1ec7n chuy\u00ean nghi\u1ec7p. T\u1eeb bu\u1ed5i h\u1ed9i th\u1ea3o quy m\u00f4 120 kh\u00e1ch, ti\u1ec7c chi\u00eau \u0111\u00e3i \u1ea5m c\u00fang v\u1edbi 70 th\u1ef1c kh\u00e1ch, \u0111\u1ebfn cu\u1ed9c h\u1ecdp chi\u1ebfn [&hellip;]<\/p>\n","protected":false},"author":55,"featured_media":669,"parent":356,"menu_order":0,"comment_status":"closed","ping_status":"closed","template":"template-meeting-room.php","meta":{"footnotes":""},"categories":[],"class_list":["post-358","page","type-page","status-publish","has-post-thumbnail","hentry"],"acf":[],"yoast_head":"<!-- This site is optimized with the Yoast SEO plugin v26.9 - https:\/\/yoast.com\/product\/yoast-seo-wordpress\/ -->\n<title>Ph\u00f2ng Y\u1ebfn Ti\u1ec7c Poseidon t\u1ea1i Nha Trang | Mercure Nha Trang<\/title>\n<meta name=\"description\" content=\"T\u1ed5 ch\u1ee9c s\u1ef1 ki\u1ec7n ti\u1ebfp theo c\u1ee7a b\u1ea1n t\u1ea1i ph\u00f2ng y\u1ebfn ti\u1ec7c Poseidon c\u1ee7a ch\u00fang t\u00f4i, c\u00f9ng v\u1edbi \u0111\u1ed9i ng\u0169 l\u00ean k\u1ebf ho\u1ea1ch s\u1ef1 ki\u1ec7n chuy\u00ean nghi\u1ec7p.\" \/>\n<meta name=\"robots\" content=\"index, follow, max-snippet:-1, max-image-preview:large, max-video-preview:-1\" \/>\n<link rel=\"canonical\" href=\"https:\/\/www.mercurenhatrangbeach.com\/vi\/meetings\/meeting-room\/\" \/>\n<meta property=\"og:locale\" content=\"vi_VN\" \/>\n<meta property=\"og:type\" content=\"article\" \/>\n<meta property=\"og:title\" content=\"Ph\u00f2ng Y\u1ebfn Ti\u1ec7c Poseidon t\u1ea1i Nha Trang | Mercure Nha Trang\" \/>\n<meta property=\"og:description\" content=\"T\u1ed5 ch\u1ee9c s\u1ef1 ki\u1ec7n ti\u1ebfp theo c\u1ee7a b\u1ea1n t\u1ea1i ph\u00f2ng y\u1ebfn ti\u1ec7c Poseidon c\u1ee7a ch\u00fang t\u00f4i, c\u00f9ng v\u1edbi \u0111\u1ed9i ng\u0169 l\u00ean k\u1ebf ho\u1ea1ch s\u1ef1 ki\u1ec7n chuy\u00ean nghi\u1ec7p.\" \/>\n<meta property=\"og:url\" content=\"https:\/\/www.mercurenhatrangbeach.com\/vi\/meetings\/meeting-room\/\" \/>\n<meta property=\"og:site_name\" content=\"Mercure Nha Trang\" \/>\n<meta property=\"article:modified_time\" content=\"2026-03-02T08:40:12+00:00\" \/>\n<meta property=\"og:image\" content=\"https:\/\/www.mercurenhatrangbeach.com\/wp-content\/uploads\/sites\/156\/2025\/09\/Ballroom_theater_2739.jpg\" \/>\n\t<meta property=\"og:image:width\" content=\"2200\" \/>\n\t<meta property=\"og:image:height\" content=\"1467\" \/>\n\t<meta property=\"og:image:type\" content=\"image\/jpeg\" \/>\n<meta name=\"twitter:card\" content=\"summary_large_image\" \/>\n<meta name=\"twitter:label1\" content=\"Est. reading time\" \/>\n\t<meta name=\"twitter:data1\" content=\"2 minutes\" \/>\n<script type=\"application\/ld+json\" class=\"yoast-schema-graph\">{\"@context\":\"https:\/\/schema.org\",\"@graph\":[{\"@type\":\"WebPage\",\"@id\":\"https:\/\/www.mercurenhatrangbeach.com\/vi\/meetings\/meeting-room\/\",\"url\":\"https:\/\/www.mercurenhatrangbeach.com\/vi\/meetings\/meeting-room\/\",\"name\":\"Ph\u00f2ng Y\u1ebfn Ti\u1ec7c Poseidon t\u1ea1i Nha Trang | Mercure Nha Trang\",\"isPartOf\":{\"@id\":\"https:\/\/www.mercurenhatrangbeach.com\/#website\"},\"primaryImageOfPage\":{\"@id\":\"https:\/\/www.mercurenhatrangbeach.com\/vi\/meetings\/meeting-room\/#primaryimage\"},\"image\":{\"@id\":\"https:\/\/www.mercurenhatrangbeach.com\/vi\/meetings\/meeting-room\/#primaryimage\"},\"thumbnailUrl\":\"https:\/\/www.mercurenhatrangbeach.com\/wp-content\/uploads\/sites\/156\/2025\/09\/Ballroom_theater_2739.jpg\",\"datePublished\":\"2025-07-30T05:50:51+00:00\",\"dateModified\":\"2026-03-02T08:40:12+00:00\",\"description\":\"T\u1ed5 ch\u1ee9c s\u1ef1 ki\u1ec7n ti\u1ebfp theo c\u1ee7a b\u1ea1n t\u1ea1i ph\u00f2ng y\u1ebfn ti\u1ec7c Poseidon c\u1ee7a ch\u00fang t\u00f4i, c\u00f9ng v\u1edbi \u0111\u1ed9i ng\u0169 l\u00ean k\u1ebf ho\u1ea1ch s\u1ef1 ki\u1ec7n chuy\u00ean nghi\u1ec7p.\",\"breadcrumb\":{\"@id\":\"https:\/\/www.mercurenhatrangbeach.com\/vi\/meetings\/meeting-room\/#breadcrumb\"},\"inLanguage\":\"vi-VN\",\"potentialAction\":[{\"@type\":\"ReadAction\",\"target\":[\"https:\/\/www.mercurenhatrangbeach.com\/vi\/meetings\/meeting-room\/\"]}]},{\"@type\":\"ImageObject\",\"inLanguage\":\"vi-VN\",\"@id\":\"https:\/\/www.mercurenhatrangbeach.com\/vi\/meetings\/meeting-room\/#primaryimage\",\"url\":\"https:\/\/www.mercurenhatrangbeach.com\/wp-content\/uploads\/sites\/156\/2025\/09\/Ballroom_theater_2739.jpg\",\"contentUrl\":\"https:\/\/www.mercurenhatrangbeach.com\/wp-content\/uploads\/sites\/156\/2025\/09\/Ballroom_theater_2739.jpg\",\"width\":2200,\"height\":1467,\"caption\":\"Ph\u00f2ng Y\u1ebfn Ti\u1ec7c Poseidon\"},{\"@type\":\"BreadcrumbList\",\"@id\":\"https:\/\/www.mercurenhatrangbeach.com\/vi\/meetings\/meeting-room\/#breadcrumb\",\"itemListElement\":[{\"@type\":\"ListItem\",\"position\":1,\"name\":\"Home\",\"item\":\"https:\/\/www.mercurenhatrangbeach.com\/vi\/\"},{\"@type\":\"ListItem\",\"position\":2,\"name\":\"H\u1ed9i Ngh\u1ecb\",\"item\":\"https:\/\/www.mercurenhatrangbeach.com\/vi\/meetings\/\"},{\"@type\":\"ListItem\",\"position\":3,\"name\":\"Ph\u00f2ng Y\u1ebfn Ti\u1ec7c Poseidon\"}]},{\"@type\":\"WebSite\",\"@id\":\"https:\/\/www.mercurenhatrangbeach.com\/#website\",\"url\":\"https:\/\/www.mercurenhatrangbeach.com\/\",\"name\":\"Mercure Nha Trang\",\"description\":\"\",\"potentialAction\":[{\"@type\":\"SearchAction\",\"target\":{\"@type\":\"EntryPoint\",\"urlTemplate\":\"https:\/\/www.mercurenhatrangbeach.com\/?s={search_term_string}\"},\"query-input\":{\"@type\":\"PropertyValueSpecification\",\"valueRequired\":true,\"valueName\":\"search_term_string\"}}],\"inLanguage\":\"vi-VN\"}]}<\/script>\n<!-- \/ Yoast SEO plugin. -->","yoast_head_json":{"title":"Ph\u00f2ng Y\u1ebfn Ti\u1ec7c Poseidon t\u1ea1i Nha Trang | Mercure Nha Trang","description":"T\u1ed5 ch\u1ee9c s\u1ef1 ki\u1ec7n ti\u1ebfp theo c\u1ee7a b\u1ea1n t\u1ea1i ph\u00f2ng y\u1ebfn ti\u1ec7c Poseidon c\u1ee7a ch\u00fang t\u00f4i, c\u00f9ng v\u1edbi \u0111\u1ed9i ng\u0169 l\u00ean k\u1ebf ho\u1ea1ch s\u1ef1 ki\u1ec7n chuy\u00ean nghi\u1ec7p.","robots":{"index":"index","follow":"follow","max-snippet":"max-snippet:-1","max-image-preview":"max-image-preview:large","max-video-preview":"max-video-preview:-1"},"canonical":"https:\/\/www.mercurenhatrangbeach.com\/vi\/meetings\/meeting-room\/","og_locale":"vi_VN","og_type":"article","og_title":"Ph\u00f2ng Y\u1ebfn Ti\u1ec7c Poseidon t\u1ea1i Nha Trang | Mercure Nha Trang","og_description":"T\u1ed5 ch\u1ee9c s\u1ef1 ki\u1ec7n ti\u1ebfp theo c\u1ee7a b\u1ea1n t\u1ea1i ph\u00f2ng y\u1ebfn ti\u1ec7c Poseidon c\u1ee7a ch\u00fang t\u00f4i, c\u00f9ng v\u1edbi \u0111\u1ed9i ng\u0169 l\u00ean k\u1ebf ho\u1ea1ch s\u1ef1 ki\u1ec7n chuy\u00ean nghi\u1ec7p.","og_url":"https:\/\/www.mercurenhatrangbeach.com\/vi\/meetings\/meeting-room\/","og_site_name":"Mercure Nha Trang","article_modified_time":"2026-03-02T08:40:12+00:00","og_image":[{"width":2200,"height":1467,"url":"https:\/\/www.mercurenhatrangbeach.com\/wp-content\/uploads\/sites\/156\/2025\/09\/Ballroom_theater_2739.jpg","type":"image\/jpeg"}],"twitter_card":"summary_large_image","twitter_misc":{"Est. reading time":"2 minutes"},"schema":{"@context":"https:\/\/schema.org","@graph":[{"@type":"WebPage","@id":"https:\/\/www.mercurenhatrangbeach.com\/vi\/meetings\/meeting-room\/","url":"https:\/\/www.mercurenhatrangbeach.com\/vi\/meetings\/meeting-room\/","name":"Ph\u00f2ng Y\u1ebfn Ti\u1ec7c Poseidon t\u1ea1i Nha Trang | Mercure Nha Trang","isPartOf":{"@id":"https:\/\/www.mercurenhatrangbeach.com\/#website"},"primaryImageOfPage":{"@id":"https:\/\/www.mercurenhatrangbeach.com\/vi\/meetings\/meeting-room\/#primaryimage"},"image":{"@id":"https:\/\/www.mercurenhatrangbeach.com\/vi\/meetings\/meeting-room\/#primaryimage"},"thumbnailUrl":"https:\/\/www.mercurenhatrangbeach.com\/wp-content\/uploads\/sites\/156\/2025\/09\/Ballroom_theater_2739.jpg","datePublished":"2025-07-30T05:50:51+00:00","dateModified":"2026-03-02T08:40:12+00:00","description":"T\u1ed5 ch\u1ee9c s\u1ef1 ki\u1ec7n ti\u1ebfp theo c\u1ee7a b\u1ea1n t\u1ea1i ph\u00f2ng y\u1ebfn ti\u1ec7c Poseidon c\u1ee7a ch\u00fang t\u00f4i, c\u00f9ng v\u1edbi \u0111\u1ed9i ng\u0169 l\u00ean k\u1ebf ho\u1ea1ch s\u1ef1 ki\u1ec7n chuy\u00ean nghi\u1ec7p.","breadcrumb":{"@id":"https:\/\/www.mercurenhatrangbeach.com\/vi\/meetings\/meeting-room\/#breadcrumb"},"inLanguage":"vi-VN","potentialAction":[{"@type":"ReadAction","target":["https:\/\/www.mercurenhatrangbeach.com\/vi\/meetings\/meeting-room\/"]}]},{"@type":"ImageObject","inLanguage":"vi-VN","@id":"https:\/\/www.mercurenhatrangbeach.com\/vi\/meetings\/meeting-room\/#primaryimage","url":"https:\/\/www.mercurenhatrangbeach.com\/wp-content\/uploads\/sites\/156\/2025\/09\/Ballroom_theater_2739.jpg","contentUrl":"https:\/\/www.mercurenhatrangbeach.com\/wp-content\/uploads\/sites\/156\/2025\/09\/Ballroom_theater_2739.jpg","width":2200,"height":1467,"caption":"Ph\u00f2ng Y\u1ebfn Ti\u1ec7c Poseidon"},{"@type":"BreadcrumbList","@id":"https:\/\/www.mercurenhatrangbeach.com\/vi\/meetings\/meeting-room\/#breadcrumb","itemListElement":[{"@type":"ListItem","position":1,"name":"Home","item":"https:\/\/www.mercurenhatrangbeach.com\/vi\/"},{"@type":"ListItem","position":2,"name":"H\u1ed9i Ngh\u1ecb","item":"https:\/\/www.mercurenhatrangbeach.com\/vi\/meetings\/"},{"@type":"ListItem","position":3,"name":"Ph\u00f2ng Y\u1ebfn Ti\u1ec7c Poseidon"}]},{"@type":"WebSite","@id":"https:\/\/www.mercurenhatrangbeach.com\/#website","url":"https:\/\/www.mercurenhatrangbeach.com\/","name":"Mercure Nha Trang","description":"","potentialAction":[{"@type":"SearchAction","target":{"@type":"EntryPoint","urlTemplate":"https:\/\/www.mercurenhatrangbeach.com\/?s={search_term_string}"},"query-input":{"@type":"PropertyValueSpecification","valueRequired":true,"valueName":"search_term_string"}}],"inLanguage":"vi-VN"}]}},"_links":{"self":[{"href":"https:\/\/www.mercurenhatrangbeach.com\/vi\/wp-json\/wp\/v2\/pages\/358","targetHints":{"allow":["GET"]}}],"collection":[{"href":"https:\/\/www.mercurenhatrangbeach.com\/vi\/wp-json\/wp\/v2\/pages"}],"about":[{"href":"https:\/\/www.mercurenhatrangbeach.com\/vi\/wp-json\/wp\/v2\/types\/page"}],"author":[{"embeddable":true,"href":"https:\/\/www.mercurenhatrangbeach.com\/vi\/wp-json\/wp\/v2\/users\/55"}],"replies":[{"embeddable":true,"href":"https:\/\/www.mercurenhatrangbeach.com\/vi\/wp-json\/wp\/v2\/comments?post=358"}],"version-history":[{"count":1,"href":"https:\/\/www.mercurenhatrangbeach.com\/vi\/wp-json\/wp\/v2\/pages\/358\/revisions"}],"predecessor-version":[{"id":1424,"href":"https:\/\/www.mercurenhatrangbeach.com\/vi\/wp-json\/wp\/v2\/pages\/358\/revisions\/1424"}],"up":[{"embeddable":true,"href":"https:\/\/www.mercurenhatrangbeach.com\/vi\/wp-json\/wp\/v2\/pages\/356"}],"wp:featuredmedia":[{"embeddable":true,"href":"https:\/\/www.mercurenhatrangbeach.com\/vi\/wp-json\/wp\/v2\/media\/669"}],"wp:attachment":[{"href":"https:\/\/www.mercurenhatrangbeach.com\/vi\/wp-json\/wp\/v2\/media?parent=358"}],"wp:term":[{"taxonomy":"category","embeddable":true,"href":"https:\/\/www.mercurenhatrangbeach.com\/vi\/wp-json\/wp\/v2\/categories?post=358"}],"curies":[{"name":"wp","href":"https:\/\/api.w.org\/{rel}","templated":true}]}}