{"id":364,"date":"2025-07-30T05:56:37","date_gmt":"2025-07-30T05:56:37","guid":{"rendered":"https:\/\/mercurenhatrang.accorv2prod.decms.eu\/where-we-are\/"},"modified":"2025-10-17T10:16:34","modified_gmt":"2025-10-17T10:16:34","slug":"where-we-are","status":"publish","type":"page","link":"https:\/\/www.mercurenhatrangbeach.com\/vi\/where-we-are\/","title":{"rendered":"\u0110\u1ecba ch\u1ec9"},"content":{"rendered":"<p style=\"text-align: center\">T\u1ef1a m\u00ecnh b\u00ean b\u1edd c\u00e1t tr\u1eafng m\u1ecbn m\u00e0ng,<strong><a href=\"https:\/\/www.mercurenhatrangbeach.com\/vi\/\" target=\"_blank\" rel=\"noopener\"> Mercure Nha Trang Beach<\/a><\/strong>\u00a0c\u00f9ng v\u1ecb tr\u00ed h\u01b0\u1edbng bi\u1ec3n l\u00e0 n\u01a1i b\u1ea1n c\u00f3 th\u1ec3 c\u1ea3m nh\u1eadn t\u1eebng nh\u1ecbp \u0111\u1eadp ri\u00eang bi\u1ec7t c\u1ee7a v\u00f9ng bi\u1ec3n nhi\u1ec7t \u0111\u1edbi \u0111\u1ea7y s\u1ee9c s\u1ed1ng. T\u1eeb n\u01a1i \u0111\u00e2y, b\u1ea1n ch\u1ec9 c\u1ea7n v\u00e0i b\u01b0\u1edbc ch\u00e2n \u0111\u1ec3 kh\u00e1m ph\u00e1 nh\u1eefng kho b\u00e1u \u0111\u1ecba ph\u01b0\u01a1ng c\u00f9ng nh\u1eefng ng\u00f5 nh\u1ecf th\u00e2n quen, nh\u1eefng s\u1eafc m\u00e0u v\u0103n h\u00f3a b\u1ea3n \u0111\u1ecba chan h\u00f2a n\u1eafng bi\u1ec3n.<\/p>\n<p style=\"text-align: center\">H\u00e3y \u0111\u1eafm m\u00ecnh trong l\u00e0n n\u01b0\u1edbc trong v\u1eaft c\u1ee7a b\u00e3i bi\u1ec3n Nha Trang ch\u1ec9 c\u00e1ch kh\u00e1ch s\u1ea1n v\u00e0i b\u01b0\u1edbc, hay \u0111\u00e1nh th\u1ee9c v\u1ecb gi\u00e1c v\u1edbi nh\u1eefng m\u00f3n ngon tr\u1ee9 danh t\u1ea1i \u0111i\u1ec3m \u0111\u1ebfn \u1ea9m th\u1ef1c h\u00e0ng \u0111\u1ea7u khu v\u1ef1c.<\/p>\n","protected":false},"excerpt":{"rendered":"<p>T\u1ef1a m\u00ecnh b\u00ean b\u1edd c\u00e1t tr\u1eafng m\u1ecbn m\u00e0ng, Mercure Nha Trang Beach\u00a0c\u00f9ng v\u1ecb tr\u00ed h\u01b0\u1edbng bi\u1ec3n l\u00e0 n\u01a1i b\u1ea1n c\u00f3 th\u1ec3 c\u1ea3m nh\u1eadn t\u1eebng nh\u1ecbp \u0111\u1eadp ri\u00eang bi\u1ec7t c\u1ee7a v\u00f9ng bi\u1ec3n nhi\u1ec7t \u0111\u1edbi \u0111\u1ea7y s\u1ee9c s\u1ed1ng. T\u1eeb n\u01a1i \u0111\u00e2y, b\u1ea1n ch\u1ec9 c\u1ea7n v\u00e0i b\u01b0\u1edbc ch\u00e2n \u0111\u1ec3 kh\u00e1m ph\u00e1 nh\u1eefng kho b\u00e1u \u0111\u1ecba ph\u01b0\u01a1ng c\u00f9ng nh\u1eefng [&hellip;]<\/p>\n","protected":false},"author":55,"featured_media":217,"parent":0,"menu_order":0,"comment_status":"closed","ping_status":"closed","template":"template-location.php","meta":{"footnotes":""},"categories":[],"class_list":["post-364","page","type-page","status-publish","has-post-thumbnail","hentry"],"acf":[],"yoast_head":"<!-- This site is optimized with the Yoast SEO plugin v26.9 - https:\/\/yoast.com\/product\/yoast-seo-wordpress\/ -->\n<title>V\u1ecb tr\u00ed h\u01b0\u1edbng bi\u1ec3n \u0111\u1eafc \u0111\u1ecba | Mercure Nha Trang Beach<\/title>\n<meta name=\"description\" content=\"T\u1eadn h\u01b0\u1edfng k\u00ec ngh\u1ec9 c\u00f9ng kh\u00e1ch s\u1ea1n Mercure c\u00f3 v\u1ecb tr\u00ed h\u01b0\u1edbng bi\u1ec3n tuy\u1ec7t \u0111\u1eb9p, n\u01a1i m\u1ed7i b\u01b0\u1edbc ch\u00e2n l\u00e0 m\u1ed9t nh\u1ecbp th\u1edf h\u00f2a c\u00f9ng bi\u1ec3n xanh bao la.\" \/>\n<meta name=\"robots\" content=\"index, follow, max-snippet:-1, max-image-preview:large, max-video-preview:-1\" \/>\n<link rel=\"canonical\" href=\"https:\/\/www.mercurenhatrangbeach.com\/vi\/where-we-are\/\" \/>\n<meta property=\"og:locale\" content=\"vi_VN\" \/>\n<meta property=\"og:type\" content=\"article\" \/>\n<meta property=\"og:title\" content=\"V\u1ecb tr\u00ed h\u01b0\u1edbng bi\u1ec3n \u0111\u1eafc \u0111\u1ecba | Mercure Nha Trang Beach\" \/>\n<meta property=\"og:description\" content=\"T\u1eadn h\u01b0\u1edfng k\u00ec ngh\u1ec9 c\u00f9ng kh\u00e1ch s\u1ea1n Mercure c\u00f3 v\u1ecb tr\u00ed h\u01b0\u1edbng bi\u1ec3n tuy\u1ec7t \u0111\u1eb9p, n\u01a1i m\u1ed7i b\u01b0\u1edbc ch\u00e2n l\u00e0 m\u1ed9t nh\u1ecbp th\u1edf h\u00f2a c\u00f9ng bi\u1ec3n xanh bao la.\" \/>\n<meta property=\"og:url\" content=\"https:\/\/www.mercurenhatrangbeach.com\/vi\/where-we-are\/\" \/>\n<meta property=\"og:site_name\" content=\"Mercure Nha Trang\" \/>\n<meta property=\"article:modified_time\" content=\"2025-10-17T10:16:34+00:00\" \/>\n<meta property=\"og:image\" content=\"https:\/\/www.mercurenhatrangbeach.com\/wp-content\/uploads\/sites\/156\/2025\/07\/Beach-2.jpg\" \/>\n\t<meta property=\"og:image:width\" content=\"1800\" \/>\n\t<meta property=\"og:image:height\" content=\"1200\" \/>\n\t<meta property=\"og:image:type\" content=\"image\/jpeg\" \/>\n<meta name=\"twitter:card\" content=\"summary_large_image\" \/>\n<meta name=\"twitter:label1\" content=\"Est. reading time\" \/>\n\t<meta name=\"twitter:data1\" content=\"1 minute\" \/>\n<script type=\"application\/ld+json\" class=\"yoast-schema-graph\">{\"@context\":\"https:\/\/schema.org\",\"@graph\":[{\"@type\":\"WebPage\",\"@id\":\"https:\/\/www.mercurenhatrangbeach.com\/vi\/where-we-are\/\",\"url\":\"https:\/\/www.mercurenhatrangbeach.com\/vi\/where-we-are\/\",\"name\":\"V\u1ecb tr\u00ed h\u01b0\u1edbng bi\u1ec3n \u0111\u1eafc \u0111\u1ecba | Mercure Nha Trang Beach\",\"isPartOf\":{\"@id\":\"https:\/\/www.mercurenhatrangbeach.com\/#website\"},\"primaryImageOfPage\":{\"@id\":\"https:\/\/www.mercurenhatrangbeach.com\/vi\/where-we-are\/#primaryimage\"},\"image\":{\"@id\":\"https:\/\/www.mercurenhatrangbeach.com\/vi\/where-we-are\/#primaryimage\"},\"thumbnailUrl\":\"https:\/\/www.mercurenhatrangbeach.com\/wp-content\/uploads\/sites\/156\/2025\/07\/Beach-2.jpg\",\"datePublished\":\"2025-07-30T05:56:37+00:00\",\"dateModified\":\"2025-10-17T10:16:34+00:00\",\"description\":\"T\u1eadn h\u01b0\u1edfng k\u00ec ngh\u1ec9 c\u00f9ng kh\u00e1ch s\u1ea1n Mercure c\u00f3 v\u1ecb tr\u00ed h\u01b0\u1edbng bi\u1ec3n tuy\u1ec7t \u0111\u1eb9p, n\u01a1i m\u1ed7i b\u01b0\u1edbc ch\u00e2n l\u00e0 m\u1ed9t nh\u1ecbp th\u1edf h\u00f2a c\u00f9ng bi\u1ec3n xanh bao la.\",\"breadcrumb\":{\"@id\":\"https:\/\/www.mercurenhatrangbeach.com\/vi\/where-we-are\/#breadcrumb\"},\"inLanguage\":\"vi-VN\",\"potentialAction\":[{\"@type\":\"ReadAction\",\"target\":[\"https:\/\/www.mercurenhatrangbeach.com\/vi\/where-we-are\/\"]}]},{\"@type\":\"ImageObject\",\"inLanguage\":\"vi-VN\",\"@id\":\"https:\/\/www.mercurenhatrangbeach.com\/vi\/where-we-are\/#primaryimage\",\"url\":\"https:\/\/www.mercurenhatrangbeach.com\/wp-content\/uploads\/sites\/156\/2025\/07\/Beach-2.jpg\",\"contentUrl\":\"https:\/\/www.mercurenhatrangbeach.com\/wp-content\/uploads\/sites\/156\/2025\/07\/Beach-2.jpg\",\"width\":1800,\"height\":1200,\"caption\":\"Nha Trang Beach\"},{\"@type\":\"BreadcrumbList\",\"@id\":\"https:\/\/www.mercurenhatrangbeach.com\/vi\/where-we-are\/#breadcrumb\",\"itemListElement\":[{\"@type\":\"ListItem\",\"position\":1,\"name\":\"Home\",\"item\":\"https:\/\/www.mercurenhatrangbeach.com\/vi\/\"},{\"@type\":\"ListItem\",\"position\":2,\"name\":\"\u0110\u1ecba ch\u1ec9\"}]},{\"@type\":\"WebSite\",\"@id\":\"https:\/\/www.mercurenhatrangbeach.com\/#website\",\"url\":\"https:\/\/www.mercurenhatrangbeach.com\/\",\"name\":\"Mercure Nha Trang\",\"description\":\"\",\"potentialAction\":[{\"@type\":\"SearchAction\",\"target\":{\"@type\":\"EntryPoint\",\"urlTemplate\":\"https:\/\/www.mercurenhatrangbeach.com\/?s={search_term_string}\"},\"query-input\":{\"@type\":\"PropertyValueSpecification\",\"valueRequired\":true,\"valueName\":\"search_term_string\"}}],\"inLanguage\":\"vi-VN\"}]}<\/script>\n<!-- \/ Yoast SEO plugin. -->","yoast_head_json":{"title":"V\u1ecb tr\u00ed h\u01b0\u1edbng bi\u1ec3n \u0111\u1eafc \u0111\u1ecba | Mercure Nha Trang Beach","description":"T\u1eadn h\u01b0\u1edfng k\u00ec ngh\u1ec9 c\u00f9ng kh\u00e1ch s\u1ea1n Mercure c\u00f3 v\u1ecb tr\u00ed h\u01b0\u1edbng bi\u1ec3n tuy\u1ec7t \u0111\u1eb9p, n\u01a1i m\u1ed7i b\u01b0\u1edbc ch\u00e2n l\u00e0 m\u1ed9t nh\u1ecbp th\u1edf h\u00f2a c\u00f9ng bi\u1ec3n xanh bao la.","robots":{"index":"index","follow":"follow","max-snippet":"max-snippet:-1","max-image-preview":"max-image-preview:large","max-video-preview":"max-video-preview:-1"},"canonical":"https:\/\/www.mercurenhatrangbeach.com\/vi\/where-we-are\/","og_locale":"vi_VN","og_type":"article","og_title":"V\u1ecb tr\u00ed h\u01b0\u1edbng bi\u1ec3n \u0111\u1eafc \u0111\u1ecba | Mercure Nha Trang Beach","og_description":"T\u1eadn h\u01b0\u1edfng k\u00ec ngh\u1ec9 c\u00f9ng kh\u00e1ch s\u1ea1n Mercure c\u00f3 v\u1ecb tr\u00ed h\u01b0\u1edbng bi\u1ec3n tuy\u1ec7t \u0111\u1eb9p, n\u01a1i m\u1ed7i b\u01b0\u1edbc ch\u00e2n l\u00e0 m\u1ed9t nh\u1ecbp th\u1edf h\u00f2a c\u00f9ng bi\u1ec3n xanh bao la.","og_url":"https:\/\/www.mercurenhatrangbeach.com\/vi\/where-we-are\/","og_site_name":"Mercure Nha Trang","article_modified_time":"2025-10-17T10:16:34+00:00","og_image":[{"width":1800,"height":1200,"url":"https:\/\/www.mercurenhatrangbeach.com\/wp-content\/uploads\/sites\/156\/2025\/07\/Beach-2.jpg","type":"image\/jpeg"}],"twitter_card":"summary_large_image","twitter_misc":{"Est. reading time":"1 minute"},"schema":{"@context":"https:\/\/schema.org","@graph":[{"@type":"WebPage","@id":"https:\/\/www.mercurenhatrangbeach.com\/vi\/where-we-are\/","url":"https:\/\/www.mercurenhatrangbeach.com\/vi\/where-we-are\/","name":"V\u1ecb tr\u00ed h\u01b0\u1edbng bi\u1ec3n \u0111\u1eafc \u0111\u1ecba | Mercure Nha Trang Beach","isPartOf":{"@id":"https:\/\/www.mercurenhatrangbeach.com\/#website"},"primaryImageOfPage":{"@id":"https:\/\/www.mercurenhatrangbeach.com\/vi\/where-we-are\/#primaryimage"},"image":{"@id":"https:\/\/www.mercurenhatrangbeach.com\/vi\/where-we-are\/#primaryimage"},"thumbnailUrl":"https:\/\/www.mercurenhatrangbeach.com\/wp-content\/uploads\/sites\/156\/2025\/07\/Beach-2.jpg","datePublished":"2025-07-30T05:56:37+00:00","dateModified":"2025-10-17T10:16:34+00:00","description":"T\u1eadn h\u01b0\u1edfng k\u00ec ngh\u1ec9 c\u00f9ng kh\u00e1ch s\u1ea1n Mercure c\u00f3 v\u1ecb tr\u00ed h\u01b0\u1edbng bi\u1ec3n tuy\u1ec7t \u0111\u1eb9p, n\u01a1i m\u1ed7i b\u01b0\u1edbc ch\u00e2n l\u00e0 m\u1ed9t nh\u1ecbp th\u1edf h\u00f2a c\u00f9ng bi\u1ec3n xanh bao la.","breadcrumb":{"@id":"https:\/\/www.mercurenhatrangbeach.com\/vi\/where-we-are\/#breadcrumb"},"inLanguage":"vi-VN","potentialAction":[{"@type":"ReadAction","target":["https:\/\/www.mercurenhatrangbeach.com\/vi\/where-we-are\/"]}]},{"@type":"ImageObject","inLanguage":"vi-VN","@id":"https:\/\/www.mercurenhatrangbeach.com\/vi\/where-we-are\/#primaryimage","url":"https:\/\/www.mercurenhatrangbeach.com\/wp-content\/uploads\/sites\/156\/2025\/07\/Beach-2.jpg","contentUrl":"https:\/\/www.mercurenhatrangbeach.com\/wp-content\/uploads\/sites\/156\/2025\/07\/Beach-2.jpg","width":1800,"height":1200,"caption":"Nha Trang Beach"},{"@type":"BreadcrumbList","@id":"https:\/\/www.mercurenhatrangbeach.com\/vi\/where-we-are\/#breadcrumb","itemListElement":[{"@type":"ListItem","position":1,"name":"Home","item":"https:\/\/www.mercurenhatrangbeach.com\/vi\/"},{"@type":"ListItem","position":2,"name":"\u0110\u1ecba ch\u1ec9"}]},{"@type":"WebSite","@id":"https:\/\/www.mercurenhatrangbeach.com\/#website","url":"https:\/\/www.mercurenhatrangbeach.com\/","name":"Mercure Nha Trang","description":"","potentialAction":[{"@type":"SearchAction","target":{"@type":"EntryPoint","urlTemplate":"https:\/\/www.mercurenhatrangbeach.com\/?s={search_term_string}"},"query-input":{"@type":"PropertyValueSpecification","valueRequired":true,"valueName":"search_term_string"}}],"inLanguage":"vi-VN"}]}},"_links":{"self":[{"href":"https:\/\/www.mercurenhatrangbeach.com\/vi\/wp-json\/wp\/v2\/pages\/364","targetHints":{"allow":["GET"]}}],"collection":[{"href":"https:\/\/www.mercurenhatrangbeach.com\/vi\/wp-json\/wp\/v2\/pages"}],"about":[{"href":"https:\/\/www.mercurenhatrangbeach.com\/vi\/wp-json\/wp\/v2\/types\/page"}],"author":[{"embeddable":true,"href":"https:\/\/www.mercurenhatrangbeach.com\/vi\/wp-json\/wp\/v2\/users\/55"}],"replies":[{"embeddable":true,"href":"https:\/\/www.mercurenhatrangbeach.com\/vi\/wp-json\/wp\/v2\/comments?post=364"}],"version-history":[{"count":0,"href":"https:\/\/www.mercurenhatrangbeach.com\/vi\/wp-json\/wp\/v2\/pages\/364\/revisions"}],"wp:featuredmedia":[{"embeddable":true,"href":"https:\/\/www.mercurenhatrangbeach.com\/vi\/wp-json\/wp\/v2\/media\/217"}],"wp:attachment":[{"href":"https:\/\/www.mercurenhatrangbeach.com\/vi\/wp-json\/wp\/v2\/media?parent=364"}],"wp:term":[{"taxonomy":"category","embeddable":true,"href":"https:\/\/www.mercurenhatrangbeach.com\/vi\/wp-json\/wp\/v2\/categories?post=364"}],"curies":[{"name":"wp","href":"https:\/\/api.w.org\/{rel}","templated":true}]}}