{"id":393,"date":"2025-07-30T07:08:59","date_gmt":"2025-07-30T07:08:59","guid":{"rendered":"https:\/\/mercurenhatrang.accorv2prod.decms.eu\/contact-us\/"},"modified":"2025-10-17T10:24:52","modified_gmt":"2025-10-17T10:24:52","slug":"contact-us","status":"publish","type":"page","link":"https:\/\/www.mercurenhatrangbeach.com\/vi\/contact-us\/","title":{"rendered":"Li\u00ean h\u1ec7 ch\u00fang t\u00f4i"},"content":{"rendered":"<p style=\"text-align: center\">Kh\u00e1ch s\u1ea1n <strong><a href=\"https:\/\/www.mercurenhatrangbeach.com\/vi\/\" target=\"_blank\" rel=\"noopener\">Mercure Nha Trang Beach<\/a><\/strong>: \u0110\u1eafm m\u00ecnh trong kh\u00f4ng gian s\u1ed1ng \u0111\u1ed9ng c\u1ee7a khu ph\u1ed1. Th\u1ee9c d\u1eady v\u1edbi t\u1ea7m nh\u00ecn ngo\u1ea1n m\u1ee5c ra b\u00e3i bi\u1ec3n, b\u01b0\u1edbc ra ngo\u00e0i kh\u00e1m ph\u00e1 nh\u1eefng \u0111i\u1ec3m tham quan h\u00e0ng \u0111\u1ea7u Nha Trang ch\u1ec9 c\u00e1ch \u0111\u00f3 v\u00e0i ph\u00fat, c\u00f9ng c\u00e1c ph\u00f2ng tr\u1ecb li\u1ec7u spa \u0111\u1ed9c \u0111\u00e1o, ti\u1ec7n nghi d\u00e0nh cho tr\u1ebb em v\u00e0 nh\u00e0 h\u00e0ng v\u00e0 qu\u1ea7y bar ph\u1ee5c v\u1ee5 \u1ea9m th\u1ef1c qu\u1ed1c t\u1ebf v\u1edbi nh\u1eefng n\u00e9t \u0111\u1eb7c tr\u01b0ng \u0111\u1ecba ph\u01b0\u01a1ng.<\/p>\n","protected":false},"excerpt":{"rendered":"<p>Kh\u00e1ch s\u1ea1n Mercure Nha Trang Beach: \u0110\u1eafm m\u00ecnh trong kh\u00f4ng gian s\u1ed1ng \u0111\u1ed9ng c\u1ee7a khu ph\u1ed1. Th\u1ee9c d\u1eady v\u1edbi t\u1ea7m nh\u00ecn ngo\u1ea1n m\u1ee5c ra b\u00e3i bi\u1ec3n, b\u01b0\u1edbc ra ngo\u00e0i kh\u00e1m ph\u00e1 nh\u1eefng \u0111i\u1ec3m tham quan h\u00e0ng \u0111\u1ea7u Nha Trang ch\u1ec9 c\u00e1ch \u0111\u00f3 v\u00e0i ph\u00fat, c\u00f9ng c\u00e1c ph\u00f2ng tr\u1ecb li\u1ec7u spa \u0111\u1ed9c \u0111\u00e1o, ti\u1ec7n nghi d\u00e0nh [&hellip;]<\/p>\n","protected":false},"author":55,"featured_media":0,"parent":0,"menu_order":0,"comment_status":"closed","ping_status":"closed","template":"template-contact.php","meta":{"footnotes":""},"categories":[],"class_list":["post-393","page","type-page","status-publish","hentry"],"acf":[],"yoast_head":"<!-- This site is optimized with the Yoast SEO plugin v26.9 - https:\/\/yoast.com\/product\/yoast-seo-wordpress\/ -->\n<title>Th\u00f4ng tin li\u00ean h\u1ec7 c\u1ee7a ch\u00fang t\u00f4i | Mercure Nha Trang Beach<\/title>\n<meta name=\"description\" content=\"Li\u00ean h\u1ec7 ch\u00fang t\u00f4i \u0111\u1ec3 \u0111\u1eb7t ph\u00f2ng v\u00e0 gi\u1ea3i \u0111\u00e1p th\u1eafc m\u1eafc. T\u1eadn h\u01b0\u1edfng k\u1ef3 ngh\u1ec9 b\u00ean b\u1edd bi\u1ec3n g\u1ea7n c\u00e1c \u0111i\u1ec3m tham quan h\u00e0ng \u0111\u1ea7u v\u00e0 \u1ea9m th\u1ef1c qu\u1ed1c t\u1ebf.\" \/>\n<meta name=\"robots\" content=\"index, follow, max-snippet:-1, max-image-preview:large, max-video-preview:-1\" \/>\n<link rel=\"canonical\" href=\"https:\/\/www.mercurenhatrangbeach.com\/vi\/contact-us\/\" \/>\n<meta property=\"og:locale\" content=\"vi_VN\" \/>\n<meta property=\"og:type\" content=\"article\" \/>\n<meta property=\"og:title\" content=\"Th\u00f4ng tin li\u00ean h\u1ec7 c\u1ee7a ch\u00fang t\u00f4i | Mercure Nha Trang Beach\" \/>\n<meta property=\"og:description\" content=\"Li\u00ean h\u1ec7 ch\u00fang t\u00f4i \u0111\u1ec3 \u0111\u1eb7t ph\u00f2ng v\u00e0 gi\u1ea3i \u0111\u00e1p th\u1eafc m\u1eafc. T\u1eadn h\u01b0\u1edfng k\u1ef3 ngh\u1ec9 b\u00ean b\u1edd bi\u1ec3n g\u1ea7n c\u00e1c \u0111i\u1ec3m tham quan h\u00e0ng \u0111\u1ea7u v\u00e0 \u1ea9m th\u1ef1c qu\u1ed1c t\u1ebf.\" \/>\n<meta property=\"og:url\" content=\"https:\/\/www.mercurenhatrangbeach.com\/vi\/contact-us\/\" \/>\n<meta property=\"og:site_name\" content=\"Mercure Nha Trang\" \/>\n<meta property=\"article:modified_time\" content=\"2025-10-17T10:24:52+00:00\" \/>\n<meta name=\"twitter:card\" content=\"summary_large_image\" \/>\n<meta name=\"twitter:label1\" content=\"Est. reading time\" \/>\n\t<meta name=\"twitter:data1\" content=\"1 minute\" \/>\n<script type=\"application\/ld+json\" class=\"yoast-schema-graph\">{\"@context\":\"https:\/\/schema.org\",\"@graph\":[{\"@type\":\"WebPage\",\"@id\":\"https:\/\/www.mercurenhatrangbeach.com\/vi\/contact-us\/\",\"url\":\"https:\/\/www.mercurenhatrangbeach.com\/vi\/contact-us\/\",\"name\":\"Th\u00f4ng tin li\u00ean h\u1ec7 c\u1ee7a ch\u00fang t\u00f4i | Mercure Nha Trang Beach\",\"isPartOf\":{\"@id\":\"https:\/\/www.mercurenhatrangbeach.com\/#website\"},\"datePublished\":\"2025-07-30T07:08:59+00:00\",\"dateModified\":\"2025-10-17T10:24:52+00:00\",\"description\":\"Li\u00ean h\u1ec7 ch\u00fang t\u00f4i \u0111\u1ec3 \u0111\u1eb7t ph\u00f2ng v\u00e0 gi\u1ea3i \u0111\u00e1p th\u1eafc m\u1eafc. T\u1eadn h\u01b0\u1edfng k\u1ef3 ngh\u1ec9 b\u00ean b\u1edd bi\u1ec3n g\u1ea7n c\u00e1c \u0111i\u1ec3m tham quan h\u00e0ng \u0111\u1ea7u v\u00e0 \u1ea9m th\u1ef1c qu\u1ed1c t\u1ebf.\",\"breadcrumb\":{\"@id\":\"https:\/\/www.mercurenhatrangbeach.com\/vi\/contact-us\/#breadcrumb\"},\"inLanguage\":\"vi-VN\",\"potentialAction\":[{\"@type\":\"ReadAction\",\"target\":[\"https:\/\/www.mercurenhatrangbeach.com\/vi\/contact-us\/\"]}]},{\"@type\":\"BreadcrumbList\",\"@id\":\"https:\/\/www.mercurenhatrangbeach.com\/vi\/contact-us\/#breadcrumb\",\"itemListElement\":[{\"@type\":\"ListItem\",\"position\":1,\"name\":\"Home\",\"item\":\"https:\/\/www.mercurenhatrangbeach.com\/vi\/\"},{\"@type\":\"ListItem\",\"position\":2,\"name\":\"Li\u00ean h\u1ec7 ch\u00fang t\u00f4i\"}]},{\"@type\":\"WebSite\",\"@id\":\"https:\/\/www.mercurenhatrangbeach.com\/#website\",\"url\":\"https:\/\/www.mercurenhatrangbeach.com\/\",\"name\":\"Mercure Nha Trang\",\"description\":\"\",\"potentialAction\":[{\"@type\":\"SearchAction\",\"target\":{\"@type\":\"EntryPoint\",\"urlTemplate\":\"https:\/\/www.mercurenhatrangbeach.com\/?s={search_term_string}\"},\"query-input\":{\"@type\":\"PropertyValueSpecification\",\"valueRequired\":true,\"valueName\":\"search_term_string\"}}],\"inLanguage\":\"vi-VN\"}]}<\/script>\n<!-- \/ Yoast SEO plugin. -->","yoast_head_json":{"title":"Th\u00f4ng tin li\u00ean h\u1ec7 c\u1ee7a ch\u00fang t\u00f4i | Mercure Nha Trang Beach","description":"Li\u00ean h\u1ec7 ch\u00fang t\u00f4i \u0111\u1ec3 \u0111\u1eb7t ph\u00f2ng v\u00e0 gi\u1ea3i \u0111\u00e1p th\u1eafc m\u1eafc. T\u1eadn h\u01b0\u1edfng k\u1ef3 ngh\u1ec9 b\u00ean b\u1edd bi\u1ec3n g\u1ea7n c\u00e1c \u0111i\u1ec3m tham quan h\u00e0ng \u0111\u1ea7u v\u00e0 \u1ea9m th\u1ef1c qu\u1ed1c t\u1ebf.","robots":{"index":"index","follow":"follow","max-snippet":"max-snippet:-1","max-image-preview":"max-image-preview:large","max-video-preview":"max-video-preview:-1"},"canonical":"https:\/\/www.mercurenhatrangbeach.com\/vi\/contact-us\/","og_locale":"vi_VN","og_type":"article","og_title":"Th\u00f4ng tin li\u00ean h\u1ec7 c\u1ee7a ch\u00fang t\u00f4i | Mercure Nha Trang Beach","og_description":"Li\u00ean h\u1ec7 ch\u00fang t\u00f4i \u0111\u1ec3 \u0111\u1eb7t ph\u00f2ng v\u00e0 gi\u1ea3i \u0111\u00e1p th\u1eafc m\u1eafc. T\u1eadn h\u01b0\u1edfng k\u1ef3 ngh\u1ec9 b\u00ean b\u1edd bi\u1ec3n g\u1ea7n c\u00e1c \u0111i\u1ec3m tham quan h\u00e0ng \u0111\u1ea7u v\u00e0 \u1ea9m th\u1ef1c qu\u1ed1c t\u1ebf.","og_url":"https:\/\/www.mercurenhatrangbeach.com\/vi\/contact-us\/","og_site_name":"Mercure Nha Trang","article_modified_time":"2025-10-17T10:24:52+00:00","twitter_card":"summary_large_image","twitter_misc":{"Est. reading time":"1 minute"},"schema":{"@context":"https:\/\/schema.org","@graph":[{"@type":"WebPage","@id":"https:\/\/www.mercurenhatrangbeach.com\/vi\/contact-us\/","url":"https:\/\/www.mercurenhatrangbeach.com\/vi\/contact-us\/","name":"Th\u00f4ng tin li\u00ean h\u1ec7 c\u1ee7a ch\u00fang t\u00f4i | Mercure Nha Trang Beach","isPartOf":{"@id":"https:\/\/www.mercurenhatrangbeach.com\/#website"},"datePublished":"2025-07-30T07:08:59+00:00","dateModified":"2025-10-17T10:24:52+00:00","description":"Li\u00ean h\u1ec7 ch\u00fang t\u00f4i \u0111\u1ec3 \u0111\u1eb7t ph\u00f2ng v\u00e0 gi\u1ea3i \u0111\u00e1p th\u1eafc m\u1eafc. T\u1eadn h\u01b0\u1edfng k\u1ef3 ngh\u1ec9 b\u00ean b\u1edd bi\u1ec3n g\u1ea7n c\u00e1c \u0111i\u1ec3m tham quan h\u00e0ng \u0111\u1ea7u v\u00e0 \u1ea9m th\u1ef1c qu\u1ed1c t\u1ebf.","breadcrumb":{"@id":"https:\/\/www.mercurenhatrangbeach.com\/vi\/contact-us\/#breadcrumb"},"inLanguage":"vi-VN","potentialAction":[{"@type":"ReadAction","target":["https:\/\/www.mercurenhatrangbeach.com\/vi\/contact-us\/"]}]},{"@type":"BreadcrumbList","@id":"https:\/\/www.mercurenhatrangbeach.com\/vi\/contact-us\/#breadcrumb","itemListElement":[{"@type":"ListItem","position":1,"name":"Home","item":"https:\/\/www.mercurenhatrangbeach.com\/vi\/"},{"@type":"ListItem","position":2,"name":"Li\u00ean h\u1ec7 ch\u00fang t\u00f4i"}]},{"@type":"WebSite","@id":"https:\/\/www.mercurenhatrangbeach.com\/#website","url":"https:\/\/www.mercurenhatrangbeach.com\/","name":"Mercure Nha Trang","description":"","potentialAction":[{"@type":"SearchAction","target":{"@type":"EntryPoint","urlTemplate":"https:\/\/www.mercurenhatrangbeach.com\/?s={search_term_string}"},"query-input":{"@type":"PropertyValueSpecification","valueRequired":true,"valueName":"search_term_string"}}],"inLanguage":"vi-VN"}]}},"_links":{"self":[{"href":"https:\/\/www.mercurenhatrangbeach.com\/vi\/wp-json\/wp\/v2\/pages\/393","targetHints":{"allow":["GET"]}}],"collection":[{"href":"https:\/\/www.mercurenhatrangbeach.com\/vi\/wp-json\/wp\/v2\/pages"}],"about":[{"href":"https:\/\/www.mercurenhatrangbeach.com\/vi\/wp-json\/wp\/v2\/types\/page"}],"author":[{"embeddable":true,"href":"https:\/\/www.mercurenhatrangbeach.com\/vi\/wp-json\/wp\/v2\/users\/55"}],"replies":[{"embeddable":true,"href":"https:\/\/www.mercurenhatrangbeach.com\/vi\/wp-json\/wp\/v2\/comments?post=393"}],"version-history":[{"count":0,"href":"https:\/\/www.mercurenhatrangbeach.com\/vi\/wp-json\/wp\/v2\/pages\/393\/revisions"}],"wp:attachment":[{"href":"https:\/\/www.mercurenhatrangbeach.com\/vi\/wp-json\/wp\/v2\/media?parent=393"}],"wp:term":[{"taxonomy":"category","embeddable":true,"href":"https:\/\/www.mercurenhatrangbeach.com\/vi\/wp-json\/wp\/v2\/categories?post=393"}],"curies":[{"name":"wp","href":"https:\/\/api.w.org\/{rel}","templated":true}]}}