{"id":739,"date":"2025-09-15T03:16:33","date_gmt":"2025-09-15T03:16:33","guid":{"rendered":"https:\/\/mercurenhatrang.accorv2prod.decms.eu\/nha-trang-hotel\/"},"modified":"2026-02-16T06:42:23","modified_gmt":"2026-02-16T06:42:23","slug":"nha-trang-hotel","status":"publish","type":"page","link":"https:\/\/www.mercurenhatrangbeach.com\/vi\/nha-trang-hotel\/","title":{"rendered":"Kh\u00e1ch S\u1ea1n T\u1ea1i Nha Trang"},"content":{"rendered":"<h2 style=\"text-align: center\">Tr\u1ea3i Nghi\u1ec7m V\u1ebb \u0110\u1eb9p C\u1ee7a \u0110\u1ea1i D\u01b0\u01a1ng T\u1ea1i Kh\u00e1ch S\u1ea1n Mercure Nha Trang<\/h2>\n<p>N\u1eb1m b\u00ean b\u1edd bi\u1ec3n quy\u1ebfn r\u0169 c\u1ee7a Vi\u1ec7t Nam, <strong>kh\u00e1ch s\u1ea1n t\u1ea1i Nha Trang<\/strong> mang \u0111\u1ebfn s\u1ef1 k\u1ebft h\u1ee3p ho\u00e0n h\u1ea3o gi\u1eefa ti\u1ec7n nghi tinh t\u1ebf v\u00e0 n\u00e9t duy\u00ean d\u00e1ng \u0111\u1eadm ch\u1ea5t Vi\u1ec7t. T\u1ef1a nh\u01b0 m\u1ed9t \u1ed1c \u0111\u1ea3o ngh\u1ec9 d\u01b0\u1ee1ng b\u00ean b\u1edd bi\u1ec3n, n\u01a1i \u0111\u00e2y m\u1eddi g\u1ecdi du kh\u00e1ch \u0111\u1eafm m\u00ecnh trong di s\u1ea3n l\u00e0ng ch\u00e0i \u0111\u1eb7c s\u1eafc c\u1ee7a Nha Trang, \u0111\u1ed3ng th\u1eddi t\u1eadn h\u01b0\u1edfng nh\u1eefng ti\u1ec7n \u00edch hi\u1ec7n \u0111\u1ea1i c\u00f9ng khung c\u1ea3nh \u0111\u1ea1i d\u01b0\u01a1ng tuy\u1ec7t m\u1ef9.<\/p>\n<p>\u0110\u1ed1i v\u1edbi nh\u1eefng ai tr\u00e2n tr\u1ecdng t\u1eebng chi ti\u1ebft tinh hoa c\u1ee7a ngh\u1ec7 thu\u1eadt, kh\u00e1ch s\u1ea1n c\u1ee7a ch\u00fang t\u00f4i ch\u00ednh l\u00e0 ch\u1ed1n d\u1eebng ch\u00e2n l\u00fd t\u01b0\u1edfng. D\u00f9 b\u1ea1n \u0111ang k\u1ef7 ni\u1ec7m m\u1ed9t d\u1ea5u m\u1ed1c quan tr\u1ecdng, kh\u00e1m ph\u00e1 nh\u1eefng n\u1ec1n v\u0103n ho\u00e1 m\u1edbi hay \u0111\u01a1n gi\u1ea3n ch\u1ec9 mu\u1ed1n t\u00ecm m\u1ed9t kho\u1ea3ng l\u1eb7ng thanh l\u1ecbch \u0111\u1ec3 r\u1eddi xa nh\u1ecbp s\u1ed1ng th\u01b0\u1eddng nh\u1eadt, Mercure Nha Trang \u0111\u1ec1u mang \u0111\u1ebfn tr\u1ea3i nghi\u1ec7m sang tr\u1ecdng, \u1ea5m \u00e1p v\u00e0 \u0111\u1ea7y g\u1eafn k\u1ebft v\u1edbi \u0111\u1ecba ph\u01b0\u01a1ng.<\/p>\n<p>T\u1ea1i Mercure Nha Trang, m\u1ed7i kho\u1ea3nh kh\u1eafc \u0111\u1ec1u chan ch\u1ee9a s\u1ef1 n\u1ed3ng h\u1eadu b\u1ea3n \u0111\u1ecba, ho\u00e0 quy\u1ec7n c\u00f9ng ti\u1ec7n nghi \u0111\u1eb3ng c\u1ea5p qu\u1ed1c t\u1ebf, \u0111\u1ec3 b\u1ea1n th\u1eadt s\u1ef1 t\u1eadn h\u01b0\u1edfng m\u1ed9t h\u00e0nh tr\u00ecnh ngh\u1ec9 d\u01b0\u1ee1ng tr\u1ecdn v\u1eb9n t\u1ea1i th\u00e0nh ph\u1ed1 bi\u1ec3n xinh \u0111\u1eb9p n\u00e0y.<\/p>\n<h2 style=\"text-align: center\">Thi\u00ean \u0110\u01b0\u1eddng Bi\u1ec3n H\u00e0ng \u0110\u1ea7u Vi\u1ec7t Nam \u2013 Nha Trang<\/h2>\n<p><img decoding=\"async\" class=\"aligncenter size-medium\" src=\"https:\/\/www.mercurenhatrangbeach.com\/wp-content\/uploads\/sites\/156\/2025\/07\/Overview_0434_D.jpg\" alt=\"Bi\u1ec3n Nha Trang c\u00f9ng Mercure Nha Trang\" width=\"100%\" \/><\/p>\n<p>T\u1ea1i Mercure Nha Trang, ch\u00fang t\u00f4i kh\u01a1i ngu\u1ed3n c\u1ea3m h\u1ee9ng \u0111\u1ec3 du kh\u00e1ch kh\u00e1m ph\u00e1 v\u1ebb \u0111\u1eb9p xung quanh qua thi\u1ebft k\u1ebf kh\u00e1ch s\u1ea1n mang \u0111\u1eadm d\u1ea5u \u1ea5n \u0111\u1ecba ph\u01b0\u01a1ng v\u00e0 t\u00ecnh y\u00eau d\u00e0nh cho v\u0103n ho\u00e1 \u1ea9m th\u1ef1c b\u1ea3n x\u1ee9.<\/p>\n<p>Nha Trang t\u1eeb l\u00e2u \u0111\u00e3 \u0111\u01b0\u1ee3c ca ng\u1ee3i nh\u01b0 vi\u00ean ng\u1ecdc s\u00e1ng c\u1ee7a du l\u1ecbch bi\u1ec3n Vi\u1ec7t Nam \u2013 n\u01a1i h\u1ed9i t\u1ee5 nh\u1eefng b\u00e3i c\u00e1t tr\u1eafng m\u1ecbn, l\u00e0n n\u01b0\u1edbc trong xanh v\u00e0 b\u1ee9c tranh v\u0103n ho\u00e1 \u0111a s\u1eafc m\u00e0u. Th\u00e0nh ph\u1ed1 bi\u1ec3n s\u00f4i \u0111\u1ed9ng n\u00e0y l\u00e0 s\u1ef1 giao h\u00f2a ho\u00e0n m\u1ef9 gi\u1eefa di s\u1ea3n Champa c\u1ed5 k\u00ednh v\u00e0 nh\u1ecbp s\u1ed1ng hi\u1ec7n \u0111\u1ea1i b\u00ean b\u1edd bi\u1ec3n.<\/p>\n<p>T\u1eeb l\u00e0ng ch\u00e0i r\u1ed9n r\u00e0ng, ch\u1ee3 truy\u1ec1n th\u1ed1ng, di t\u00edch l\u1ecbch s\u1eed cho \u0111\u1ebfn nh\u1eefng h\u00f2n \u0111\u1ea3o xinh \u0111\u1eb9p, Nha Trang mang \u0111\u1ebfn cho du kh\u00e1ch h\u00e0nh tr\u00ecnh tr\u1ecdn v\u1eb9n, n\u01a1i v\u1ebb \u0111\u1eb9p thi\u00ean nhi\u00ean song h\u00e0nh c\u00f9ng tr\u1ea3i nghi\u1ec7m v\u0103n ho\u00e1 phong ph\u00fa. Mercure Nha Trang \u2013 to\u1ea1 l\u1ea1c t\u1ea1i v\u1ecb tr\u00ed \u0111\u1eafc \u0111\u1ecba tr\u00ean cung \u0111\u01b0\u1eddng bi\u1ec3n tuy\u1ec7t m\u1ef9, g\u1ea7n k\u1ec1 c\u00e1c di s\u1ea3n v\u0103n ho\u00e1 v\u00e0 truy\u1ec1n th\u1ed1ng s\u1ed1ng \u0111\u1ed9ng \u2013 ch\u00ednh l\u00e0 \u0111i\u1ec3m kh\u1edfi h\u00e0nh l\u00fd t\u01b0\u1edfng cho chuy\u1ebfn du ngo\u1ea1n \u0111\u00e1ng nh\u1edb.<\/p>\n<p>\u0110\u1ed1i v\u1edbi nh\u1eefng du kh\u00e1ch t\u00ecm ki\u1ebfm s\u1ef1 th\u01b0 gi\u00e3n v\u00e0 kh\u00e1m ph\u00e1, vi\u1ec7c l\u1ef1a ch\u1ecdn \u0111\u00fang kh\u00e1ch s\u1ea1n ven bi\u1ec3n c\u00f3 th\u1ec3 n\u00e2ng t\u1ea7m tr\u1ea3i nghi\u1ec7m c\u1ee7a b\u1ea1n. T\u1eeb nh\u1eefng khu ngh\u1ec9 d\u01b0\u1ee1ng sang tr\u1ecdng \u0111\u1ebfn nh\u1eefng vi\u00ean ng\u1ecdc qu\u00fd, <strong><a href=\"https:\/\/www.mercurenhatrangbeach.com\/vi\/our-rooms\/\" target=\"_blank\" rel=\"noopener\">ph\u00f2ng ngh\u1ec9 t\u1ea1i Nha Trang<\/a><\/strong> \u0111\u00e1p \u1ee9ng nhu c\u1ea7u c\u1ee7a nh\u1eefng ai y\u00eau th\u00edch s\u1ef1 tho\u1ea3i m\u00e1i, ch\u00e2n th\u1ef1c v\u00e0 l\u00f2ng hi\u1ebfu kh\u00e1ch tinh t\u1ebf c\u1ee7a ng\u01b0\u1eddi Vi\u1ec7t Nam.<\/p>\n<p>Mercure Nha Trang s\u1ebd mang \u0111\u1ebfn tr\u1ea3i nghi\u1ec7m ngh\u1ec9 d\u01b0\u1ee1ng tinh t\u1ebf, tho\u1ea3i m\u00e1i v\u00e0 \u0111\u1eadm ch\u1ea5t Vi\u1ec7t. D\u00f9 b\u1ea1n mong mu\u1ed1n th\u1ea3 h\u1ed3n b\u00ean b\u1edd c\u00e1t tr\u1eafng hay kh\u00e1m ph\u00e1 d\u1ea5u \u1ea5n l\u1ecbch s\u1eed t\u1ea1i Th\u00e1p B\u00e0 Ponagar huy\u1ec1n tho\u1ea1i.<\/p>\n<h2 style=\"text-align: center\">Tr\u1ea3i Nghi\u1ec7m Ngh\u1ec9 D\u01b0\u1ee1ng \u0110\u1eb3ng C\u1ea5p T\u1ea1i Nha Trang 2026<\/h2>\n<p><img decoding=\"async\" class=\"aligncenter size-medium\" src=\"https:\/\/www.mercurenhatrangbeach.com\/wp-content\/uploads\/sites\/156\/2025\/07\/Privilege-room_sea-view_1509_01-1.jpg\" alt=\"Ph\u00f2ng ngh\u1ec9 t\u1ea1i Nha Trang\" width=\"100%\" \/><\/p>\n<p>Khi c\u00e2n nh\u1eafc v\u1ec1 vi\u1ec7c l\u1ef1a ch\u1ecdn m\u1ed9t kh\u00e1ch s\u1ea1n t\u1ea1i Nha Trang, nh\u1eefng y\u1ebfu t\u1ed1 tinh hoa sau \u0111\u00e2y ch\u00ednh l\u00e0 ch\u00eca kh\u00f3a mang \u0111\u1ebfn cho b\u1ea1n m\u1ed9t k\u1ef3 ngh\u1ec9 th\u01b0\u1ee3ng h\u1ea1ng:<\/p>\n<ul>\n<li><strong>V\u1ecb Tr\u00ed \u0110\u1eafc \u0110\u1ecba: <\/strong>Nha Trang mang l\u1ea1i t\u1ea7m nh\u00ecn \u0111\u1ea1i d\u01b0\u01a1ng tuy\u1ec7t m\u1ef9 v\u00e0 l\u1ed1i \u0111i tr\u1ef1c ti\u1ebfp xu\u1ed1ng b\u00e3i bi\u1ec3n, gi\u00fap b\u1ea1n t\u1eadn h\u01b0\u1edfng tr\u1ecdn v\u1eb9n m\u1ecdi kho\u1ea3nh kh\u1eafc b\u00ean b\u1edd c\u00e1t tr\u1eafng.<\/li>\n<\/ul>\n<ul>\n<li><strong>Thi\u1ebft K\u1ebf \u0110\u1eadm D\u1ea5u \u1ea4n \u2013 Ti\u1ec7n Nghi Hi\u1ec7n \u0110\u1ea1i: <\/strong>Kh\u00e1ch s\u1ea1n Mercure Nha Trang Beach kh\u00e9o l\u00e9o h\u00f2a quy\u1ec7n ki\u1ebfn tr\u00fac l\u1ea5y c\u1ea3m h\u1ee9ng t\u1eeb Champa c\u00f9ng ti\u1ec7n nghi sang tr\u1ecdng, t\u1ea1o n\u00ean kh\u00f4ng gian n\u01a1i truy\u1ec1n th\u1ed1ng g\u1ee1p g\u1ee1 n\u00e9t thanh l\u1ecbch \u0111\u01b0\u01a1ng \u0111\u1ee1i, t\u1ea5t c\u1ea3 \u0111\u1ec1u \u0111\u01b0\u1ee3c n\u00e2ng t\u1ea7m b\u1edfi t\u1ea7m nh\u00ecn bi\u1ec3n bao la.<\/li>\n<\/ul>\n<ul>\n<li><strong>D\u1ecbch V\u1ee5 \u0110\u1eb3ng C\u1ea5p: <\/strong>C\u00e1c kh\u00e1ch s\u1ea1n \u0111\u1eb3ng c\u1ea5p t\u1ea1i Nha Trang nh\u01b0 Mercure \u0111ang thi\u1ebft l\u1eadp chu\u1ea9n m\u1ef1c m\u1edbi v\u1ec1 s\u1ef1 t\u1eadn t\u00e2m \u2013 t\u1eeb \u0111\u1ed9i ng\u0169 \u0111a ng\u00f4n ng\u1eef chuy\u00ean nghi\u1ec7p \u0111\u1ebfn d\u1ecbch v\u1ee5 concierge am hi\u1ec3u \u0111\u1ecba ph\u01b0\u01a1ng, gi\u00fap b\u1ee1n d\u1ec5 d\u00e0ng &#8220;s\u1ed1ng nh\u01b0 ng\u01b0\u1eddi b\u1ea3n x\u1ee9&#8221; trong t\u1eebng tr\u1ea3i nghi\u1ec7m.<\/li>\n<\/ul>\n<ul>\n<li><strong>\u1ea8m Th\u1ef1c \u0110\u1ec9nh Cao: <\/strong>Th\u01b0\u1edfng th\u1ee9c tinh hoa \u1ea9m th\u1ef1c v\u1edbi tri\u1ebft l\u00fd &#8220;farm-to-table&#8221; v\u00e0 s\u1ef1 g\u1eafn k\u1ebft c\u00f9ng ng\u01b0 d\u00e2n \u0111\u1ecba ph\u01b0\u01a1ng, mang \u0111\u1ebfn nh\u1eefng b\u1eefa \u0103n t\u01b0\u01a1i ngon v\u00e0 \u0111\u1ea7y c\u1ea3m h\u1ee9ng. <strong><a href=\"https:\/\/www.mercurenhatrangbeach.com\/vi\/restaurant-bar\/tathik-restaurant\/\" target=\"_blank\" rel=\"noopener\">Tathik<\/a><\/strong> t\u1ea1i Mercure Nha Trang kh\u00f4ng ch\u1ec9 gi\u1edbi thi\u1ec7u \u0111\u1eb7c s\u1ea3n v\u00f9ng bi\u1ec3n m\u00e0 c\u00f2n t\u00e1i hi\u1ec7n tr\u1ecdn v\u1eb9n h\u01b0\u01a1ng v\u1ecb qu\u1ed1c t\u1ebf quen thu\u1ed9c, \u0111\u00e1p \u1ee9ng m\u1ecdi nhu c\u1ea7u v\u1ec1 \u1ea9m th\u1ef1c c\u1ee7a b\u1ea1n.<\/li>\n<\/ul>\n<h2 style=\"text-align: center\">Kh\u00e1ch S\u1ea1n T\u1ed1t Nh\u1ea5t T\u1ea1i Nha Trang N\u0103m 2026<\/h2>\n<p><img decoding=\"async\" class=\"aligncenter size-medium\" src=\"https:\/\/www.mercurenhatrangbeach.com\/wp-content\/uploads\/sites\/156\/2025\/09\/Overview_1656.jpg\" alt=\"kh\u00e1ch s\u1ea1n Mercure t\u1ea1i Nha Trang\" width=\"100%\" \/><\/p>\n<p>Gi\u1eefa mu\u00f4n v\u00e0n kh\u00e1ch s\u1ea1n ven bi\u1ec3n t\u1ea1i Nha Trang, Mercure Nha Trang Beach lu\u00f4n to\u1ea3 s\u00e1ng nh\u01b0 l\u1ef1a ch\u1ecdn h\u00e0ng \u0111\u1ea7u cho nh\u1eefng ai t\u00ecm ki\u1ebfm m\u1ed9t k\u1ef3 ngh\u1ec9 thanh l\u1ecbch v\u00e0 tinh t\u1ebf c\u00f9ng t\u1ea7m nh\u00ecn h\u01b0\u1edbng bi\u1ec3n phong ph\u00fa.<\/p>\n<h2>V\u1ecb Tr\u00ed V\u00e0ng Tr\u00ean B\u1edd Bi\u1ec3n<\/h2>\n<p>H\u00e3y t\u01b0\u1edfng t\u01b0\u1ee3ng b\u1ea1n th\u1ee9c gi\u1ea5c trong \u00e2m thanh d\u1ecbu \u00eam c\u1ee7a s\u00f3ng v\u1ed7, chi\u00eam ng\u01b0\u1ee1ng b\u00ecnh minh v\u00e0 ho\u00e0ng h\u00f4n tr\u1ecdn v\u1eb9n t\u1eeb c\u0103n ph\u00f2ng hi\u1ec7n \u0111\u1ea1i v\u1edbi t\u1ea7m nh\u00ecn \u0111\u1ea1i d\u01b0\u01a1ng. T\u1ecda l\u1ea1c tr\u00ean cung \u0111\u01b0\u1eddng bi\u1ec3n \u0111\u1eb9p nh\u1ea5t th\u00e0nh ph\u1ed1, Mercure Nha Trang bi\u1ebfn t\u1eebng kho\u1ea3nh kh\u1eafc tr\u1edf n\u00ean \u0111\u00e1ng nh\u1edb.<\/p>\n<h3>Ti\u00eau Chu\u1ea9n To\u00e0n C\u1ea7u T\u1eeb Accor<\/h3>\n<p>L\u00e0 m\u1ed9t trong nh\u1eefng th\u00e0nh vi\u00ean c\u1ee7a t\u1eadp \u0111o\u00e0n Accor, Mercure Nha Trang v\u1eeba duy tr\u00ec chu\u1ea9n m\u1ef1c d\u1ecbch v\u1ee5 qu\u1ed1c t\u1ebf, v\u1eeba t\u00f4n vinh b\u1ea3n s\u1eafc Vi\u1ec7t Nam. Du kh\u00e1ch \u0111\u01b0\u1ee3c \u0111\u00f3n ti\u1ebfp b\u1eb1ng s\u1ef1 chuy\u00ean nghi\u1ec7p, g\u1ea7n g\u0169i v\u00e0 ch\u00e2n th\u1eadt trong t\u1eebng tr\u1ea3i nghi\u1ec7m.<\/p>\n<h3>C\u00e1c Ti\u1ec7n \u00cdch V\u01b0\u1ee3t Tr\u1ed9i<\/h3>\n<ul>\n<li><strong><a href=\"https:\/\/www.mercurenhatrangbeach.com\/vi\/leisure\/pools\/\" target=\"_blank\" rel=\"noopener\">H\u1ed3 b\u01a1i<\/a><\/strong> r\u1ed9ng l\u1edbn mang \u0111\u1ebfn s\u1ef1 thay th\u1ebf ho\u00e0n h\u1ea3o cho nh\u1eefng ng\u00e0y \u1edf b\u00e3i bi\u1ec3n<\/li>\n<li>Ph\u00f2ng gym hi\u1ec7n \u0111\u1ea1i gi\u00fap b\u1ea1n duy tr\u00ec l\u1ed1i s\u1ed1ng kh\u1ecfe m\u1ea1nh;<\/li>\n<li>Th\u01b0 gi\u00e3n t\u1ea1i sauna, jacuzzi ho\u1eb7c \u0111\u1eafm m\u00ecnh trong li\u1ec7u ph\u00e1p spa t\u1eeb nguy\u00ean li\u1ec7u t\u1ef1 nhi\u00ean; k\u1ef9 thu\u1eadt b\u1ea3n \u0111\u1ecba v\u00e0 t\u1ea7m nh\u00ecn h\u01b0\u1edbng bi\u1ec3n.<\/li>\n<\/ul>\n<h3>Kh\u00e1m Ph\u00e1 V\u0103n H\u00f3a &amp; D\u1ecbch V\u1ee5 Qu\u1ed1c T\u1ebf<\/h3>\n<p>V\u1edbi ch\u01b0\u01a1ng tr\u00ecnh \u201cDiscover Local\u201d, Mercure s\u1ebd \u0111\u01b0a du kh\u00e1ch \u0111i xa h\u01a1n nh\u1eefng chuy\u1ebfn tham quan th\u01b0\u1eddng th\u1ea5y: t\u1eeb l\u1edbp h\u1ecdc n\u1ea5u \u0103n t\u01b0\u01a1ng t\u00e1c, h\u00e0nh tr\u00ecnh \u0111\u1ebfn l\u00e0ng ch\u00e0i \u0111\u1ecba ph\u01b0\u01a1ng, cho \u0111\u1ebfn nh\u1eefng g\u1ee3i \u00fd c\u00e1 nh\u00e2n h\u00f3a t\u1eeb \u0111\u1ed9i ng\u0169 chuy\u00ean s\u00e2u \u2013 t\u1ea5t c\u1ea3 t\u1ea1o n\u00ean tr\u1ea3i nghi\u1ec7m \u0111\u1ed9c \u0111\u00e1o v\u00e0 th\u1eadt gi\u00e0u c\u1ea3m x\u00fac.<\/p>\n<h2 style=\"text-align: center\">H\u00e0nh Tr\u00ecnh \u0110\u1eb7c Quy\u1ec1n C\u00f9ng ALL \u2013 Accor Live Limitless<\/h2>\n<p><img decoding=\"async\" class=\"aligncenter size-medium\" src=\"https:\/\/www.mercurenhatrangbeach.com\/wp-content\/uploads\/sites\/156\/2025\/09\/Accor-Member-rate-scaled.jpeg\" alt=\"Accor t\u1ea1i Nha Trang\" width=\"100%\" \/><\/p>\n<p>T\u1eadn h\u01b0\u1edfng th\u1ebf gi\u1edbi \u01b0u \u0111\u00e3i, s\u1ef1 ki\u1ec7n \u0111\u1eb7c bi\u1ec7t v\u00e0 quy\u1ec1n l\u1ee3i v\u01b0\u1ee3t tr\u1ed9i:<\/p>\n<ul>\n<li>Gi\u1ea3m gi\u00e1 ph\u00f2ng khi \u0111\u1eb7t tr\u1ef1c ti\u1ebfp tr\u00ean website.<\/li>\n<li>N\u00e2ng h\u1ea1ng ph\u00f2ng mi\u1ec5n ph\u00ed (tu\u1ef3 t\u00ecnh tr\u1ea1ng ph\u00f2ng).<\/li>\n<li>B\u1eefa s\u00e1ng mi\u1ec5n ph\u00ed &amp; tr\u1ea3 ph\u00f2ng tr\u1ec5 theo y\u00eau c\u1ea7u.<\/li>\n<\/ul>\n<p>\u0110\u1eb7c bi\u1ec7t, th\u00e0nh vi\u00ean ALL \u0111\u01b0\u1ee3c h\u01b0\u1edfng th\u00eam 5% \u01b0u \u0111\u00e3i khi \u0111\u1eb7t tr\u1ef1c ti\u1ebfp t\u1ea1i website kh\u00e1ch s\u1ea1n Mercure Nha Trang.<\/p>\n<p>Ch\u01b0a l\u00e0 th\u00e0nh vi\u00ean? <strong><a href=\"https:\/\/all.accor.com\/a\/en\/destination\/country\/hotels-vietnam-pvn.html\" target=\"_blank\" rel=\"noopener\">\u0110\u0103ng k\u00fd mi\u1ec5n ph\u00ed<\/a><\/strong> ngay h\u00f4m nay \u0111\u1ec3 t\u1eadn h\u01b0\u1edfng \u0111\u1eb7c quy\u1ec1n:<\/p>\n<h2>Tr\u1ea3i Nghi\u1ec7m Tr\u1ecdn V\u1eb9n Nha Trang T\u1ea1i Mercure<\/h2>\n<p>Vi\u1ec7c ch\u1ecdn \u0111\u00fang kh\u00e1ch s\u1ea1n ch\u00ednh l\u00e0 b\u01b0\u1edbc kh\u1edfi \u0111\u1ea7u cho m\u1ed9t k\u1ef3 ngh\u1ec9 kh\u00f3 qu\u00ean. <strong><a href=\"https:\/\/www.mercurenhatrangbeach.com\/vi\/\" target=\"_blank\" rel=\"noopener\">Mercure Nha Trang Beach Hotel<\/a><\/strong> mang \u0111\u1ebfn s\u1ef1 k\u1ebft h\u1ee3p ho\u00e0n h\u1ea3o gi\u1eefa ti\u1ec7n nghi tho\u1ea3i m\u00e1i, tr\u1ea3i nghi\u1ec7m v\u0103n ho\u00e1 \u0111\u1ed9c \u0111\u00e1o v\u00e0 d\u1ecbch v\u1ee5 chu \u0111\u00e1o, \u0111\u1ec3 m\u1ed7i kho\u1ea3nh kh\u1eafc l\u01b0u tr\u00fa \u0111\u1ec1u v\u01b0\u1ee3t xa mong \u0111\u1ee3i.<\/p>\n<p>D\u00f9 \u0111\u00f3 l\u00e0 bu\u1ed5i d\u1ea1o bi\u1ec3n ng\u1eafm b\u00ecnh minh y\u00ean \u1ea3, chuy\u1ebfn tham quan c\u00e1c di t\u00edch v\u0103n ho\u00e1 hay b\u1eefa ti\u1ec7c \u1ea9m th\u1ef1c v\u1edbi h\u1ea3i s\u1ea3n t\u01b0\u01a1i ngon, Mercure \u0111\u1ec1u bi\u1ebfn t\u1eebng tr\u1ea3i nghi\u1ec7m th\u00e0nh d\u1ea5u \u1ea5n \u0111\u1eb7c bi\u1ec7t cho k\u1ef3 ngh\u1ec9 c\u1ee7a b\u1ea1n.<\/p>\n<p>H\u00e3y b\u1eaft \u0111\u1ea7u h\u00e0nh tr\u00ecnh Nha Trang c\u1ee7a b\u1ea1n b\u1eb1ng c\u00e1ch <strong><a href=\"https:\/\/all.accor.com\/ssr\/app\/accor\/rates\/C3J0\/index.en.shtml?;utm_medium=accor_regional_websites&amp;utm_source=hotelwebsite_C3J0\" target=\"_blank\" rel=\"noopener\">\u0111\u1eb7t ph\u00f2ng tr\u1ef1c ti\u1ebfp<\/a><\/strong> t\u1ea1i website kh\u00e1ch s\u1ea1n \u0111\u1ec3 nh\u1eadn \u01b0u \u0111\u00e3i t\u1ed1t nh\u1ea5t. V\u00e0 \u0111\u1eebng qu\u00ean tham gia ch\u01b0\u01a1ng tr\u00ecnh ALL \u2013 Accor Live Limitless \u0111\u1ec3 t\u1eadn h\u01b0\u1edfng m\u1ee9c gi\u00e1 \u0111\u1ed9c quy\u1ec1n c\u00f9ng h\u00e0ng lo\u1ea1t \u0111\u1eb7c quy\u1ec1n h\u1ea5p d\u1eabn. Bi\u1ebfn k\u1ef3 ngh\u1ec9 ti\u1ebfp theo c\u1ee7a b\u1ea1n tr\u1edf n\u00ean phi th\u01b0\u1eddng v\u1edbi Mercure Nha Trang Hotel.<\/p>\n","protected":false},"excerpt":{"rendered":"<p>Tr\u1ea3i Nghi\u1ec7m V\u1ebb \u0110\u1eb9p C\u1ee7a \u0110\u1ea1i D\u01b0\u01a1ng T\u1ea1i Kh\u00e1ch S\u1ea1n Mercure Nha Trang N\u1eb1m b\u00ean b\u1edd bi\u1ec3n quy\u1ebfn r\u0169 c\u1ee7a Vi\u1ec7t Nam, kh\u00e1ch s\u1ea1n t\u1ea1i Nha Trang mang \u0111\u1ebfn s\u1ef1 k\u1ebft h\u1ee3p ho\u00e0n h\u1ea3o gi\u1eefa ti\u1ec7n nghi tinh t\u1ebf v\u00e0 n\u00e9t duy\u00ean d\u00e1ng \u0111\u1eadm ch\u1ea5t Vi\u1ec7t. T\u1ef1a nh\u01b0 m\u1ed9t \u1ed1c \u0111\u1ea3o ngh\u1ec9 d\u01b0\u1ee1ng b\u00ean b\u1edd [&hellip;]<\/p>\n","protected":false},"author":324,"featured_media":678,"parent":0,"menu_order":0,"comment_status":"closed","ping_status":"closed","template":"","meta":{"footnotes":""},"categories":[],"class_list":["post-739","page","type-page","status-publish","has-post-thumbnail","hentry"],"acf":[],"yoast_head":"<!-- This site is optimized with the Yoast SEO plugin v26.9 - https:\/\/yoast.com\/product\/yoast-seo-wordpress\/ -->\n<title>Kh\u00e1ch S\u1ea1n T\u1ea1i Nha Trang Vi\u1ec7t Nam - Mercure Nha Trang Beach<\/title>\n<meta name=\"description\" content=\"Mercure Nha Trang Beach, kh\u00e1ch s\u1ea1n t\u1ea1i Nha Trang mang \u0111\u1ebfn s\u1ef1 k\u1ebft h\u1ee3p ho\u00e0n h\u1ea3o gi\u1eefa ti\u1ec7n nghi tinh t\u1ebf v\u00e0 n\u00e9t duy\u00ean d\u00e1ng \u0111\u1eadm ch\u1ea5t Vi\u1ec7t.\" \/>\n<meta name=\"robots\" content=\"index, follow, max-snippet:-1, max-image-preview:large, max-video-preview:-1\" \/>\n<link rel=\"canonical\" href=\"https:\/\/www.mercurenhatrangbeach.com\/vi\/nha-trang-hotel\/\" \/>\n<meta property=\"og:locale\" content=\"vi_VN\" \/>\n<meta property=\"og:type\" content=\"article\" \/>\n<meta property=\"og:title\" content=\"Kh\u00e1ch S\u1ea1n T\u1ea1i Nha Trang Vi\u1ec7t Nam - Mercure Nha Trang Beach\" \/>\n<meta property=\"og:description\" content=\"Mercure Nha Trang Beach, kh\u00e1ch s\u1ea1n t\u1ea1i Nha Trang mang \u0111\u1ebfn s\u1ef1 k\u1ebft h\u1ee3p ho\u00e0n h\u1ea3o gi\u1eefa ti\u1ec7n nghi tinh t\u1ebf v\u00e0 n\u00e9t duy\u00ean d\u00e1ng \u0111\u1eadm ch\u1ea5t Vi\u1ec7t.\" \/>\n<meta property=\"og:url\" content=\"https:\/\/www.mercurenhatrangbeach.com\/vi\/nha-trang-hotel\/\" \/>\n<meta property=\"og:site_name\" content=\"Mercure Nha Trang\" \/>\n<meta property=\"article:modified_time\" content=\"2026-02-16T06:42:23+00:00\" \/>\n<meta property=\"og:image\" content=\"https:\/\/www.mercurenhatrangbeach.com\/wp-content\/uploads\/sites\/156\/2025\/09\/Overview_0333.jpg\" \/>\n\t<meta property=\"og:image:width\" content=\"2200\" \/>\n\t<meta property=\"og:image:height\" content=\"1649\" \/>\n\t<meta property=\"og:image:type\" content=\"image\/jpeg\" \/>\n<meta name=\"twitter:card\" content=\"summary_large_image\" \/>\n<meta name=\"twitter:label1\" content=\"Est. reading time\" \/>\n\t<meta name=\"twitter:data1\" content=\"7 minutes\" \/>\n<script type=\"application\/ld+json\" class=\"yoast-schema-graph\">{\"@context\":\"https:\/\/schema.org\",\"@graph\":[{\"@type\":\"WebPage\",\"@id\":\"https:\/\/www.mercurenhatrangbeach.com\/vi\/nha-trang-hotel\/\",\"url\":\"https:\/\/www.mercurenhatrangbeach.com\/vi\/nha-trang-hotel\/\",\"name\":\"Kh\u00e1ch S\u1ea1n T\u1ea1i Nha Trang Vi\u1ec7t Nam - Mercure Nha Trang Beach\",\"isPartOf\":{\"@id\":\"https:\/\/www.mercurenhatrangbeach.com\/#website\"},\"primaryImageOfPage\":{\"@id\":\"https:\/\/www.mercurenhatrangbeach.com\/vi\/nha-trang-hotel\/#primaryimage\"},\"image\":{\"@id\":\"https:\/\/www.mercurenhatrangbeach.com\/vi\/nha-trang-hotel\/#primaryimage\"},\"thumbnailUrl\":\"https:\/\/www.mercurenhatrangbeach.com\/wp-content\/uploads\/sites\/156\/2025\/09\/Overview_0333.jpg\",\"datePublished\":\"2025-09-15T03:16:33+00:00\",\"dateModified\":\"2026-02-16T06:42:23+00:00\",\"description\":\"Mercure Nha Trang Beach, kh\u00e1ch s\u1ea1n t\u1ea1i Nha Trang mang \u0111\u1ebfn s\u1ef1 k\u1ebft h\u1ee3p ho\u00e0n h\u1ea3o gi\u1eefa ti\u1ec7n nghi tinh t\u1ebf v\u00e0 n\u00e9t duy\u00ean d\u00e1ng \u0111\u1eadm ch\u1ea5t Vi\u1ec7t.\",\"breadcrumb\":{\"@id\":\"https:\/\/www.mercurenhatrangbeach.com\/vi\/nha-trang-hotel\/#breadcrumb\"},\"inLanguage\":\"vi-VN\",\"potentialAction\":[{\"@type\":\"ReadAction\",\"target\":[\"https:\/\/www.mercurenhatrangbeach.com\/vi\/nha-trang-hotel\/\"]}]},{\"@type\":\"ImageObject\",\"inLanguage\":\"vi-VN\",\"@id\":\"https:\/\/www.mercurenhatrangbeach.com\/vi\/nha-trang-hotel\/#primaryimage\",\"url\":\"https:\/\/www.mercurenhatrangbeach.com\/wp-content\/uploads\/sites\/156\/2025\/09\/Overview_0333.jpg\",\"contentUrl\":\"https:\/\/www.mercurenhatrangbeach.com\/wp-content\/uploads\/sites\/156\/2025\/09\/Overview_0333.jpg\",\"width\":2200,\"height\":1649,\"caption\":\"default\"},{\"@type\":\"BreadcrumbList\",\"@id\":\"https:\/\/www.mercurenhatrangbeach.com\/vi\/nha-trang-hotel\/#breadcrumb\",\"itemListElement\":[{\"@type\":\"ListItem\",\"position\":1,\"name\":\"Home\",\"item\":\"https:\/\/www.mercurenhatrangbeach.com\/vi\/\"},{\"@type\":\"ListItem\",\"position\":2,\"name\":\"Kh\u00e1ch S\u1ea1n T\u1ea1i Nha Trang\"}]},{\"@type\":\"WebSite\",\"@id\":\"https:\/\/www.mercurenhatrangbeach.com\/#website\",\"url\":\"https:\/\/www.mercurenhatrangbeach.com\/\",\"name\":\"Mercure Nha Trang\",\"description\":\"\",\"potentialAction\":[{\"@type\":\"SearchAction\",\"target\":{\"@type\":\"EntryPoint\",\"urlTemplate\":\"https:\/\/www.mercurenhatrangbeach.com\/?s={search_term_string}\"},\"query-input\":{\"@type\":\"PropertyValueSpecification\",\"valueRequired\":true,\"valueName\":\"search_term_string\"}}],\"inLanguage\":\"vi-VN\"}]}<\/script>\n<!-- \/ Yoast SEO plugin. -->","yoast_head_json":{"title":"Kh\u00e1ch S\u1ea1n T\u1ea1i Nha Trang Vi\u1ec7t Nam - Mercure Nha Trang Beach","description":"Mercure Nha Trang Beach, kh\u00e1ch s\u1ea1n t\u1ea1i Nha Trang mang \u0111\u1ebfn s\u1ef1 k\u1ebft h\u1ee3p ho\u00e0n h\u1ea3o gi\u1eefa ti\u1ec7n nghi tinh t\u1ebf v\u00e0 n\u00e9t duy\u00ean d\u00e1ng \u0111\u1eadm ch\u1ea5t Vi\u1ec7t.","robots":{"index":"index","follow":"follow","max-snippet":"max-snippet:-1","max-image-preview":"max-image-preview:large","max-video-preview":"max-video-preview:-1"},"canonical":"https:\/\/www.mercurenhatrangbeach.com\/vi\/nha-trang-hotel\/","og_locale":"vi_VN","og_type":"article","og_title":"Kh\u00e1ch S\u1ea1n T\u1ea1i Nha Trang Vi\u1ec7t Nam - Mercure Nha Trang Beach","og_description":"Mercure Nha Trang Beach, kh\u00e1ch s\u1ea1n t\u1ea1i Nha Trang mang \u0111\u1ebfn s\u1ef1 k\u1ebft h\u1ee3p ho\u00e0n h\u1ea3o gi\u1eefa ti\u1ec7n nghi tinh t\u1ebf v\u00e0 n\u00e9t duy\u00ean d\u00e1ng \u0111\u1eadm ch\u1ea5t Vi\u1ec7t.","og_url":"https:\/\/www.mercurenhatrangbeach.com\/vi\/nha-trang-hotel\/","og_site_name":"Mercure Nha Trang","article_modified_time":"2026-02-16T06:42:23+00:00","og_image":[{"width":2200,"height":1649,"url":"https:\/\/www.mercurenhatrangbeach.com\/wp-content\/uploads\/sites\/156\/2025\/09\/Overview_0333.jpg","type":"image\/jpeg"}],"twitter_card":"summary_large_image","twitter_misc":{"Est. reading time":"7 minutes"},"schema":{"@context":"https:\/\/schema.org","@graph":[{"@type":"WebPage","@id":"https:\/\/www.mercurenhatrangbeach.com\/vi\/nha-trang-hotel\/","url":"https:\/\/www.mercurenhatrangbeach.com\/vi\/nha-trang-hotel\/","name":"Kh\u00e1ch S\u1ea1n T\u1ea1i Nha Trang Vi\u1ec7t Nam - Mercure Nha Trang Beach","isPartOf":{"@id":"https:\/\/www.mercurenhatrangbeach.com\/#website"},"primaryImageOfPage":{"@id":"https:\/\/www.mercurenhatrangbeach.com\/vi\/nha-trang-hotel\/#primaryimage"},"image":{"@id":"https:\/\/www.mercurenhatrangbeach.com\/vi\/nha-trang-hotel\/#primaryimage"},"thumbnailUrl":"https:\/\/www.mercurenhatrangbeach.com\/wp-content\/uploads\/sites\/156\/2025\/09\/Overview_0333.jpg","datePublished":"2025-09-15T03:16:33+00:00","dateModified":"2026-02-16T06:42:23+00:00","description":"Mercure Nha Trang Beach, kh\u00e1ch s\u1ea1n t\u1ea1i Nha Trang mang \u0111\u1ebfn s\u1ef1 k\u1ebft h\u1ee3p ho\u00e0n h\u1ea3o gi\u1eefa ti\u1ec7n nghi tinh t\u1ebf v\u00e0 n\u00e9t duy\u00ean d\u00e1ng \u0111\u1eadm ch\u1ea5t Vi\u1ec7t.","breadcrumb":{"@id":"https:\/\/www.mercurenhatrangbeach.com\/vi\/nha-trang-hotel\/#breadcrumb"},"inLanguage":"vi-VN","potentialAction":[{"@type":"ReadAction","target":["https:\/\/www.mercurenhatrangbeach.com\/vi\/nha-trang-hotel\/"]}]},{"@type":"ImageObject","inLanguage":"vi-VN","@id":"https:\/\/www.mercurenhatrangbeach.com\/vi\/nha-trang-hotel\/#primaryimage","url":"https:\/\/www.mercurenhatrangbeach.com\/wp-content\/uploads\/sites\/156\/2025\/09\/Overview_0333.jpg","contentUrl":"https:\/\/www.mercurenhatrangbeach.com\/wp-content\/uploads\/sites\/156\/2025\/09\/Overview_0333.jpg","width":2200,"height":1649,"caption":"default"},{"@type":"BreadcrumbList","@id":"https:\/\/www.mercurenhatrangbeach.com\/vi\/nha-trang-hotel\/#breadcrumb","itemListElement":[{"@type":"ListItem","position":1,"name":"Home","item":"https:\/\/www.mercurenhatrangbeach.com\/vi\/"},{"@type":"ListItem","position":2,"name":"Kh\u00e1ch S\u1ea1n T\u1ea1i Nha Trang"}]},{"@type":"WebSite","@id":"https:\/\/www.mercurenhatrangbeach.com\/#website","url":"https:\/\/www.mercurenhatrangbeach.com\/","name":"Mercure Nha Trang","description":"","potentialAction":[{"@type":"SearchAction","target":{"@type":"EntryPoint","urlTemplate":"https:\/\/www.mercurenhatrangbeach.com\/?s={search_term_string}"},"query-input":{"@type":"PropertyValueSpecification","valueRequired":true,"valueName":"search_term_string"}}],"inLanguage":"vi-VN"}]}},"_links":{"self":[{"href":"https:\/\/www.mercurenhatrangbeach.com\/vi\/wp-json\/wp\/v2\/pages\/739","targetHints":{"allow":["GET"]}}],"collection":[{"href":"https:\/\/www.mercurenhatrangbeach.com\/vi\/wp-json\/wp\/v2\/pages"}],"about":[{"href":"https:\/\/www.mercurenhatrangbeach.com\/vi\/wp-json\/wp\/v2\/types\/page"}],"author":[{"embeddable":true,"href":"https:\/\/www.mercurenhatrangbeach.com\/vi\/wp-json\/wp\/v2\/users\/324"}],"replies":[{"embeddable":true,"href":"https:\/\/www.mercurenhatrangbeach.com\/vi\/wp-json\/wp\/v2\/comments?post=739"}],"version-history":[{"count":0,"href":"https:\/\/www.mercurenhatrangbeach.com\/vi\/wp-json\/wp\/v2\/pages\/739\/revisions"}],"wp:featuredmedia":[{"embeddable":true,"href":"https:\/\/www.mercurenhatrangbeach.com\/vi\/wp-json\/wp\/v2\/media\/678"}],"wp:attachment":[{"href":"https:\/\/www.mercurenhatrangbeach.com\/vi\/wp-json\/wp\/v2\/media?parent=739"}],"wp:term":[{"taxonomy":"category","embeddable":true,"href":"https:\/\/www.mercurenhatrangbeach.com\/vi\/wp-json\/wp\/v2\/categories?post=739"}],"curies":[{"name":"wp","href":"https:\/\/api.w.org\/{rel}","templated":true}]}}